{"id":9491,"date":"2026-01-28T12:55:16","date_gmt":"2026-01-28T09:55:16","guid":{"rendered":"https:\/\/www.plasis.com.tr\/?post_type=product&#038;p=9491"},"modified":"2026-01-28T13:27:17","modified_gmt":"2026-01-28T10:27:17","slug":"kol-bandi-kimlik-karti-tutucu-ayarlanabilir","status":"publish","type":"product","link":"https:\/\/www.plasis.com.tr\/en\/urun\/kol-bandi-kimlik-karti-tutucu-ayarlanabilir\/","title":{"rendered":"Kol Band\u0131 Kimlik Kart\u0131 Tutucu Ayarlanabilir"},"content":{"rendered":"<h1>Kol Band\u0131 Kimlik Kart\u0131 Tutucu Ayarlanabilir<\/h1>\n<p>&nbsp;<\/p>\n<p>Kol Band\u0131 Kart Tutucu Ayarlanabilir , yo\u011fun hareket gerektiren \u00e7al\u0131\u015fma ortamlar\u0131nda kimlik ve lisans kartlar\u0131n\u0131n g\u00fcvenli ve g\u00f6r\u00fcn\u00fcr \u015fekilde ta\u015f\u0131nmas\u0131 i\u00e7in tasarlanm\u0131\u015ft\u0131r. Kol \u00fczerine sabitlenen ergonomik yap\u0131s\u0131 sayesinde kartlar g\u00fcn boyu yerinde kal\u0131r. Ayarlanabilir kay\u0131\u015f\u0131 farkl\u0131 kol \u00f6l\u00e7\u00fclerine uyum sa\u011flar ve uzun s\u00fcreli kullan\u0131mlarda konfor sunar.<\/p>\n<p>G\u00fcvenlik personeli, acil durum \u00e7al\u0131\u015fanlar\u0131, \u015firket \u00e7al\u0131\u015fanlar\u0131 ve saha ekipleri i\u00e7in pratik, d\u00fczenli ve profesyonel bir kullan\u0131m sunar.<\/p>\n<h2>\u00d6ne \u00c7\u0131kan \u00d6zellikler<\/h2>\n<ul>\n<li>Ayarlanabilir; hem bir klips yard\u0131m\u0131 ile kol kal\u0131nl\u0131\u011f\u0131na g\u00f6re ayarlanabilir, hem de lastik kordon sayesinde kol hareket ettik\u00e7e de\u011fi\u015fken kol kal\u0131nl\u0131\u011f\u0131na tepki vererek stabilite ve konfor sa\u011flar.<\/li>\n<li>Kart cebinin \u00f6n y\u00fcz\u00fcndeki tam \u015feffaf PVC koruyucu sayesinde hem kart\u0131 m\u00fckemmel korur hem de kart\u0131n tam ve net g\u00f6r\u00fcn\u00fcrl\u00fc\u011f\u00fcn\u00fc garanti eder.<\/li>\n<li>Yumu\u015fakl\u0131\u011f\u0131 bu \u00fcr\u00fcne \u00f6zel ayarlanm\u0131\u015f PVC ana yap\u0131s\u0131 sayesinde kolun yuvarlakl\u0131\u011f\u0131na g\u00f6re b\u00fck\u00fclerek ergonomik ve \u015f\u0131k bir kullan\u0131m sa\u011flar.<\/li>\n<li>Ana malzemesi PVC oldu\u011fundan su, ya\u011f, boya, ve benzeri pek \u00e7ok etkene kar\u015f\u0131 kart\u0131 korur. Kolay temizlenir.<\/li>\n<li>Y\u00fcksek g\u00f6r\u00fcl\u00fc\u011f\u00fc sayesinde etkin bir kullan\u0131m amac\u0131n\u0131 destekler.<\/li>\n<li>NFC ve RFID kart uygulamalar\u0131nda sinyaller ile etkile\u015fime girmeden sistemin sa\u011fl\u0131kl\u0131 \u00e7al\u0131\u015fmas\u0131n\u0131 sa\u011flar.<\/li>\n<li>Metal \u0130\u00e7ermez. Metal Dedekt\u00f6r\u00fc ve Elektrik\u00e7i Dostu<\/li>\n<\/ul>\n<h3>\u00d6zelle\u015ftirilebilir se\u00e7enekler.<\/h3>\n<ul>\n<li>Haz\u0131r olarak <strong>iki model<\/strong> vard\u0131r. Biri <strong>ince ve opak<\/strong> renkli 150mic kal\u0131nl\u0131\u011f\u0131nda bir PVC tabaka + 200mic kal\u0131nl\u0131\u011f\u0131nda \u015feffaf \u00f6n tabaka olmak \u00fczere 350mic kal\u0131nl\u0131\u011f\u0131nda opak renkli \u00fcr\u00fcn. Di\u011feri <strong>kal\u0131n ve transparan<\/strong> 400 mic kal\u0131nl\u0131\u011f\u0131nda renkli transparan katman ve \u00f6nde 200 mic \u015feffaf katman olmak \u00fczere toplam 600mic kal\u0131nl\u0131\u011f\u0131nda renkli transparan \u00fcr\u00fcn.<\/li>\n<li><strong><em>Renk se\u00e7enekleri<\/em><\/strong> sipari\u015finizi farkl\u0131 renk se\u00e7enekleri ile verebilirsiniz. Ancak \u00f6zel \u00fcretim olaca\u011f\u0131ndan hammadde ve \u00fcretim s\u00fcresi uygunlu\u011fu a\u00e7\u0131s\u0131ndan bizim ile ileti\u015fime ge\u00e7iniz.<\/li>\n<li><strong><em>\u00d6zel boyutlar<\/em><\/strong> sipari\u015finizi farkl\u0131 boyutlar i\u00e7in verebilirsiniz. Ancak \u00f6zel \u00fcretim olaca\u011f\u0131ndan \u00f6zel kal\u0131p, hammadde ve \u00fcretim s\u00fcresi uygunlu\u011fu a\u00e7\u0131s\u0131ndan bizim ile ileti\u015fime ge\u00e7iniz.<\/li>\n<\/ul>\n<p><iframe loading=\"lazy\" title=\"Kol Band\u0131 Kimlik Tutucu Ayarlanabilir\" width=\"1170\" height=\"658\" src=\"https:\/\/www.youtube.com\/embed\/tYXjOFdNUKk?feature=oembed&#038;enablejsapi=1&#038;origin=https:\/\/www.plasis.com.tr\" frameborder=\"0\" allow=\"accelerometer; autoplay; clipboard-write; encrypted-media; gyroscope; picture-in-picture; web-share\" referrerpolicy=\"strict-origin-when-cross-origin\" allowfullscreen><\/iframe><\/p>\n<p>Kayma yapmayan esnek ergonomik tasar\u0131m<\/p>\n<p>Kimlik ve lisans kart\u0131na h\u0131zl\u0131 eri\u015fim<\/p>\n<p>Dayan\u0131kl\u0131 ve hafif yap\u0131<\/p>\n<p>Uzun s\u00fcreli kullan\u0131ma uygun<\/p>\n<p>NFC, RFID teknolojisi i\u00e7eren etiket ve kartlar ile tam uyum.<\/p>\n<p>Y\u00fcksek G\u00f6r\u00fcn\u00fcrl\u00fck<\/p>\n<p>&nbsp;<\/p>\n<h2>Kullan\u0131m Alanlar\u0131<\/h2>\n<p>G\u00fcvenlik personeli<\/p>\n<p>Acil durum ve sa\u011fl\u0131k \u00e7al\u0131\u015fanlar\u0131<\/p>\n<p>Kap\u0131 ve giri\u015f kontrol g\u00f6revlileri<\/p>\n<p>Etkinlik ve organizasyon ekipleri<\/p>\n<p>Saha ve fabrika \u00e7al\u0131\u015fanlar\u0131<\/p>\n<p>\u015eirket \u00e7al\u0131\u015fanlar\u0131<\/p>\n<p>&nbsp;<\/p>\n<h3>Teknik \u00f6zellikler ve boyutlar<\/h3>\n<ul>\n<li>120mm geni\u015flik, 100mm y\u00fckseklik<\/li>\n<li>\u0130nce model 150mic opak katman, 200mic \u015feffaf katman olarak toplam 350mic kal\u0131nl\u0131k<\/li>\n<li>Kal\u0131n model 400mic renkli transparan katman, 200mic \u015feffaf katman olarak toplam 600mic kal\u0131nl\u0131k<\/li>\n<li>Lastik kordon geni\u015fli\u011fi 20mm<\/li>\n<li>Plastik ayar klipsi<\/li>\n<li>Kart cebi 63mm geni\u015flik 97mm y\u00fckseklik<\/li>\n<li>PVC g\u00f6vde, Plastik klips, lastik kordon<\/li>\n<\/ul>\n<p><strong><em>\u0130sim:<\/em><\/strong> Kimlik kart\u0131 tutucu<br \/>\n<strong><em>Kapatma Tipi:<\/em><\/strong> Fermuars\u0131z<br \/>\n<strong><em>\u00dcr\u00fcn T\u00fcr\u00fc:<\/em><\/strong> Kol Tipi Kart ve Kimlik Tutucular\u0131<br \/>\n<strong><em>Kullan\u0131m:<\/em><\/strong> Rozet tutucu, kart tutucu RFID, NFC etiket tutucu<br \/>\n<strong><em>Cinsiyet:<\/em><\/strong> \u00dcniseks<\/p>\n<p>&nbsp;<\/p>\n","protected":false},"excerpt":{"rendered":"<p>Ayarlanabilir kol band\u0131 tasar\u0131m\u0131 sayesinde kimlik ve lisans kartlar\u0131n\u0131 kol \u00fczerinde sabit, g\u00fcvenli ve kolay eri\u015filebilir \u015fekilde ta\u015f\u0131man\u0131z\u0131 sa\u011flar. G\u00fcvenlik, acil durum ve saha personeli i\u00e7in uygundur.<\/p>\n","protected":false},"featured_media":9492,"comment_status":"closed","ping_status":"closed","template":"","meta":[],"product_brand":[],"product_cat":[522],"product_tag":[1345,1341,1349,1343,1348,1342,1347,1344,1346],"class_list":{"0":"post-9491","1":"product","2":"type-product","3":"status-publish","4":"has-post-thumbnail","6":"product_cat-genel","7":"product_tag-acil-durum-personeli-kart-tutucu","8":"product_tag-ayarlanabilir-kol-bandi-kimlik-karti-tutucu","9":"product_tag-guvenlik-kart-tutucu","10":"product_tag-guvenlik-personeli-kimlik-kartligi","11":"product_tag-kimlik-karti-kol-bandi","12":"product_tag-kol-bandi-kimlik-karti","13":"product_tag-kol-tipi-kimlik-karti","14":"product_tag-lisans-karti-tutucu","15":"product_tag-saha-personeli-kartlik","17":"first","18":"instock","19":"taxable","20":"shipping-taxable","21":"purchasable","22":"product-type-variable","23":"prodpage-style2"},"yoast_head":"<!-- This site is optimized with the Yoast SEO plugin v27.3 - https:\/\/yoast.com\/product\/yoast-seo-wordpress\/ -->\n<title>Kol Band\u0131 Kimlik Kart\u0131 Tutucu Ayarlanabilir - Plasis<\/title>\n<meta name=\"description\" content=\"Ayarlanabilir kol band\u0131 kimlik kart\u0131 tutucu ile kimli\u011finize h\u0131zl\u0131 ve g\u00fcvenli eri\u015fim sa\u011flay\u0131n. G\u00fcvenlik ve acil durum personeli i\u00e7in idealdir.\" \/>\n<meta name=\"robots\" content=\"index, follow, max-snippet:-1, max-image-preview:large, max-video-preview:-1\" \/>\n<link rel=\"canonical\" href=\"https:\/\/www.plasis.com.tr\/urun\/kol-bandi-kimlik-karti-tutucu-ayarlanabilir\/\" \/>\n<script type=\"application\/ld+json\" class=\"yoast-schema-graph\">{\"@context\":\"https:\\\/\\\/schema.org\",\"@graph\":[{\"@type\":\"WebPage\",\"@id\":\"https:\\\/\\\/www.plasis.com.tr\\\/urun\\\/kol-bandi-kimlik-karti-tutucu-ayarlanabilir\\\/\",\"url\":\"https:\\\/\\\/www.plasis.com.tr\\\/urun\\\/kol-bandi-kimlik-karti-tutucu-ayarlanabilir\\\/\",\"name\":\"Kol Band\u0131 Kimlik Kart\u0131 Tutucu Ayarlanabilir - Plasis\",\"isPartOf\":{\"@id\":\"https:\\\/\\\/www.plasis.com.tr\\\/#website\"},\"primaryImageOfPage\":{\"@id\":\"https:\\\/\\\/www.plasis.com.tr\\\/urun\\\/kol-bandi-kimlik-karti-tutucu-ayarlanabilir\\\/#primaryimage\"},\"image\":{\"@id\":\"https:\\\/\\\/www.plasis.com.tr\\\/urun\\\/kol-bandi-kimlik-karti-tutucu-ayarlanabilir\\\/#primaryimage\"},\"thumbnailUrl\":\"https:\\\/\\\/www.plasis.com.tr\\\/wp-content\\\/uploads\\\/2026\\\/01\\\/kol-bandi-kimlik-karti-tutucu-ayarlanabilir.jpg\",\"datePublished\":\"2026-01-28T09:55:16+00:00\",\"dateModified\":\"2026-01-28T10:27:17+00:00\",\"description\":\"Ayarlanabilir kol band\u0131 kimlik kart\u0131 tutucu ile kimli\u011finize h\u0131zl\u0131 ve g\u00fcvenli eri\u015fim sa\u011flay\u0131n. G\u00fcvenlik ve acil durum personeli i\u00e7in idealdir.\",\"breadcrumb\":{\"@id\":\"https:\\\/\\\/www.plasis.com.tr\\\/urun\\\/kol-bandi-kimlik-karti-tutucu-ayarlanabilir\\\/#breadcrumb\"},\"inLanguage\":\"en-US\",\"potentialAction\":[{\"@type\":\"ReadAction\",\"target\":[\"https:\\\/\\\/www.plasis.com.tr\\\/urun\\\/kol-bandi-kimlik-karti-tutucu-ayarlanabilir\\\/\"]}]},{\"@type\":\"ImageObject\",\"inLanguage\":\"en-US\",\"@id\":\"https:\\\/\\\/www.plasis.com.tr\\\/urun\\\/kol-bandi-kimlik-karti-tutucu-ayarlanabilir\\\/#primaryimage\",\"url\":\"https:\\\/\\\/www.plasis.com.tr\\\/wp-content\\\/uploads\\\/2026\\\/01\\\/kol-bandi-kimlik-karti-tutucu-ayarlanabilir.jpg\",\"contentUrl\":\"https:\\\/\\\/www.plasis.com.tr\\\/wp-content\\\/uploads\\\/2026\\\/01\\\/kol-bandi-kimlik-karti-tutucu-ayarlanabilir.jpg\",\"width\":876,\"height\":745,\"caption\":\"Farkl\u0131 kol \u00f6l\u00e7\u00fclerine uyumlu tasar\u0131m\"},{\"@type\":\"BreadcrumbList\",\"@id\":\"https:\\\/\\\/www.plasis.com.tr\\\/urun\\\/kol-bandi-kimlik-karti-tutucu-ayarlanabilir\\\/#breadcrumb\",\"itemListElement\":[{\"@type\":\"ListItem\",\"position\":1,\"name\":\"Ana sayfa\",\"item\":\"https:\\\/\\\/www.plasis.com.tr\\\/en\\\/\"},{\"@type\":\"ListItem\",\"position\":2,\"name\":\"\u00dcr\u00fcnlerimiz\",\"item\":\"https:\\\/\\\/www.plasis.com.tr\\\/urunlerimiz\\\/\"},{\"@type\":\"ListItem\",\"position\":3,\"name\":\"Kol Band\u0131 Kimlik Kart\u0131 Tutucu Ayarlanabilir\"}]},{\"@type\":\"WebSite\",\"@id\":\"https:\\\/\\\/www.plasis.com.tr\\\/#website\",\"url\":\"https:\\\/\\\/www.plasis.com.tr\\\/\",\"name\":\"Plasis\",\"description\":\"We provide the industry's leading Card production, Printing and System support.\",\"potentialAction\":[{\"@type\":\"SearchAction\",\"target\":{\"@type\":\"EntryPoint\",\"urlTemplate\":\"https:\\\/\\\/www.plasis.com.tr\\\/?s={search_term_string}\"},\"query-input\":{\"@type\":\"PropertyValueSpecification\",\"valueRequired\":true,\"valueName\":\"search_term_string\"}}],\"inLanguage\":\"en-US\"}]}<\/script>\n<!-- \/ Yoast SEO plugin. -->","yoast_head_json":{"title":"Kol Band\u0131 Kimlik Kart\u0131 Tutucu Ayarlanabilir - Plasis","description":"Ayarlanabilir kol band\u0131 kimlik kart\u0131 tutucu ile kimli\u011finize h\u0131zl\u0131 ve g\u00fcvenli eri\u015fim sa\u011flay\u0131n. G\u00fcvenlik ve acil durum personeli i\u00e7in idealdir.","robots":{"index":"index","follow":"follow","max-snippet":"max-snippet:-1","max-image-preview":"max-image-preview:large","max-video-preview":"max-video-preview:-1"},"canonical":"https:\/\/www.plasis.com.tr\/urun\/kol-bandi-kimlik-karti-tutucu-ayarlanabilir\/","schema":{"@context":"https:\/\/schema.org","@graph":[{"@type":"WebPage","@id":"https:\/\/www.plasis.com.tr\/urun\/kol-bandi-kimlik-karti-tutucu-ayarlanabilir\/","url":"https:\/\/www.plasis.com.tr\/urun\/kol-bandi-kimlik-karti-tutucu-ayarlanabilir\/","name":"Kol Band\u0131 Kimlik Kart\u0131 Tutucu Ayarlanabilir - Plasis","isPartOf":{"@id":"https:\/\/www.plasis.com.tr\/#website"},"primaryImageOfPage":{"@id":"https:\/\/www.plasis.com.tr\/urun\/kol-bandi-kimlik-karti-tutucu-ayarlanabilir\/#primaryimage"},"image":{"@id":"https:\/\/www.plasis.com.tr\/urun\/kol-bandi-kimlik-karti-tutucu-ayarlanabilir\/#primaryimage"},"thumbnailUrl":"https:\/\/www.plasis.com.tr\/wp-content\/uploads\/2026\/01\/kol-bandi-kimlik-karti-tutucu-ayarlanabilir.jpg","datePublished":"2026-01-28T09:55:16+00:00","dateModified":"2026-01-28T10:27:17+00:00","description":"Ayarlanabilir kol band\u0131 kimlik kart\u0131 tutucu ile kimli\u011finize h\u0131zl\u0131 ve g\u00fcvenli eri\u015fim sa\u011flay\u0131n. G\u00fcvenlik ve acil durum personeli i\u00e7in idealdir.","breadcrumb":{"@id":"https:\/\/www.plasis.com.tr\/urun\/kol-bandi-kimlik-karti-tutucu-ayarlanabilir\/#breadcrumb"},"inLanguage":"en-US","potentialAction":[{"@type":"ReadAction","target":["https:\/\/www.plasis.com.tr\/urun\/kol-bandi-kimlik-karti-tutucu-ayarlanabilir\/"]}]},{"@type":"ImageObject","inLanguage":"en-US","@id":"https:\/\/www.plasis.com.tr\/urun\/kol-bandi-kimlik-karti-tutucu-ayarlanabilir\/#primaryimage","url":"https:\/\/www.plasis.com.tr\/wp-content\/uploads\/2026\/01\/kol-bandi-kimlik-karti-tutucu-ayarlanabilir.jpg","contentUrl":"https:\/\/www.plasis.com.tr\/wp-content\/uploads\/2026\/01\/kol-bandi-kimlik-karti-tutucu-ayarlanabilir.jpg","width":876,"height":745,"caption":"Farkl\u0131 kol \u00f6l\u00e7\u00fclerine uyumlu tasar\u0131m"},{"@type":"BreadcrumbList","@id":"https:\/\/www.plasis.com.tr\/urun\/kol-bandi-kimlik-karti-tutucu-ayarlanabilir\/#breadcrumb","itemListElement":[{"@type":"ListItem","position":1,"name":"Ana sayfa","item":"https:\/\/www.plasis.com.tr\/en\/"},{"@type":"ListItem","position":2,"name":"\u00dcr\u00fcnlerimiz","item":"https:\/\/www.plasis.com.tr\/urunlerimiz\/"},{"@type":"ListItem","position":3,"name":"Kol Band\u0131 Kimlik Kart\u0131 Tutucu Ayarlanabilir"}]},{"@type":"WebSite","@id":"https:\/\/www.plasis.com.tr\/#website","url":"https:\/\/www.plasis.com.tr\/","name":"Plasis","description":"We provide the industry's leading Card production, Printing and System support.","potentialAction":[{"@type":"SearchAction","target":{"@type":"EntryPoint","urlTemplate":"https:\/\/www.plasis.com.tr\/?s={search_term_string}"},"query-input":{"@type":"PropertyValueSpecification","valueRequired":true,"valueName":"search_term_string"}}],"inLanguage":"en-US"}]}},"_links":{"self":[{"href":"https:\/\/www.plasis.com.tr\/en\/wp-json\/wp\/v2\/product\/9491","targetHints":{"allow":["GET"]}}],"collection":[{"href":"https:\/\/www.plasis.com.tr\/en\/wp-json\/wp\/v2\/product"}],"about":[{"href":"https:\/\/www.plasis.com.tr\/en\/wp-json\/wp\/v2\/types\/product"}],"replies":[{"embeddable":true,"href":"https:\/\/www.plasis.com.tr\/en\/wp-json\/wp\/v2\/comments?post=9491"}],"wp:featuredmedia":[{"embeddable":true,"href":"https:\/\/www.plasis.com.tr\/en\/wp-json\/wp\/v2\/media\/9492"}],"wp:attachment":[{"href":"https:\/\/www.plasis.com.tr\/en\/wp-json\/wp\/v2\/media?parent=9491"}],"wp:term":[{"taxonomy":"product_brand","embeddable":true,"href":"https:\/\/www.plasis.com.tr\/en\/wp-json\/wp\/v2\/product_brand?post=9491"},{"taxonomy":"product_cat","embeddable":true,"href":"https:\/\/www.plasis.com.tr\/en\/wp-json\/wp\/v2\/product_cat?post=9491"},{"taxonomy":"product_tag","embeddable":true,"href":"https:\/\/www.plasis.com.tr\/en\/wp-json\/wp\/v2\/product_tag?post=9491"}],"curies":[{"name":"wp","href":"https:\/\/api.w.org\/{rel}","templated":true}]}}