{"id":9379,"date":"2025-10-07T11:31:58","date_gmt":"2025-10-07T08:31:58","guid":{"rendered":"https:\/\/www.plasis.com.tr\/?post_type=product&#038;p=9379"},"modified":"2025-10-07T11:31:59","modified_gmt":"2025-10-07T08:31:59","slug":"pointman-n15-silver-gumus-ribon","status":"publish","type":"product","link":"https:\/\/www.plasis.com.tr\/en\/urun\/pointman-n15-silver-gumus-ribon\/","title":{"rendered":"Pointman N15 Silver G\u00fcm\u00fc\u015f Ribon"},"content":{"rendered":"<p data-start=\"390\" data-end=\"468\"><strong data-start=\"392\" data-end=\"466\">Pointman N15 Silver G\u00fcm\u00fc\u015f Ribon \u2013 Parlak ve Profesyonel Bask\u0131 Kalitesi<\/strong><\/p>\n<p data-start=\"470\" data-end=\"772\">G\u00fcm\u00fc\u015f ribon sayesinde bask\u0131lar\u0131n\u0131z art\u0131k \u00e7ok daha g\u00f6z al\u0131c\u0131!\u00a0<br data-start=\"533\" data-end=\"536\" \/>Parlak kartlar \u00fczerinde <strong data-start=\"560\" data-end=\"581\">ayn\u0131 varak efekti<\/strong>yle m\u00fckemmel parlakl\u0131k elde ederken, mat ve siyah kartlarda <strong data-start=\"641\" data-end=\"660\">yo\u011fun \u00f6rt\u00fcc\u00fcl\u00fck<\/strong> sayesinde logolar\u0131n\u0131z ve yaz\u0131lar\u0131n\u0131z \u00f6ne \u00e7\u0131kar. Bu sayede markan\u0131z\u0131 etkileyici bir \u015fekilde yans\u0131tabilirsiniz.<\/p>\n<p data-start=\"774\" data-end=\"973\"><strong data-start=\"777\" data-end=\"799\">Kullan\u0131m Alanlar\u0131:<\/strong><br data-start=\"799\" data-end=\"802\" \/>\u00d6zellikle <strong data-start=\"812\" data-end=\"833\">dijital kartvizit<\/strong> ve <strong data-start=\"837\" data-end=\"862\">NFC kart bask\u0131lar\u0131nda<\/strong> yo\u011fun olarak tercih edilmektedir. G\u00fcm\u00fc\u015f yans\u0131malar kartlar\u0131n\u0131za profesyonel ve zarif bir g\u00f6r\u00fcn\u00fcm kazand\u0131r\u0131r.<\/p>\n<p data-start=\"975\" data-end=\"1184\"><strong data-start=\"979\" data-end=\"993\">Uyumluluk:<\/strong><br data-start=\"993\" data-end=\"996\" \/>Bu ribon, <strong data-start=\"1006\" data-end=\"1034\">Pointman N15 kart yaz\u0131c\u0131<\/strong> ile tam uyumludur ve <strong data-start=\"1056\" data-end=\"1070\">1000 bask\u0131<\/strong> kapasitesine sahiptir.<br data-start=\"1093\" data-end=\"1096\" \/>Karta g\u00fcm\u00fc\u015f varak bask\u0131 yapmak istiyorsan\u0131z <strong data-start=\"1142\" data-end=\"1182\"><a href=\"https:\/\/www.plasis.com.tr\/urun\/kart-baski-makinesi-pointman-n15-plastik-kart-yazici\/?srsltid=AfmBOoqJe8rMFOAAufI-umy_N3XEH1oxnHP4L17XHy_IwWm_5W2ttrjL\">Pointman N15<\/a>\u2019i tercih edebilirsiniz.<\/strong><\/p>\n<p data-start=\"1186\" data-end=\"1215\"><strong data-start=\"1188\" data-end=\"1213\">\u00d6ne \u00c7\u0131kan \u00d6zellikler:<\/strong><\/p>\n<ul data-start=\"1216\" data-end=\"1424\">\n<li data-start=\"1216\" data-end=\"1261\">\n<p data-start=\"1218\" data-end=\"1261\">Parlak y\u00fczeylerde aynal\u0131 efektli bask\u0131lar<\/p>\n<\/li>\n<li data-start=\"1262\" data-end=\"1304\">\n<p data-start=\"1264\" data-end=\"1304\">Mat ve koyu kartlarda y\u00fcksek \u00f6rt\u00fcc\u00fcl\u00fck<\/p>\n<\/li>\n<li data-start=\"1305\" data-end=\"1330\">\n<p data-start=\"1307\" data-end=\"1330\">1000 bask\u0131 kapasitesi<\/p>\n<\/li>\n<li data-start=\"1331\" data-end=\"1371\">\n<p data-start=\"1333\" data-end=\"1371\">Pointman N15 yaz\u0131c\u0131yla tam uyumluluk<\/p>\n<\/li>\n<li data-start=\"1372\" data-end=\"1424\">\n<p data-start=\"1374\" data-end=\"1424\">NFC ve dijital kartvizit uygulamalar\u0131 i\u00e7in ideal<\/p>\n<\/li>\n<\/ul>\n<p data-start=\"1426\" data-end=\"1627\"><strong data-start=\"1429\" data-end=\"1460\">Profesyonel Bask\u0131 Deneyimi:<\/strong><br data-start=\"1460\" data-end=\"1463\" \/>G\u00fcm\u00fc\u015f ribon ile bask\u0131lar\u0131n\u0131z yaln\u0131zca okunakl\u0131 de\u011fil, ayn\u0131 zamanda dikkat \u00e7ekici bir estetik kazan\u0131r. Markan\u0131z\u0131 her kartta yans\u0131t\u0131n, ilk izlenimi unutulmaz k\u0131l\u0131n.<\/p>\n<p data-start=\"1629\" data-end=\"1651\"><strong data-start=\"1632\" data-end=\"1649\">Kutu \u0130\u00e7eri\u011fi:<\/strong><\/p>\n<ul data-start=\"1652\" data-end=\"1717\">\n<li data-start=\"1652\" data-end=\"1696\">\n<p data-start=\"1654\" data-end=\"1696\">1 adet Pointman N15 Silver (G\u00fcm\u00fc\u015f) Ribon<\/p>\n<\/li>\n<li data-start=\"1697\" data-end=\"1717\">\n<p data-start=\"1699\" data-end=\"1717\">Koruyucu ambalaj<\/p>\n<\/li>\n<\/ul>\n<p data-start=\"1719\" data-end=\"1832\">\ud83d\udcde <strong data-start=\"1722\" data-end=\"1787\">Detayl\u0131 bilgi ve toptan sipari\u015f i\u00e7in bizimle ileti\u015fime ge\u00e7in:<\/strong><br data-start=\"1787\" data-end=\"1790\" \/>\ud83d\udce9 <a class=\"decorated-link cursor-pointer\" rel=\"noopener\" data-start=\"1793\" data-end=\"1811\">info@plasis.com.tr<\/a><br data-start=\"1811\" data-end=\"1814\" \/>\u260e\ufe0f 0212 356 9673<\/p>\n","protected":false},"excerpt":{"rendered":"<p>Pointman N15 G\u00fcm\u00fc\u015f Ribon ile parlak varak bask\u0131. Y\u00fcksek kaplama g\u00fcc\u00fc ve 1000 bask\u0131 kapasitesiyle m\u00fckemmel sonu\u00e7lar.<\/p>\n","protected":false},"featured_media":9380,"comment_status":"closed","ping_status":"closed","template":"","meta":[],"product_brand":[1288],"product_cat":[673],"product_tag":[1324,674,1322,1320,1319,1323,1321],"class_list":{"0":"post-9379","1":"product","2":"type-product","3":"status-publish","4":"has-post-thumbnail","6":"product_brand-pointman","7":"product_cat-plastik-kart-yazicilar","8":"product_tag-gumus-baski-seridi","9":"product_tag-kart-yazici","10":"product_tag-kart-yazici-ribon","11":"product_tag-pointman-gumus-ribon","12":"product_tag-pointman-n15-silver-ribon","13":"product_tag-pointman-ribon","14":"product_tag-varak-baski-ribon","16":"first","17":"instock","18":"taxable","19":"shipping-taxable","20":"purchasable","21":"product-type-simple","22":"prodpage-style2"},"yoast_head":"<!-- This site is optimized with the Yoast SEO plugin v27.3 - https:\/\/yoast.com\/product\/yoast-seo-wordpress\/ -->\n<title>Pointman N15 Silver G\u00fcm\u00fc\u015f Ribon - Plasis<\/title>\n<meta name=\"description\" content=\"Pointman N15 Silver G\u00fcm\u00fc\u015f Ribon ile kartlar\u0131n\u0131za profesyonel parlakl\u0131k kazand\u0131r\u0131n. Aynal\u0131 varak bask\u0131 efekti, y\u00fcksek \u00f6rt\u00fcc\u00fcl\u00fck ve 1000 bask\u0131 kapasitesi.\" \/>\n<meta name=\"robots\" content=\"index, follow, max-snippet:-1, max-image-preview:large, max-video-preview:-1\" \/>\n<link rel=\"canonical\" href=\"https:\/\/www.plasis.com.tr\/urun\/pointman-n15-silver-gumus-ribon\/\" \/>\n<script type=\"application\/ld+json\" class=\"yoast-schema-graph\">{\"@context\":\"https:\\\/\\\/schema.org\",\"@graph\":[{\"@type\":\"WebPage\",\"@id\":\"https:\\\/\\\/www.plasis.com.tr\\\/urun\\\/pointman-n15-silver-gumus-ribon\\\/\",\"url\":\"https:\\\/\\\/www.plasis.com.tr\\\/urun\\\/pointman-n15-silver-gumus-ribon\\\/\",\"name\":\"Pointman N15 Silver G\u00fcm\u00fc\u015f Ribon - Plasis\",\"isPartOf\":{\"@id\":\"https:\\\/\\\/www.plasis.com.tr\\\/#website\"},\"primaryImageOfPage\":{\"@id\":\"https:\\\/\\\/www.plasis.com.tr\\\/urun\\\/pointman-n15-silver-gumus-ribon\\\/#primaryimage\"},\"image\":{\"@id\":\"https:\\\/\\\/www.plasis.com.tr\\\/urun\\\/pointman-n15-silver-gumus-ribon\\\/#primaryimage\"},\"thumbnailUrl\":\"https:\\\/\\\/www.plasis.com.tr\\\/wp-content\\\/uploads\\\/2025\\\/10\\\/pointman-n15-silver-ribon.png\",\"datePublished\":\"2025-10-07T08:31:58+00:00\",\"dateModified\":\"2025-10-07T08:31:59+00:00\",\"description\":\"Pointman N15 Silver G\u00fcm\u00fc\u015f Ribon ile kartlar\u0131n\u0131za profesyonel parlakl\u0131k kazand\u0131r\u0131n. Aynal\u0131 varak bask\u0131 efekti, y\u00fcksek \u00f6rt\u00fcc\u00fcl\u00fck ve 1000 bask\u0131 kapasitesi.\",\"breadcrumb\":{\"@id\":\"https:\\\/\\\/www.plasis.com.tr\\\/urun\\\/pointman-n15-silver-gumus-ribon\\\/#breadcrumb\"},\"inLanguage\":\"en-US\",\"potentialAction\":[{\"@type\":\"ReadAction\",\"target\":[\"https:\\\/\\\/www.plasis.com.tr\\\/urun\\\/pointman-n15-silver-gumus-ribon\\\/\"]}]},{\"@type\":\"ImageObject\",\"inLanguage\":\"en-US\",\"@id\":\"https:\\\/\\\/www.plasis.com.tr\\\/urun\\\/pointman-n15-silver-gumus-ribon\\\/#primaryimage\",\"url\":\"https:\\\/\\\/www.plasis.com.tr\\\/wp-content\\\/uploads\\\/2025\\\/10\\\/pointman-n15-silver-ribon.png\",\"contentUrl\":\"https:\\\/\\\/www.plasis.com.tr\\\/wp-content\\\/uploads\\\/2025\\\/10\\\/pointman-n15-silver-ribon.png\",\"width\":1080,\"height\":1080,\"caption\":\"Parlak y\u00fczeylerde y\u00fcksek kaliteli g\u00fcm\u00fc\u015f bask\u0131 sa\u011flayan Pointman N15 ribon\"},{\"@type\":\"BreadcrumbList\",\"@id\":\"https:\\\/\\\/www.plasis.com.tr\\\/urun\\\/pointman-n15-silver-gumus-ribon\\\/#breadcrumb\",\"itemListElement\":[{\"@type\":\"ListItem\",\"position\":1,\"name\":\"Ana sayfa\",\"item\":\"https:\\\/\\\/www.plasis.com.tr\\\/en\\\/\"},{\"@type\":\"ListItem\",\"position\":2,\"name\":\"\u00dcr\u00fcnlerimiz\",\"item\":\"https:\\\/\\\/www.plasis.com.tr\\\/urunlerimiz\\\/\"},{\"@type\":\"ListItem\",\"position\":3,\"name\":\"Pointman N15 Silver G\u00fcm\u00fc\u015f Ribon\"}]},{\"@type\":\"WebSite\",\"@id\":\"https:\\\/\\\/www.plasis.com.tr\\\/#website\",\"url\":\"https:\\\/\\\/www.plasis.com.tr\\\/\",\"name\":\"Plasis\",\"description\":\"We provide the industry's leading Card production, Printing and System support.\",\"potentialAction\":[{\"@type\":\"SearchAction\",\"target\":{\"@type\":\"EntryPoint\",\"urlTemplate\":\"https:\\\/\\\/www.plasis.com.tr\\\/?s={search_term_string}\"},\"query-input\":{\"@type\":\"PropertyValueSpecification\",\"valueRequired\":true,\"valueName\":\"search_term_string\"}}],\"inLanguage\":\"en-US\"}]}<\/script>\n<!-- \/ Yoast SEO plugin. -->","yoast_head_json":{"title":"Pointman N15 Silver G\u00fcm\u00fc\u015f Ribon - Plasis","description":"Pointman N15 Silver G\u00fcm\u00fc\u015f Ribon ile kartlar\u0131n\u0131za profesyonel parlakl\u0131k kazand\u0131r\u0131n. Aynal\u0131 varak bask\u0131 efekti, y\u00fcksek \u00f6rt\u00fcc\u00fcl\u00fck ve 1000 bask\u0131 kapasitesi.","robots":{"index":"index","follow":"follow","max-snippet":"max-snippet:-1","max-image-preview":"max-image-preview:large","max-video-preview":"max-video-preview:-1"},"canonical":"https:\/\/www.plasis.com.tr\/urun\/pointman-n15-silver-gumus-ribon\/","schema":{"@context":"https:\/\/schema.org","@graph":[{"@type":"WebPage","@id":"https:\/\/www.plasis.com.tr\/urun\/pointman-n15-silver-gumus-ribon\/","url":"https:\/\/www.plasis.com.tr\/urun\/pointman-n15-silver-gumus-ribon\/","name":"Pointman N15 Silver G\u00fcm\u00fc\u015f Ribon - Plasis","isPartOf":{"@id":"https:\/\/www.plasis.com.tr\/#website"},"primaryImageOfPage":{"@id":"https:\/\/www.plasis.com.tr\/urun\/pointman-n15-silver-gumus-ribon\/#primaryimage"},"image":{"@id":"https:\/\/www.plasis.com.tr\/urun\/pointman-n15-silver-gumus-ribon\/#primaryimage"},"thumbnailUrl":"https:\/\/www.plasis.com.tr\/wp-content\/uploads\/2025\/10\/pointman-n15-silver-ribon.png","datePublished":"2025-10-07T08:31:58+00:00","dateModified":"2025-10-07T08:31:59+00:00","description":"Pointman N15 Silver G\u00fcm\u00fc\u015f Ribon ile kartlar\u0131n\u0131za profesyonel parlakl\u0131k kazand\u0131r\u0131n. Aynal\u0131 varak bask\u0131 efekti, y\u00fcksek \u00f6rt\u00fcc\u00fcl\u00fck ve 1000 bask\u0131 kapasitesi.","breadcrumb":{"@id":"https:\/\/www.plasis.com.tr\/urun\/pointman-n15-silver-gumus-ribon\/#breadcrumb"},"inLanguage":"en-US","potentialAction":[{"@type":"ReadAction","target":["https:\/\/www.plasis.com.tr\/urun\/pointman-n15-silver-gumus-ribon\/"]}]},{"@type":"ImageObject","inLanguage":"en-US","@id":"https:\/\/www.plasis.com.tr\/urun\/pointman-n15-silver-gumus-ribon\/#primaryimage","url":"https:\/\/www.plasis.com.tr\/wp-content\/uploads\/2025\/10\/pointman-n15-silver-ribon.png","contentUrl":"https:\/\/www.plasis.com.tr\/wp-content\/uploads\/2025\/10\/pointman-n15-silver-ribon.png","width":1080,"height":1080,"caption":"Parlak y\u00fczeylerde y\u00fcksek kaliteli g\u00fcm\u00fc\u015f bask\u0131 sa\u011flayan Pointman N15 ribon"},{"@type":"BreadcrumbList","@id":"https:\/\/www.plasis.com.tr\/urun\/pointman-n15-silver-gumus-ribon\/#breadcrumb","itemListElement":[{"@type":"ListItem","position":1,"name":"Ana sayfa","item":"https:\/\/www.plasis.com.tr\/en\/"},{"@type":"ListItem","position":2,"name":"\u00dcr\u00fcnlerimiz","item":"https:\/\/www.plasis.com.tr\/urunlerimiz\/"},{"@type":"ListItem","position":3,"name":"Pointman N15 Silver G\u00fcm\u00fc\u015f Ribon"}]},{"@type":"WebSite","@id":"https:\/\/www.plasis.com.tr\/#website","url":"https:\/\/www.plasis.com.tr\/","name":"Plasis","description":"We provide the industry's leading Card production, Printing and System support.","potentialAction":[{"@type":"SearchAction","target":{"@type":"EntryPoint","urlTemplate":"https:\/\/www.plasis.com.tr\/?s={search_term_string}"},"query-input":{"@type":"PropertyValueSpecification","valueRequired":true,"valueName":"search_term_string"}}],"inLanguage":"en-US"}]}},"_links":{"self":[{"href":"https:\/\/www.plasis.com.tr\/en\/wp-json\/wp\/v2\/product\/9379","targetHints":{"allow":["GET"]}}],"collection":[{"href":"https:\/\/www.plasis.com.tr\/en\/wp-json\/wp\/v2\/product"}],"about":[{"href":"https:\/\/www.plasis.com.tr\/en\/wp-json\/wp\/v2\/types\/product"}],"replies":[{"embeddable":true,"href":"https:\/\/www.plasis.com.tr\/en\/wp-json\/wp\/v2\/comments?post=9379"}],"wp:featuredmedia":[{"embeddable":true,"href":"https:\/\/www.plasis.com.tr\/en\/wp-json\/wp\/v2\/media\/9380"}],"wp:attachment":[{"href":"https:\/\/www.plasis.com.tr\/en\/wp-json\/wp\/v2\/media?parent=9379"}],"wp:term":[{"taxonomy":"product_brand","embeddable":true,"href":"https:\/\/www.plasis.com.tr\/en\/wp-json\/wp\/v2\/product_brand?post=9379"},{"taxonomy":"product_cat","embeddable":true,"href":"https:\/\/www.plasis.com.tr\/en\/wp-json\/wp\/v2\/product_cat?post=9379"},{"taxonomy":"product_tag","embeddable":true,"href":"https:\/\/www.plasis.com.tr\/en\/wp-json\/wp\/v2\/product_tag?post=9379"}],"curies":[{"name":"wp","href":"https:\/\/api.w.org\/{rel}","templated":true}]}}