{"id":8495,"date":"2023-09-08T12:15:13","date_gmt":"2023-09-08T09:15:13","guid":{"rendered":"https:\/\/www.plasis.com.tr\/?post_type=product&#038;p=8495"},"modified":"2024-10-17T13:16:36","modified_gmt":"2024-10-17T10:16:36","slug":"personel-devam-kontrol-sistemi-pdks-wifi","status":"publish","type":"product","link":"https:\/\/www.plasis.com.tr\/en\/urun\/personel-devam-kontrol-sistemi-pdks-wifi\/","title":{"rendered":"Personel Devam Kontrol Sistemi: PLAS\u0130S PDKS WiFi"},"content":{"rendered":"<h1>Geli\u015fmi\u015f Personel Devam Kontrol Sistemi: PLAS\u0130S PDKS WiFi<\/h1>\n<p>G\u00fcn\u00fcm\u00fcz i\u015f d\u00fcnyas\u0131 h\u0131zla de\u011fi\u015fiyor ve i\u015fletmelerin daha ak\u0131ll\u0131 ve etkili bir \u015fekilde \u00e7al\u0131\u015fmalar\u0131n\u0131 sa\u011flayacak \u00e7\u00f6z\u00fcmlere olan ihtiya\u00e7lar\u0131 art\u0131yor. \u0130\u015fte tam da bu noktada, size m\u00fckemmel bir \u00e7\u00f6z\u00fcm sunuyoruz: <strong>PLAS\u0130S PDKS (Personel Devam Kontrol Sistemi)<\/strong>. PLAS\u0130S PDKS ile i\u015fletmenizin personel y\u00f6netimi, g\u00fcvenlik ve veri y\u00f6netimi alanlar\u0131nda s\u0131n\u0131rlar\u0131 a\u015f\u0131n ve i\u015finizi kolayla\u015ft\u0131r\u0131n.<\/p>\n<p><strong>\u00d6zellikler:<\/strong><\/p>\n<ol>\n<li><strong>WiFi Deste\u011fi ile Kolay Kurulum<\/strong>: PLAS\u0130S PDKS i\u015fletmenize sadece birka\u00e7 dakikada kurulabilir. Rakip cihazlardan ay\u0131ran en b\u00fcy\u00fck \u00f6zelliklerden biri, WiFi deste\u011fi ile geliyor olmas\u0131d\u0131r. Bu sayede kablo karma\u015fas\u0131 ve uzun kurulum s\u00fcreleriyle u\u011fra\u015fmak zorunda de\u011filsiniz. \u0130\u015fletmenizdeki herhangi bir WiFi a\u011f\u0131na kolayca ba\u011flanarak \u00e7al\u0131\u015fmaya ba\u015flar. Sabit bir yerde kullanabilece\u011finiz gibi bu \u00f6zelli\u011fi sayesinde farkl\u0131 bir yere g\u00f6t\u00fcr\u00fcp tekrar kurulum gerektirmeden kullanmaya ba\u015flayabilirsiniz.<\/li>\n<li><strong>Bulut Tabanl\u0131 Veri Y\u00f6netimi<\/strong>: PLAS\u0130S PDKS sayesinde personel devam verilerinizi kaybetme veya silinme riskiyle kar\u015f\u0131 kar\u015f\u0131ya kalmazs\u0131n\u0131z. Veriler bulut tabanl\u0131 olarak saklan\u0131r, b\u00f6ylece herhangi bir cihaz ar\u0131zaland\u0131\u011f\u0131nda veya kayboldu\u011funda bile verileriniz g\u00fcvende kal\u0131r. Ayr\u0131ca, her yerden kolayca veri eri\u015fimi ve raporlama yapabilme imkan\u0131 sunar.<\/li>\n<li><strong>Ge\u00e7i\u015f Kontrol\u00fc ve Yetkilendirme<\/strong>: PLAS\u0130S PDKS ayn\u0131 zamanda bir ge\u00e7i\u015f kontrol sistemi olarak da kullan\u0131labilir. Kap\u0131lar, turnikeler veya di\u011fer eri\u015fim noktalar\u0131 i\u00e7in yetkilendirme yapabilirsiniz. Bu, sadece yetkili personelin belirli b\u00f6lgelere eri\u015febilmesini sa\u011flar, b\u00f6ylece i\u015fletme g\u00fcvenli\u011fi en \u00fcst d\u00fczeye \u00e7\u0131kar.<\/li>\n<li><strong>\u00d6l\u00e7eklenebilirlik<\/strong>: PLAS\u0130S PDKS sistemi, ihtiya\u00e7lar\u0131n\u0131za g\u00f6re \u00f6l\u00e7eklenebilir. S\u0131n\u0131rs\u0131z say\u0131da kap\u0131 veya turnike ba\u011flayabilirsiniz. Ayr\u0131ca yemekhane takip sistemi ekleyerek i\u015f s\u00fcre\u00e7lerinizi daha fazla optimize edebilirsiniz.<\/li>\n<li><strong>Kolay Uzaktan Destek<\/strong>: M\u00fc\u015fteri memnuniyeti bizim i\u00e7in \u00f6nceliktir. PLAS\u0130S PDKS ile birlikte uzaktan destek kolayd\u0131r. M\u00fc\u015fterilerimiz, dakikalar i\u00e7inde sistemlerini kullanmaya ba\u015flayabilir ve ihtiya\u00e7 duyduklar\u0131nda uzman ekibimizden h\u0131zl\u0131 ve etkili destek alabilirler.<\/li>\n<\/ol>\n<p>Sonu\u00e7: PLAS\u0130S PDKS, i\u015fletmenizin personel y\u00f6netimi, g\u00fcvenli\u011fi ve veri y\u00f6netimi konular\u0131nda s\u0131n\u0131rlar\u0131 zorlayan bir \u00e7\u00f6z\u00fcmd\u00fcr. WiFi deste\u011fi, bulut tabanl\u0131 veri y\u00f6netimi, ge\u00e7i\u015f kontrol\u00fc ve \u00f6l\u00e7eklenebilirlik gibi \u00f6zellikleriyle i\u015f s\u00fcre\u00e7lerinizi daha ak\u0131ll\u0131 ve verimli bir \u015fekilde y\u00f6netmenize yard\u0131mc\u0131 olur. Art\u0131k personel devam kontrol\u00fc ve i\u015fletme g\u00fcvenli\u011fi konular\u0131nda endi\u015felenmenize gerek yok. PLAS\u0130S PDKS ile i\u015finizi kolayla\u015ft\u0131r\u0131n ve rekabetin bir ad\u0131m \u00f6n\u00fcnde olun. \u0130\u015fletmenizin gelece\u011fini bug\u00fcn \u015fekillendirin.<\/p>\n<h2>Cihaz \u00f6zellikleri<\/h2>\n<h3>Kolay kurulum<\/h3>\n<p>Wi-Fi (standart) veya Ethernet(opsiyon) ile kolay ve otomatik tan\u0131mlama. Yaz\u0131l\u0131ma IP tan\u0131mlamas\u0131 ya da modemde port y\u00f6nlendirmelerine ihtiya\u00e7 duymaz. \u00d6zellikle y\u00fcksek performansl\u0131 WiFi mod\u00fcl\u00fc sayesinde kablo \u00e7ekme gerektirmez. Frekans: 2400mHz-2483,5mHz<\/p>\n<h3>Geni\u015f uygulama alan\u0131<\/h3>\n<p>Bir\u00e7ok yaz\u0131l\u0131m ile uyumludur. Pek \u00e7ok alanda y\u00fcksek performansl\u0131 \u00e7\u00f6z\u00fcm sunar. Personel Devam Takip (PDKS), Ge\u00e7i\u015f Kontrol Sitemleri(GKS), Yemekhane Sistemler, \u00dcye takip sistemleri, Spor salonu y\u00f6netim yaz\u0131l\u0131mlar\u0131 gibi. Yaz\u0131l\u0131mlar\u0131m\u0131z ya da kendi yaz\u0131l\u0131mlar\u0131n\u0131z i\u00e7in SDK konusunda bizimle ileti\u015fime ge\u00e7iniz.<\/p>\n<h3>Kartlar, karekod, mobil ge\u00e7i\u015f<\/h3>\n<p>Kartl\u0131 ge\u00e7i\u015flerde kriptolu y\u00fcksek g\u00fcvenlikli ileri teknoloji kartlar sayesinde kart\u0131n kopyalanmas\u0131na kar\u015f\u0131 \u00e7ok daha g\u00fcvenlidir. Karekod ve mobil ge\u00e7i\u015f (opsiyon) ile karts\u0131z olarak cep telefonu ile mobil ge\u00e7i\u015f sa\u011flayabilir.<\/p>\n<h3>Ak\u0131ll\u0131 R\u00f6le y\u00f6netilebilir<\/h3>\n<p>Y\u00f6netilebilir ak\u0131ll\u0131 r\u00f6lesi ile diledi\u011finiz cihaza buton-tetik sinyalleri g\u00f6nderebilirsiniz. geni\u015f zaman ayarlama becerisi ve NO, NC se\u00e7enekleri ile istedi\u011finiz cihazlar\u0131 a\u00e7abilir kapatabilirsiniz. Yayg\u0131n olarak manyetik kap\u0131lar, otomatik kap\u0131lar ve kilitler ile turnike sistemlerinde kullan\u0131l\u0131r.<\/p>\n<h3>Kontrol Pini<\/h3>\n<p>Kontrol pini sayesinde \u00e7e\u015fitli cihaz ve sens\u00f6rlerden gelen bilgiler yorumlanabilir. \u00d6rne\u011fin kap\u0131ya ba\u011fl\u0131 bir manyetik sens\u00f6rden gelen bilgi ile kap\u0131n\u0131n a\u00e7\u0131k m\u0131 kapal\u0131 m\u0131? Oldu\u011fu gibi. Ya da bir motor \u00e7al\u0131\u015f\u0131yor mu, devre d\u0131\u015f\u0131 m\u0131? Gibi.(Dikkat pine herhangi bir sens\u00f6r\u00fc direkt ba\u011flamay\u0131n\u0131z. Pin dijital kontroll\u00fcd\u00fcr.)<\/p>\n<h3>Wiegand deste\u011fi<\/h3>\n<p>Wiagand giri\u015f deste\u011fi. Bir adet wiegand okuyucu ba\u011flanabilir. Terminal gibi davranabilir, ayn\u0131 zamanda kendi okuyucusu da devrede kal\u0131r. Yani bir adet wiegand okuyucu ba\u011flan\u0131r ise kendi okuyucusu dahil iki adet okuyucu elde edilmi\u015f olur.\u00a0 \u00d6rne\u011fin bir kap\u0131da giri\u015f ve \u00e7\u0131k\u0131\u015f i\u00e7in iki ayr\u0131 okuyucu olarak davranabilir, ya da bir turnikede giri\u015f ve \u00e7\u0131k\u0131\u015f i\u00e7in iki ayr\u0131 okuyucu olarak davranabilir ve her iki okuyucuyu ayr\u0131 raporlayabilir. Giri\u015f ve \u00e7\u0131k\u0131\u015f i\u00e7in ayr\u0131 log verebilir.<\/p>\n<h3>Teknik \u00f6zellikler<\/h3>\n<ul>\n<li>Micro USB g\u00fc\u00e7 kayna\u011f\u0131 giri\u015fi. Cihaz bu sayede her yerde kolayca bulunan cep telefonu \u015farj cihazlar\u0131 ile \u00e7al\u0131\u015f\u0131r. 5V kullanmas\u0131 g\u00fc\u00e7 kayna\u011f\u0131n\u0131n kolayca temin edilebilmesi ve d\u00fc\u015f\u00fck maliyetli olmas\u0131n\u0131 sa\u011flar.<\/li>\n<li>2&#215;16 LCD ekran. Al\u0131\u015f\u0131ld\u0131k ekran\u0131 sayesinde yaz\u0131l\u0131m\u0131n kullan\u0131c\u0131lara g\u00f6stermeye ihtiya\u00e7 duydu\u011fu t\u00fcm mesajlar\u0131 kolayca g\u00f6sterebilir. B\u00f6ylece kullan\u0131m kolayl\u0131\u011f\u0131 ve destek kolayl\u0131\u011f\u0131 avantaj\u0131 sa\u011flar.<\/li>\n<li>NO-NC programlanabilir r\u00f6le. Dahili r\u00f6lesi sayesinde turnike, kap\u0131 ve bariyer gibi ge\u00e7i\u015f kontrol cihazlar\u0131n\u0131z\u0131 kolayca y\u00f6netin.<\/li>\n<li>Kullan\u0131\u015fl\u0131, kompakt \u015f\u0131k tasar\u0131m. Siyah ve Beyaz se\u00e7enekler. 20x80x31mm\u00a0\u00a0 4.72&#8243;x3.15&#8243;x1.22&#8243; inch boyutlar, 140gr a\u011f\u0131rl\u0131k<\/li>\n<li>Kablosuz kriterleri: 802.11 b \/ g \/ n \/ e \/ i. Bluetooth 4.2 (BR \/ EDR \/ BLE) (Bluetooth opsiyon)<\/li>\n<li>Ethenet mod\u00fcl\u00fc (opsiyon) G\u00f6m\u00fcl\u00fc 10\/100 Mac Ve Phy Ve Tcp\/Ip Stack Deste\u011fi Sa\u011flar. Standart Rj-45 Soketine Sahiptir.<\/li>\n<li>Geli\u015fmi\u015f otomatik set ve ayar.<\/li>\n<li>Kart frekans\u0131 13,56mHz RFID (Geli\u015fmi\u015f kripto deste\u011fi ile kopyalanabilir ya da kopya kartlar\u0131n sisteme eri\u015fime izin vermez)<\/li>\n<li>Sesli ve g\u00f6rsel uyar\u0131<\/li>\n<li>Dijital kontrol sens\u00f6r pini<\/li>\n<li>Kart okuma mesafesi 3~10 cm<\/li>\n<li>Su ge\u00e7irmezlik- suya dayan\u0131kl\u0131l\u0131k (opsiyon)<\/li>\n<li>\u00c7al\u0131\u015fma s\u0131cakl\u0131k aral\u0131\u011f\u0131 -15C\u00b0 ~ 50 C\u00b0<\/li>\n<li>Wiagand okuyucu deste\u011fi(terminal mod)<\/li>\n<\/ul>\n<p>Sorular\u0131n\u0131z i\u00e7in bizi aramaya \u00e7ekinmeyin 02122160499<\/p>\n<p>*Dikkat: G\u00f6rseller temsilidir. \u00dcr\u00fcn ile ilgisi yoktur. \u00dcr\u00fcn g\u00f6rselleri ve demosu i\u00e7in bizim ile ileti\u015fime ge\u00e7iniz.<\/p>\n","protected":false},"excerpt":{"rendered":"<p>Yeni nesil PDKS WiFi ile kontrol takip ve raporlamalar art\u0131k \u00e7ok kolay<\/p>\n","protected":false},"featured_media":8496,"comment_status":"closed","ping_status":"closed","template":"","meta":[],"product_brand":[],"product_cat":[865],"product_tag":[866,1251,1247,1249,1248,1246,1252,1250],"class_list":{"0":"post-8495","1":"product","2":"type-product","3":"status-publish","4":"has-post-thumbnail","6":"product_cat-kart-okuyucular","7":"product_tag-kart-okuyucu","8":"product_tag-mobil-gecis","9":"product_tag-pdks","10":"product_tag-pdks-programi","11":"product_tag-pdks-wifi","12":"product_tag-personel-devam-kontrol-sistemi","13":"product_tag-personel-kontrol","14":"product_tag-personel-takip-programi","16":"first","17":"instock","18":"taxable","19":"shipping-taxable","20":"purchasable","21":"product-type-variable","22":"prodpage-style2"},"yoast_head":"<!-- This site is optimized with the Yoast SEO plugin v27.4 - https:\/\/yoast.com\/product\/yoast-seo-wordpress\/ -->\n<title>Personel Devam Kontrol Sistemi: PLAS\u0130S PDKS WiFi - Plasis<\/title>\n<meta name=\"robots\" content=\"index, follow, max-snippet:-1, max-image-preview:large, max-video-preview:-1\" \/>\n<link rel=\"canonical\" href=\"https:\/\/www.plasis.com.tr\/urun\/personel-devam-kontrol-sistemi-pdks-wifi\/\" \/>\n<script type=\"application\/ld+json\" class=\"yoast-schema-graph\">{\"@context\":\"https:\\\/\\\/schema.org\",\"@graph\":[{\"@type\":\"WebPage\",\"@id\":\"https:\\\/\\\/www.plasis.com.tr\\\/urun\\\/personel-devam-kontrol-sistemi-pdks-wifi\\\/\",\"url\":\"https:\\\/\\\/www.plasis.com.tr\\\/urun\\\/personel-devam-kontrol-sistemi-pdks-wifi\\\/\",\"name\":\"Personel Devam Kontrol Sistemi: PLAS\u0130S PDKS WiFi - Plasis\",\"isPartOf\":{\"@id\":\"https:\\\/\\\/www.plasis.com.tr\\\/#website\"},\"primaryImageOfPage\":{\"@id\":\"https:\\\/\\\/www.plasis.com.tr\\\/urun\\\/personel-devam-kontrol-sistemi-pdks-wifi\\\/#primaryimage\"},\"image\":{\"@id\":\"https:\\\/\\\/www.plasis.com.tr\\\/urun\\\/personel-devam-kontrol-sistemi-pdks-wifi\\\/#primaryimage\"},\"thumbnailUrl\":\"https:\\\/\\\/www.plasis.com.tr\\\/wp-content\\\/uploads\\\/2023\\\/09\\\/personel-devam-takip-sistemi.jpeg\",\"datePublished\":\"2023-09-08T09:15:13+00:00\",\"dateModified\":\"2024-10-17T10:16:36+00:00\",\"breadcrumb\":{\"@id\":\"https:\\\/\\\/www.plasis.com.tr\\\/urun\\\/personel-devam-kontrol-sistemi-pdks-wifi\\\/#breadcrumb\"},\"inLanguage\":\"en-US\",\"potentialAction\":[{\"@type\":\"ReadAction\",\"target\":[\"https:\\\/\\\/www.plasis.com.tr\\\/urun\\\/personel-devam-kontrol-sistemi-pdks-wifi\\\/\"]}]},{\"@type\":\"ImageObject\",\"inLanguage\":\"en-US\",\"@id\":\"https:\\\/\\\/www.plasis.com.tr\\\/urun\\\/personel-devam-kontrol-sistemi-pdks-wifi\\\/#primaryimage\",\"url\":\"https:\\\/\\\/www.plasis.com.tr\\\/wp-content\\\/uploads\\\/2023\\\/09\\\/personel-devam-takip-sistemi.jpeg\",\"contentUrl\":\"https:\\\/\\\/www.plasis.com.tr\\\/wp-content\\\/uploads\\\/2023\\\/09\\\/personel-devam-takip-sistemi.jpeg\",\"width\":2048,\"height\":2048,\"caption\":\"personel devam takip sistemi\"},{\"@type\":\"BreadcrumbList\",\"@id\":\"https:\\\/\\\/www.plasis.com.tr\\\/urun\\\/personel-devam-kontrol-sistemi-pdks-wifi\\\/#breadcrumb\",\"itemListElement\":[{\"@type\":\"ListItem\",\"position\":1,\"name\":\"Ana sayfa\",\"item\":\"https:\\\/\\\/www.plasis.com.tr\\\/en\\\/\"},{\"@type\":\"ListItem\",\"position\":2,\"name\":\"\u00dcr\u00fcnlerimiz\",\"item\":\"https:\\\/\\\/www.plasis.com.tr\\\/urunlerimiz\\\/\"},{\"@type\":\"ListItem\",\"position\":3,\"name\":\"Personel Devam Kontrol Sistemi: PLAS\u0130S PDKS WiFi\"}]},{\"@type\":\"WebSite\",\"@id\":\"https:\\\/\\\/www.plasis.com.tr\\\/#website\",\"url\":\"https:\\\/\\\/www.plasis.com.tr\\\/\",\"name\":\"Plasis\",\"description\":\"We provide the industry's leading Card production, Printing and System support.\",\"potentialAction\":[{\"@type\":\"SearchAction\",\"target\":{\"@type\":\"EntryPoint\",\"urlTemplate\":\"https:\\\/\\\/www.plasis.com.tr\\\/?s={search_term_string}\"},\"query-input\":{\"@type\":\"PropertyValueSpecification\",\"valueRequired\":true,\"valueName\":\"search_term_string\"}}],\"inLanguage\":\"en-US\"}]}<\/script>\n<!-- \/ Yoast SEO plugin. -->","yoast_head_json":{"title":"Personel Devam Kontrol Sistemi: PLAS\u0130S PDKS WiFi - Plasis","robots":{"index":"index","follow":"follow","max-snippet":"max-snippet:-1","max-image-preview":"max-image-preview:large","max-video-preview":"max-video-preview:-1"},"canonical":"https:\/\/www.plasis.com.tr\/urun\/personel-devam-kontrol-sistemi-pdks-wifi\/","schema":{"@context":"https:\/\/schema.org","@graph":[{"@type":"WebPage","@id":"https:\/\/www.plasis.com.tr\/urun\/personel-devam-kontrol-sistemi-pdks-wifi\/","url":"https:\/\/www.plasis.com.tr\/urun\/personel-devam-kontrol-sistemi-pdks-wifi\/","name":"Personel Devam Kontrol Sistemi: PLAS\u0130S PDKS WiFi - Plasis","isPartOf":{"@id":"https:\/\/www.plasis.com.tr\/#website"},"primaryImageOfPage":{"@id":"https:\/\/www.plasis.com.tr\/urun\/personel-devam-kontrol-sistemi-pdks-wifi\/#primaryimage"},"image":{"@id":"https:\/\/www.plasis.com.tr\/urun\/personel-devam-kontrol-sistemi-pdks-wifi\/#primaryimage"},"thumbnailUrl":"https:\/\/www.plasis.com.tr\/wp-content\/uploads\/2023\/09\/personel-devam-takip-sistemi.jpeg","datePublished":"2023-09-08T09:15:13+00:00","dateModified":"2024-10-17T10:16:36+00:00","breadcrumb":{"@id":"https:\/\/www.plasis.com.tr\/urun\/personel-devam-kontrol-sistemi-pdks-wifi\/#breadcrumb"},"inLanguage":"en-US","potentialAction":[{"@type":"ReadAction","target":["https:\/\/www.plasis.com.tr\/urun\/personel-devam-kontrol-sistemi-pdks-wifi\/"]}]},{"@type":"ImageObject","inLanguage":"en-US","@id":"https:\/\/www.plasis.com.tr\/urun\/personel-devam-kontrol-sistemi-pdks-wifi\/#primaryimage","url":"https:\/\/www.plasis.com.tr\/wp-content\/uploads\/2023\/09\/personel-devam-takip-sistemi.jpeg","contentUrl":"https:\/\/www.plasis.com.tr\/wp-content\/uploads\/2023\/09\/personel-devam-takip-sistemi.jpeg","width":2048,"height":2048,"caption":"personel devam takip sistemi"},{"@type":"BreadcrumbList","@id":"https:\/\/www.plasis.com.tr\/urun\/personel-devam-kontrol-sistemi-pdks-wifi\/#breadcrumb","itemListElement":[{"@type":"ListItem","position":1,"name":"Ana sayfa","item":"https:\/\/www.plasis.com.tr\/en\/"},{"@type":"ListItem","position":2,"name":"\u00dcr\u00fcnlerimiz","item":"https:\/\/www.plasis.com.tr\/urunlerimiz\/"},{"@type":"ListItem","position":3,"name":"Personel Devam Kontrol Sistemi: PLAS\u0130S PDKS WiFi"}]},{"@type":"WebSite","@id":"https:\/\/www.plasis.com.tr\/#website","url":"https:\/\/www.plasis.com.tr\/","name":"Plasis","description":"We provide the industry's leading Card production, Printing and System support.","potentialAction":[{"@type":"SearchAction","target":{"@type":"EntryPoint","urlTemplate":"https:\/\/www.plasis.com.tr\/?s={search_term_string}"},"query-input":{"@type":"PropertyValueSpecification","valueRequired":true,"valueName":"search_term_string"}}],"inLanguage":"en-US"}]}},"_links":{"self":[{"href":"https:\/\/www.plasis.com.tr\/en\/wp-json\/wp\/v2\/product\/8495","targetHints":{"allow":["GET"]}}],"collection":[{"href":"https:\/\/www.plasis.com.tr\/en\/wp-json\/wp\/v2\/product"}],"about":[{"href":"https:\/\/www.plasis.com.tr\/en\/wp-json\/wp\/v2\/types\/product"}],"replies":[{"embeddable":true,"href":"https:\/\/www.plasis.com.tr\/en\/wp-json\/wp\/v2\/comments?post=8495"}],"wp:featuredmedia":[{"embeddable":true,"href":"https:\/\/www.plasis.com.tr\/en\/wp-json\/wp\/v2\/media\/8496"}],"wp:attachment":[{"href":"https:\/\/www.plasis.com.tr\/en\/wp-json\/wp\/v2\/media?parent=8495"}],"wp:term":[{"taxonomy":"product_brand","embeddable":true,"href":"https:\/\/www.plasis.com.tr\/en\/wp-json\/wp\/v2\/product_brand?post=8495"},{"taxonomy":"product_cat","embeddable":true,"href":"https:\/\/www.plasis.com.tr\/en\/wp-json\/wp\/v2\/product_cat?post=8495"},{"taxonomy":"product_tag","embeddable":true,"href":"https:\/\/www.plasis.com.tr\/en\/wp-json\/wp\/v2\/product_tag?post=8495"}],"curies":[{"name":"wp","href":"https:\/\/api.w.org\/{rel}","templated":true}]}}