{"id":8436,"date":"2023-08-23T12:47:15","date_gmt":"2023-08-23T09:47:15","guid":{"rendered":"https:\/\/www.plasis.com.tr\/?post_type=product&#038;p=8436"},"modified":"2025-06-16T13:18:02","modified_gmt":"2025-06-16T10:18:02","slug":"yenilikci-cift-frekansli-rfid-combo-karti-her-ihtiyaca-tek-bir-cozum","status":"publish","type":"product","link":"https:\/\/www.plasis.com.tr\/en\/urun\/yenilikci-cift-frekansli-rfid-combo-karti-her-ihtiyaca-tek-bir-cozum\/","title":{"rendered":"Yenilik\u00e7i \u00c7ift Frekansl\u0131 RFID Combo Kart\u0131: Her \u0130htiyaca Tek Bir \u00c7\u00f6z\u00fcm"},"content":{"rendered":"<h1>Yenilik\u00e7i \u00c7ift frekansl\u0131 RFID Combo Kart\u0131: Her \u0130htiyaca Tek Bir \u00c7\u00f6z\u00fcm<\/h1>\n<p>G\u00fcn\u00fcm\u00fczde i\u015fletmelerin etkin ge\u00e7i\u015f kontrol\u00fc ve personel takibi ihtiya\u00e7lar\u0131 giderek art\u0131yor. Farkl\u0131 teknolojilerin gerektirdi\u011fi ayr\u0131 ayr\u0131 kartlar i\u015fletmeleri zor durumda b\u0131rakabilir. \u0130\u015fte bu sorunu ortadan kald\u0131rmak i\u00e7in, sizin i\u00e7in geli\u015ftirdi\u011fimiz RFID Combo Kart\u0131 ile tan\u0131\u015f\u0131n!<\/p>\n<ul>\n<li>\u00d6n arka beyaz ve bask\u0131s\u0131zd\u0131r.<\/li>\n<li>8,6x54x1mm boyutlar\u0131nda (standart karta g\u00f6re daha kal\u0131nd\u0131r. ) Masa\u00fcst\u00fc <a href=\"https:\/\/www.plasis.com.tr\/urun-kategori\/plastik-kart-yazicilar\/\">kart yaz\u0131c\u0131lar<\/a> ile bask\u0131 yapmay\u0131 d\u00fc\u015f\u00fcn\u00fcyorsan\u0131z baz\u0131 yaz\u0131c\u0131lar yaln\u0131zca standart kal\u0131nl\u0131kta kartlara bask\u0131 yapabilir.<\/li>\n<li>125kHz Proximity ve 13,56mHz \u00e7ip ile antenlerini i\u00e7erir.<\/li>\n<li>\u00c7ipler temass\u0131zd\u0131r. Uyumlu okuyucularda yakla\u015ft\u0131r\u0131ld\u0131\u011f\u0131nda \u00e7al\u0131\u015f\u0131r.<\/li>\n<\/ul>\n<p>&nbsp;<\/p>\n<h2>Tek Kartta \u00c7oklu Teknoloji<\/h2>\n<p>RFID Combo Kart\u0131, 125 kHz Proximity ve 13.56 MHz frekanslar\u0131nda \u00e7al\u0131\u015fan iki farkl\u0131 teknolojiyi tek bir kartta birle\u015ftirir \u00e7ift frekansl\u0131 bir kart haline gelir. Bu sayede, i\u015fletmeler art\u0131k personellerine hem ge\u00e7i\u015f kontrol\u00fc hem de yemekhane takibi gibi farkl\u0131 uygulamalar i\u00e7in ayr\u0131 ayr\u0131 kartlar vermek zorunda de\u011fil. Her iki teknolojinin \u00f6zelliklerini de ayr\u0131 ayr\u0131 i\u00e7erir. Hi\u00e7bir kar\u0131\u015f\u0131kl\u0131\u011fa neden olmaz. Tek bir kart ile t\u00fcm ihtiya\u00e7lar\u0131n\u0131z\u0131 kar\u015f\u0131layabilirsiniz.<\/p>\n<h3>Avantajlar\u0131<\/h3>\n<ul>\n<li><strong>Kolay Kullan\u0131m:<\/strong> Her iki teknolojiyi tek bir kartta bulu\u015fturarak personeliniz i\u00e7in kullan\u0131m\u0131 kolay ve pratik bir \u00e7\u00f6z\u00fcm sunar.<\/li>\n<li><strong>Maliyet Tasarrufu:<\/strong> Ayr\u0131 ayr\u0131 kartlar yerine tek bir kartla t\u00fcm ihtiya\u00e7lar\u0131 kar\u015f\u0131lamak, i\u015fletmelerin maliyetlerini d\u00fc\u015f\u00fcr\u00fcr.<\/li>\n<li><strong>Alan Kazan\u0131m\u0131:<\/strong> Personeliniz art\u0131k sadece bir kart ta\u015f\u0131yarak t\u00fcm ge\u00e7i\u015fleri sa\u011flayabilir. \u00d6rne\u011fin hem yemekhane takibini, hem otopark giri\u015fini hem de bina giri\u015fini ger\u00e7ekle\u015ftirebilir.<\/li>\n<li><strong>Entegrasyon Kolayl\u0131\u011f\u0131:<\/strong> Mevcut sistemlere uyumlu olan bu kartlar, i\u015fletmelerin mevcut altyap\u0131lar\u0131na sorunsuz bir \u015fekilde entegre edilebilir.<\/li>\n<\/ul>\n<h2>\u00dcst\u00fcn Teknoloji ve G\u00fcvenlik<\/h2>\n<p>RFID Combo Kart\u0131, g\u00fcvenli\u011finizi \u00f6n planda tutar. \u0130leri teknoloji \u00e7ipleri ve g\u00fc\u00e7l\u00fc antenleri sayesinde yetkisiz eri\u015fimleri engeller, personelinizin yaln\u0131zca belirlenmi\u015f alanlara giri\u015fini sa\u011flar.<\/p>\n<h2>\u00c7e\u015fitli Tasar\u0131m Se\u00e7enekleri<\/h2>\n<p>RFID Combo Kartlar\u0131, i\u015fletmenizin kurumsal kimli\u011fi ile uyumlu olarak \u00f6zelle\u015ftirilebilir. Farkl\u0131 renkler, logolar ve ki\u015fiselle\u015ftirilmi\u015f tasar\u0131mlar ile kartlar\u0131n\u0131z\u0131 \u00f6zelle\u015ftirin.<\/p>\n<p>RFID Combo Kart\u0131 ile i\u015fletmenizin ge\u00e7i\u015f kontrol\u00fc ve personel takibi s\u00fcre\u00e7lerini daha verimli ve kullan\u0131c\u0131 dostu hale getirin. Tek bir kartla t\u00fcm ihtiya\u00e7lar\u0131 kar\u015f\u0131lamak art\u0131k m\u00fcmk\u00fcn!<\/p>\n<h2>Teknik \u00d6zellikler<\/h2>\n<ul>\n<li><strong>\u00c7ift Teknoloji:<\/strong> 125 kHz ve 13.56 MHz frekanslar\u0131nda \u00e7al\u0131\u015fan RFID teknolojisinin her ikisini de i\u00e7erir.<\/li>\n<li><strong>G\u00fc\u00e7l\u00fc \u00c7ip ve Anten:<\/strong> Y\u00fcksek kaliteli \u00e7ip ve anten teknolojisi ile g\u00fc\u00e7l\u00fc ve g\u00fcvenilir performans sa\u011flar.<\/li>\n<li><strong>Geli\u015fmi\u015f G\u00fcvenlik:<\/strong> Yetkisiz eri\u015fimleri \u00f6nlemek ve g\u00fcvenli\u011fi art\u0131rmak i\u00e7in geli\u015fmi\u015f g\u00fcvenlik \u00f6zellikleri i\u00e7erir.<\/li>\n<li><strong>Kullan\u0131c\u0131 Dostu Tasar\u0131m:<\/strong> Kart\u0131n ta\u015f\u0131nmas\u0131 kolayd\u0131r ve kullan\u0131c\u0131 dostu bir \u015fekilde tasarlanm\u0131\u015ft\u0131r.<\/li>\n<li><strong>Entegrasyon Uyumlu:<\/strong> Mevcut ge\u00e7i\u015f kontrol ve takip sistemleri ile uyumlu \u015fekilde \u00e7al\u0131\u015fabilir.<\/li>\n<li><strong>\u00d6zelle\u015ftirilebilir Tasar\u0131m:<\/strong> Kurumsal kimli\u011finizi yans\u0131tan \u00f6zelle\u015ftirilebilir tasar\u0131m se\u00e7enekleri sunar.<\/li>\n<li><strong>\u00c7e\u015fitli Kullan\u0131m Alanlar\u0131:<\/strong> Ge\u00e7i\u015f kontrol\u00fc, personel takibi, yemekhane eri\u015fimi gibi \u00e7e\u015fitli uygulamalar i\u00e7in kullan\u0131labilir.<\/li>\n<li><strong>Dayan\u0131kl\u0131 Malzeme:<\/strong> Uzun \u00f6m\u00fcrl\u00fc kullan\u0131m i\u00e7in dayan\u0131kl\u0131 malzemelerden \u00fcretilmi\u015ftir.<\/li>\n<li><strong>H\u0131zl\u0131 Tan\u0131ma:<\/strong> H\u0131zl\u0131 ve g\u00fcvenilir tan\u0131ma \u00f6zelli\u011fi ile i\u015flem s\u00fcrelerini optimize eder.<\/li>\n<li><strong>Kolay Entegrasyon:<\/strong> \u0130\u015fletmenizin mevcut sistemlerine sorunsuz bir \u015fekilde entegre edilebilir.<\/li>\n<\/ul>\n<p>&nbsp;<\/p>\n<p>whatsapp 05432893792 e-mail info@plasis.com.tr<\/p>\n<p>&nbsp;<\/p>\n","protected":false},"excerpt":{"rendered":"<p>\u00c7ift frekansl\u0131 RFID Combo Kart\u0131 125 kHz ve 13.56MHz<\/p>\n","protected":false},"featured_media":8437,"comment_status":"closed","ping_status":"closed","template":"","meta":[],"product_brand":[1297],"product_cat":[524],"product_tag":[1232,1233,1231,1227,1229,1228,1230,1234],"class_list":{"0":"post-8436","1":"product","2":"type-product","3":"status-publish","4":"has-post-thumbnail","6":"product_brand-proximity","7":"product_cat-akilli-kartlar-ve-aksesuarlari","8":"product_tag-125khz-13-56mhz-combo-kart","9":"product_tag-125khz-13-56mhz-kart","10":"product_tag-cift-frekansli-combo-kart","11":"product_tag-cift-frekansli-kart","12":"product_tag-combo-card","13":"product_tag-combo-kart","14":"product_tag-kombo-kart","15":"product_tag-rfid-combo-kart","17":"first","18":"instock","19":"taxable","20":"shipping-taxable","21":"purchasable","22":"product-type-simple","23":"prodpage-style2"},"yoast_head":"<!-- This site is optimized with the Yoast SEO plugin v27.5 - https:\/\/yoast.com\/product\/yoast-seo-wordpress\/ -->\n<title>Yenilik\u00e7i \u00c7ift Frekansl\u0131 RFID Combo Kart\u0131: Her \u0130htiyaca Tek Bir \u00c7\u00f6z\u00fcm - Plasis<\/title>\n<meta name=\"robots\" content=\"index, follow, max-snippet:-1, max-image-preview:large, max-video-preview:-1\" \/>\n<link rel=\"canonical\" href=\"https:\/\/www.plasis.com.tr\/urun\/yenilikci-cift-frekansli-rfid-combo-karti-her-ihtiyaca-tek-bir-cozum\/\" \/>\n<script type=\"application\/ld+json\" class=\"yoast-schema-graph\">{\"@context\":\"https:\\\/\\\/schema.org\",\"@graph\":[{\"@type\":\"WebPage\",\"@id\":\"https:\\\/\\\/www.plasis.com.tr\\\/urun\\\/yenilikci-cift-frekansli-rfid-combo-karti-her-ihtiyaca-tek-bir-cozum\\\/\",\"url\":\"https:\\\/\\\/www.plasis.com.tr\\\/urun\\\/yenilikci-cift-frekansli-rfid-combo-karti-her-ihtiyaca-tek-bir-cozum\\\/\",\"name\":\"Yenilik\u00e7i \u00c7ift Frekansl\u0131 RFID Combo Kart\u0131: Her \u0130htiyaca Tek Bir \u00c7\u00f6z\u00fcm - Plasis\",\"isPartOf\":{\"@id\":\"https:\\\/\\\/www.plasis.com.tr\\\/#website\"},\"primaryImageOfPage\":{\"@id\":\"https:\\\/\\\/www.plasis.com.tr\\\/urun\\\/yenilikci-cift-frekansli-rfid-combo-karti-her-ihtiyaca-tek-bir-cozum\\\/#primaryimage\"},\"image\":{\"@id\":\"https:\\\/\\\/www.plasis.com.tr\\\/urun\\\/yenilikci-cift-frekansli-rfid-combo-karti-her-ihtiyaca-tek-bir-cozum\\\/#primaryimage\"},\"thumbnailUrl\":\"https:\\\/\\\/www.plasis.com.tr\\\/wp-content\\\/uploads\\\/2023\\\/08\\\/combo_kart.jpeg\",\"datePublished\":\"2023-08-23T09:47:15+00:00\",\"dateModified\":\"2025-06-16T10:18:02+00:00\",\"breadcrumb\":{\"@id\":\"https:\\\/\\\/www.plasis.com.tr\\\/urun\\\/yenilikci-cift-frekansli-rfid-combo-karti-her-ihtiyaca-tek-bir-cozum\\\/#breadcrumb\"},\"inLanguage\":\"en-US\",\"potentialAction\":[{\"@type\":\"ReadAction\",\"target\":[\"https:\\\/\\\/www.plasis.com.tr\\\/urun\\\/yenilikci-cift-frekansli-rfid-combo-karti-her-ihtiyaca-tek-bir-cozum\\\/\"]}]},{\"@type\":\"ImageObject\",\"inLanguage\":\"en-US\",\"@id\":\"https:\\\/\\\/www.plasis.com.tr\\\/urun\\\/yenilikci-cift-frekansli-rfid-combo-karti-her-ihtiyaca-tek-bir-cozum\\\/#primaryimage\",\"url\":\"https:\\\/\\\/www.plasis.com.tr\\\/wp-content\\\/uploads\\\/2023\\\/08\\\/combo_kart.jpeg\",\"contentUrl\":\"https:\\\/\\\/www.plasis.com.tr\\\/wp-content\\\/uploads\\\/2023\\\/08\\\/combo_kart.jpeg\",\"width\":876,\"height\":618,\"caption\":\"beyaz combo kart\"},{\"@type\":\"BreadcrumbList\",\"@id\":\"https:\\\/\\\/www.plasis.com.tr\\\/urun\\\/yenilikci-cift-frekansli-rfid-combo-karti-her-ihtiyaca-tek-bir-cozum\\\/#breadcrumb\",\"itemListElement\":[{\"@type\":\"ListItem\",\"position\":1,\"name\":\"Ana sayfa\",\"item\":\"https:\\\/\\\/www.plasis.com.tr\\\/en\\\/\"},{\"@type\":\"ListItem\",\"position\":2,\"name\":\"\u00dcr\u00fcnlerimiz\",\"item\":\"https:\\\/\\\/www.plasis.com.tr\\\/urunlerimiz\\\/\"},{\"@type\":\"ListItem\",\"position\":3,\"name\":\"Yenilik\u00e7i \u00c7ift Frekansl\u0131 RFID Combo Kart\u0131: Her \u0130htiyaca Tek Bir \u00c7\u00f6z\u00fcm\"}]},{\"@type\":\"WebSite\",\"@id\":\"https:\\\/\\\/www.plasis.com.tr\\\/#website\",\"url\":\"https:\\\/\\\/www.plasis.com.tr\\\/\",\"name\":\"Plasis\",\"description\":\"We provide the industry's leading Card production, Printing and System support.\",\"potentialAction\":[{\"@type\":\"SearchAction\",\"target\":{\"@type\":\"EntryPoint\",\"urlTemplate\":\"https:\\\/\\\/www.plasis.com.tr\\\/?s={search_term_string}\"},\"query-input\":{\"@type\":\"PropertyValueSpecification\",\"valueRequired\":true,\"valueName\":\"search_term_string\"}}],\"inLanguage\":\"en-US\"}]}<\/script>\n<!-- \/ Yoast SEO plugin. -->","yoast_head_json":{"title":"Yenilik\u00e7i \u00c7ift Frekansl\u0131 RFID Combo Kart\u0131: Her \u0130htiyaca Tek Bir \u00c7\u00f6z\u00fcm - Plasis","robots":{"index":"index","follow":"follow","max-snippet":"max-snippet:-1","max-image-preview":"max-image-preview:large","max-video-preview":"max-video-preview:-1"},"canonical":"https:\/\/www.plasis.com.tr\/urun\/yenilikci-cift-frekansli-rfid-combo-karti-her-ihtiyaca-tek-bir-cozum\/","schema":{"@context":"https:\/\/schema.org","@graph":[{"@type":"WebPage","@id":"https:\/\/www.plasis.com.tr\/urun\/yenilikci-cift-frekansli-rfid-combo-karti-her-ihtiyaca-tek-bir-cozum\/","url":"https:\/\/www.plasis.com.tr\/urun\/yenilikci-cift-frekansli-rfid-combo-karti-her-ihtiyaca-tek-bir-cozum\/","name":"Yenilik\u00e7i \u00c7ift Frekansl\u0131 RFID Combo Kart\u0131: Her \u0130htiyaca Tek Bir \u00c7\u00f6z\u00fcm - Plasis","isPartOf":{"@id":"https:\/\/www.plasis.com.tr\/#website"},"primaryImageOfPage":{"@id":"https:\/\/www.plasis.com.tr\/urun\/yenilikci-cift-frekansli-rfid-combo-karti-her-ihtiyaca-tek-bir-cozum\/#primaryimage"},"image":{"@id":"https:\/\/www.plasis.com.tr\/urun\/yenilikci-cift-frekansli-rfid-combo-karti-her-ihtiyaca-tek-bir-cozum\/#primaryimage"},"thumbnailUrl":"https:\/\/www.plasis.com.tr\/wp-content\/uploads\/2023\/08\/combo_kart.jpeg","datePublished":"2023-08-23T09:47:15+00:00","dateModified":"2025-06-16T10:18:02+00:00","breadcrumb":{"@id":"https:\/\/www.plasis.com.tr\/urun\/yenilikci-cift-frekansli-rfid-combo-karti-her-ihtiyaca-tek-bir-cozum\/#breadcrumb"},"inLanguage":"en-US","potentialAction":[{"@type":"ReadAction","target":["https:\/\/www.plasis.com.tr\/urun\/yenilikci-cift-frekansli-rfid-combo-karti-her-ihtiyaca-tek-bir-cozum\/"]}]},{"@type":"ImageObject","inLanguage":"en-US","@id":"https:\/\/www.plasis.com.tr\/urun\/yenilikci-cift-frekansli-rfid-combo-karti-her-ihtiyaca-tek-bir-cozum\/#primaryimage","url":"https:\/\/www.plasis.com.tr\/wp-content\/uploads\/2023\/08\/combo_kart.jpeg","contentUrl":"https:\/\/www.plasis.com.tr\/wp-content\/uploads\/2023\/08\/combo_kart.jpeg","width":876,"height":618,"caption":"beyaz combo kart"},{"@type":"BreadcrumbList","@id":"https:\/\/www.plasis.com.tr\/urun\/yenilikci-cift-frekansli-rfid-combo-karti-her-ihtiyaca-tek-bir-cozum\/#breadcrumb","itemListElement":[{"@type":"ListItem","position":1,"name":"Ana sayfa","item":"https:\/\/www.plasis.com.tr\/en\/"},{"@type":"ListItem","position":2,"name":"\u00dcr\u00fcnlerimiz","item":"https:\/\/www.plasis.com.tr\/urunlerimiz\/"},{"@type":"ListItem","position":3,"name":"Yenilik\u00e7i \u00c7ift Frekansl\u0131 RFID Combo Kart\u0131: Her \u0130htiyaca Tek Bir \u00c7\u00f6z\u00fcm"}]},{"@type":"WebSite","@id":"https:\/\/www.plasis.com.tr\/#website","url":"https:\/\/www.plasis.com.tr\/","name":"Plasis","description":"We provide the industry's leading Card production, Printing and System support.","potentialAction":[{"@type":"SearchAction","target":{"@type":"EntryPoint","urlTemplate":"https:\/\/www.plasis.com.tr\/?s={search_term_string}"},"query-input":{"@type":"PropertyValueSpecification","valueRequired":true,"valueName":"search_term_string"}}],"inLanguage":"en-US"}]}},"_links":{"self":[{"href":"https:\/\/www.plasis.com.tr\/en\/wp-json\/wp\/v2\/product\/8436","targetHints":{"allow":["GET"]}}],"collection":[{"href":"https:\/\/www.plasis.com.tr\/en\/wp-json\/wp\/v2\/product"}],"about":[{"href":"https:\/\/www.plasis.com.tr\/en\/wp-json\/wp\/v2\/types\/product"}],"replies":[{"embeddable":true,"href":"https:\/\/www.plasis.com.tr\/en\/wp-json\/wp\/v2\/comments?post=8436"}],"wp:featuredmedia":[{"embeddable":true,"href":"https:\/\/www.plasis.com.tr\/en\/wp-json\/wp\/v2\/media\/8437"}],"wp:attachment":[{"href":"https:\/\/www.plasis.com.tr\/en\/wp-json\/wp\/v2\/media?parent=8436"}],"wp:term":[{"taxonomy":"product_brand","embeddable":true,"href":"https:\/\/www.plasis.com.tr\/en\/wp-json\/wp\/v2\/product_brand?post=8436"},{"taxonomy":"product_cat","embeddable":true,"href":"https:\/\/www.plasis.com.tr\/en\/wp-json\/wp\/v2\/product_cat?post=8436"},{"taxonomy":"product_tag","embeddable":true,"href":"https:\/\/www.plasis.com.tr\/en\/wp-json\/wp\/v2\/product_tag?post=8436"}],"curies":[{"name":"wp","href":"https:\/\/api.w.org\/{rel}","templated":true}]}}