{"id":8400,"date":"2023-08-04T12:54:54","date_gmt":"2023-08-04T09:54:54","guid":{"rendered":"https:\/\/www.plasis.com.tr\/?post_type=product&#038;p=8400"},"modified":"2025-04-16T11:34:20","modified_gmt":"2025-04-16T08:34:20","slug":"silikon-bu-koldan-uygulama-yapmayiniz-baskili-lenfodem-bilekligi-uyari-bilekligi-diyaliz-bilekligi","status":"publish","type":"product","link":"https:\/\/www.plasis.com.tr\/en\/urun\/silikon-bu-koldan-uygulama-yapmayiniz-baskili-lenfodem-bilekligi-uyari-bilekligi-diyaliz-bilekligi\/","title":{"rendered":"Silikon Bu Koldan Uygulama Yapmay\u0131n\u0131z bask\u0131l\u0131 Lenf\u00f6dem Bilekli\u011fi &#8211; Uyar\u0131 Bilekli\u011fi &#8211; Diyaliz Bilekli\u011fi"},"content":{"rendered":"<h1>Silikon Bu Koldan Uygulama Yapmay\u0131n\u0131z bask\u0131l\u0131 Lenf\u00f6dem Bilekli\u011fi &#8211; Uyar\u0131 Bilekli\u011fi &#8211; Diyaliz Bilekli\u011fi &#8211; Diyabet Bilekli\u011fi<\/h1>\n<p>Sa\u011fl\u0131\u011f\u0131n\u0131z\u0131 \u00f6nemseyenler i\u00e7in tasarland\u0131! Meme Kanseri nedeniyle koltukalt\u0131 lenf bezleri al\u0131nm\u0131\u015f olanlar i\u00e7in \u00f6zel olarak \u00fcretilen Silikon Lenf\u00f6dem Bilekli\u011fi, sizin i\u00e7in hayati bir \u00f6neme sahiptir. Bu \u00f6zel bileklik, olas\u0131 bir kaza veya bilin\u00e7 kayb\u0131 durumunda kendini ifade edemeyecek durumlarda, kolunuzun kullan\u0131lmamas\u0131n\u0131 ve lenf\u00f6dem geli\u015fimini \u00f6nlemek i\u00e7in sa\u011fl\u0131k personeline \u00f6nemli uyar\u0131larda bulunabilir.<\/p>\n<p>Bu bileklik, \u00fczerinde yer alan &#8220;Bu koldan m\u00fcdahale yapmay\u0131n\u0131z&#8221; ve &#8220;Bu kolumu kullanmay\u0131n&#8221; uyar\u0131lar\u0131 sayesinde acil durumlarda sa\u011fl\u0131k ekiplerine \u00f6nemli bir bilgi sunar. Doktorlar, hem\u015fireler ve 122 acil sa\u011fl\u0131k personeli, bu uyar\u0131lar\u0131 g\u00f6rerek gerekli m\u00fcdahaleleri yapabilir ve sizin i\u00e7in en iyi sa\u011fl\u0131k hizmetini sunar.<\/p>\n<p>Ayr\u0131ca, Diyaliz Bilekli\u011fi olarak da kullan\u0131labilen bu \u00f6zel tasar\u0131m, diyaliz tedavisi g\u00f6renler i\u00e7in de b\u00fcy\u00fck bir kolayl\u0131k sa\u011flar. Tedavi s\u00fcrecinde sa\u011fl\u0131k ekibine y\u00f6nlendirme yaparak gereken t\u0131bbi \u00f6nlemleri almas\u0131nda yard\u0131mc\u0131 olur.<\/p>\n<p>Bu dayan\u0131kl\u0131 ve konforlu silikon bileklik, g\u00fcnl\u00fck ya\u015fam\u0131n\u0131zda rahat\u00e7a kullanabilece\u011finiz hafif ve \u015f\u0131k bir tasar\u0131ma sahiptir. Sa\u011fl\u0131\u011f\u0131n\u0131z\u0131 ve refah\u0131n\u0131z\u0131 her daim \u00f6n planda tutan Silikon Lenf\u00f6dem Bilekli\u011fi, size ve sevdiklerinize g\u00fcvende hissettirecektir.<\/p>\n<h2>Bu Koldan Uygulama Yapmay\u0131n\u0131z<\/h2>\n<p>Unutmay\u0131n, &#8220;Bu Koldan Uygulama Yapmay\u0131n\u0131z&#8221; uyar\u0131s\u0131 sayesinde kendinizi ve sevdiklerinizi koruman\u0131z art\u0131k \u00e7ok daha kolay. Sa\u011fl\u0131\u011f\u0131n\u0131za \u00f6nem verenlerin tercihi olan bu bilekli\u011fi hemen sipari\u015f edin ve hayat\u0131n\u0131z\u0131 daha g\u00fcvenli hale getirin!<\/p>\n<p>&nbsp;<\/p>\n<ol>\n<li>sipari\u015f miktar\u0131n\u0131z artt\u0131k\u00e7a fiyat\u0131n\u0131z\u00a0<strong>azal\u0131r<\/strong>. Sipari\u015f miktar\u0131n\u0131z azald\u0131k\u00e7a fiyat\u0131n\u0131z\u00a0<strong>artar<\/strong>. \u0130htiyac\u0131n\u0131z olan miktar i\u00e7in size \u00f6zel teklif isteyiniz.<\/li>\n<li>resimlerdeki \u00fcr\u00fcnler 202 mm uzunlu\u011funda 12mm kal\u0131nl\u0131\u011f\u0131ndad\u0131r. sipari\u015flerinizde daha farkl\u0131 boy ve geni\u015flikler tercih edebilirsiniz.<\/li>\n<li><strong>Uzunluk<\/strong><br \/>\n160 mm bebek boy<br \/>\n180 mm \u00e7ocuk boy<br \/>\n202 mm yeti\u015fkin boy<strong>\u00dcretilen bileklik geni\u015flikleri<\/strong><br \/>\n12mm<br \/>\n15mm<br \/>\n25mm<strong>Geni\u015flik 12mm ve 6 mm imalat\u0131 var<\/strong><br \/>\n<strong>%100 Yerli \u00dcretim<\/strong><\/li>\n<\/ol>\n","protected":false},"excerpt":{"rendered":"<p>Silikon Bu Koldan Uygulama Yapmay\u0131n\u0131z bask\u0131l\u0131 Lenf\u00f6dem Bilekli\u011fi &#8211; Uyar\u0131 Bilekli\u011fi &#8211; Diyaliz Bilekli\u011fi &#8211; Diyabet Bilekli\u011fi<\/p>\n","protected":false},"featured_media":8401,"comment_status":"closed","ping_status":"closed","template":"","meta":[],"product_brand":[],"product_cat":[1081],"product_tag":[1075,1212,1209,1215,1211,1210,1213,1059,1214],"class_list":{"0":"post-8400","1":"product","2":"type-product","3":"status-publish","4":"has-post-thumbnail","6":"product_cat-bileklik-cesitleri-kumas-tyvek-kagit-plastik-silikon-rfid-tum-cesitler-ve-fiyatlar","7":"product_tag-baskili-silikon-bileklik","8":"product_tag-bu-koldan-mudahale-yapmayiniz-bilekligi","9":"product_tag-bu-koldan-uygulama-yapmayiniz","10":"product_tag-diyabet-bilekligi","11":"product_tag-diyaliz-bilekligi","12":"product_tag-lenfodem-bilekligi","13":"product_tag-meme-kanseri-silikon-bileklik","14":"product_tag-silikon-bileklik","15":"product_tag-silikon-uyari-bilekligi","17":"first","18":"instock","19":"taxable","20":"shipping-taxable","21":"purchasable","22":"product-type-simple","23":"prodpage-style2"},"yoast_head":"<!-- This site is optimized with the Yoast SEO plugin v27.4 - https:\/\/yoast.com\/product\/yoast-seo-wordpress\/ -->\n<title>Silikon Bu Koldan Uygulama Yapmay\u0131n\u0131z bask\u0131l\u0131 Lenf\u00f6dem Bilekli\u011fi - Uyar\u0131 Bilekli\u011fi - Diyaliz Bilekli\u011fi - Plasis<\/title>\n<meta name=\"robots\" content=\"index, follow, max-snippet:-1, max-image-preview:large, max-video-preview:-1\" \/>\n<link rel=\"canonical\" href=\"https:\/\/www.plasis.com.tr\/en\/urun\/silikon-bu-koldan-uygulama-yapmayiniz-baskili-lenfodem-bilekligi-uyari-bilekligi-diyaliz-bilekligi\/\" \/>\n<script type=\"application\/ld+json\" class=\"yoast-schema-graph\">{\"@context\":\"https:\\\/\\\/schema.org\",\"@graph\":[{\"@type\":\"WebPage\",\"@id\":\"https:\\\/\\\/www.plasis.com.tr\\\/en\\\/urun\\\/silikon-bu-koldan-uygulama-yapmayiniz-baskili-lenfodem-bilekligi-uyari-bilekligi-diyaliz-bilekligi\\\/\",\"url\":\"https:\\\/\\\/www.plasis.com.tr\\\/en\\\/urun\\\/silikon-bu-koldan-uygulama-yapmayiniz-baskili-lenfodem-bilekligi-uyari-bilekligi-diyaliz-bilekligi\\\/\",\"name\":\"Silikon Bu Koldan Uygulama Yapmay\u0131n\u0131z bask\u0131l\u0131 Lenf\u00f6dem Bilekli\u011fi - Uyar\u0131 Bilekli\u011fi - Diyaliz Bilekli\u011fi - Plasis\",\"isPartOf\":{\"@id\":\"https:\\\/\\\/www.plasis.com.tr\\\/#website\"},\"primaryImageOfPage\":{\"@id\":\"https:\\\/\\\/www.plasis.com.tr\\\/en\\\/urun\\\/silikon-bu-koldan-uygulama-yapmayiniz-baskili-lenfodem-bilekligi-uyari-bilekligi-diyaliz-bilekligi\\\/#primaryimage\"},\"image\":{\"@id\":\"https:\\\/\\\/www.plasis.com.tr\\\/en\\\/urun\\\/silikon-bu-koldan-uygulama-yapmayiniz-baskili-lenfodem-bilekligi-uyari-bilekligi-diyaliz-bilekligi\\\/#primaryimage\"},\"thumbnailUrl\":\"https:\\\/\\\/www.plasis.com.tr\\\/wp-content\\\/uploads\\\/2023\\\/08\\\/uygulama_yapmayiniz_bilekligi.jpg\",\"datePublished\":\"2023-08-04T09:54:54+00:00\",\"dateModified\":\"2025-04-16T08:34:20+00:00\",\"breadcrumb\":{\"@id\":\"https:\\\/\\\/www.plasis.com.tr\\\/en\\\/urun\\\/silikon-bu-koldan-uygulama-yapmayiniz-baskili-lenfodem-bilekligi-uyari-bilekligi-diyaliz-bilekligi\\\/#breadcrumb\"},\"inLanguage\":\"en-US\",\"potentialAction\":[{\"@type\":\"ReadAction\",\"target\":[\"https:\\\/\\\/www.plasis.com.tr\\\/en\\\/urun\\\/silikon-bu-koldan-uygulama-yapmayiniz-baskili-lenfodem-bilekligi-uyari-bilekligi-diyaliz-bilekligi\\\/\"]}]},{\"@type\":\"ImageObject\",\"inLanguage\":\"en-US\",\"@id\":\"https:\\\/\\\/www.plasis.com.tr\\\/en\\\/urun\\\/silikon-bu-koldan-uygulama-yapmayiniz-baskili-lenfodem-bilekligi-uyari-bilekligi-diyaliz-bilekligi\\\/#primaryimage\",\"url\":\"https:\\\/\\\/www.plasis.com.tr\\\/wp-content\\\/uploads\\\/2023\\\/08\\\/uygulama_yapmayiniz_bilekligi.jpg\",\"contentUrl\":\"https:\\\/\\\/www.plasis.com.tr\\\/wp-content\\\/uploads\\\/2023\\\/08\\\/uygulama_yapmayiniz_bilekligi.jpg\",\"width\":874,\"height\":743,\"caption\":\"uygulama yapmay\u0131n\u0131z silikon bilekli\u011fi\"},{\"@type\":\"BreadcrumbList\",\"@id\":\"https:\\\/\\\/www.plasis.com.tr\\\/en\\\/urun\\\/silikon-bu-koldan-uygulama-yapmayiniz-baskili-lenfodem-bilekligi-uyari-bilekligi-diyaliz-bilekligi\\\/#breadcrumb\",\"itemListElement\":[{\"@type\":\"ListItem\",\"position\":1,\"name\":\"Ana sayfa\",\"item\":\"https:\\\/\\\/www.plasis.com.tr\\\/en\\\/\"},{\"@type\":\"ListItem\",\"position\":2,\"name\":\"\u00dcr\u00fcnlerimiz\",\"item\":\"https:\\\/\\\/www.plasis.com.tr\\\/urunlerimiz\\\/\"},{\"@type\":\"ListItem\",\"position\":3,\"name\":\"Silikon Bu Koldan Uygulama Yapmay\u0131n\u0131z bask\u0131l\u0131 Lenf\u00f6dem Bilekli\u011fi &#8211; Uyar\u0131 Bilekli\u011fi &#8211; Diyaliz Bilekli\u011fi\"}]},{\"@type\":\"WebSite\",\"@id\":\"https:\\\/\\\/www.plasis.com.tr\\\/#website\",\"url\":\"https:\\\/\\\/www.plasis.com.tr\\\/\",\"name\":\"Plasis\",\"description\":\"We provide the industry's leading Card production, Printing and System support.\",\"potentialAction\":[{\"@type\":\"SearchAction\",\"target\":{\"@type\":\"EntryPoint\",\"urlTemplate\":\"https:\\\/\\\/www.plasis.com.tr\\\/?s={search_term_string}\"},\"query-input\":{\"@type\":\"PropertyValueSpecification\",\"valueRequired\":true,\"valueName\":\"search_term_string\"}}],\"inLanguage\":\"en-US\"}]}<\/script>\n<!-- \/ Yoast SEO plugin. -->","yoast_head_json":{"title":"Silikon Bu Koldan Uygulama Yapmay\u0131n\u0131z bask\u0131l\u0131 Lenf\u00f6dem Bilekli\u011fi - Uyar\u0131 Bilekli\u011fi - Diyaliz Bilekli\u011fi - Plasis","robots":{"index":"index","follow":"follow","max-snippet":"max-snippet:-1","max-image-preview":"max-image-preview:large","max-video-preview":"max-video-preview:-1"},"canonical":"https:\/\/www.plasis.com.tr\/en\/urun\/silikon-bu-koldan-uygulama-yapmayiniz-baskili-lenfodem-bilekligi-uyari-bilekligi-diyaliz-bilekligi\/","schema":{"@context":"https:\/\/schema.org","@graph":[{"@type":"WebPage","@id":"https:\/\/www.plasis.com.tr\/en\/urun\/silikon-bu-koldan-uygulama-yapmayiniz-baskili-lenfodem-bilekligi-uyari-bilekligi-diyaliz-bilekligi\/","url":"https:\/\/www.plasis.com.tr\/en\/urun\/silikon-bu-koldan-uygulama-yapmayiniz-baskili-lenfodem-bilekligi-uyari-bilekligi-diyaliz-bilekligi\/","name":"Silikon Bu Koldan Uygulama Yapmay\u0131n\u0131z bask\u0131l\u0131 Lenf\u00f6dem Bilekli\u011fi - Uyar\u0131 Bilekli\u011fi - Diyaliz Bilekli\u011fi - Plasis","isPartOf":{"@id":"https:\/\/www.plasis.com.tr\/#website"},"primaryImageOfPage":{"@id":"https:\/\/www.plasis.com.tr\/en\/urun\/silikon-bu-koldan-uygulama-yapmayiniz-baskili-lenfodem-bilekligi-uyari-bilekligi-diyaliz-bilekligi\/#primaryimage"},"image":{"@id":"https:\/\/www.plasis.com.tr\/en\/urun\/silikon-bu-koldan-uygulama-yapmayiniz-baskili-lenfodem-bilekligi-uyari-bilekligi-diyaliz-bilekligi\/#primaryimage"},"thumbnailUrl":"https:\/\/www.plasis.com.tr\/wp-content\/uploads\/2023\/08\/uygulama_yapmayiniz_bilekligi.jpg","datePublished":"2023-08-04T09:54:54+00:00","dateModified":"2025-04-16T08:34:20+00:00","breadcrumb":{"@id":"https:\/\/www.plasis.com.tr\/en\/urun\/silikon-bu-koldan-uygulama-yapmayiniz-baskili-lenfodem-bilekligi-uyari-bilekligi-diyaliz-bilekligi\/#breadcrumb"},"inLanguage":"en-US","potentialAction":[{"@type":"ReadAction","target":["https:\/\/www.plasis.com.tr\/en\/urun\/silikon-bu-koldan-uygulama-yapmayiniz-baskili-lenfodem-bilekligi-uyari-bilekligi-diyaliz-bilekligi\/"]}]},{"@type":"ImageObject","inLanguage":"en-US","@id":"https:\/\/www.plasis.com.tr\/en\/urun\/silikon-bu-koldan-uygulama-yapmayiniz-baskili-lenfodem-bilekligi-uyari-bilekligi-diyaliz-bilekligi\/#primaryimage","url":"https:\/\/www.plasis.com.tr\/wp-content\/uploads\/2023\/08\/uygulama_yapmayiniz_bilekligi.jpg","contentUrl":"https:\/\/www.plasis.com.tr\/wp-content\/uploads\/2023\/08\/uygulama_yapmayiniz_bilekligi.jpg","width":874,"height":743,"caption":"uygulama yapmay\u0131n\u0131z silikon bilekli\u011fi"},{"@type":"BreadcrumbList","@id":"https:\/\/www.plasis.com.tr\/en\/urun\/silikon-bu-koldan-uygulama-yapmayiniz-baskili-lenfodem-bilekligi-uyari-bilekligi-diyaliz-bilekligi\/#breadcrumb","itemListElement":[{"@type":"ListItem","position":1,"name":"Ana sayfa","item":"https:\/\/www.plasis.com.tr\/en\/"},{"@type":"ListItem","position":2,"name":"\u00dcr\u00fcnlerimiz","item":"https:\/\/www.plasis.com.tr\/urunlerimiz\/"},{"@type":"ListItem","position":3,"name":"Silikon Bu Koldan Uygulama Yapmay\u0131n\u0131z bask\u0131l\u0131 Lenf\u00f6dem Bilekli\u011fi &#8211; Uyar\u0131 Bilekli\u011fi &#8211; Diyaliz Bilekli\u011fi"}]},{"@type":"WebSite","@id":"https:\/\/www.plasis.com.tr\/#website","url":"https:\/\/www.plasis.com.tr\/","name":"Plasis","description":"We provide the industry's leading Card production, Printing and System support.","potentialAction":[{"@type":"SearchAction","target":{"@type":"EntryPoint","urlTemplate":"https:\/\/www.plasis.com.tr\/?s={search_term_string}"},"query-input":{"@type":"PropertyValueSpecification","valueRequired":true,"valueName":"search_term_string"}}],"inLanguage":"en-US"}]}},"_links":{"self":[{"href":"https:\/\/www.plasis.com.tr\/en\/wp-json\/wp\/v2\/product\/8400","targetHints":{"allow":["GET"]}}],"collection":[{"href":"https:\/\/www.plasis.com.tr\/en\/wp-json\/wp\/v2\/product"}],"about":[{"href":"https:\/\/www.plasis.com.tr\/en\/wp-json\/wp\/v2\/types\/product"}],"replies":[{"embeddable":true,"href":"https:\/\/www.plasis.com.tr\/en\/wp-json\/wp\/v2\/comments?post=8400"}],"wp:featuredmedia":[{"embeddable":true,"href":"https:\/\/www.plasis.com.tr\/en\/wp-json\/wp\/v2\/media\/8401"}],"wp:attachment":[{"href":"https:\/\/www.plasis.com.tr\/en\/wp-json\/wp\/v2\/media?parent=8400"}],"wp:term":[{"taxonomy":"product_brand","embeddable":true,"href":"https:\/\/www.plasis.com.tr\/en\/wp-json\/wp\/v2\/product_brand?post=8400"},{"taxonomy":"product_cat","embeddable":true,"href":"https:\/\/www.plasis.com.tr\/en\/wp-json\/wp\/v2\/product_cat?post=8400"},{"taxonomy":"product_tag","embeddable":true,"href":"https:\/\/www.plasis.com.tr\/en\/wp-json\/wp\/v2\/product_tag?post=8400"}],"curies":[{"name":"wp","href":"https:\/\/api.w.org\/{rel}","templated":true}]}}