{"id":8246,"date":"2023-04-24T23:28:12","date_gmt":"2023-04-24T20:28:12","guid":{"rendered":"https:\/\/www.plasis.com.tr\/?post_type=product&#038;p=8246"},"modified":"2026-01-13T17:03:50","modified_gmt":"2026-01-13T14:03:50","slug":"ayarlanabilir-baskili-saten-kumas-bileklik-ucretsiz-baski","status":"publish","type":"product","link":"https:\/\/www.plasis.com.tr\/en\/urun\/ayarlanabilir-baskili-saten-kumas-bileklik-ucretsiz-baski\/","title":{"rendered":"Ayarlanabilir Bask\u0131l\u0131 Saten Kuma\u015f Bileklik"},"content":{"rendered":"<h1>Ayarlanabilir Bask\u0131l\u0131 Saten Kuma\u015f Bileklik<\/h1>\n<p>Ho\u015f geldiniz, \u00e7e\u015fitli etkinliklerde kullan\u0131lan bileklikler \u00fcreten firmam\u0131z, \u015fimdi sizlere yeni bir \u00fcr\u00fcn sunuyor: Bask\u0131l\u0131 Saten Kuma\u015f Bileklik. Kuma\u015f Bileklikler, \u00fczerine m\u00fc\u015fterinin istedi\u011fi her t\u00fcrl\u00fc tasar\u0131m\u0131 basabilme \u00f6zelli\u011fiyle \u00f6ne \u00e7\u0131k\u0131yor. Logonuz, slogan\u0131n\u0131z, renkleriniz, hatta karekodunuz bile bu bilekliklerde yer alabilir. Bu \u00f6zellik sayesinde, m\u00fc\u015fterilerinizin markan\u0131zla ve etkinliklerinizle \u00f6zde\u015fle\u015fmesi daha da kolayla\u015f\u0131yor.<\/p>\n<p>Kuma\u015f Bilekliklerimiz ayn\u0131 zamanda su ve terden etkilenmiyor, \u00f6zel boncuk kilit sistemi sayesinde bilekten \u00e7\u0131km\u0131yor ve kullan\u0131c\u0131lar\u0131 rahats\u0131z etmiyor. Konforlu kullan\u0131m\u0131 sayesinde, m\u00fc\u015fterileriniz etkinliklerinizi daha keyifli bir \u015fekilde ge\u00e7irebiliyorlar. Hem de ekonomik fiyatlar\u0131yla. Misafirlerinizi kolayca fark edip \u00e7al\u0131\u015fanlar\u0131n\u0131z\u0131n i\u015flerini kolayla\u015ft\u0131r\u0131n. \u00a0Kuma\u015f Bilekliklerimiz her b\u00fct\u00e7eye uygun bir se\u00e7enek sunuyor.<\/p>\n<p>\u0130nternet sitemizde yer alan Kuma\u015f Bilekliklerimizi ke\u015ffetmek i\u00e7in hemen aray\u0131n! 02122160499 Sipari\u015f vermek i\u00e7in ileti\u015fim bilgilerimiz de sitemizde mevcut, canl\u0131 destek uzman\u0131m\u0131z haz\u0131r. Etkinliklerinize \u00f6zel bileklikler ile karma\u015faya son verin, m\u00fc\u015fterilerinizi memnun edin, markan\u0131z\u0131 daha da g\u00fc\u00e7lendirin.<\/p>\n<div style=\"width: 320px;\" class=\"wp-video\"><video class=\"wp-video-shortcode\" id=\"video-8246-1\" width=\"320\" height=\"568\" preload=\"metadata\" controls=\"controls\"><source type=\"video\/mp4\" src=\"https:\/\/www.plasis.com.tr\/wp-content\/uploads\/2023\/04\/saten_kumas_bileklik-1.mp4?_=1\" \/><a href=\"https:\/\/www.plasis.com.tr\/wp-content\/uploads\/2023\/04\/saten_kumas_bileklik-1.mp4\">https:\/\/www.plasis.com.tr\/wp-content\/uploads\/2023\/04\/saten_kumas_bileklik-1.mp4<\/a><\/video><\/div>\n<h2>Logonuzu, size \u00f6zel tasar\u0131m\u0131 hatta karekod basal\u0131m<\/h2>\n<p>Bask\u0131l\u0131 saten bilekli\u011finiz size \u00f6zel tasar\u0131m ile canlans\u0131n. Uzman grafikerimiz tasar\u0131m konusunda size destek olacak. Uygun g\u00f6rd\u00fc\u011f\u00fcn\u00fcz tasar\u0131m ile kurumsal kimli\u011finiz misafirlerinizin bileklerine aktar\u0131ls\u0131n. Dilerseniz karekod, barkod gibi spesifik fonksiyonlar ekleyin. Bask\u0131l\u0131 bileklik i\u00e7in \u00f6zel tasarlanm\u0131\u015f saten kuma\u015f ile tasar\u0131m\u0131n\u0131z canl\u0131 renkler ve detaylar ile \u00fcr\u00fcne aktar\u0131lacak. Nefes alan nemden terden ve sudan etkilenmeden kal\u0131c\u0131 bir bask\u0131ya kavu\u015fun. <a href=\"https:\/\/www.plasis.com.tr\/blog\/2020\/07\/13\/sublimasyon-baski-nedir-nasil-yapilir-neler-basilir\/\" target=\"_blank\" rel=\"noopener\">S\u00fcblime bask\u0131 tekni\u011fi<\/a> hakk\u0131nda merak ettikleriniz i\u00e7in ba\u011flant\u0131y\u0131 a\u00e7\u0131n.<\/p>\n<h2>Kullan\u0131m Alanlar\u0131<\/h2>\n<ul>\n<li>Festival bileklik<\/li>\n<li>Otel bilekli\u011fi<\/li>\n<li>etkinlik bilekli\u011fi<\/li>\n<li>e\u011flence mekanlar\u0131<\/li>\n<li>konser bilekli\u011fi<\/li>\n<li>kutlama organizasyonlar\u0131,<\/li>\n<li>okul etkinlikleri,<\/li>\n<li>kamp aktiviteleri<\/li>\n<\/ul>\n<p>gibi istenilen aktivitelerde kullan\u0131lmaktad\u0131r.<\/p>\n<p>Bilekliklerin Bileklik Bask\u0131 teknolojilerinde geli\u015fen bask\u0131 teknikleri bileklik kullan\u0131m alanlar\u0131n\u0131 artt\u0131rd\u0131. \u00d6rne\u011fin <strong>Kuma\u015f Bileklik<\/strong> festivaller i\u00e7in \u00e7ok kullan\u0131\u015fl\u0131 olacakt\u0131r. bask\u0131 ile tasar\u0131m\u0131n yans\u0131t\u0131labilmesi g\u00f6rsel etkiyi g\u00fc\u00e7lendirir. Ayarlanabilir boncu\u011fun geri \u00e7\u0131kmamas\u0131 sadece d\u00fc\u015fmeleri de\u011fil \u00e7\u0131kart\u0131l\u0131p ba\u015fka birine verilmesini de zorla\u015ft\u0131r\u0131r. Hem kontrol hem g\u00f6rsel \u015f\u0131kl\u0131\u011f\u0131 bir arada y\u00fcksek konfor ve kalite ile sunar. Festival bilekli\u011fi olrak bask\u0131l\u0131 kuma\u015f bileklik do\u011fru bir tercih olacakt\u0131r. Benzer bir kullan\u0131m alan\u0131 olarak otel bilekli\u011fi kullan\u0131m tarz\u0131n\u0131 g\u00f6sterebiliriz. <strong>Otel bilekli\u011fi<\/strong> olarak kuma\u015f bileklik kullan\u0131m\u0131 artarak devam etmekte. Asl\u0131nda her iki kullan\u0131m alan\u0131n\u0131 Etkinlik bilekli\u011fi olarak de\u011ferlendirebiliriz. Hem festivaller hem otellerde kullan\u0131m amac\u0131 birbirine \u00e7ok yak\u0131nd\u0131r. Bu y\u00fczden Etkinlik bile\u011fi olarak adland\u0131rabiliriz. Kullan\u0131c\u0131lardan al\u0131nan geri d\u00f6n\u00fc\u015fler. Etkinlik bileklikleri tercihlerini alternatif bileklik t\u00fcrlerine g\u00f6re Kuma\u015f Bileklikler lehine \u00e7evirmeye ba\u015flad\u0131.<\/p>\n<p>Bez bileklik olarak yayg\u0131n olarak kullan\u0131lan bu terim asl\u0131nda saten dokuma y\u00f6ntemi ile elde edilen kuma\u015flar\u0131m\u0131z\u0131n bileklik haline geldi\u011findeki ad\u0131d\u0131r. pek \u00e7ok m\u00fc\u015fterimiz bizim ile temas\u0131nda Bez bilek olarak adland\u0131r\u0131rlar. Bez bileklik \u00fczerine yap\u0131lan bask\u0131, bez kuma\u015f\u0131n konforlu dokusu ve saten dokuma tekni\u011finin g\u00f6z al\u0131c\u0131 deste\u011fi ile bask\u0131l\u0131 bez bileklikte g\u00f6z al\u0131c\u0131 ve kaliteli bir \u00fcr\u00fcn\u00fc garantiler. Bez bileklikler i\u00e7in numune ve detayl\u0131 g\u00f6rsel numuneler isterseniz bizim ile ileti\u015fime ge\u00e7mekten \u00e7ekinmeyin.<\/p>\n<h2>Ayarlanabilir bilekten d\u00fc\u015fmeyen klips<\/h2>\n<p>\u00dcr\u00fcn i\u00e7in \u00f6zel tasarlay\u0131p \u00fcretti\u011fimiz di\u015fli klips sayesinde kullan\u0131c\u0131n\u0131n bile\u011fi ile temas olmaz. Farkl\u0131 \u00fcr\u00fcnlerdeki plastik klipslerin verdi\u011fi rahats\u0131zl\u0131k ortadan kalkar. Bile\u011fe sadece kuma\u015f temas eder ve misafirinizin kullan\u0131m konforu artar. Kullan\u0131c\u0131 taraf\u0131nda basit bir dokunu\u015f ile kolayca bile\u011fine uyar. Bu da misafirlerinize aktiviteler s\u0131ras\u0131nda b\u00fcy\u00fck konfor sa\u011flar. \u00d6zel di\u015f yap\u0131s\u0131 sayesinde ayarland\u0131\u011f\u0131 noktadan geri \u00e7\u0131kmaz, bilekten d\u00fc\u015fmez.<\/p>\n<h2>Konforlu, sa\u011fl\u0131kl\u0131 ve dayan\u0131kl\u0131 kullan\u0131m<\/h2>\n<ul>\n<li>\u00d6zel kuma\u015f\u0131 sayesinde kullan\u0131c\u0131s\u0131n\u0131 rahats\u0131z etmez. Konforlu kullan\u0131m sunar<\/li>\n<li>Ayarlanabilir \u00f6zelli\u011fi sayesinde kullan\u0131c\u0131n\u0131n bile\u011fine tam uyum sa\u011flar<\/li>\n<li>\u00d6zel tasar\u0131m klipsi sayesinde kullan\u0131c\u0131n\u0131n teni ile temas etmez kullan\u0131c\u0131y\u0131 rahats\u0131z etmez<\/li>\n<li>Klipsteki di\u015f sistemi bilekli\u011fin a\u00e7\u0131l\u0131p \u00e7\u0131kmas\u0131n\u0131 ve d\u00fc\u015fmesini engeller.<\/li>\n<li>Bileklik ve bask\u0131 suya tere ve alkol, parf\u00fcm, dezenfektan gibi kimyasallara dayan\u0131kl\u0131d\u0131r.<\/li>\n<\/ul>\n<h2>Boyutlar<\/h2>\n<p>Ayarlanabilir Bask\u0131l\u0131 saten bilekli\u011fin kuma\u015f par\u00e7as\u0131n\u0131n a\u00e7\u0131k boyutu 36cm boy ve 2cm en dir. Klips tak\u0131l\u0131 kullan\u0131m s\u0131ras\u0131nda en b\u00fcy\u00fck bilek \u00e7evresi 30cm, en k\u00fc\u00e7\u00fck bilek \u00e7evresi 8cm olarak \u00e7ok b\u00fcy\u00fck sonras\u0131nda \u00e7ok k\u00fc\u00e7\u00fck bedenli insanlara kadar geni\u015f bir kullan\u0131m alan\u0131 sunar, b\u00f6ylece 2cm geni\u015flik hem uzaktan g\u00f6r\u00fcn\u00fcrl\u00fc\u011f\u00fc artt\u0131r\u0131r, hem de logonuzu ve tasar\u0131m\u0131n\u0131z harika ve g\u00f6r\u00fcn\u00fcr k\u0131lar ve 2cm geni\u015flik kullan\u0131c\u0131n\u0131n bile\u011fi ile daha entegre bir kullan\u0131m ve konfor sunar.<\/p>\n<h2>\u00dccretiz numune ve fiyat<\/h2>\n<p>Kuma\u015f bileklik i\u00e7in \u00fcr\u00fcn ve hizmet kalitemizi g\u00f6rebilmeniz i\u00e7in size birebir numune sunabilmenin \u00f6neminin fark\u0131nday\u0131z. Size bu hizmeti elimizden geldi\u011fi durumlarda sunmak istiyoruz. Numune ad\u0131n\u0131 alsa da birebir bir \u00fcr\u00fcn \u00e7\u0131kartmak asl\u0131nda \u00fcretimin d\u00fc\u015f\u00fck adet ile de olsa ayn\u0131s\u0131d\u0131r. Baz\u0131 durumlarda \u00fccretsiz numune yapamayabiliriz. \u00dccretsiz birebir numune teklifimizle birlikte de\u011ferlendirilip taraf\u0131n\u0131za sunulacakt\u0131r.<\/p>\n<ol>\n<li>Bask\u0131l\u0131 saten bileklik i\u00e7in \u00fccretsiz tasar\u0131m deste\u011fi<\/li>\n<li>Fiyat yaln\u0131zca bask\u0131l\u0131 saten bileklik i\u00e7in ge\u00e7erlidir.<\/li>\n<li><strong>Fiyat sipari\u015f miktar\u0131n\u0131za ba\u011fl\u0131 olarak de\u011fi\u015fir. Verilmi\u015f olan fiyat 500 adet sipari\u015f i\u00e7in ge\u00e7erlidir.<\/strong><\/li>\n<li>Sipari\u015f miktar\u0131n\u0131z artt\u0131k\u00e7a fiyat\u0131n\u0131z <strong>azal\u0131r<\/strong>. Sipari\u015f miktar\u0131n\u0131z azald\u0131k\u00e7a fiyat\u0131n\u0131z\u00a0<strong>artar<\/strong>. \u0130htiyac\u0131n\u0131z olan miktar i\u00e7in size \u00f6zel teklif isteyiniz.<\/li>\n<\/ol>\n","protected":false},"excerpt":{"rendered":"<p>Ayarlanabilir Bask\u0131l\u0131 Saten Kuma\u015f Bileklik Etkinlik Bilekli\u011fi<\/p>\n","protected":false},"featured_media":8251,"comment_status":"closed","ping_status":"closed","template":"","meta":[],"product_brand":[],"product_cat":[1081],"product_tag":[1159,1165,1162,1163,1158,1076,1083,1164,1084,1161,1078,1086,1160],"class_list":{"0":"post-8246","1":"product","2":"type-product","3":"status-publish","4":"has-post-thumbnail","6":"product_cat-bileklik-cesitleri-kumas-tyvek-kagit-plastik-silikon-rfid-tum-cesitler-ve-fiyatlar","7":"product_tag-baskili-bileklik","8":"product_tag-bez-bileklik","9":"product_tag-bileklik-baski","10":"product_tag-boncuk-kumas-bileklik","11":"product_tag-etkinlik-bilekligi","12":"product_tag-festival-bilekligi","13":"product_tag-konser-bilekligi","14":"product_tag-konser-bileklikleri","15":"product_tag-kumas-bileklik","16":"product_tag-kumas-bileklik-baski","17":"product_tag-logolu-bileklik","18":"product_tag-otel-bilekligi","19":"product_tag-saten-bileklik","21":"first","22":"instock","23":"taxable","24":"shipping-taxable","25":"purchasable","26":"product-type-simple","27":"prodpage-style2"},"yoast_head":"<!-- This site is optimized with the Yoast SEO plugin v27.3 - https:\/\/yoast.com\/product\/yoast-seo-wordpress\/ -->\n<title>Ayarlanabilir Bask\u0131l\u0131 Saten Kuma\u015f Bileklik. \u00dccretsiz bask\u0131<\/title>\n<meta name=\"description\" content=\"Bask\u0131l\u0131 Kuma\u015f Bileklik. Ayarlanabilir diledi\u011finiz tasar\u0131m ve \u00e7e\u015fitleri ile. 20mm ile geni\u015f bask\u0131 alan\u0131. \u00d6zel saten kuma\u015f H\u0131zl\u0131 teslim Fiyat ve \u00e7e\u015fitleri g\u00f6r\" \/>\n<meta name=\"robots\" content=\"index, follow, max-snippet:-1, max-image-preview:large, max-video-preview:-1\" \/>\n<link rel=\"canonical\" href=\"https:\/\/www.plasis.com.tr\/urun\/ayarlanabilir-baskili-saten-kumas-bileklik-ucretsiz-baski\/\" \/>\n<script type=\"application\/ld+json\" class=\"yoast-schema-graph\">{\"@context\":\"https:\\\/\\\/schema.org\",\"@graph\":[{\"@type\":\"WebPage\",\"@id\":\"https:\\\/\\\/www.plasis.com.tr\\\/urun\\\/ayarlanabilir-baskili-saten-kumas-bileklik-ucretsiz-baski\\\/\",\"url\":\"https:\\\/\\\/www.plasis.com.tr\\\/urun\\\/ayarlanabilir-baskili-saten-kumas-bileklik-ucretsiz-baski\\\/\",\"name\":\"Ayarlanabilir Bask\u0131l\u0131 Saten Kuma\u015f Bileklik. \u00dccretsiz bask\u0131\",\"isPartOf\":{\"@id\":\"https:\\\/\\\/www.plasis.com.tr\\\/#website\"},\"primaryImageOfPage\":{\"@id\":\"https:\\\/\\\/www.plasis.com.tr\\\/urun\\\/ayarlanabilir-baskili-saten-kumas-bileklik-ucretsiz-baski\\\/#primaryimage\"},\"image\":{\"@id\":\"https:\\\/\\\/www.plasis.com.tr\\\/urun\\\/ayarlanabilir-baskili-saten-kumas-bileklik-ucretsiz-baski\\\/#primaryimage\"},\"thumbnailUrl\":\"https:\\\/\\\/www.plasis.com.tr\\\/wp-content\\\/uploads\\\/2023\\\/04\\\/kumas_bileklik.jpeg\",\"datePublished\":\"2023-04-24T20:28:12+00:00\",\"dateModified\":\"2026-01-13T14:03:50+00:00\",\"description\":\"Bask\u0131l\u0131 Kuma\u015f Bileklik. Ayarlanabilir diledi\u011finiz tasar\u0131m ve \u00e7e\u015fitleri ile. 20mm ile geni\u015f bask\u0131 alan\u0131. \u00d6zel saten kuma\u015f H\u0131zl\u0131 teslim Fiyat ve \u00e7e\u015fitleri g\u00f6r\",\"breadcrumb\":{\"@id\":\"https:\\\/\\\/www.plasis.com.tr\\\/urun\\\/ayarlanabilir-baskili-saten-kumas-bileklik-ucretsiz-baski\\\/#breadcrumb\"},\"inLanguage\":\"en-US\",\"potentialAction\":[{\"@type\":\"ReadAction\",\"target\":[\"https:\\\/\\\/www.plasis.com.tr\\\/urun\\\/ayarlanabilir-baskili-saten-kumas-bileklik-ucretsiz-baski\\\/\"]}]},{\"@type\":\"ImageObject\",\"inLanguage\":\"en-US\",\"@id\":\"https:\\\/\\\/www.plasis.com.tr\\\/urun\\\/ayarlanabilir-baskili-saten-kumas-bileklik-ucretsiz-baski\\\/#primaryimage\",\"url\":\"https:\\\/\\\/www.plasis.com.tr\\\/wp-content\\\/uploads\\\/2023\\\/04\\\/kumas_bileklik.jpeg\",\"contentUrl\":\"https:\\\/\\\/www.plasis.com.tr\\\/wp-content\\\/uploads\\\/2023\\\/04\\\/kumas_bileklik.jpeg\",\"width\":875,\"height\":749,\"caption\":\"ayarlanabilir kuma\u015f bask\u0131l\u0131 bileklik\"},{\"@type\":\"BreadcrumbList\",\"@id\":\"https:\\\/\\\/www.plasis.com.tr\\\/urun\\\/ayarlanabilir-baskili-saten-kumas-bileklik-ucretsiz-baski\\\/#breadcrumb\",\"itemListElement\":[{\"@type\":\"ListItem\",\"position\":1,\"name\":\"Ana sayfa\",\"item\":\"https:\\\/\\\/www.plasis.com.tr\\\/en\\\/\"},{\"@type\":\"ListItem\",\"position\":2,\"name\":\"\u00dcr\u00fcnlerimiz\",\"item\":\"https:\\\/\\\/www.plasis.com.tr\\\/urunlerimiz\\\/\"},{\"@type\":\"ListItem\",\"position\":3,\"name\":\"Ayarlanabilir Bask\u0131l\u0131 Saten Kuma\u015f Bileklik\"}]},{\"@type\":\"WebSite\",\"@id\":\"https:\\\/\\\/www.plasis.com.tr\\\/#website\",\"url\":\"https:\\\/\\\/www.plasis.com.tr\\\/\",\"name\":\"Plasis\",\"description\":\"We provide the industry's leading Card production, Printing and System support.\",\"potentialAction\":[{\"@type\":\"SearchAction\",\"target\":{\"@type\":\"EntryPoint\",\"urlTemplate\":\"https:\\\/\\\/www.plasis.com.tr\\\/?s={search_term_string}\"},\"query-input\":{\"@type\":\"PropertyValueSpecification\",\"valueRequired\":true,\"valueName\":\"search_term_string\"}}],\"inLanguage\":\"en-US\"}]}<\/script>\n<!-- \/ Yoast SEO plugin. -->","yoast_head_json":{"title":"Ayarlanabilir Bask\u0131l\u0131 Saten Kuma\u015f Bileklik. \u00dccretsiz bask\u0131","description":"Bask\u0131l\u0131 Kuma\u015f Bileklik. Ayarlanabilir diledi\u011finiz tasar\u0131m ve \u00e7e\u015fitleri ile. 20mm ile geni\u015f bask\u0131 alan\u0131. \u00d6zel saten kuma\u015f H\u0131zl\u0131 teslim Fiyat ve \u00e7e\u015fitleri g\u00f6r","robots":{"index":"index","follow":"follow","max-snippet":"max-snippet:-1","max-image-preview":"max-image-preview:large","max-video-preview":"max-video-preview:-1"},"canonical":"https:\/\/www.plasis.com.tr\/urun\/ayarlanabilir-baskili-saten-kumas-bileklik-ucretsiz-baski\/","schema":{"@context":"https:\/\/schema.org","@graph":[{"@type":"WebPage","@id":"https:\/\/www.plasis.com.tr\/urun\/ayarlanabilir-baskili-saten-kumas-bileklik-ucretsiz-baski\/","url":"https:\/\/www.plasis.com.tr\/urun\/ayarlanabilir-baskili-saten-kumas-bileklik-ucretsiz-baski\/","name":"Ayarlanabilir Bask\u0131l\u0131 Saten Kuma\u015f Bileklik. \u00dccretsiz bask\u0131","isPartOf":{"@id":"https:\/\/www.plasis.com.tr\/#website"},"primaryImageOfPage":{"@id":"https:\/\/www.plasis.com.tr\/urun\/ayarlanabilir-baskili-saten-kumas-bileklik-ucretsiz-baski\/#primaryimage"},"image":{"@id":"https:\/\/www.plasis.com.tr\/urun\/ayarlanabilir-baskili-saten-kumas-bileklik-ucretsiz-baski\/#primaryimage"},"thumbnailUrl":"https:\/\/www.plasis.com.tr\/wp-content\/uploads\/2023\/04\/kumas_bileklik.jpeg","datePublished":"2023-04-24T20:28:12+00:00","dateModified":"2026-01-13T14:03:50+00:00","description":"Bask\u0131l\u0131 Kuma\u015f Bileklik. Ayarlanabilir diledi\u011finiz tasar\u0131m ve \u00e7e\u015fitleri ile. 20mm ile geni\u015f bask\u0131 alan\u0131. \u00d6zel saten kuma\u015f H\u0131zl\u0131 teslim Fiyat ve \u00e7e\u015fitleri g\u00f6r","breadcrumb":{"@id":"https:\/\/www.plasis.com.tr\/urun\/ayarlanabilir-baskili-saten-kumas-bileklik-ucretsiz-baski\/#breadcrumb"},"inLanguage":"en-US","potentialAction":[{"@type":"ReadAction","target":["https:\/\/www.plasis.com.tr\/urun\/ayarlanabilir-baskili-saten-kumas-bileklik-ucretsiz-baski\/"]}]},{"@type":"ImageObject","inLanguage":"en-US","@id":"https:\/\/www.plasis.com.tr\/urun\/ayarlanabilir-baskili-saten-kumas-bileklik-ucretsiz-baski\/#primaryimage","url":"https:\/\/www.plasis.com.tr\/wp-content\/uploads\/2023\/04\/kumas_bileklik.jpeg","contentUrl":"https:\/\/www.plasis.com.tr\/wp-content\/uploads\/2023\/04\/kumas_bileklik.jpeg","width":875,"height":749,"caption":"ayarlanabilir kuma\u015f bask\u0131l\u0131 bileklik"},{"@type":"BreadcrumbList","@id":"https:\/\/www.plasis.com.tr\/urun\/ayarlanabilir-baskili-saten-kumas-bileklik-ucretsiz-baski\/#breadcrumb","itemListElement":[{"@type":"ListItem","position":1,"name":"Ana sayfa","item":"https:\/\/www.plasis.com.tr\/en\/"},{"@type":"ListItem","position":2,"name":"\u00dcr\u00fcnlerimiz","item":"https:\/\/www.plasis.com.tr\/urunlerimiz\/"},{"@type":"ListItem","position":3,"name":"Ayarlanabilir Bask\u0131l\u0131 Saten Kuma\u015f Bileklik"}]},{"@type":"WebSite","@id":"https:\/\/www.plasis.com.tr\/#website","url":"https:\/\/www.plasis.com.tr\/","name":"Plasis","description":"We provide the industry's leading Card production, Printing and System support.","potentialAction":[{"@type":"SearchAction","target":{"@type":"EntryPoint","urlTemplate":"https:\/\/www.plasis.com.tr\/?s={search_term_string}"},"query-input":{"@type":"PropertyValueSpecification","valueRequired":true,"valueName":"search_term_string"}}],"inLanguage":"en-US"}]}},"_links":{"self":[{"href":"https:\/\/www.plasis.com.tr\/en\/wp-json\/wp\/v2\/product\/8246","targetHints":{"allow":["GET"]}}],"collection":[{"href":"https:\/\/www.plasis.com.tr\/en\/wp-json\/wp\/v2\/product"}],"about":[{"href":"https:\/\/www.plasis.com.tr\/en\/wp-json\/wp\/v2\/types\/product"}],"replies":[{"embeddable":true,"href":"https:\/\/www.plasis.com.tr\/en\/wp-json\/wp\/v2\/comments?post=8246"}],"wp:featuredmedia":[{"embeddable":true,"href":"https:\/\/www.plasis.com.tr\/en\/wp-json\/wp\/v2\/media\/8251"}],"wp:attachment":[{"href":"https:\/\/www.plasis.com.tr\/en\/wp-json\/wp\/v2\/media?parent=8246"}],"wp:term":[{"taxonomy":"product_brand","embeddable":true,"href":"https:\/\/www.plasis.com.tr\/en\/wp-json\/wp\/v2\/product_brand?post=8246"},{"taxonomy":"product_cat","embeddable":true,"href":"https:\/\/www.plasis.com.tr\/en\/wp-json\/wp\/v2\/product_cat?post=8246"},{"taxonomy":"product_tag","embeddable":true,"href":"https:\/\/www.plasis.com.tr\/en\/wp-json\/wp\/v2\/product_tag?post=8246"}],"curies":[{"name":"wp","href":"https:\/\/api.w.org\/{rel}","templated":true}]}}