{"id":7946,"date":"2022-09-16T13:39:37","date_gmt":"2022-09-16T10:39:37","guid":{"rendered":"https:\/\/www.plasis.com.tr\/?post_type=product&#038;p=7946"},"modified":"2026-03-27T11:50:37","modified_gmt":"2026-03-27T08:50:37","slug":"plastik-pvc-bos-beyaz-kart-uv-baski-uygun","status":"publish","type":"product","link":"https:\/\/www.plasis.com.tr\/en\/urun\/plastik-pvc-bos-beyaz-kart-uv-baski-uygun\/","title":{"rendered":"Plastik PVC Bo\u015f Beyaz kart Termal veya UV Bask\u0131ya Uygun"},"content":{"rendered":"<h1>Plastik PVC Bo\u015f Beyaz kart Termal veya UV Bask\u0131ya Uygun<\/h1>\n<h2>Okuyucu \u00f6zelli\u011fi olmayan \u00e7ipsiz kart. (i\u00e7inde \u00e7ip bulunmaz)<\/h2>\n<h3>Pasif kart<\/h3>\n<p>Birinci s\u0131n\u0131f Plastik Bo\u015f Beyaz kart olmakta olup;<\/p>\n<ul>\n<li>UV yaz\u0131c\u0131ya ve UV bask\u0131ya uyumludur.<\/li>\n<li>T\u00fcm termal kart yaz\u0131c\u0131lar\u0131 uyumludur.<\/li>\n<li>Yaz\u0131c\u0131lar\u0131n\u0131z i\u00e7in \u00f6zel \u00fcretilmi\u015f olup %100 uyum garantilidir.<\/li>\n<\/ul>\n<p>&nbsp;<\/p>\n<h4>Bask\u0131s\u0131z bo\u015f beyaz pvc kartlar tek tek po\u015fetleri i\u00e7erisindedir.<\/h4>\n<p>Bu sayede kartlarda tozlanma, renk solma gibi deformasyonlar s\u00f6z konusu olmaz.<\/p>\n<p>&nbsp;<\/p>\n<h4>Kullan\u0131m alan\u0131:<\/h4>\n<p>PVC kart\u0131n bir\u00e7ok kullan\u0131m alan\u0131 mevcuttur, kart\u0131n\u0131za kendi istedi\u011finiz bask\u0131y\u0131 uygulayarak kendinize uygun hale getirip kullanabilirsiniz.<\/p>\n<ul>\n<li>Okullarda \u00f6\u011frenci kimlik kart\u0131,<\/li>\n<li>Personel kimlik kart\u0131,<\/li>\n<li>M\u00fc\u015fteri sadakat kart\u0131,<\/li>\n<li>Hediye kart\u0131,<\/li>\n<li>Sigorta kart\u0131,<\/li>\n<li>Sa\u011fl\u0131k \/ kan grubu kart\u0131,<\/li>\n<li>Otel kart\u0131,<\/li>\n<li>ID Kimlik kart\u0131,<\/li>\n<li>Kartvizit<\/li>\n<\/ul>\n<p>&nbsp;<\/p>\n<ol>\n<li>Sipari\u015f miktar\u0131n\u0131z artt\u0131k\u00e7a fiyat\u0131n\u0131z <strong>azal\u0131r<\/strong>. \u0130htiyac\u0131n\u0131z olan miktar i\u00e7in size \u00f6zel teklif isteyiniz.<\/li>\n<li>Resimlerdeki \u00fcr\u00fcnler CR80, 86x54x0.8mm \u00f6l\u00e7\u00fclerindedir.<\/li>\n<li>\u00d6zel ebatta PVC kart tercih edebilirsiniz. Teklif isteyiniz.<\/li>\n<li>(whatsapp 05432893792 e-mail info@plasis.com.tr ) ileti\u015fime ge\u00e7in.<\/li>\n<\/ol>\n<p>&nbsp;<\/p>\n","protected":false},"excerpt":{"rendered":"<p>Plastik PVC Bo\u015f Beyaz kart Termal veya UV Bask\u0131ya Uygun, Okuyucu \u00f6zelli\u011fi olmayan \u00e7ipsiz kart. (i\u00e7inde \u00e7ip bulunmaz)<\/p>\n","protected":false},"featured_media":7947,"comment_status":"closed","ping_status":"closed","template":"","meta":[],"product_brand":[],"product_cat":[524],"product_tag":[1119,1112,1113,1115,1116,1117,1118,1114],"class_list":{"0":"post-7946","1":"product","2":"type-product","3":"status-publish","4":"has-post-thumbnail","6":"product_cat-akilli-kartlar-ve-aksesuarlari","7":"product_tag-baskisiz-kart","8":"product_tag-bos-beyaz-kart","9":"product_tag-bos-beyaz-plastik-kart","10":"product_tag-bos-kart","11":"product_tag-cipsiz-kart","12":"product_tag-okuyucu-ozelligi-olmayan-kart","13":"product_tag-pasif-kart","14":"product_tag-pvc-bos-kart","16":"first","17":"instock","18":"taxable","19":"shipping-taxable","20":"purchasable","21":"product-type-simple","22":"prodpage-style2"},"yoast_head":"<!-- This site is optimized with the Yoast SEO plugin v27.5 - https:\/\/yoast.com\/product\/yoast-seo-wordpress\/ -->\n<title>Plastik PVC Bo\u015f Beyaz kart Termal veya UV Bask\u0131ya Uygun - Plasis<\/title>\n<meta name=\"description\" content=\"Bo\u015f beyaz plastik kart kredi kart\u0131 standartlar\u0131nda ve boyutlar\u0131nda. Kart yaz\u0131c\u0131n\u0131z ve UV yaz\u0131c\u0131n\u0131zla 0 uyumlu. Bask\u0131ya haz\u0131r beyaz bo\u015f PVC plastik kart.\" \/>\n<meta name=\"robots\" content=\"index, follow, max-snippet:-1, max-image-preview:large, max-video-preview:-1\" \/>\n<link rel=\"canonical\" href=\"https:\/\/www.plasis.com.tr\/urun\/plastik-pvc-bos-beyaz-kart-uv-baski-uygun\/\" \/>\n<script type=\"application\/ld+json\" class=\"yoast-schema-graph\">{\"@context\":\"https:\\\/\\\/schema.org\",\"@graph\":[{\"@type\":\"WebPage\",\"@id\":\"https:\\\/\\\/www.plasis.com.tr\\\/urun\\\/plastik-pvc-bos-beyaz-kart-uv-baski-uygun\\\/\",\"url\":\"https:\\\/\\\/www.plasis.com.tr\\\/urun\\\/plastik-pvc-bos-beyaz-kart-uv-baski-uygun\\\/\",\"name\":\"Plastik PVC Bo\u015f Beyaz kart Termal veya UV Bask\u0131ya Uygun - Plasis\",\"isPartOf\":{\"@id\":\"https:\\\/\\\/www.plasis.com.tr\\\/#website\"},\"primaryImageOfPage\":{\"@id\":\"https:\\\/\\\/www.plasis.com.tr\\\/urun\\\/plastik-pvc-bos-beyaz-kart-uv-baski-uygun\\\/#primaryimage\"},\"image\":{\"@id\":\"https:\\\/\\\/www.plasis.com.tr\\\/urun\\\/plastik-pvc-bos-beyaz-kart-uv-baski-uygun\\\/#primaryimage\"},\"thumbnailUrl\":\"https:\\\/\\\/www.plasis.com.tr\\\/wp-content\\\/uploads\\\/2022\\\/09\\\/beyaz_bos_plastik_kart.jpg\",\"datePublished\":\"2022-09-16T10:39:37+00:00\",\"dateModified\":\"2026-03-27T08:50:37+00:00\",\"description\":\"Bo\u015f beyaz plastik kart kredi kart\u0131 standartlar\u0131nda ve boyutlar\u0131nda. Kart yaz\u0131c\u0131n\u0131z ve UV yaz\u0131c\u0131n\u0131zla 0 uyumlu. Bask\u0131ya haz\u0131r beyaz bo\u015f PVC plastik kart.\",\"breadcrumb\":{\"@id\":\"https:\\\/\\\/www.plasis.com.tr\\\/urun\\\/plastik-pvc-bos-beyaz-kart-uv-baski-uygun\\\/#breadcrumb\"},\"inLanguage\":\"en-US\",\"potentialAction\":[{\"@type\":\"ReadAction\",\"target\":[\"https:\\\/\\\/www.plasis.com.tr\\\/urun\\\/plastik-pvc-bos-beyaz-kart-uv-baski-uygun\\\/\"]}]},{\"@type\":\"ImageObject\",\"inLanguage\":\"en-US\",\"@id\":\"https:\\\/\\\/www.plasis.com.tr\\\/urun\\\/plastik-pvc-bos-beyaz-kart-uv-baski-uygun\\\/#primaryimage\",\"url\":\"https:\\\/\\\/www.plasis.com.tr\\\/wp-content\\\/uploads\\\/2022\\\/09\\\/beyaz_bos_plastik_kart.jpg\",\"contentUrl\":\"https:\\\/\\\/www.plasis.com.tr\\\/wp-content\\\/uploads\\\/2022\\\/09\\\/beyaz_bos_plastik_kart.jpg\",\"width\":872,\"height\":550,\"caption\":\"bo\u015f beyaz plastik kart\"},{\"@type\":\"BreadcrumbList\",\"@id\":\"https:\\\/\\\/www.plasis.com.tr\\\/urun\\\/plastik-pvc-bos-beyaz-kart-uv-baski-uygun\\\/#breadcrumb\",\"itemListElement\":[{\"@type\":\"ListItem\",\"position\":1,\"name\":\"Ana sayfa\",\"item\":\"https:\\\/\\\/www.plasis.com.tr\\\/en\\\/\"},{\"@type\":\"ListItem\",\"position\":2,\"name\":\"\u00dcr\u00fcnlerimiz\",\"item\":\"https:\\\/\\\/www.plasis.com.tr\\\/urunlerimiz\\\/\"},{\"@type\":\"ListItem\",\"position\":3,\"name\":\"Plastik PVC Bo\u015f Beyaz kart Termal veya UV Bask\u0131ya Uygun\"}]},{\"@type\":\"WebSite\",\"@id\":\"https:\\\/\\\/www.plasis.com.tr\\\/#website\",\"url\":\"https:\\\/\\\/www.plasis.com.tr\\\/\",\"name\":\"Plasis\",\"description\":\"We provide the industry's leading Card production, Printing and System support.\",\"potentialAction\":[{\"@type\":\"SearchAction\",\"target\":{\"@type\":\"EntryPoint\",\"urlTemplate\":\"https:\\\/\\\/www.plasis.com.tr\\\/?s={search_term_string}\"},\"query-input\":{\"@type\":\"PropertyValueSpecification\",\"valueRequired\":true,\"valueName\":\"search_term_string\"}}],\"inLanguage\":\"en-US\"}]}<\/script>\n<!-- \/ Yoast SEO plugin. -->","yoast_head_json":{"title":"Plastik PVC Bo\u015f Beyaz kart Termal veya UV Bask\u0131ya Uygun - Plasis","description":"Bo\u015f beyaz plastik kart kredi kart\u0131 standartlar\u0131nda ve boyutlar\u0131nda. Kart yaz\u0131c\u0131n\u0131z ve UV yaz\u0131c\u0131n\u0131zla 0 uyumlu. Bask\u0131ya haz\u0131r beyaz bo\u015f PVC plastik kart.","robots":{"index":"index","follow":"follow","max-snippet":"max-snippet:-1","max-image-preview":"max-image-preview:large","max-video-preview":"max-video-preview:-1"},"canonical":"https:\/\/www.plasis.com.tr\/urun\/plastik-pvc-bos-beyaz-kart-uv-baski-uygun\/","schema":{"@context":"https:\/\/schema.org","@graph":[{"@type":"WebPage","@id":"https:\/\/www.plasis.com.tr\/urun\/plastik-pvc-bos-beyaz-kart-uv-baski-uygun\/","url":"https:\/\/www.plasis.com.tr\/urun\/plastik-pvc-bos-beyaz-kart-uv-baski-uygun\/","name":"Plastik PVC Bo\u015f Beyaz kart Termal veya UV Bask\u0131ya Uygun - Plasis","isPartOf":{"@id":"https:\/\/www.plasis.com.tr\/#website"},"primaryImageOfPage":{"@id":"https:\/\/www.plasis.com.tr\/urun\/plastik-pvc-bos-beyaz-kart-uv-baski-uygun\/#primaryimage"},"image":{"@id":"https:\/\/www.plasis.com.tr\/urun\/plastik-pvc-bos-beyaz-kart-uv-baski-uygun\/#primaryimage"},"thumbnailUrl":"https:\/\/www.plasis.com.tr\/wp-content\/uploads\/2022\/09\/beyaz_bos_plastik_kart.jpg","datePublished":"2022-09-16T10:39:37+00:00","dateModified":"2026-03-27T08:50:37+00:00","description":"Bo\u015f beyaz plastik kart kredi kart\u0131 standartlar\u0131nda ve boyutlar\u0131nda. Kart yaz\u0131c\u0131n\u0131z ve UV yaz\u0131c\u0131n\u0131zla 0 uyumlu. Bask\u0131ya haz\u0131r beyaz bo\u015f PVC plastik kart.","breadcrumb":{"@id":"https:\/\/www.plasis.com.tr\/urun\/plastik-pvc-bos-beyaz-kart-uv-baski-uygun\/#breadcrumb"},"inLanguage":"en-US","potentialAction":[{"@type":"ReadAction","target":["https:\/\/www.plasis.com.tr\/urun\/plastik-pvc-bos-beyaz-kart-uv-baski-uygun\/"]}]},{"@type":"ImageObject","inLanguage":"en-US","@id":"https:\/\/www.plasis.com.tr\/urun\/plastik-pvc-bos-beyaz-kart-uv-baski-uygun\/#primaryimage","url":"https:\/\/www.plasis.com.tr\/wp-content\/uploads\/2022\/09\/beyaz_bos_plastik_kart.jpg","contentUrl":"https:\/\/www.plasis.com.tr\/wp-content\/uploads\/2022\/09\/beyaz_bos_plastik_kart.jpg","width":872,"height":550,"caption":"bo\u015f beyaz plastik kart"},{"@type":"BreadcrumbList","@id":"https:\/\/www.plasis.com.tr\/urun\/plastik-pvc-bos-beyaz-kart-uv-baski-uygun\/#breadcrumb","itemListElement":[{"@type":"ListItem","position":1,"name":"Ana sayfa","item":"https:\/\/www.plasis.com.tr\/en\/"},{"@type":"ListItem","position":2,"name":"\u00dcr\u00fcnlerimiz","item":"https:\/\/www.plasis.com.tr\/urunlerimiz\/"},{"@type":"ListItem","position":3,"name":"Plastik PVC Bo\u015f Beyaz kart Termal veya UV Bask\u0131ya Uygun"}]},{"@type":"WebSite","@id":"https:\/\/www.plasis.com.tr\/#website","url":"https:\/\/www.plasis.com.tr\/","name":"Plasis","description":"We provide the industry's leading Card production, Printing and System support.","potentialAction":[{"@type":"SearchAction","target":{"@type":"EntryPoint","urlTemplate":"https:\/\/www.plasis.com.tr\/?s={search_term_string}"},"query-input":{"@type":"PropertyValueSpecification","valueRequired":true,"valueName":"search_term_string"}}],"inLanguage":"en-US"}]}},"_links":{"self":[{"href":"https:\/\/www.plasis.com.tr\/en\/wp-json\/wp\/v2\/product\/7946","targetHints":{"allow":["GET"]}}],"collection":[{"href":"https:\/\/www.plasis.com.tr\/en\/wp-json\/wp\/v2\/product"}],"about":[{"href":"https:\/\/www.plasis.com.tr\/en\/wp-json\/wp\/v2\/types\/product"}],"replies":[{"embeddable":true,"href":"https:\/\/www.plasis.com.tr\/en\/wp-json\/wp\/v2\/comments?post=7946"}],"wp:featuredmedia":[{"embeddable":true,"href":"https:\/\/www.plasis.com.tr\/en\/wp-json\/wp\/v2\/media\/7947"}],"wp:attachment":[{"href":"https:\/\/www.plasis.com.tr\/en\/wp-json\/wp\/v2\/media?parent=7946"}],"wp:term":[{"taxonomy":"product_brand","embeddable":true,"href":"https:\/\/www.plasis.com.tr\/en\/wp-json\/wp\/v2\/product_brand?post=7946"},{"taxonomy":"product_cat","embeddable":true,"href":"https:\/\/www.plasis.com.tr\/en\/wp-json\/wp\/v2\/product_cat?post=7946"},{"taxonomy":"product_tag","embeddable":true,"href":"https:\/\/www.plasis.com.tr\/en\/wp-json\/wp\/v2\/product_tag?post=7946"}],"curies":[{"name":"wp","href":"https:\/\/api.w.org\/{rel}","templated":true}]}}