{"id":7916,"date":"2022-09-01T15:55:15","date_gmt":"2022-09-01T12:55:15","guid":{"rendered":"https:\/\/www.plasis.com.tr\/?post_type=product&#038;p=7916"},"modified":"2023-07-22T11:17:00","modified_gmt":"2023-07-22T08:17:00","slug":"champtek-libra-l-7050-okuyucu-scantech-id-barkod-okuyucu","status":"publish","type":"product","link":"https:\/\/www.plasis.com.tr\/en\/urun\/champtek-libra-l-7050-okuyucu-scantech-id-barkod-okuyucu\/","title":{"rendered":"Champtek Libra L-7050 Okuyucu \/ Scantech ID barkod okuyucu"},"content":{"rendered":"<h1>Champtek Libra L-7050 Okuyucu<\/h1>\n<h1>Scantech ID okuyucu<\/h1>\n<p>Bilgi i\u015flem t\u0131kan\u0131kl\u0131klar\u0131na \u00e7\u00f6z\u00fcm olarak y\u00fcksek performansl\u0131 taray\u0131c\u0131 olan Scantech ID en iyi sonucu sunar.<\/p>\n<p>G\u00fcvenirli\u011fi ve dayan\u0131kl\u0131l\u0131\u011f\u0131 sayesinde y\u00fcksek performans\u0131yla perakende ve POS hesaplamalar\u0131nda, kurumsal sistem \u00e7\u00f6z\u00fcmlenmesinde kendisi gibi sisteminize de de\u011fer katan LIBRA L7050<\/p>\n<p>Perakende \/ POS hesaplama ve kurumsal sistem \u00e7\u00f6z\u00fcmlerinde sistemin genel performans\u0131n\u0131 ve de\u011ferlerini art\u0131ran LIBRA L-7050 \u00fcst\u00fcn performans, g\u00fcvenilirlik ve dayan\u0131kl\u0131l\u0131\u011f\u0131 ile tercih edilen bir \u00fcr\u00fcnd\u00fcr.<\/p>\n<p>Y\u0131llar s\u00fcren m\u00fchendislik deneyimlerinden yararlan\u0131larak Scantech ID Libra L-7050 , performans ve g\u00fcvenirlik sunan tasar\u0131m\u0131 piyasadaki di\u011fer saya\u00e7 taray\u0131c\u0131lardan daha h\u0131zl\u0131 tarama performans\u0131 sunar.<\/p>\n<p>On y\u0131llar s\u00fcren m\u00fchendislik deneyiminden yola \u00e7\u0131karak SCANTECH ID LIBRA L-7050, daha iyi performans ve g\u00fcvenilirlik sunmak \u00fczere tasarlanarak, piyasadaki di\u011fer saya\u00e7 taray\u0131c\u0131lardan daha y\u00fcksek tarama h\u0131z\u0131 ve tarama performans\u0131 sa\u011flar.<\/p>\n<ul>\n<li>Saniyede 2000 tarama<\/li>\n<li>24 tarama \u00e7izgisi<\/li>\n<\/ul>\n<p>ile Libra, \u00f6d\u00fcl alm\u0131\u015f performans ve tasar\u0131m\u0131yla kar\u015f\u0131 \u00e7evresini optimize etmek isteyen perakendeciler taraf\u0131ndan tercih edilir.<\/p>\n<h4>Taray\u0131c\u0131 \u00f6zellikleri:<\/h4>\n<ul>\n<li><strong>I\u015f\u0131k Kayna\u011f\u0131:<\/strong> 650 nm g\u00f6r\u00fcn\u00fcr lazer diyodu<\/li>\n<li><strong>Tarama h\u0131z\u0131:<\/strong> 2000 scans\/sec. (saniyede 2000 tarama)<\/li>\n<li><strong>Tarama deseni:<\/strong> 6 y\u00f6nl\u00fc tarama alan\u0131, 24 sat\u0131r tarama deseni<\/li>\n<li><strong>E\u011filebilirli\u011fi: <\/strong>22\u00b0 ileri veya 80\u00b0 geri<\/li>\n<li><strong>I\u015f\u0131k seviyesi:<\/strong> Maksimum 4800 LUX<\/li>\n<li><strong>Barkod t\u00fcrleri:<\/strong> T\u00fcm standart 1D \u00e7ubuklar\u0131 otomatik olarak ay\u0131rt eder<br \/>\nkodlar aras\u0131nda GS1 veri \u00e7ubu\u011fu ailesi, Omnidirectional,<br \/>\nStacked Omnidirectional, Expanded, Expanded<br \/>\nStacked , Truncated and Limited.<\/li>\n<\/ul>\n<h4>Fiziksel \u00f6zellikler:<\/h4>\n<ul>\n<li><strong>Derinlik:<\/strong> 97,71 mm<\/li>\n<li><strong>Geni\u015flik:<\/strong> 94 mm<\/li>\n<li><strong>Y\u00fckseklik:<\/strong> 161.51 mm<\/li>\n<li><strong>A\u011f\u0131rl\u0131k:<\/strong> 350g<\/li>\n<\/ul>\n<h4>Ba\u011flant\u0131 Ara y\u00fczleri:<\/h4>\n<ul>\n<li>Rs 232<\/li>\n<li>USB<\/li>\n<\/ul>\n<p>&nbsp;<\/p>\n","protected":false},"excerpt":{"rendered":"<p>Champtek Libra L-7050 Okuyucu \/ Scantech ID barkod okuyucu \/ Libra L7050 barkod okuyucu<\/p>\n","protected":false},"featured_media":7917,"comment_status":"closed","ping_status":"closed","template":"","meta":[],"product_brand":[],"product_cat":[865],"product_tag":[911,1099,1108,1107,1104,1106,1109,1111,1110],"class_list":{"0":"post-7916","1":"product","2":"type-product","3":"status-publish","4":"has-post-thumbnail","6":"product_cat-kart-okuyucular","7":"product_tag-barkod-okuyucu","8":"product_tag-barkot-okuyucu","9":"product_tag-kablolu-barkod-okuyucu","10":"product_tag-l7050","11":"product_tag-lazer-barkod-okuyucu","12":"product_tag-libra-l-7050","13":"product_tag-masaustu-barkod-okuyucu","14":"product_tag-sayac-tarayici","15":"product_tag-scantech-id","17":"first","18":"instock","19":"taxable","20":"shipping-taxable","21":"purchasable","22":"product-type-simple","23":"prodpage-style2"},"yoast_head":"<!-- This site is optimized with the Yoast SEO plugin v27.4 - https:\/\/yoast.com\/product\/yoast-seo-wordpress\/ -->\n<title>Champtek Libra L-7050 Okuyucu \/ Scantech ID barkod okuyucu - Plasis<\/title>\n<meta name=\"robots\" content=\"index, follow, max-snippet:-1, max-image-preview:large, max-video-preview:-1\" \/>\n<link rel=\"canonical\" href=\"https:\/\/www.plasis.com.tr\/urun\/champtek-libra-l-7050-okuyucu-scantech-id-barkod-okuyucu\/\" \/>\n<script type=\"application\/ld+json\" class=\"yoast-schema-graph\">{\"@context\":\"https:\\\/\\\/schema.org\",\"@graph\":[{\"@type\":\"WebPage\",\"@id\":\"https:\\\/\\\/www.plasis.com.tr\\\/urun\\\/champtek-libra-l-7050-okuyucu-scantech-id-barkod-okuyucu\\\/\",\"url\":\"https:\\\/\\\/www.plasis.com.tr\\\/urun\\\/champtek-libra-l-7050-okuyucu-scantech-id-barkod-okuyucu\\\/\",\"name\":\"Champtek Libra L-7050 Okuyucu \\\/ Scantech ID barkod okuyucu - Plasis\",\"isPartOf\":{\"@id\":\"https:\\\/\\\/www.plasis.com.tr\\\/#website\"},\"primaryImageOfPage\":{\"@id\":\"https:\\\/\\\/www.plasis.com.tr\\\/urun\\\/champtek-libra-l-7050-okuyucu-scantech-id-barkod-okuyucu\\\/#primaryimage\"},\"image\":{\"@id\":\"https:\\\/\\\/www.plasis.com.tr\\\/urun\\\/champtek-libra-l-7050-okuyucu-scantech-id-barkod-okuyucu\\\/#primaryimage\"},\"thumbnailUrl\":\"https:\\\/\\\/www.plasis.com.tr\\\/wp-content\\\/uploads\\\/2022\\\/09\\\/barkod_okuyucu_L-7050.jpg\",\"datePublished\":\"2022-09-01T12:55:15+00:00\",\"dateModified\":\"2023-07-22T08:17:00+00:00\",\"breadcrumb\":{\"@id\":\"https:\\\/\\\/www.plasis.com.tr\\\/urun\\\/champtek-libra-l-7050-okuyucu-scantech-id-barkod-okuyucu\\\/#breadcrumb\"},\"inLanguage\":\"en-US\",\"potentialAction\":[{\"@type\":\"ReadAction\",\"target\":[\"https:\\\/\\\/www.plasis.com.tr\\\/urun\\\/champtek-libra-l-7050-okuyucu-scantech-id-barkod-okuyucu\\\/\"]}]},{\"@type\":\"ImageObject\",\"inLanguage\":\"en-US\",\"@id\":\"https:\\\/\\\/www.plasis.com.tr\\\/urun\\\/champtek-libra-l-7050-okuyucu-scantech-id-barkod-okuyucu\\\/#primaryimage\",\"url\":\"https:\\\/\\\/www.plasis.com.tr\\\/wp-content\\\/uploads\\\/2022\\\/09\\\/barkod_okuyucu_L-7050.jpg\",\"contentUrl\":\"https:\\\/\\\/www.plasis.com.tr\\\/wp-content\\\/uploads\\\/2022\\\/09\\\/barkod_okuyucu_L-7050.jpg\",\"width\":872,\"height\":751,\"caption\":\"masa\u00fcst\u00fc tipi barkod okuyucu L7050\"},{\"@type\":\"BreadcrumbList\",\"@id\":\"https:\\\/\\\/www.plasis.com.tr\\\/urun\\\/champtek-libra-l-7050-okuyucu-scantech-id-barkod-okuyucu\\\/#breadcrumb\",\"itemListElement\":[{\"@type\":\"ListItem\",\"position\":1,\"name\":\"Ana sayfa\",\"item\":\"https:\\\/\\\/www.plasis.com.tr\\\/en\\\/\"},{\"@type\":\"ListItem\",\"position\":2,\"name\":\"\u00dcr\u00fcnlerimiz\",\"item\":\"https:\\\/\\\/www.plasis.com.tr\\\/urunlerimiz\\\/\"},{\"@type\":\"ListItem\",\"position\":3,\"name\":\"Champtek Libra L-7050 Okuyucu \\\/ Scantech ID barkod okuyucu\"}]},{\"@type\":\"WebSite\",\"@id\":\"https:\\\/\\\/www.plasis.com.tr\\\/#website\",\"url\":\"https:\\\/\\\/www.plasis.com.tr\\\/\",\"name\":\"Plasis\",\"description\":\"We provide the industry's leading Card production, Printing and System support.\",\"potentialAction\":[{\"@type\":\"SearchAction\",\"target\":{\"@type\":\"EntryPoint\",\"urlTemplate\":\"https:\\\/\\\/www.plasis.com.tr\\\/?s={search_term_string}\"},\"query-input\":{\"@type\":\"PropertyValueSpecification\",\"valueRequired\":true,\"valueName\":\"search_term_string\"}}],\"inLanguage\":\"en-US\"}]}<\/script>\n<!-- \/ Yoast SEO plugin. -->","yoast_head_json":{"title":"Champtek Libra L-7050 Okuyucu \/ Scantech ID barkod okuyucu - Plasis","robots":{"index":"index","follow":"follow","max-snippet":"max-snippet:-1","max-image-preview":"max-image-preview:large","max-video-preview":"max-video-preview:-1"},"canonical":"https:\/\/www.plasis.com.tr\/urun\/champtek-libra-l-7050-okuyucu-scantech-id-barkod-okuyucu\/","schema":{"@context":"https:\/\/schema.org","@graph":[{"@type":"WebPage","@id":"https:\/\/www.plasis.com.tr\/urun\/champtek-libra-l-7050-okuyucu-scantech-id-barkod-okuyucu\/","url":"https:\/\/www.plasis.com.tr\/urun\/champtek-libra-l-7050-okuyucu-scantech-id-barkod-okuyucu\/","name":"Champtek Libra L-7050 Okuyucu \/ Scantech ID barkod okuyucu - Plasis","isPartOf":{"@id":"https:\/\/www.plasis.com.tr\/#website"},"primaryImageOfPage":{"@id":"https:\/\/www.plasis.com.tr\/urun\/champtek-libra-l-7050-okuyucu-scantech-id-barkod-okuyucu\/#primaryimage"},"image":{"@id":"https:\/\/www.plasis.com.tr\/urun\/champtek-libra-l-7050-okuyucu-scantech-id-barkod-okuyucu\/#primaryimage"},"thumbnailUrl":"https:\/\/www.plasis.com.tr\/wp-content\/uploads\/2022\/09\/barkod_okuyucu_L-7050.jpg","datePublished":"2022-09-01T12:55:15+00:00","dateModified":"2023-07-22T08:17:00+00:00","breadcrumb":{"@id":"https:\/\/www.plasis.com.tr\/urun\/champtek-libra-l-7050-okuyucu-scantech-id-barkod-okuyucu\/#breadcrumb"},"inLanguage":"en-US","potentialAction":[{"@type":"ReadAction","target":["https:\/\/www.plasis.com.tr\/urun\/champtek-libra-l-7050-okuyucu-scantech-id-barkod-okuyucu\/"]}]},{"@type":"ImageObject","inLanguage":"en-US","@id":"https:\/\/www.plasis.com.tr\/urun\/champtek-libra-l-7050-okuyucu-scantech-id-barkod-okuyucu\/#primaryimage","url":"https:\/\/www.plasis.com.tr\/wp-content\/uploads\/2022\/09\/barkod_okuyucu_L-7050.jpg","contentUrl":"https:\/\/www.plasis.com.tr\/wp-content\/uploads\/2022\/09\/barkod_okuyucu_L-7050.jpg","width":872,"height":751,"caption":"masa\u00fcst\u00fc tipi barkod okuyucu L7050"},{"@type":"BreadcrumbList","@id":"https:\/\/www.plasis.com.tr\/urun\/champtek-libra-l-7050-okuyucu-scantech-id-barkod-okuyucu\/#breadcrumb","itemListElement":[{"@type":"ListItem","position":1,"name":"Ana sayfa","item":"https:\/\/www.plasis.com.tr\/en\/"},{"@type":"ListItem","position":2,"name":"\u00dcr\u00fcnlerimiz","item":"https:\/\/www.plasis.com.tr\/urunlerimiz\/"},{"@type":"ListItem","position":3,"name":"Champtek Libra L-7050 Okuyucu \/ Scantech ID barkod okuyucu"}]},{"@type":"WebSite","@id":"https:\/\/www.plasis.com.tr\/#website","url":"https:\/\/www.plasis.com.tr\/","name":"Plasis","description":"We provide the industry's leading Card production, Printing and System support.","potentialAction":[{"@type":"SearchAction","target":{"@type":"EntryPoint","urlTemplate":"https:\/\/www.plasis.com.tr\/?s={search_term_string}"},"query-input":{"@type":"PropertyValueSpecification","valueRequired":true,"valueName":"search_term_string"}}],"inLanguage":"en-US"}]}},"_links":{"self":[{"href":"https:\/\/www.plasis.com.tr\/en\/wp-json\/wp\/v2\/product\/7916","targetHints":{"allow":["GET"]}}],"collection":[{"href":"https:\/\/www.plasis.com.tr\/en\/wp-json\/wp\/v2\/product"}],"about":[{"href":"https:\/\/www.plasis.com.tr\/en\/wp-json\/wp\/v2\/types\/product"}],"replies":[{"embeddable":true,"href":"https:\/\/www.plasis.com.tr\/en\/wp-json\/wp\/v2\/comments?post=7916"}],"wp:featuredmedia":[{"embeddable":true,"href":"https:\/\/www.plasis.com.tr\/en\/wp-json\/wp\/v2\/media\/7917"}],"wp:attachment":[{"href":"https:\/\/www.plasis.com.tr\/en\/wp-json\/wp\/v2\/media?parent=7916"}],"wp:term":[{"taxonomy":"product_brand","embeddable":true,"href":"https:\/\/www.plasis.com.tr\/en\/wp-json\/wp\/v2\/product_brand?post=7916"},{"taxonomy":"product_cat","embeddable":true,"href":"https:\/\/www.plasis.com.tr\/en\/wp-json\/wp\/v2\/product_cat?post=7916"},{"taxonomy":"product_tag","embeddable":true,"href":"https:\/\/www.plasis.com.tr\/en\/wp-json\/wp\/v2\/product_tag?post=7916"}],"curies":[{"name":"wp","href":"https:\/\/api.w.org\/{rel}","templated":true}]}}