{"id":7901,"date":"2022-08-26T15:24:38","date_gmt":"2022-08-26T12:24:38","guid":{"rendered":"https:\/\/www.plasis.com.tr\/?post_type=product&#038;p=7901"},"modified":"2023-07-22T11:17:27","modified_gmt":"2023-07-22T08:17:27","slug":"lg710bt-kablosuz-lazer-barkod-okuyucu-champtek","status":"publish","type":"product","link":"https:\/\/www.plasis.com.tr\/en\/urun\/lg710bt-kablosuz-lazer-barkod-okuyucu-champtek\/","title":{"rendered":"LG710BT Kablosuz Lazer Barkod Okuyucu Champtek"},"content":{"rendered":"<h1>LG710BT KABLOSUZ LAZER BARKOD OKUYUCU<\/h1>\n<h2>Rugged Gun Type Laser Bar Code Scanner<\/h2>\n<h3>Kullan\u0131m alanlar\u0131<\/h3>\n<p>LG710 \/ LG710BT, barkod taray\u0131c\u0131s\u0131 \u00f6zellikle a\u015fa\u011f\u0131dakiler i\u00e7in tasarlanm\u0131\u015f sa\u011flam tabanca tipine sahip barkod okuyucudur.<\/p>\n<ul>\n<li>perakende<\/li>\n<li>lojistik<\/li>\n<li>depolama y\u00f6netimi pazar\u0131<\/li>\n<\/ul>\n<h3>\u00d6zellikleri<\/h3>\n<p>De\u011fi\u015ftirilebilirli\u011fi sayesinde kolay fonksiyonlara sahiptir.<br \/>\nDaha kolay \u00e7al\u0131\u015ft\u0131r\u0131lmas\u0131n\u0131 sa\u011flayan \u00e7oklu aray\u00fcz kablosu se\u00e7enekleri kendisini kullan\u0131c\u0131 ortam\u0131na uydurur.<\/p>\n<ul>\n<li>LG710, sa\u011flaml\u0131\u011f\u0131n\u0131n yan\u0131 s\u0131ra \u015f\u0131k g\u00f6r\u00fcnt\u00fcye de sahiptir.<\/li>\n<li>IP54 s\u0131zd\u0131rmazl\u0131k korumas\u0131n\u0131 destekler.<\/li>\n<li>LG710\/LG710BT 1D barkodlar\u0131n ve GS1 DataBar\u2122 kodlar\u0131n\u0131n \u00e7o\u011fu i\u00e7in 30cm&#8217;ye kadar okuma aral\u0131\u011f\u0131n\u0131 destekler.<\/li>\n<li>LG710BT&#8217;nin Class1 Bluetooth V2.1 EDR teknolojisi ile tasarlanm\u0131\u015f taray\u0131c\u0131s\u0131 ve be\u015fi\u011fi, iletimli 100 m \/ 328.08 ft&#8217;ye kadar menzil, a\u00e7\u0131k g\u00f6r\u00fc\u015f do\u011frultusunda, hem SPP hem de HID profillerini destekler, kolayca e\u015fle\u015ftirilebilir di\u011fer Bluetooth V2.1 uyumlu mobil ekipman veya sistemlerle.<\/li>\n<\/ul>\n<p>LG710\/LG710BT, perakende ve lojistik ortam ortam i\u00e7in piyasadaki m\u00fckemmel \u015fekilde uygunlu\u011fuyla en uygun maliyetli \u00e7\u00f6z\u00fcmd\u00fcr.<\/p>\n<h3>\u00a0Teknik \u00f6zellikleri<\/h3>\n<h4>Fiziksel \u00f6zellik<\/h4>\n<div class=\"wrapper\">\n<aside class=\"aside satir_tek sutun_sol\"><strong>Okuyucu A\u011f\u0131rl\u0131k:<\/strong> Yakla\u015f\u0131k 225.4g (batarya d\u00e2hil)<\/aside>\n<\/div>\n<div class=\"wrapper\">\n<aside class=\"aside satir_cift sutun_sol\"><strong>Be\u015fik A\u011f\u0131rl\u0131k:<\/strong> Yakla\u015f\u0131k 147.4g<\/aside>\n<\/div>\n<div class=\"wrapper\">\n<aside class=\"aside satir_tek sutun_sol\"><strong>Okuyucu Boyut:<\/strong> 75.0mm (W) x 171.31mm (H) x 82.85mm (L)<\/aside>\n<\/div>\n<div class=\"wrapper\">\n<aside class=\"aside satir_cift sutun_sol\"><strong>Be\u015fik Boyut:<\/strong> 112.18mm (W) x 84.64mm (H) x 130.6mm (L)<\/aside>\n<h4>Performans<\/h4>\n<\/div>\n<div class=\"wrapper\">\n<aside class=\"aside satir_tek sutun_sol\"><strong>I\u015f\u0131k Kayna\u011f\u0131:<\/strong> G\u00f6r\u00fclebilir Lazer Diyot 650nm \u00b1 10nm<\/aside>\n<\/div>\n<div class=\"wrapper\">\n<aside class=\"aside satir_cift sutun_sol\"><strong>Sens\u00f6r:<\/strong> Foto Diyot<\/aside>\n<\/div>\n<div class=\"wrapper\">\n<aside class=\"aside satir_tek sutun_sol\"><strong>\u0130\u015flemci Tipi:<\/strong> 8-bit<\/aside>\n<\/div>\n<div class=\"wrapper\">\n<aside class=\"aside satir_cift sutun_sol\"><strong>\u00c7al\u0131\u015fma Frekans\u0131:<\/strong> 8 MHz<\/aside>\n<\/div>\n<div class=\"wrapper\">\n<aside class=\"aside satir_tek sutun_sol\"><strong>Tarama H\u0131z\u0131:<\/strong> 50 tarama\/sn<\/aside>\n<\/div>\n<div class=\"wrapper\">\n<aside class=\"aside satir_cift sutun_sol\"><strong>Okuma Mesafesi:<\/strong> 30cm<\/aside>\n<\/div>\n<div class=\"wrapper\">\n<aside class=\"aside satir_tek sutun_sol\"><strong>Bask\u0131 Kontrast Oran\u0131:<\/strong> 5mil\/0.127mm@PCS%90<\/aside>\n<\/div>\n<div class=\"wrapper\">\n<aside class=\"aside satir_cift sutun_sol\"><strong>Minimum \u00c7\u00f6z\u00fcn\u00fcrl\u00fck:<\/strong> 5mil\/0.127mm@PCS%90<\/aside>\n<\/div>\n<div class=\"wrapper\">\n<aside class=\"aside satir_tek sutun_sol\"><strong>Okuma A\u00e7\u0131s\u0131:<\/strong><\/aside>\n<aside class=\"aside satir_tek sutun_sol\">Test Ko\u015fullar\u0131: Code 39, 10mil\/0.26mm, PCS%90<br \/>\nPitch: \u00b15\u00b0~60\u00b0(\u00b15\u00b0)<br \/>\nSkew: \u00b15\u00b0~60\u00b0(\u00b15\u00b0)<\/aside>\n<\/div>\n<div class=\"wrapper\">\n<aside class=\"aside satir_cift sutun_sol\"><strong>Ortam I\u015f\u0131\u011f\u0131:<\/strong> Max. 5.000 Lux<\/aside>\n<aside>\n<div class=\"wrapper\">\n<h4 class=\"aside satir_baslik\">Elektriksel \u00d6zellikler (LG710BT barkod okuyucu)<\/h4>\n<\/div>\n<div class=\"wrapper\">\n<aside class=\"aside satir_tek sutun_sol\"><strong>Voltaj Batarya: <\/strong>Lityum iyon 3.7V\/2600 mAh<\/aside>\n<\/div>\n<div class=\"wrapper\">\n<aside class=\"aside satir_cift sutun_sol\"><strong>\u015earj S\u00fcresi: <\/strong>Yakla\u015f\u0131k 5 saat<\/aside>\n<\/div>\n<div class=\"wrapper\">\n<aside class=\"aside satir_tek sutun_sol\"><strong>\u015earj Ba\u015f\u0131na Okuma: <\/strong>50.000 kez<\/aside>\n<\/div>\n<div class=\"wrapper\">\n<aside class=\"aside satir_cift sutun_sol\"><strong>\u00c7al\u0131\u015fma T\u00fcketimi: <\/strong>170mA<\/aside>\n<aside>\n<div class=\"wrapper\">\n<h4 class=\"aside satir_baslik\">Elektriksel \u00d6zellikler (BE\u015e\u0130K \u0130\u00c7\u0130N)<\/h4>\n<\/div>\n<div class=\"wrapper\">\n<aside class=\"aside satir_tek sutun_sol\"><strong>Voltaj: <\/strong>DC \u00b15V \u00b1 %5<\/aside>\n<\/div>\n<div class=\"wrapper\">\n<aside class=\"aside satir_cift sutun_sol\"><strong>\u00c7al\u0131\u015fma T\u00fcketimi: <\/strong>100mA<\/aside>\n<aside>\n<div class=\"wrapper\">\n<h4 class=\"aside satir_baslik\">Radyo \u00d6zellikleri<\/h4>\n<\/div>\n<div class=\"wrapper\">\n<aside class=\"aside satir_tek sutun_sol\"><strong>Bluetooth Mod\u00fcl: <\/strong>Bluetooth V2.1 EDR<\/aside>\n<\/div>\n<div class=\"wrapper\">\n<aside class=\"aside satir_cift sutun_sol\"><strong>Frekans Band\u0131: <\/strong>2.402GHz ~ 2.480GHz<\/aside>\n<\/div>\n<div class=\"wrapper\">\n<aside class=\"aside satir_tek sutun_sol\"><strong>\u0130letim Aral\u0131\u011f\u0131: <\/strong>100m (a\u00e7\u0131k alanda)<\/aside>\n<\/div>\n<div class=\"wrapper\">\n<aside class=\"aside satir_cift sutun_sol\"><strong>RF \u00c7\u0131k\u0131\u015f G\u00fcc\u00fc: <\/strong>Class 1 (20dBm alt\u0131nda)<\/aside>\n<\/div>\n<\/aside>\n<\/div>\n<\/aside>\n<\/div>\n<\/aside>\n<\/div>\n<p>&nbsp;<\/p>\n","protected":false},"excerpt":{"rendered":"<p>LG710BT KABLOSUZ LAZER BARKOD OKUYUCU<\/p>\n<p>Rugged Gun Type Laser Bar Code Scanner<\/p>\n","protected":false},"featured_media":7902,"comment_status":"closed","ping_status":"closed","template":"","meta":[],"product_brand":[],"product_cat":[865],"product_tag":[1099,1105,1104,1100,1101,1102,1103],"class_list":{"0":"post-7901","1":"product","2":"type-product","3":"status-publish","4":"has-post-thumbnail","6":"product_cat-kart-okuyucular","7":"product_tag-barkot-okuyucu","8":"product_tag-kablosuz-barkod-okuyucu","9":"product_tag-lazer-barkod-okuyucu","10":"product_tag-lg710","11":"product_tag-lg710bt","12":"product_tag-lg710bt-barkod-okuyucu","13":"product_tag-tabanca-barkod-okuyucu","15":"first","16":"instock","17":"taxable","18":"shipping-taxable","19":"purchasable","20":"product-type-simple","21":"prodpage-style2"},"yoast_head":"<!-- This site is optimized with the Yoast SEO plugin v27.4 - https:\/\/yoast.com\/product\/yoast-seo-wordpress\/ -->\n<title>LG710BT Kablosuz Lazer Barkod Okuyucu Champtek - Plasis<\/title>\n<meta name=\"robots\" content=\"index, follow, max-snippet:-1, max-image-preview:large, max-video-preview:-1\" \/>\n<link rel=\"canonical\" href=\"https:\/\/www.plasis.com.tr\/en\/urun\/lg710bt-kablosuz-lazer-barkod-okuyucu-champtek\/\" \/>\n<script type=\"application\/ld+json\" class=\"yoast-schema-graph\">{\"@context\":\"https:\\\/\\\/schema.org\",\"@graph\":[{\"@type\":\"WebPage\",\"@id\":\"https:\\\/\\\/www.plasis.com.tr\\\/en\\\/urun\\\/lg710bt-kablosuz-lazer-barkod-okuyucu-champtek\\\/\",\"url\":\"https:\\\/\\\/www.plasis.com.tr\\\/en\\\/urun\\\/lg710bt-kablosuz-lazer-barkod-okuyucu-champtek\\\/\",\"name\":\"LG710BT Kablosuz Lazer Barkod Okuyucu Champtek - Plasis\",\"isPartOf\":{\"@id\":\"https:\\\/\\\/www.plasis.com.tr\\\/#website\"},\"primaryImageOfPage\":{\"@id\":\"https:\\\/\\\/www.plasis.com.tr\\\/en\\\/urun\\\/lg710bt-kablosuz-lazer-barkod-okuyucu-champtek\\\/#primaryimage\"},\"image\":{\"@id\":\"https:\\\/\\\/www.plasis.com.tr\\\/en\\\/urun\\\/lg710bt-kablosuz-lazer-barkod-okuyucu-champtek\\\/#primaryimage\"},\"thumbnailUrl\":\"https:\\\/\\\/www.plasis.com.tr\\\/wp-content\\\/uploads\\\/2022\\\/08\\\/kablosuz_lazer_barkod_okuyucu.jpg\",\"datePublished\":\"2022-08-26T12:24:38+00:00\",\"dateModified\":\"2023-07-22T08:17:27+00:00\",\"breadcrumb\":{\"@id\":\"https:\\\/\\\/www.plasis.com.tr\\\/en\\\/urun\\\/lg710bt-kablosuz-lazer-barkod-okuyucu-champtek\\\/#breadcrumb\"},\"inLanguage\":\"en-US\",\"potentialAction\":[{\"@type\":\"ReadAction\",\"target\":[\"https:\\\/\\\/www.plasis.com.tr\\\/en\\\/urun\\\/lg710bt-kablosuz-lazer-barkod-okuyucu-champtek\\\/\"]}]},{\"@type\":\"ImageObject\",\"inLanguage\":\"en-US\",\"@id\":\"https:\\\/\\\/www.plasis.com.tr\\\/en\\\/urun\\\/lg710bt-kablosuz-lazer-barkod-okuyucu-champtek\\\/#primaryimage\",\"url\":\"https:\\\/\\\/www.plasis.com.tr\\\/wp-content\\\/uploads\\\/2022\\\/08\\\/kablosuz_lazer_barkod_okuyucu.jpg\",\"contentUrl\":\"https:\\\/\\\/www.plasis.com.tr\\\/wp-content\\\/uploads\\\/2022\\\/08\\\/kablosuz_lazer_barkod_okuyucu.jpg\",\"width\":871,\"height\":755,\"caption\":\"kablosuz lazer barkod okuyucu\"},{\"@type\":\"BreadcrumbList\",\"@id\":\"https:\\\/\\\/www.plasis.com.tr\\\/en\\\/urun\\\/lg710bt-kablosuz-lazer-barkod-okuyucu-champtek\\\/#breadcrumb\",\"itemListElement\":[{\"@type\":\"ListItem\",\"position\":1,\"name\":\"Ana sayfa\",\"item\":\"https:\\\/\\\/www.plasis.com.tr\\\/en\\\/\"},{\"@type\":\"ListItem\",\"position\":2,\"name\":\"\u00dcr\u00fcnlerimiz\",\"item\":\"https:\\\/\\\/www.plasis.com.tr\\\/urunlerimiz\\\/\"},{\"@type\":\"ListItem\",\"position\":3,\"name\":\"LG710BT Kablosuz Lazer Barkod Okuyucu Champtek\"}]},{\"@type\":\"WebSite\",\"@id\":\"https:\\\/\\\/www.plasis.com.tr\\\/#website\",\"url\":\"https:\\\/\\\/www.plasis.com.tr\\\/\",\"name\":\"Plasis\",\"description\":\"We provide the industry's leading Card production, Printing and System support.\",\"potentialAction\":[{\"@type\":\"SearchAction\",\"target\":{\"@type\":\"EntryPoint\",\"urlTemplate\":\"https:\\\/\\\/www.plasis.com.tr\\\/?s={search_term_string}\"},\"query-input\":{\"@type\":\"PropertyValueSpecification\",\"valueRequired\":true,\"valueName\":\"search_term_string\"}}],\"inLanguage\":\"en-US\"}]}<\/script>\n<!-- \/ Yoast SEO plugin. -->","yoast_head_json":{"title":"LG710BT Kablosuz Lazer Barkod Okuyucu Champtek - Plasis","robots":{"index":"index","follow":"follow","max-snippet":"max-snippet:-1","max-image-preview":"max-image-preview:large","max-video-preview":"max-video-preview:-1"},"canonical":"https:\/\/www.plasis.com.tr\/en\/urun\/lg710bt-kablosuz-lazer-barkod-okuyucu-champtek\/","schema":{"@context":"https:\/\/schema.org","@graph":[{"@type":"WebPage","@id":"https:\/\/www.plasis.com.tr\/en\/urun\/lg710bt-kablosuz-lazer-barkod-okuyucu-champtek\/","url":"https:\/\/www.plasis.com.tr\/en\/urun\/lg710bt-kablosuz-lazer-barkod-okuyucu-champtek\/","name":"LG710BT Kablosuz Lazer Barkod Okuyucu Champtek - Plasis","isPartOf":{"@id":"https:\/\/www.plasis.com.tr\/#website"},"primaryImageOfPage":{"@id":"https:\/\/www.plasis.com.tr\/en\/urun\/lg710bt-kablosuz-lazer-barkod-okuyucu-champtek\/#primaryimage"},"image":{"@id":"https:\/\/www.plasis.com.tr\/en\/urun\/lg710bt-kablosuz-lazer-barkod-okuyucu-champtek\/#primaryimage"},"thumbnailUrl":"https:\/\/www.plasis.com.tr\/wp-content\/uploads\/2022\/08\/kablosuz_lazer_barkod_okuyucu.jpg","datePublished":"2022-08-26T12:24:38+00:00","dateModified":"2023-07-22T08:17:27+00:00","breadcrumb":{"@id":"https:\/\/www.plasis.com.tr\/en\/urun\/lg710bt-kablosuz-lazer-barkod-okuyucu-champtek\/#breadcrumb"},"inLanguage":"en-US","potentialAction":[{"@type":"ReadAction","target":["https:\/\/www.plasis.com.tr\/en\/urun\/lg710bt-kablosuz-lazer-barkod-okuyucu-champtek\/"]}]},{"@type":"ImageObject","inLanguage":"en-US","@id":"https:\/\/www.plasis.com.tr\/en\/urun\/lg710bt-kablosuz-lazer-barkod-okuyucu-champtek\/#primaryimage","url":"https:\/\/www.plasis.com.tr\/wp-content\/uploads\/2022\/08\/kablosuz_lazer_barkod_okuyucu.jpg","contentUrl":"https:\/\/www.plasis.com.tr\/wp-content\/uploads\/2022\/08\/kablosuz_lazer_barkod_okuyucu.jpg","width":871,"height":755,"caption":"kablosuz lazer barkod okuyucu"},{"@type":"BreadcrumbList","@id":"https:\/\/www.plasis.com.tr\/en\/urun\/lg710bt-kablosuz-lazer-barkod-okuyucu-champtek\/#breadcrumb","itemListElement":[{"@type":"ListItem","position":1,"name":"Ana sayfa","item":"https:\/\/www.plasis.com.tr\/en\/"},{"@type":"ListItem","position":2,"name":"\u00dcr\u00fcnlerimiz","item":"https:\/\/www.plasis.com.tr\/urunlerimiz\/"},{"@type":"ListItem","position":3,"name":"LG710BT Kablosuz Lazer Barkod Okuyucu Champtek"}]},{"@type":"WebSite","@id":"https:\/\/www.plasis.com.tr\/#website","url":"https:\/\/www.plasis.com.tr\/","name":"Plasis","description":"We provide the industry's leading Card production, Printing and System support.","potentialAction":[{"@type":"SearchAction","target":{"@type":"EntryPoint","urlTemplate":"https:\/\/www.plasis.com.tr\/?s={search_term_string}"},"query-input":{"@type":"PropertyValueSpecification","valueRequired":true,"valueName":"search_term_string"}}],"inLanguage":"en-US"}]}},"_links":{"self":[{"href":"https:\/\/www.plasis.com.tr\/en\/wp-json\/wp\/v2\/product\/7901","targetHints":{"allow":["GET"]}}],"collection":[{"href":"https:\/\/www.plasis.com.tr\/en\/wp-json\/wp\/v2\/product"}],"about":[{"href":"https:\/\/www.plasis.com.tr\/en\/wp-json\/wp\/v2\/types\/product"}],"replies":[{"embeddable":true,"href":"https:\/\/www.plasis.com.tr\/en\/wp-json\/wp\/v2\/comments?post=7901"}],"wp:featuredmedia":[{"embeddable":true,"href":"https:\/\/www.plasis.com.tr\/en\/wp-json\/wp\/v2\/media\/7902"}],"wp:attachment":[{"href":"https:\/\/www.plasis.com.tr\/en\/wp-json\/wp\/v2\/media?parent=7901"}],"wp:term":[{"taxonomy":"product_brand","embeddable":true,"href":"https:\/\/www.plasis.com.tr\/en\/wp-json\/wp\/v2\/product_brand?post=7901"},{"taxonomy":"product_cat","embeddable":true,"href":"https:\/\/www.plasis.com.tr\/en\/wp-json\/wp\/v2\/product_cat?post=7901"},{"taxonomy":"product_tag","embeddable":true,"href":"https:\/\/www.plasis.com.tr\/en\/wp-json\/wp\/v2\/product_tag?post=7901"}],"curies":[{"name":"wp","href":"https:\/\/api.w.org\/{rel}","templated":true}]}}