{"id":7840,"date":"2022-08-10T18:39:19","date_gmt":"2022-08-10T15:39:19","guid":{"rendered":"https:\/\/www.plasis.com.tr\/?post_type=product&#038;p=7840"},"modified":"2026-01-16T14:51:36","modified_gmt":"2026-01-16T11:51:36","slug":"plastik-bileklik-ayarlanabilir","status":"publish","type":"product","link":"https:\/\/www.plasis.com.tr\/en\/urun\/plastik-bileklik-ayarlanabilir\/","title":{"rendered":"Plastik Bileklik Ayarlanabilir"},"content":{"rendered":"<h1>Plastik Bileklik Ayarlanabilir<\/h1>\n<ul>\n<li>Bileklik ayarlanabilir olup kilit sistemi sayesinde bir kez tak\u0131l\u0131p tekrar \u00e7\u0131kar\u0131lamaz. Bu sayede bileklik de\u011fi\u015fimi yap\u0131l\u0131p g\u00fcvenlik zedelenmez.<\/li>\n<li>Plastik yap\u0131s\u0131 sayesinde y\u00fcksek dayan\u0131kl\u0131l\u0131k sunar, sudan etkilenmez.<\/li>\n<li>\u00c7ok\u00e7a renk se\u00e7ene\u011fi bulunmaktad\u0131r. Renk se\u00e7enekleri sayesinde kat\u0131l\u0131mc\u0131lar\u0131n\u0131z\u0131 veya m\u00fc\u015fterilerinizi s\u0131n\u0131fland\u0131rmakta zorluk ya\u015famazs\u0131n\u0131z.<\/li>\n<li>Plastik bilekliler \u00fczerine bask\u0131 yap\u0131labilir.<\/li>\n<li>Diledi\u011finiz logo ve yaz\u0131y\u0131 yazarak kendinize \u00f6zel ki\u015fiselle\u015ftirme yapabilirsiniz.<\/li>\n<li><strong>Fosforlu ve alt\u0131n renkli spesifik renkler mevcuttur<\/strong><\/li>\n<\/ul>\n<h2>Kullan\u0131m Alanlar\u0131:<\/h2>\n<ul>\n<li>Festival, konser,<\/li>\n<li>e\u011flence mekanlar\u0131,<\/li>\n<li>kutlama organizasyonlar\u0131,<\/li>\n<li>okul etkinlikleri,<\/li>\n<li>kamp aktiviteleri<\/li>\n<\/ul>\n<p>gibi tercih edilen etkinliklerde kullan\u0131lmaktad\u0131r.<\/p>\n<p>Logonuzu g\u00f6nderin size \u00f6zel \u00fcretim yapal\u0131m. (whatsapp 05432893792 e-mail info@plasis.com.tr )<\/p>\n<ol>\n<li>Plastik bileklik i\u00e7in \u00fccretsiz tasar\u0131m deste\u011fi<\/li>\n<li>fiyat yaln\u0131zca bask\u0131s\u0131z plastik bileklik i\u00e7in ge\u00e7erlidir. Bask\u0131 dahil de\u011fildir. G\u00f6rsel olarak kullan\u0131lm\u0131\u015ft\u0131r.<\/li>\n<li>Resimlerdeki Bask\u0131 ek \u00fccrete tabidir. Bask\u0131 \u00fccreti i\u00e7in teklif isteyiniz.<\/li>\n<li><strong>fiyat 500 adet sipari\u015f i\u00e7in ge\u00e7erli birim fiyatt\u0131r<\/strong>.<\/li>\n<li>sipari\u015f miktar\u0131n\u0131z artt\u0131k\u00e7a fiyat\u0131n\u0131z<strong> azal\u0131r<\/strong>. Sipari\u015f miktar\u0131n\u0131z azald\u0131k\u00e7a fiyat\u0131n\u0131z <strong>artar<\/strong>. \u0130htiyac\u0131n\u0131z olan miktar i\u00e7in size \u00f6zel teklif isteyiniz.<\/li>\n<li>resimlerdeki \u00fcr\u00fcnler 25,5 cm uzunluktad\u0131r, eni 1,5cm&#8217;dir.<\/li>\n<\/ol>\n","protected":false},"excerpt":{"rendered":"<p>Plastik Bileklik Ayarlanabilir<\/p>\n","protected":false},"featured_media":7851,"comment_status":"closed","ping_status":"closed","template":"","meta":[],"product_brand":[],"product_cat":[1081],"product_tag":[1062,1089,1091,1088,1090],"class_list":{"0":"post-7840","1":"product","2":"type-product","3":"status-publish","4":"has-post-thumbnail","6":"product_cat-bileklik-cesitleri-kumas-tyvek-kagit-plastik-silikon-rfid-tum-cesitler-ve-fiyatlar","7":"product_tag-ayarlanabilir-bileklik","8":"product_tag-ayarlanabilir-plastik-bileklik","9":"product_tag-otel-bileklikleri","10":"product_tag-plastik-bileklik","11":"product_tag-plastik-kol-bandi","13":"first","14":"instock","15":"taxable","16":"shipping-taxable","17":"purchasable","18":"product-type-simple","19":"prodpage-style2"},"yoast_head":"<!-- This site is optimized with the Yoast SEO plugin v27.4 - https:\/\/yoast.com\/product\/yoast-seo-wordpress\/ -->\n<title>Plastik Bileklik Ayarlanabilir - Plasis<\/title>\n<meta name=\"robots\" content=\"index, follow, max-snippet:-1, max-image-preview:large, max-video-preview:-1\" \/>\n<link rel=\"canonical\" href=\"https:\/\/www.plasis.com.tr\/en\/urun\/plastik-bileklik-ayarlanabilir\/\" \/>\n<script type=\"application\/ld+json\" class=\"yoast-schema-graph\">{\"@context\":\"https:\\\/\\\/schema.org\",\"@graph\":[{\"@type\":\"WebPage\",\"@id\":\"https:\\\/\\\/www.plasis.com.tr\\\/en\\\/urun\\\/plastik-bileklik-ayarlanabilir\\\/\",\"url\":\"https:\\\/\\\/www.plasis.com.tr\\\/en\\\/urun\\\/plastik-bileklik-ayarlanabilir\\\/\",\"name\":\"Plastik Bileklik Ayarlanabilir - Plasis\",\"isPartOf\":{\"@id\":\"https:\\\/\\\/www.plasis.com.tr\\\/#website\"},\"primaryImageOfPage\":{\"@id\":\"https:\\\/\\\/www.plasis.com.tr\\\/en\\\/urun\\\/plastik-bileklik-ayarlanabilir\\\/#primaryimage\"},\"image\":{\"@id\":\"https:\\\/\\\/www.plasis.com.tr\\\/en\\\/urun\\\/plastik-bileklik-ayarlanabilir\\\/#primaryimage\"},\"thumbnailUrl\":\"https:\\\/\\\/www.plasis.com.tr\\\/wp-content\\\/uploads\\\/2022\\\/08\\\/konser_bilekligi_plastik.jpg\",\"datePublished\":\"2022-08-10T15:39:19+00:00\",\"dateModified\":\"2026-01-16T11:51:36+00:00\",\"breadcrumb\":{\"@id\":\"https:\\\/\\\/www.plasis.com.tr\\\/en\\\/urun\\\/plastik-bileklik-ayarlanabilir\\\/#breadcrumb\"},\"inLanguage\":\"en-US\",\"potentialAction\":[{\"@type\":\"ReadAction\",\"target\":[\"https:\\\/\\\/www.plasis.com.tr\\\/en\\\/urun\\\/plastik-bileklik-ayarlanabilir\\\/\"]}]},{\"@type\":\"ImageObject\",\"inLanguage\":\"en-US\",\"@id\":\"https:\\\/\\\/www.plasis.com.tr\\\/en\\\/urun\\\/plastik-bileklik-ayarlanabilir\\\/#primaryimage\",\"url\":\"https:\\\/\\\/www.plasis.com.tr\\\/wp-content\\\/uploads\\\/2022\\\/08\\\/konser_bilekligi_plastik.jpg\",\"contentUrl\":\"https:\\\/\\\/www.plasis.com.tr\\\/wp-content\\\/uploads\\\/2022\\\/08\\\/konser_bilekligi_plastik.jpg\",\"width\":876,\"height\":684,\"caption\":\"plastik ayarlanabilir bask\u0131l\u0131 bileklik\"},{\"@type\":\"BreadcrumbList\",\"@id\":\"https:\\\/\\\/www.plasis.com.tr\\\/en\\\/urun\\\/plastik-bileklik-ayarlanabilir\\\/#breadcrumb\",\"itemListElement\":[{\"@type\":\"ListItem\",\"position\":1,\"name\":\"Ana sayfa\",\"item\":\"https:\\\/\\\/www.plasis.com.tr\\\/en\\\/\"},{\"@type\":\"ListItem\",\"position\":2,\"name\":\"\u00dcr\u00fcnlerimiz\",\"item\":\"https:\\\/\\\/www.plasis.com.tr\\\/urunlerimiz\\\/\"},{\"@type\":\"ListItem\",\"position\":3,\"name\":\"Plastik Bileklik Ayarlanabilir\"}]},{\"@type\":\"WebSite\",\"@id\":\"https:\\\/\\\/www.plasis.com.tr\\\/#website\",\"url\":\"https:\\\/\\\/www.plasis.com.tr\\\/\",\"name\":\"Plasis\",\"description\":\"We provide the industry's leading Card production, Printing and System support.\",\"potentialAction\":[{\"@type\":\"SearchAction\",\"target\":{\"@type\":\"EntryPoint\",\"urlTemplate\":\"https:\\\/\\\/www.plasis.com.tr\\\/?s={search_term_string}\"},\"query-input\":{\"@type\":\"PropertyValueSpecification\",\"valueRequired\":true,\"valueName\":\"search_term_string\"}}],\"inLanguage\":\"en-US\"}]}<\/script>\n<!-- \/ Yoast SEO plugin. -->","yoast_head_json":{"title":"Plastik Bileklik Ayarlanabilir - Plasis","robots":{"index":"index","follow":"follow","max-snippet":"max-snippet:-1","max-image-preview":"max-image-preview:large","max-video-preview":"max-video-preview:-1"},"canonical":"https:\/\/www.plasis.com.tr\/en\/urun\/plastik-bileklik-ayarlanabilir\/","schema":{"@context":"https:\/\/schema.org","@graph":[{"@type":"WebPage","@id":"https:\/\/www.plasis.com.tr\/en\/urun\/plastik-bileklik-ayarlanabilir\/","url":"https:\/\/www.plasis.com.tr\/en\/urun\/plastik-bileklik-ayarlanabilir\/","name":"Plastik Bileklik Ayarlanabilir - Plasis","isPartOf":{"@id":"https:\/\/www.plasis.com.tr\/#website"},"primaryImageOfPage":{"@id":"https:\/\/www.plasis.com.tr\/en\/urun\/plastik-bileklik-ayarlanabilir\/#primaryimage"},"image":{"@id":"https:\/\/www.plasis.com.tr\/en\/urun\/plastik-bileklik-ayarlanabilir\/#primaryimage"},"thumbnailUrl":"https:\/\/www.plasis.com.tr\/wp-content\/uploads\/2022\/08\/konser_bilekligi_plastik.jpg","datePublished":"2022-08-10T15:39:19+00:00","dateModified":"2026-01-16T11:51:36+00:00","breadcrumb":{"@id":"https:\/\/www.plasis.com.tr\/en\/urun\/plastik-bileklik-ayarlanabilir\/#breadcrumb"},"inLanguage":"en-US","potentialAction":[{"@type":"ReadAction","target":["https:\/\/www.plasis.com.tr\/en\/urun\/plastik-bileklik-ayarlanabilir\/"]}]},{"@type":"ImageObject","inLanguage":"en-US","@id":"https:\/\/www.plasis.com.tr\/en\/urun\/plastik-bileklik-ayarlanabilir\/#primaryimage","url":"https:\/\/www.plasis.com.tr\/wp-content\/uploads\/2022\/08\/konser_bilekligi_plastik.jpg","contentUrl":"https:\/\/www.plasis.com.tr\/wp-content\/uploads\/2022\/08\/konser_bilekligi_plastik.jpg","width":876,"height":684,"caption":"plastik ayarlanabilir bask\u0131l\u0131 bileklik"},{"@type":"BreadcrumbList","@id":"https:\/\/www.plasis.com.tr\/en\/urun\/plastik-bileklik-ayarlanabilir\/#breadcrumb","itemListElement":[{"@type":"ListItem","position":1,"name":"Ana sayfa","item":"https:\/\/www.plasis.com.tr\/en\/"},{"@type":"ListItem","position":2,"name":"\u00dcr\u00fcnlerimiz","item":"https:\/\/www.plasis.com.tr\/urunlerimiz\/"},{"@type":"ListItem","position":3,"name":"Plastik Bileklik Ayarlanabilir"}]},{"@type":"WebSite","@id":"https:\/\/www.plasis.com.tr\/#website","url":"https:\/\/www.plasis.com.tr\/","name":"Plasis","description":"We provide the industry's leading Card production, Printing and System support.","potentialAction":[{"@type":"SearchAction","target":{"@type":"EntryPoint","urlTemplate":"https:\/\/www.plasis.com.tr\/?s={search_term_string}"},"query-input":{"@type":"PropertyValueSpecification","valueRequired":true,"valueName":"search_term_string"}}],"inLanguage":"en-US"}]}},"_links":{"self":[{"href":"https:\/\/www.plasis.com.tr\/en\/wp-json\/wp\/v2\/product\/7840","targetHints":{"allow":["GET"]}}],"collection":[{"href":"https:\/\/www.plasis.com.tr\/en\/wp-json\/wp\/v2\/product"}],"about":[{"href":"https:\/\/www.plasis.com.tr\/en\/wp-json\/wp\/v2\/types\/product"}],"replies":[{"embeddable":true,"href":"https:\/\/www.plasis.com.tr\/en\/wp-json\/wp\/v2\/comments?post=7840"}],"wp:featuredmedia":[{"embeddable":true,"href":"https:\/\/www.plasis.com.tr\/en\/wp-json\/wp\/v2\/media\/7851"}],"wp:attachment":[{"href":"https:\/\/www.plasis.com.tr\/en\/wp-json\/wp\/v2\/media?parent=7840"}],"wp:term":[{"taxonomy":"product_brand","embeddable":true,"href":"https:\/\/www.plasis.com.tr\/en\/wp-json\/wp\/v2\/product_brand?post=7840"},{"taxonomy":"product_cat","embeddable":true,"href":"https:\/\/www.plasis.com.tr\/en\/wp-json\/wp\/v2\/product_cat?post=7840"},{"taxonomy":"product_tag","embeddable":true,"href":"https:\/\/www.plasis.com.tr\/en\/wp-json\/wp\/v2\/product_tag?post=7840"}],"curies":[{"name":"wp","href":"https:\/\/api.w.org\/{rel}","templated":true}]}}