{"id":7839,"date":"2022-08-10T18:10:58","date_gmt":"2022-08-10T15:10:58","guid":{"rendered":"https:\/\/www.plasis.com.tr\/?post_type=product&#038;p=7839"},"modified":"2026-01-13T17:09:54","modified_gmt":"2026-01-13T14:09:54","slug":"saten-kumas-bileklik-ayarlanabilir-baskili","status":"publish","type":"product","link":"https:\/\/www.plasis.com.tr\/en\/urun\/saten-kumas-bileklik-ayarlanabilir-baskili\/","title":{"rendered":"Saten Kuma\u015f Bileklik Ayarlanabilir Bask\u0131l\u0131"},"content":{"rendered":"<h1>Saten Kuma\u015f Bileklik Ayarlanabilir Bask\u0131l\u0131<\/h1>\n<ul>\n<li>\u0130stenilen renk ve tasar\u0131mda \u00fcretilen saten kuma\u015f bileklikler etkinliklerinizin g\u00fcvenli\u011fi i\u00e7in idealdir.<\/li>\n<li>Sa\u011flaml\u0131\u011f\u0131 sayesinde etkinlik boyu ve g\u00fcnlerce kullan\u0131labilir<\/li>\n<li>Sudan etkilenmez.<\/li>\n<li>Ayarlanabilir bileklik her bile\u011fe uygundur.<\/li>\n<li>\u00d6zel kapama aparat\u0131 sayesinde bir kez kapan\u0131r bir daha a\u00e7\u0131lmaz yani tek kullan\u0131ml\u0131kt\u0131r. Bu sayede bileklik \u00e7\u0131kart\u0131l\u0131p ba\u015fkas\u0131na verilmez. Etkinli\u011finizde y\u00fcksek g\u00fcvenlik sa\u011flar.<\/li>\n<li>Diledi\u011finiz logo ve yaz\u0131y\u0131 yazarak kendinize \u00f6zel ki\u015fiselle\u015ftirme yapabilirsiniz.<\/li>\n<\/ul>\n<h2>Kullan\u0131m alanlar\u0131:<\/h2>\n<ul>\n<li>Festival bileklik<\/li>\n<li>Otel bilekli\u011fi<\/li>\n<li>e\u011flence mekanlar\u0131<\/li>\n<li>konser bilekli\u011fi<\/li>\n<li>kutlama organizasyonlar\u0131,<\/li>\n<li>okul etkinlikleri,<\/li>\n<li>kamp aktiviteleri<\/li>\n<\/ul>\n<p>gibi istenilen aktivitelerde kullan\u0131lmaktad\u0131r.<\/p>\n<p>Logonuzu g\u00f6nderin size \u00f6zel \u00fcretim yapal\u0131m. (whatsapp 05432893792 e-mail info@plasis.com.tr )<\/p>\n<ol>\n<li>Bask\u0131l\u0131 saten bileklik i\u00e7in \u00fccretsiz tasar\u0131m deste\u011fi<\/li>\n<li>Fiyat yaln\u0131zca bask\u0131l\u0131 saten bileklik i\u00e7in ge\u00e7erlidir.<\/li>\n<li><strong>fiyat 500 adet sipari\u015f i\u00e7in ge\u00e7erli birim fiyatt\u0131r.<\/strong><\/li>\n<li>sipari\u015f miktar\u0131n\u0131z artt\u0131k\u00e7a fiyat\u0131n\u0131z\u00a0<strong>azal\u0131r<\/strong>. Sipari\u015f miktar\u0131n\u0131z azald\u0131k\u00e7a fiyat\u0131n\u0131z\u00a0<strong>artar<\/strong>. \u0130htiyac\u0131n\u0131z olan miktar i\u00e7in size \u00f6zel teklif isteyiniz.<\/li>\n<li>resimlerdeki \u00fcr\u00fcnler 24,5-25 cm uzunluktad\u0131r, eni 1,5-1,8cm&#8217;dir .<\/li>\n<\/ol>\n<p>&nbsp;<\/p>\n","protected":false},"excerpt":{"rendered":"<p>Bask\u0131l\u0131 Ayarlanabilir Saten Kuma\u015f Bileklik<\/p>\n","protected":false},"featured_media":7843,"comment_status":"closed","ping_status":"closed","template":"","meta":[],"product_brand":[],"product_cat":[1081],"product_tag":[1062,1082,1083,1084,1085,1086,1087],"class_list":{"0":"post-7839","1":"product","2":"type-product","3":"status-publish","4":"has-post-thumbnail","6":"product_cat-bileklik-cesitleri-kumas-tyvek-kagit-plastik-silikon-rfid-tum-cesitler-ve-fiyatlar","7":"product_tag-ayarlanabilir-bileklik","8":"product_tag-festival-bileklik","9":"product_tag-konser-bilekligi","10":"product_tag-kumas-bileklik","11":"product_tag-kumas-kol-bandi","12":"product_tag-otel-bilekligi","13":"product_tag-parti-bilekligi","15":"first","16":"instock","17":"taxable","18":"shipping-taxable","19":"purchasable","20":"product-type-simple","21":"prodpage-style2"},"yoast_head":"<!-- This site is optimized with the Yoast SEO plugin v27.3 - https:\/\/yoast.com\/product\/yoast-seo-wordpress\/ -->\n<title>Saten Kuma\u015f Bileklik Ayarlanabilir Bask\u0131l\u0131 - Plasis<\/title>\n<meta name=\"robots\" content=\"index, follow, max-snippet:-1, max-image-preview:large, max-video-preview:-1\" \/>\n<link rel=\"canonical\" href=\"https:\/\/www.plasis.com.tr\/urun\/saten-kumas-bileklik-ayarlanabilir-baskili\/\" \/>\n<script type=\"application\/ld+json\" class=\"yoast-schema-graph\">{\"@context\":\"https:\\\/\\\/schema.org\",\"@graph\":[{\"@type\":\"WebPage\",\"@id\":\"https:\\\/\\\/www.plasis.com.tr\\\/urun\\\/saten-kumas-bileklik-ayarlanabilir-baskili\\\/\",\"url\":\"https:\\\/\\\/www.plasis.com.tr\\\/urun\\\/saten-kumas-bileklik-ayarlanabilir-baskili\\\/\",\"name\":\"Saten Kuma\u015f Bileklik Ayarlanabilir Bask\u0131l\u0131 - Plasis\",\"isPartOf\":{\"@id\":\"https:\\\/\\\/www.plasis.com.tr\\\/#website\"},\"primaryImageOfPage\":{\"@id\":\"https:\\\/\\\/www.plasis.com.tr\\\/urun\\\/saten-kumas-bileklik-ayarlanabilir-baskili\\\/#primaryimage\"},\"image\":{\"@id\":\"https:\\\/\\\/www.plasis.com.tr\\\/urun\\\/saten-kumas-bileklik-ayarlanabilir-baskili\\\/#primaryimage\"},\"thumbnailUrl\":\"https:\\\/\\\/www.plasis.com.tr\\\/wp-content\\\/uploads\\\/2022\\\/08\\\/saten_bileklik_baskili.jpg\",\"datePublished\":\"2022-08-10T15:10:58+00:00\",\"dateModified\":\"2026-01-13T14:09:54+00:00\",\"breadcrumb\":{\"@id\":\"https:\\\/\\\/www.plasis.com.tr\\\/urun\\\/saten-kumas-bileklik-ayarlanabilir-baskili\\\/#breadcrumb\"},\"inLanguage\":\"en-US\",\"potentialAction\":[{\"@type\":\"ReadAction\",\"target\":[\"https:\\\/\\\/www.plasis.com.tr\\\/urun\\\/saten-kumas-bileklik-ayarlanabilir-baskili\\\/\"]}]},{\"@type\":\"ImageObject\",\"inLanguage\":\"en-US\",\"@id\":\"https:\\\/\\\/www.plasis.com.tr\\\/urun\\\/saten-kumas-bileklik-ayarlanabilir-baskili\\\/#primaryimage\",\"url\":\"https:\\\/\\\/www.plasis.com.tr\\\/wp-content\\\/uploads\\\/2022\\\/08\\\/saten_bileklik_baskili.jpg\",\"contentUrl\":\"https:\\\/\\\/www.plasis.com.tr\\\/wp-content\\\/uploads\\\/2022\\\/08\\\/saten_bileklik_baskili.jpg\",\"width\":876,\"height\":549,\"caption\":\"ayarl\u0131 saten kuma\u015f bileklik\"},{\"@type\":\"BreadcrumbList\",\"@id\":\"https:\\\/\\\/www.plasis.com.tr\\\/urun\\\/saten-kumas-bileklik-ayarlanabilir-baskili\\\/#breadcrumb\",\"itemListElement\":[{\"@type\":\"ListItem\",\"position\":1,\"name\":\"Ana sayfa\",\"item\":\"https:\\\/\\\/www.plasis.com.tr\\\/en\\\/\"},{\"@type\":\"ListItem\",\"position\":2,\"name\":\"\u00dcr\u00fcnlerimiz\",\"item\":\"https:\\\/\\\/www.plasis.com.tr\\\/urunlerimiz\\\/\"},{\"@type\":\"ListItem\",\"position\":3,\"name\":\"Saten Kuma\u015f Bileklik Ayarlanabilir Bask\u0131l\u0131\"}]},{\"@type\":\"WebSite\",\"@id\":\"https:\\\/\\\/www.plasis.com.tr\\\/#website\",\"url\":\"https:\\\/\\\/www.plasis.com.tr\\\/\",\"name\":\"Plasis\",\"description\":\"We provide the industry's leading Card production, Printing and System support.\",\"potentialAction\":[{\"@type\":\"SearchAction\",\"target\":{\"@type\":\"EntryPoint\",\"urlTemplate\":\"https:\\\/\\\/www.plasis.com.tr\\\/?s={search_term_string}\"},\"query-input\":{\"@type\":\"PropertyValueSpecification\",\"valueRequired\":true,\"valueName\":\"search_term_string\"}}],\"inLanguage\":\"en-US\"}]}<\/script>\n<!-- \/ Yoast SEO plugin. -->","yoast_head_json":{"title":"Saten Kuma\u015f Bileklik Ayarlanabilir Bask\u0131l\u0131 - Plasis","robots":{"index":"index","follow":"follow","max-snippet":"max-snippet:-1","max-image-preview":"max-image-preview:large","max-video-preview":"max-video-preview:-1"},"canonical":"https:\/\/www.plasis.com.tr\/urun\/saten-kumas-bileklik-ayarlanabilir-baskili\/","schema":{"@context":"https:\/\/schema.org","@graph":[{"@type":"WebPage","@id":"https:\/\/www.plasis.com.tr\/urun\/saten-kumas-bileklik-ayarlanabilir-baskili\/","url":"https:\/\/www.plasis.com.tr\/urun\/saten-kumas-bileklik-ayarlanabilir-baskili\/","name":"Saten Kuma\u015f Bileklik Ayarlanabilir Bask\u0131l\u0131 - Plasis","isPartOf":{"@id":"https:\/\/www.plasis.com.tr\/#website"},"primaryImageOfPage":{"@id":"https:\/\/www.plasis.com.tr\/urun\/saten-kumas-bileklik-ayarlanabilir-baskili\/#primaryimage"},"image":{"@id":"https:\/\/www.plasis.com.tr\/urun\/saten-kumas-bileklik-ayarlanabilir-baskili\/#primaryimage"},"thumbnailUrl":"https:\/\/www.plasis.com.tr\/wp-content\/uploads\/2022\/08\/saten_bileklik_baskili.jpg","datePublished":"2022-08-10T15:10:58+00:00","dateModified":"2026-01-13T14:09:54+00:00","breadcrumb":{"@id":"https:\/\/www.plasis.com.tr\/urun\/saten-kumas-bileklik-ayarlanabilir-baskili\/#breadcrumb"},"inLanguage":"en-US","potentialAction":[{"@type":"ReadAction","target":["https:\/\/www.plasis.com.tr\/urun\/saten-kumas-bileklik-ayarlanabilir-baskili\/"]}]},{"@type":"ImageObject","inLanguage":"en-US","@id":"https:\/\/www.plasis.com.tr\/urun\/saten-kumas-bileklik-ayarlanabilir-baskili\/#primaryimage","url":"https:\/\/www.plasis.com.tr\/wp-content\/uploads\/2022\/08\/saten_bileklik_baskili.jpg","contentUrl":"https:\/\/www.plasis.com.tr\/wp-content\/uploads\/2022\/08\/saten_bileklik_baskili.jpg","width":876,"height":549,"caption":"ayarl\u0131 saten kuma\u015f bileklik"},{"@type":"BreadcrumbList","@id":"https:\/\/www.plasis.com.tr\/urun\/saten-kumas-bileklik-ayarlanabilir-baskili\/#breadcrumb","itemListElement":[{"@type":"ListItem","position":1,"name":"Ana sayfa","item":"https:\/\/www.plasis.com.tr\/en\/"},{"@type":"ListItem","position":2,"name":"\u00dcr\u00fcnlerimiz","item":"https:\/\/www.plasis.com.tr\/urunlerimiz\/"},{"@type":"ListItem","position":3,"name":"Saten Kuma\u015f Bileklik Ayarlanabilir Bask\u0131l\u0131"}]},{"@type":"WebSite","@id":"https:\/\/www.plasis.com.tr\/#website","url":"https:\/\/www.plasis.com.tr\/","name":"Plasis","description":"We provide the industry's leading Card production, Printing and System support.","potentialAction":[{"@type":"SearchAction","target":{"@type":"EntryPoint","urlTemplate":"https:\/\/www.plasis.com.tr\/?s={search_term_string}"},"query-input":{"@type":"PropertyValueSpecification","valueRequired":true,"valueName":"search_term_string"}}],"inLanguage":"en-US"}]}},"_links":{"self":[{"href":"https:\/\/www.plasis.com.tr\/en\/wp-json\/wp\/v2\/product\/7839","targetHints":{"allow":["GET"]}}],"collection":[{"href":"https:\/\/www.plasis.com.tr\/en\/wp-json\/wp\/v2\/product"}],"about":[{"href":"https:\/\/www.plasis.com.tr\/en\/wp-json\/wp\/v2\/types\/product"}],"replies":[{"embeddable":true,"href":"https:\/\/www.plasis.com.tr\/en\/wp-json\/wp\/v2\/comments?post=7839"}],"wp:featuredmedia":[{"embeddable":true,"href":"https:\/\/www.plasis.com.tr\/en\/wp-json\/wp\/v2\/media\/7843"}],"wp:attachment":[{"href":"https:\/\/www.plasis.com.tr\/en\/wp-json\/wp\/v2\/media?parent=7839"}],"wp:term":[{"taxonomy":"product_brand","embeddable":true,"href":"https:\/\/www.plasis.com.tr\/en\/wp-json\/wp\/v2\/product_brand?post=7839"},{"taxonomy":"product_cat","embeddable":true,"href":"https:\/\/www.plasis.com.tr\/en\/wp-json\/wp\/v2\/product_cat?post=7839"},{"taxonomy":"product_tag","embeddable":true,"href":"https:\/\/www.plasis.com.tr\/en\/wp-json\/wp\/v2\/product_tag?post=7839"}],"curies":[{"name":"wp","href":"https:\/\/api.w.org\/{rel}","templated":true}]}}