{"id":7828,"date":"2022-08-10T12:56:21","date_gmt":"2022-08-10T09:56:21","guid":{"rendered":"https:\/\/www.plasis.com.tr\/?post_type=product&#038;p=7828"},"modified":"2026-01-13T17:10:19","modified_gmt":"2026-01-13T14:10:19","slug":"silikon-bileklik-etkinlik-bilekligi","status":"publish","type":"product","link":"https:\/\/www.plasis.com.tr\/en\/urun\/silikon-bileklik-etkinlik-bilekligi\/","title":{"rendered":"Silikon Bileklik \/ Etkinlik Bilekli\u011fi"},"content":{"rendered":"<h1>Silikon Bileklik \/ Etkinlik Bilekli\u011fi<\/h1>\n<h2>Silikon kol band\u0131 \/ logolu bileklik \/ festival bileklik \/ bask\u0131l\u0131 silikon bileklik<\/h2>\n<ul>\n<li>Bir\u00e7ok renk se\u00e7ene\u011fi bulunan tak \u00e7\u0131kar\u00a0 renkli silikon bileklik.<\/li>\n<li>\u0130ster aksesuar olarak ister reklam ve promosyon \u00fcr\u00fcn\u00fc i\u00e7in kullan\u0131l\u0131r.<\/li>\n<li>Diledi\u011finiz logo ve yaz\u0131y\u0131 yazarak kendinize \u00f6zel ki\u015fiselle\u015ftirme yapabilirsiniz.<\/li>\n<li>%100 silikon malzemeden \u00fcretilmi\u015ftir.<\/li>\n<li>Dayan\u0131kl\u0131 ve ekonomiktir.<\/li>\n<li>size \u00f6zel \u00fcretilir.<\/li>\n<li>Bask\u0131 suya dayan\u0131kl\u0131d\u0131r.<\/li>\n<\/ul>\n<h2>Kullan\u0131m alanlar\u0131:<\/h2>\n<ul>\n<li>Festival,<\/li>\n<li>e\u011flence mekanlar\u0131,<\/li>\n<li>konser,<\/li>\n<li>okul etkinlikleri,<\/li>\n<li>kutlama organizasyonlar\u0131,<\/li>\n<li>kamp aktiviteleri<\/li>\n<\/ul>\n<p>gibi \u00e7e\u015fitli bir\u00e7ok alanda kullanabilirsiniz.<\/p>\n<p>\u0130nce silikon bileklik sayesinde bile\u011finizde \u015f\u0131k bir g\u00f6r\u00fcnt\u00fc olu\u015fturmaktad\u0131r.<\/p>\n<p>Logonuzu g\u00f6nderin size \u00f6zel \u00fcretim yapal\u0131m. (whatsapp 05432893792 e-mail info@plasis.com.tr ) <strong>Fiyat bask\u0131s\u0131z bileklikler i\u00e7in ge\u00e7erli birim fiyatt\u0131r.<\/strong><\/p>\n<ol>\n<li>Bask\u0131l\u0131 Silikon bileklik i\u00e7in \u00fccretsiz tasar\u0131m deste\u011fi<\/li>\n<li>Bask\u0131s\u0131z silikon bileklik i\u00e7in ge\u00e7erlidir. Bask\u0131 dahil de\u011fildir. G\u00f6rsel olarak kullan\u0131lm\u0131\u015ft\u0131r.<\/li>\n<li>Resimlerdeki<strong> bask\u0131l\u0131 silikon<\/strong> bileklik <strong>ek \u00fccrete tabidir<\/strong>. Bask\u0131 teklif isteyiniz.<\/li>\n<li><strong>Fiyat bask\u0131s\u0131z bileklikler i\u00e7in ge\u00e7erli birim fiyatt\u0131r.<\/strong><\/li>\n<li>sipari\u015f miktar\u0131n\u0131z artt\u0131k\u00e7a fiyat\u0131n\u0131z\u00a0<strong>azal\u0131r<\/strong>. Sipari\u015f miktar\u0131n\u0131z azald\u0131k\u00e7a fiyat\u0131n\u0131z\u00a0<strong>artar<\/strong>. \u0130htiyac\u0131n\u0131z olan miktar i\u00e7in size \u00f6zel teklif isteyiniz.<\/li>\n<li>resimlerdeki \u00fcr\u00fcnler 202 mm uzunlu\u011funda 12mm kal\u0131nl\u0131\u011f\u0131ndad\u0131r. sipari\u015flerinizde daha farkl\u0131 boy ve geni\u015flikler tercih edebilirsiniz.<\/li>\n<li><strong>Uzunluk<\/strong><br \/>\n160 mm bebek boy<br \/>\n180 mm \u00e7ocuk boy<br \/>\n202 mm yeti\u015fkin boy <strong>\u00dcretilen bileklik geni\u015flikleri<\/strong><br \/>\n12mm<br \/>\n15mm<br \/>\n25mm<strong>Geni\u015flik 12mm ve 6 mm imalat\u0131 var<\/strong><br \/>\n<strong>%100 Yerli \u00dcretim<\/strong><\/li>\n<\/ol>\n<p>&nbsp;<\/p>\n<p>&nbsp;<\/p>\n","protected":false},"excerpt":{"rendered":"<p>Silikon Bileklik \/ Etkinlik Bilekli\u011fi \/ Silikon kol band\u0131 \/ logolu bileklik \/ festival bileklik \/ bask\u0131l\u0131 silikon bileklik<\/p>\n","protected":false},"featured_media":7829,"comment_status":"closed","ping_status":"closed","template":"","meta":[],"product_brand":[],"product_cat":[1081],"product_tag":[1075,1076,1077,1078,1079,1059,1080],"class_list":{"0":"post-7828","1":"product","2":"type-product","3":"status-publish","4":"has-post-thumbnail","6":"product_cat-bileklik-cesitleri-kumas-tyvek-kagit-plastik-silikon-rfid-tum-cesitler-ve-fiyatlar","7":"product_tag-baskili-silikon-bileklik","8":"product_tag-festival-bilekligi","9":"product_tag-ince-silikon-bileklik","10":"product_tag-logolu-bileklik","11":"product_tag-renkli-silikon-bileklik","12":"product_tag-silikon-bileklik","13":"product_tag-silikon-kol-bandi","15":"first","16":"instock","17":"taxable","18":"shipping-taxable","19":"purchasable","20":"product-type-simple","21":"prodpage-style2"},"yoast_head":"<!-- This site is optimized with the Yoast SEO plugin v27.3 - https:\/\/yoast.com\/product\/yoast-seo-wordpress\/ -->\n<title>Silikon Bileklik \/ Etkinlik Bilekli\u011fi - Plasis<\/title>\n<meta name=\"robots\" content=\"index, follow, max-snippet:-1, max-image-preview:large, max-video-preview:-1\" \/>\n<link rel=\"canonical\" href=\"https:\/\/www.plasis.com.tr\/urun\/silikon-bileklik-etkinlik-bilekligi\/\" \/>\n<script type=\"application\/ld+json\" class=\"yoast-schema-graph\">{\"@context\":\"https:\\\/\\\/schema.org\",\"@graph\":[{\"@type\":\"WebPage\",\"@id\":\"https:\\\/\\\/www.plasis.com.tr\\\/urun\\\/silikon-bileklik-etkinlik-bilekligi\\\/\",\"url\":\"https:\\\/\\\/www.plasis.com.tr\\\/urun\\\/silikon-bileklik-etkinlik-bilekligi\\\/\",\"name\":\"Silikon Bileklik \\\/ Etkinlik Bilekli\u011fi - Plasis\",\"isPartOf\":{\"@id\":\"https:\\\/\\\/www.plasis.com.tr\\\/#website\"},\"primaryImageOfPage\":{\"@id\":\"https:\\\/\\\/www.plasis.com.tr\\\/urun\\\/silikon-bileklik-etkinlik-bilekligi\\\/#primaryimage\"},\"image\":{\"@id\":\"https:\\\/\\\/www.plasis.com.tr\\\/urun\\\/silikon-bileklik-etkinlik-bilekligi\\\/#primaryimage\"},\"thumbnailUrl\":\"https:\\\/\\\/www.plasis.com.tr\\\/wp-content\\\/uploads\\\/2022\\\/08\\\/silikon_bileklik.jpg\",\"datePublished\":\"2022-08-10T09:56:21+00:00\",\"dateModified\":\"2026-01-13T14:10:19+00:00\",\"breadcrumb\":{\"@id\":\"https:\\\/\\\/www.plasis.com.tr\\\/urun\\\/silikon-bileklik-etkinlik-bilekligi\\\/#breadcrumb\"},\"inLanguage\":\"en-US\",\"potentialAction\":[{\"@type\":\"ReadAction\",\"target\":[\"https:\\\/\\\/www.plasis.com.tr\\\/urun\\\/silikon-bileklik-etkinlik-bilekligi\\\/\"]}]},{\"@type\":\"ImageObject\",\"inLanguage\":\"en-US\",\"@id\":\"https:\\\/\\\/www.plasis.com.tr\\\/urun\\\/silikon-bileklik-etkinlik-bilekligi\\\/#primaryimage\",\"url\":\"https:\\\/\\\/www.plasis.com.tr\\\/wp-content\\\/uploads\\\/2022\\\/08\\\/silikon_bileklik.jpg\",\"contentUrl\":\"https:\\\/\\\/www.plasis.com.tr\\\/wp-content\\\/uploads\\\/2022\\\/08\\\/silikon_bileklik.jpg\",\"width\":876,\"height\":573,\"caption\":\"renkli bask\u0131l\u0131 silikon bileklik\"},{\"@type\":\"BreadcrumbList\",\"@id\":\"https:\\\/\\\/www.plasis.com.tr\\\/urun\\\/silikon-bileklik-etkinlik-bilekligi\\\/#breadcrumb\",\"itemListElement\":[{\"@type\":\"ListItem\",\"position\":1,\"name\":\"Ana sayfa\",\"item\":\"https:\\\/\\\/www.plasis.com.tr\\\/en\\\/\"},{\"@type\":\"ListItem\",\"position\":2,\"name\":\"\u00dcr\u00fcnlerimiz\",\"item\":\"https:\\\/\\\/www.plasis.com.tr\\\/urunlerimiz\\\/\"},{\"@type\":\"ListItem\",\"position\":3,\"name\":\"Silikon Bileklik \\\/ Etkinlik Bilekli\u011fi\"}]},{\"@type\":\"WebSite\",\"@id\":\"https:\\\/\\\/www.plasis.com.tr\\\/#website\",\"url\":\"https:\\\/\\\/www.plasis.com.tr\\\/\",\"name\":\"Plasis\",\"description\":\"We provide the industry's leading Card production, Printing and System support.\",\"potentialAction\":[{\"@type\":\"SearchAction\",\"target\":{\"@type\":\"EntryPoint\",\"urlTemplate\":\"https:\\\/\\\/www.plasis.com.tr\\\/?s={search_term_string}\"},\"query-input\":{\"@type\":\"PropertyValueSpecification\",\"valueRequired\":true,\"valueName\":\"search_term_string\"}}],\"inLanguage\":\"en-US\"}]}<\/script>\n<!-- \/ Yoast SEO plugin. -->","yoast_head_json":{"title":"Silikon Bileklik \/ Etkinlik Bilekli\u011fi - Plasis","robots":{"index":"index","follow":"follow","max-snippet":"max-snippet:-1","max-image-preview":"max-image-preview:large","max-video-preview":"max-video-preview:-1"},"canonical":"https:\/\/www.plasis.com.tr\/urun\/silikon-bileklik-etkinlik-bilekligi\/","schema":{"@context":"https:\/\/schema.org","@graph":[{"@type":"WebPage","@id":"https:\/\/www.plasis.com.tr\/urun\/silikon-bileklik-etkinlik-bilekligi\/","url":"https:\/\/www.plasis.com.tr\/urun\/silikon-bileklik-etkinlik-bilekligi\/","name":"Silikon Bileklik \/ Etkinlik Bilekli\u011fi - Plasis","isPartOf":{"@id":"https:\/\/www.plasis.com.tr\/#website"},"primaryImageOfPage":{"@id":"https:\/\/www.plasis.com.tr\/urun\/silikon-bileklik-etkinlik-bilekligi\/#primaryimage"},"image":{"@id":"https:\/\/www.plasis.com.tr\/urun\/silikon-bileklik-etkinlik-bilekligi\/#primaryimage"},"thumbnailUrl":"https:\/\/www.plasis.com.tr\/wp-content\/uploads\/2022\/08\/silikon_bileklik.jpg","datePublished":"2022-08-10T09:56:21+00:00","dateModified":"2026-01-13T14:10:19+00:00","breadcrumb":{"@id":"https:\/\/www.plasis.com.tr\/urun\/silikon-bileklik-etkinlik-bilekligi\/#breadcrumb"},"inLanguage":"en-US","potentialAction":[{"@type":"ReadAction","target":["https:\/\/www.plasis.com.tr\/urun\/silikon-bileklik-etkinlik-bilekligi\/"]}]},{"@type":"ImageObject","inLanguage":"en-US","@id":"https:\/\/www.plasis.com.tr\/urun\/silikon-bileklik-etkinlik-bilekligi\/#primaryimage","url":"https:\/\/www.plasis.com.tr\/wp-content\/uploads\/2022\/08\/silikon_bileklik.jpg","contentUrl":"https:\/\/www.plasis.com.tr\/wp-content\/uploads\/2022\/08\/silikon_bileklik.jpg","width":876,"height":573,"caption":"renkli bask\u0131l\u0131 silikon bileklik"},{"@type":"BreadcrumbList","@id":"https:\/\/www.plasis.com.tr\/urun\/silikon-bileklik-etkinlik-bilekligi\/#breadcrumb","itemListElement":[{"@type":"ListItem","position":1,"name":"Ana sayfa","item":"https:\/\/www.plasis.com.tr\/en\/"},{"@type":"ListItem","position":2,"name":"\u00dcr\u00fcnlerimiz","item":"https:\/\/www.plasis.com.tr\/urunlerimiz\/"},{"@type":"ListItem","position":3,"name":"Silikon Bileklik \/ Etkinlik Bilekli\u011fi"}]},{"@type":"WebSite","@id":"https:\/\/www.plasis.com.tr\/#website","url":"https:\/\/www.plasis.com.tr\/","name":"Plasis","description":"We provide the industry's leading Card production, Printing and System support.","potentialAction":[{"@type":"SearchAction","target":{"@type":"EntryPoint","urlTemplate":"https:\/\/www.plasis.com.tr\/?s={search_term_string}"},"query-input":{"@type":"PropertyValueSpecification","valueRequired":true,"valueName":"search_term_string"}}],"inLanguage":"en-US"}]}},"_links":{"self":[{"href":"https:\/\/www.plasis.com.tr\/en\/wp-json\/wp\/v2\/product\/7828","targetHints":{"allow":["GET"]}}],"collection":[{"href":"https:\/\/www.plasis.com.tr\/en\/wp-json\/wp\/v2\/product"}],"about":[{"href":"https:\/\/www.plasis.com.tr\/en\/wp-json\/wp\/v2\/types\/product"}],"replies":[{"embeddable":true,"href":"https:\/\/www.plasis.com.tr\/en\/wp-json\/wp\/v2\/comments?post=7828"}],"wp:featuredmedia":[{"embeddable":true,"href":"https:\/\/www.plasis.com.tr\/en\/wp-json\/wp\/v2\/media\/7829"}],"wp:attachment":[{"href":"https:\/\/www.plasis.com.tr\/en\/wp-json\/wp\/v2\/media?parent=7828"}],"wp:term":[{"taxonomy":"product_brand","embeddable":true,"href":"https:\/\/www.plasis.com.tr\/en\/wp-json\/wp\/v2\/product_brand?post=7828"},{"taxonomy":"product_cat","embeddable":true,"href":"https:\/\/www.plasis.com.tr\/en\/wp-json\/wp\/v2\/product_cat?post=7828"},{"taxonomy":"product_tag","embeddable":true,"href":"https:\/\/www.plasis.com.tr\/en\/wp-json\/wp\/v2\/product_tag?post=7828"}],"curies":[{"name":"wp","href":"https:\/\/api.w.org\/{rel}","templated":true}]}}