{"id":7799,"date":"2022-08-04T18:42:48","date_gmt":"2022-08-04T15:42:48","guid":{"rendered":"https:\/\/www.plasis.com.tr\/?post_type=product&#038;p=7799"},"modified":"2026-03-11T12:27:49","modified_gmt":"2026-03-11T09:27:49","slug":"silikon-bileklik-ayarlanabilir-saat-tipi-rfid-bileklik","status":"publish","type":"product","link":"https:\/\/www.plasis.com.tr\/en\/urun\/silikon-bileklik-ayarlanabilir-saat-tipi-rfid-bileklik\/","title":{"rendered":"Silikon bileklik ayarlanabilir saat tipi RFID bileklik"},"content":{"rendered":"<h1>Silikon bileklik ayarlanabilir saat tipi RFID bileklik<\/h1>\n<h2>Rengarenk, y\u00fcksek kalite ve mesafe<\/h2>\n<ul>\n<li><span style=\"color: #ff0000;\">k\u0131rm\u0131z\u0131<\/span><\/li>\n<li><span style=\"color: #0000ff;\">mavi<\/span><\/li>\n<li><span style=\"color: #ff9900;\">turuncu<\/span><\/li>\n<li><strong><span style=\"color: #ffff00;\">sar\u0131<\/span><\/strong><\/li>\n<li>siyah<\/li>\n<\/ul>\n<p>renklerde silikon RFID bileklik<\/p>\n<h2>Ayarlanabilir, her bile\u011fe uygun kullan\u0131\u015fl\u0131<\/h2>\n<ul>\n<li>saat tipi silikon bileklik.<\/li>\n<li>her bile\u011fe uygun ayarlanabilir.<\/li>\n<\/ul>\n<p>&nbsp;<\/p>\n<h2>Y\u00fcksek teknoloji tam uyum<\/h2>\n<ul>\n<li>rfid bileklikler 125 Khz veya 13.56mhz frekanslar\u0131nda \u00e7al\u0131\u015f\u0131rlar.<\/li>\n<li>kulland\u0131\u011f\u0131n\u0131z frekansa uygun olarak sorunsuz \u015fekilde \u00e7al\u0131\u015f\u0131rlar.<\/li>\n<li>Personel veya \u00fcye ge\u00e7i\u015fleri daha seri ve sorunsuz olmaktad\u0131r.<\/li>\n<li>S\u00fcrt\u00fcnme veya deformasyon s\u00f6z konusu olamaz.<\/li>\n<\/ul>\n<p>&nbsp;<\/p>\n<h2>Teknik \u00f6zellikler<\/h2>\n<ul>\n<li>Sistem kurulumunuza g\u00f6re 125 Khz&#8217;lik olarak yada 13.56mhz&#8217;lik iki tip rfid bileklik \u00e7e\u015fidi.<\/li>\n<li>Bile\u011fe g\u00f6re ayarlanabilir \u00f6zelli\u011fi kolay kullan\u0131m sa\u011flar.<\/li>\n<li>Proximity bilekli\u011fin okuyucuya fiziksel temas\u0131 gerekmemektedir.<\/li>\n<li>Proximity bileklik 5-10 cm mesafeden okunabilme \u00f6zelli\u011fine sahiptir.<\/li>\n<li>Turnike, spor salonu, havuz, dolap kilidi gibi sistemlerle uyumludur.<\/li>\n<li>SUDAN ETK\u0130LENMEZ,YUMU\u015eAK DOKUSU VE AYARLANAB\u0130L\u0130R \u00d6ZELL\u0130\u011e\u0130 \u0130LE B\u0130LE\u011e\u0130N\u0130Z\u2019LE UYUMLUDUR.<\/li>\n<\/ul>\n","protected":false},"excerpt":{"rendered":"<p>Silikon bileklik ayarlanabilir saat tipi RFID bileklik 125Khz &#8211; 13.56mhz<\/p>\n","protected":false},"featured_media":7800,"comment_status":"closed","ping_status":"closed","template":"","meta":[],"product_brand":[],"product_cat":[1058],"product_tag":[1060,1061,1062,876,877,1063,1059],"class_list":{"0":"post-7799","1":"product","2":"type-product","3":"status-publish","4":"has-post-thumbnail","6":"product_cat-akilli-rfid-bileklikler","7":"product_tag-125-khz","8":"product_tag-13-56mhz","9":"product_tag-ayarlanabilir-bileklik","10":"product_tag-proximity-bileklik","11":"product_tag-rfid-bileklik","12":"product_tag-saat-tipi","13":"product_tag-silikon-bileklik","15":"first","16":"instock","17":"taxable","18":"shipping-taxable","19":"purchasable","20":"product-type-variable","21":"prodpage-style2"},"yoast_head":"<!-- This site is optimized with the Yoast SEO plugin v27.3 - https:\/\/yoast.com\/product\/yoast-seo-wordpress\/ -->\n<title>Silikon bileklik ayarlanabilir saat tipi RFID bileklik - Plasis<\/title>\n<meta name=\"robots\" content=\"index, follow, max-snippet:-1, max-image-preview:large, max-video-preview:-1\" \/>\n<link rel=\"canonical\" href=\"https:\/\/www.plasis.com.tr\/urun\/silikon-bileklik-ayarlanabilir-saat-tipi-rfid-bileklik\/\" \/>\n<script type=\"application\/ld+json\" class=\"yoast-schema-graph\">{\"@context\":\"https:\\\/\\\/schema.org\",\"@graph\":[{\"@type\":\"WebPage\",\"@id\":\"https:\\\/\\\/www.plasis.com.tr\\\/urun\\\/silikon-bileklik-ayarlanabilir-saat-tipi-rfid-bileklik\\\/\",\"url\":\"https:\\\/\\\/www.plasis.com.tr\\\/urun\\\/silikon-bileklik-ayarlanabilir-saat-tipi-rfid-bileklik\\\/\",\"name\":\"Silikon bileklik ayarlanabilir saat tipi RFID bileklik - Plasis\",\"isPartOf\":{\"@id\":\"https:\\\/\\\/www.plasis.com.tr\\\/#website\"},\"primaryImageOfPage\":{\"@id\":\"https:\\\/\\\/www.plasis.com.tr\\\/urun\\\/silikon-bileklik-ayarlanabilir-saat-tipi-rfid-bileklik\\\/#primaryimage\"},\"image\":{\"@id\":\"https:\\\/\\\/www.plasis.com.tr\\\/urun\\\/silikon-bileklik-ayarlanabilir-saat-tipi-rfid-bileklik\\\/#primaryimage\"},\"thumbnailUrl\":\"https:\\\/\\\/www.plasis.com.tr\\\/wp-content\\\/uploads\\\/2022\\\/08\\\/Silikon_proximity_bileklik.jpg\",\"datePublished\":\"2022-08-04T15:42:48+00:00\",\"dateModified\":\"2026-03-11T09:27:49+00:00\",\"breadcrumb\":{\"@id\":\"https:\\\/\\\/www.plasis.com.tr\\\/urun\\\/silikon-bileklik-ayarlanabilir-saat-tipi-rfid-bileklik\\\/#breadcrumb\"},\"inLanguage\":\"en-US\",\"potentialAction\":[{\"@type\":\"ReadAction\",\"target\":[\"https:\\\/\\\/www.plasis.com.tr\\\/urun\\\/silikon-bileklik-ayarlanabilir-saat-tipi-rfid-bileklik\\\/\"]}]},{\"@type\":\"ImageObject\",\"inLanguage\":\"en-US\",\"@id\":\"https:\\\/\\\/www.plasis.com.tr\\\/urun\\\/silikon-bileklik-ayarlanabilir-saat-tipi-rfid-bileklik\\\/#primaryimage\",\"url\":\"https:\\\/\\\/www.plasis.com.tr\\\/wp-content\\\/uploads\\\/2022\\\/08\\\/Silikon_proximity_bileklik.jpg\",\"contentUrl\":\"https:\\\/\\\/www.plasis.com.tr\\\/wp-content\\\/uploads\\\/2022\\\/08\\\/Silikon_proximity_bileklik.jpg\",\"width\":662,\"height\":563,\"caption\":\"Proximity RFID silikon bileklik\"},{\"@type\":\"BreadcrumbList\",\"@id\":\"https:\\\/\\\/www.plasis.com.tr\\\/urun\\\/silikon-bileklik-ayarlanabilir-saat-tipi-rfid-bileklik\\\/#breadcrumb\",\"itemListElement\":[{\"@type\":\"ListItem\",\"position\":1,\"name\":\"Ana sayfa\",\"item\":\"https:\\\/\\\/www.plasis.com.tr\\\/en\\\/\"},{\"@type\":\"ListItem\",\"position\":2,\"name\":\"\u00dcr\u00fcnlerimiz\",\"item\":\"https:\\\/\\\/www.plasis.com.tr\\\/urunlerimiz\\\/\"},{\"@type\":\"ListItem\",\"position\":3,\"name\":\"Silikon bileklik ayarlanabilir saat tipi RFID bileklik\"}]},{\"@type\":\"WebSite\",\"@id\":\"https:\\\/\\\/www.plasis.com.tr\\\/#website\",\"url\":\"https:\\\/\\\/www.plasis.com.tr\\\/\",\"name\":\"Plasis\",\"description\":\"We provide the industry's leading Card production, Printing and System support.\",\"potentialAction\":[{\"@type\":\"SearchAction\",\"target\":{\"@type\":\"EntryPoint\",\"urlTemplate\":\"https:\\\/\\\/www.plasis.com.tr\\\/?s={search_term_string}\"},\"query-input\":{\"@type\":\"PropertyValueSpecification\",\"valueRequired\":true,\"valueName\":\"search_term_string\"}}],\"inLanguage\":\"en-US\"}]}<\/script>\n<!-- \/ Yoast SEO plugin. -->","yoast_head_json":{"title":"Silikon bileklik ayarlanabilir saat tipi RFID bileklik - Plasis","robots":{"index":"index","follow":"follow","max-snippet":"max-snippet:-1","max-image-preview":"max-image-preview:large","max-video-preview":"max-video-preview:-1"},"canonical":"https:\/\/www.plasis.com.tr\/urun\/silikon-bileklik-ayarlanabilir-saat-tipi-rfid-bileklik\/","schema":{"@context":"https:\/\/schema.org","@graph":[{"@type":"WebPage","@id":"https:\/\/www.plasis.com.tr\/urun\/silikon-bileklik-ayarlanabilir-saat-tipi-rfid-bileklik\/","url":"https:\/\/www.plasis.com.tr\/urun\/silikon-bileklik-ayarlanabilir-saat-tipi-rfid-bileklik\/","name":"Silikon bileklik ayarlanabilir saat tipi RFID bileklik - Plasis","isPartOf":{"@id":"https:\/\/www.plasis.com.tr\/#website"},"primaryImageOfPage":{"@id":"https:\/\/www.plasis.com.tr\/urun\/silikon-bileklik-ayarlanabilir-saat-tipi-rfid-bileklik\/#primaryimage"},"image":{"@id":"https:\/\/www.plasis.com.tr\/urun\/silikon-bileklik-ayarlanabilir-saat-tipi-rfid-bileklik\/#primaryimage"},"thumbnailUrl":"https:\/\/www.plasis.com.tr\/wp-content\/uploads\/2022\/08\/Silikon_proximity_bileklik.jpg","datePublished":"2022-08-04T15:42:48+00:00","dateModified":"2026-03-11T09:27:49+00:00","breadcrumb":{"@id":"https:\/\/www.plasis.com.tr\/urun\/silikon-bileklik-ayarlanabilir-saat-tipi-rfid-bileklik\/#breadcrumb"},"inLanguage":"en-US","potentialAction":[{"@type":"ReadAction","target":["https:\/\/www.plasis.com.tr\/urun\/silikon-bileklik-ayarlanabilir-saat-tipi-rfid-bileklik\/"]}]},{"@type":"ImageObject","inLanguage":"en-US","@id":"https:\/\/www.plasis.com.tr\/urun\/silikon-bileklik-ayarlanabilir-saat-tipi-rfid-bileklik\/#primaryimage","url":"https:\/\/www.plasis.com.tr\/wp-content\/uploads\/2022\/08\/Silikon_proximity_bileklik.jpg","contentUrl":"https:\/\/www.plasis.com.tr\/wp-content\/uploads\/2022\/08\/Silikon_proximity_bileklik.jpg","width":662,"height":563,"caption":"Proximity RFID silikon bileklik"},{"@type":"BreadcrumbList","@id":"https:\/\/www.plasis.com.tr\/urun\/silikon-bileklik-ayarlanabilir-saat-tipi-rfid-bileklik\/#breadcrumb","itemListElement":[{"@type":"ListItem","position":1,"name":"Ana sayfa","item":"https:\/\/www.plasis.com.tr\/en\/"},{"@type":"ListItem","position":2,"name":"\u00dcr\u00fcnlerimiz","item":"https:\/\/www.plasis.com.tr\/urunlerimiz\/"},{"@type":"ListItem","position":3,"name":"Silikon bileklik ayarlanabilir saat tipi RFID bileklik"}]},{"@type":"WebSite","@id":"https:\/\/www.plasis.com.tr\/#website","url":"https:\/\/www.plasis.com.tr\/","name":"Plasis","description":"We provide the industry's leading Card production, Printing and System support.","potentialAction":[{"@type":"SearchAction","target":{"@type":"EntryPoint","urlTemplate":"https:\/\/www.plasis.com.tr\/?s={search_term_string}"},"query-input":{"@type":"PropertyValueSpecification","valueRequired":true,"valueName":"search_term_string"}}],"inLanguage":"en-US"}]}},"_links":{"self":[{"href":"https:\/\/www.plasis.com.tr\/en\/wp-json\/wp\/v2\/product\/7799","targetHints":{"allow":["GET"]}}],"collection":[{"href":"https:\/\/www.plasis.com.tr\/en\/wp-json\/wp\/v2\/product"}],"about":[{"href":"https:\/\/www.plasis.com.tr\/en\/wp-json\/wp\/v2\/types\/product"}],"replies":[{"embeddable":true,"href":"https:\/\/www.plasis.com.tr\/en\/wp-json\/wp\/v2\/comments?post=7799"}],"wp:featuredmedia":[{"embeddable":true,"href":"https:\/\/www.plasis.com.tr\/en\/wp-json\/wp\/v2\/media\/7800"}],"wp:attachment":[{"href":"https:\/\/www.plasis.com.tr\/en\/wp-json\/wp\/v2\/media?parent=7799"}],"wp:term":[{"taxonomy":"product_brand","embeddable":true,"href":"https:\/\/www.plasis.com.tr\/en\/wp-json\/wp\/v2\/product_brand?post=7799"},{"taxonomy":"product_cat","embeddable":true,"href":"https:\/\/www.plasis.com.tr\/en\/wp-json\/wp\/v2\/product_cat?post=7799"},{"taxonomy":"product_tag","embeddable":true,"href":"https:\/\/www.plasis.com.tr\/en\/wp-json\/wp\/v2\/product_tag?post=7799"}],"curies":[{"name":"wp","href":"https:\/\/api.w.org\/{rel}","templated":true}]}}