{"id":7792,"date":"2022-08-04T16:06:42","date_gmt":"2022-08-04T13:06:42","guid":{"rendered":"https:\/\/www.plasis.com.tr\/?post_type=product&#038;p=7792"},"modified":"2025-04-16T11:29:45","modified_gmt":"2025-04-16T08:29:45","slug":"zebra-zxp-series-3-renkli-ribon-ymcko-pn-800033-340","status":"publish","type":"product","link":"https:\/\/www.plasis.com.tr\/en\/urun\/zebra-zxp-series-3-renkli-ribon-ymcko-pn-800033-340\/","title":{"rendered":"Zebra ZXP Series 3 Renkli Ribon YMCKO PN: 800033-340"},"content":{"rendered":"<p><span style=\"font-size: 21px; font-family: 'times new roman', times;\"><strong>Zebra ZXP Series 3 true Colours Ribbon YMCKO PN: <span style=\"font-family: 'times new roman', times; font-size: 19px;\">800033-340<\/span><br \/>\n<\/strong><\/span><\/p>\n<p><span style=\"font-size: 21px; font-family: 'times new roman', times;\"><strong>Zebra ZXP 3 serisi renkli ribon<\/strong><\/span><\/p>\n<p><span style=\"color: #000000; font-family: 'times new roman', times;\"><strong>\u00a0 \u00a0 \u00a0<span style=\"font-size: 19px;\">Zebra zxp 3 renkli ribonun size sunduklar\u0131:<\/span><\/strong><\/span><\/p>\n<ul>\n<li><span style=\"font-family: 'times new roman', times; font-size: 19px;\">ger\u00e7ek renkler<\/span><\/li>\n<li><span style=\"font-family: 'times new roman', times; font-size: 19px;\">y\u00fcksek bask\u0131 kalitesi i\u00e7in tasarland\u0131<\/span><\/li>\n<li><span style=\"font-family: 'times new roman', times; font-size: 19px;\">tutarl\u0131 y\u00fcksek bask\u0131 kalitesi<\/span><\/li>\n<li><span style=\"font-family: 'times new roman', times; font-size: 19px;\">en iyi \u00fcretim kalitesi<\/span><\/li>\n<li><span style=\"font-family: 'times new roman', times; font-size: 19px;\">garantili uyumluluk<\/span><\/li>\n<li><span style=\"font-family: 'times new roman', times; font-size: 19px;\">optimize edilmi\u015f performans<\/span><\/li>\n<\/ul>\n<p><span style=\"font-family: 'times new roman', times; font-size: 19px;\">\u00a0 \u00a0 \u00a0<strong> Zebra ZXP 3 serisi renkli ribon \u00fcr\u00fcn detaylar\u0131:<\/strong><\/span><\/p>\n<ul>\n<li><span style=\"font-family: 'times new roman', times; font-size: 19px;\">\u00fcr\u00fcn kodu: 800033-340<\/span><\/li>\n<li><span style=\"font-family: 'times new roman', times; font-size: 19px;\">termal bask\u0131ya uyumludur.<\/span><\/li>\n<li><span style=\"font-family: 'times new roman', times; font-size: 19px;\">280 kart bask\u0131s\u0131 yapar (tek tarafa)<\/span><\/li>\n<li><span style=\"font-family: 'times new roman', times; font-size: 19px;\">140 kart bask\u0131s\u0131 yapar (\u00e7ift tarafl\u0131)<\/span><\/li>\n<\/ul>\n<p>&nbsp;<\/p>\n<p>&nbsp;<\/p>\n","protected":false},"excerpt":{"rendered":"<p><span style=\"font-size: 18px; font-family: 'times new roman', times;\">Zebra ZXP Series 3 true Colours Ribbon YMCKO PN: <span style=\"font-family: 'times new roman', times;\">800033-340<\/span><\/span><\/p>\n","protected":false},"featured_media":7793,"comment_status":"closed","ping_status":"closed","template":"","meta":[],"product_brand":[],"product_cat":[673],"product_tag":[1066,1068,1067,960,1064,1065],"class_list":{"0":"post-7792","1":"product","2":"type-product","3":"status-publish","4":"has-post-thumbnail","6":"product_cat-plastik-kart-yazicilar","7":"product_tag-800033-340","8":"product_tag-colours-ribbon","9":"product_tag-renkli-ribon","10":"product_tag-ymcko","11":"product_tag-zebra-ribon","12":"product_tag-zxp-3-ribon","14":"first","15":"instock","16":"taxable","17":"shipping-taxable","18":"purchasable","19":"product-type-simple","20":"prodpage-style2"},"yoast_head":"<!-- This site is optimized with the Yoast SEO plugin v27.3 - https:\/\/yoast.com\/product\/yoast-seo-wordpress\/ -->\n<title>Zebra ZXP Series 3 Renkli Ribon YMCKO PN: 800033-340 - Plasis<\/title>\n<meta name=\"robots\" content=\"index, follow, max-snippet:-1, max-image-preview:large, max-video-preview:-1\" \/>\n<link rel=\"canonical\" href=\"https:\/\/www.plasis.com.tr\/urun\/zebra-zxp-series-3-renkli-ribon-ymcko-pn-800033-340\/\" \/>\n<script type=\"application\/ld+json\" class=\"yoast-schema-graph\">{\"@context\":\"https:\\\/\\\/schema.org\",\"@graph\":[{\"@type\":\"WebPage\",\"@id\":\"https:\\\/\\\/www.plasis.com.tr\\\/urun\\\/zebra-zxp-series-3-renkli-ribon-ymcko-pn-800033-340\\\/\",\"url\":\"https:\\\/\\\/www.plasis.com.tr\\\/urun\\\/zebra-zxp-series-3-renkli-ribon-ymcko-pn-800033-340\\\/\",\"name\":\"Zebra ZXP Series 3 Renkli Ribon YMCKO PN: 800033-340 - Plasis\",\"isPartOf\":{\"@id\":\"https:\\\/\\\/www.plasis.com.tr\\\/#website\"},\"primaryImageOfPage\":{\"@id\":\"https:\\\/\\\/www.plasis.com.tr\\\/urun\\\/zebra-zxp-series-3-renkli-ribon-ymcko-pn-800033-340\\\/#primaryimage\"},\"image\":{\"@id\":\"https:\\\/\\\/www.plasis.com.tr\\\/urun\\\/zebra-zxp-series-3-renkli-ribon-ymcko-pn-800033-340\\\/#primaryimage\"},\"thumbnailUrl\":\"https:\\\/\\\/www.plasis.com.tr\\\/wp-content\\\/uploads\\\/2022\\\/08\\\/ribon-on.jpg\",\"datePublished\":\"2022-08-04T13:06:42+00:00\",\"dateModified\":\"2025-04-16T08:29:45+00:00\",\"breadcrumb\":{\"@id\":\"https:\\\/\\\/www.plasis.com.tr\\\/urun\\\/zebra-zxp-series-3-renkli-ribon-ymcko-pn-800033-340\\\/#breadcrumb\"},\"inLanguage\":\"en-US\",\"potentialAction\":[{\"@type\":\"ReadAction\",\"target\":[\"https:\\\/\\\/www.plasis.com.tr\\\/urun\\\/zebra-zxp-series-3-renkli-ribon-ymcko-pn-800033-340\\\/\"]}]},{\"@type\":\"ImageObject\",\"inLanguage\":\"en-US\",\"@id\":\"https:\\\/\\\/www.plasis.com.tr\\\/urun\\\/zebra-zxp-series-3-renkli-ribon-ymcko-pn-800033-340\\\/#primaryimage\",\"url\":\"https:\\\/\\\/www.plasis.com.tr\\\/wp-content\\\/uploads\\\/2022\\\/08\\\/ribon-on.jpg\",\"contentUrl\":\"https:\\\/\\\/www.plasis.com.tr\\\/wp-content\\\/uploads\\\/2022\\\/08\\\/ribon-on.jpg\",\"width\":876,\"height\":568,\"caption\":\"Zebra ZXP series 3 true colours ribbon\"},{\"@type\":\"BreadcrumbList\",\"@id\":\"https:\\\/\\\/www.plasis.com.tr\\\/urun\\\/zebra-zxp-series-3-renkli-ribon-ymcko-pn-800033-340\\\/#breadcrumb\",\"itemListElement\":[{\"@type\":\"ListItem\",\"position\":1,\"name\":\"Ana sayfa\",\"item\":\"https:\\\/\\\/www.plasis.com.tr\\\/en\\\/\"},{\"@type\":\"ListItem\",\"position\":2,\"name\":\"\u00dcr\u00fcnlerimiz\",\"item\":\"https:\\\/\\\/www.plasis.com.tr\\\/urunlerimiz\\\/\"},{\"@type\":\"ListItem\",\"position\":3,\"name\":\"Zebra ZXP Series 3 Renkli Ribon YMCKO PN: 800033-340\"}]},{\"@type\":\"WebSite\",\"@id\":\"https:\\\/\\\/www.plasis.com.tr\\\/#website\",\"url\":\"https:\\\/\\\/www.plasis.com.tr\\\/\",\"name\":\"Plasis\",\"description\":\"We provide the industry's leading Card production, Printing and System support.\",\"potentialAction\":[{\"@type\":\"SearchAction\",\"target\":{\"@type\":\"EntryPoint\",\"urlTemplate\":\"https:\\\/\\\/www.plasis.com.tr\\\/?s={search_term_string}\"},\"query-input\":{\"@type\":\"PropertyValueSpecification\",\"valueRequired\":true,\"valueName\":\"search_term_string\"}}],\"inLanguage\":\"en-US\"}]}<\/script>\n<!-- \/ Yoast SEO plugin. -->","yoast_head_json":{"title":"Zebra ZXP Series 3 Renkli Ribon YMCKO PN: 800033-340 - Plasis","robots":{"index":"index","follow":"follow","max-snippet":"max-snippet:-1","max-image-preview":"max-image-preview:large","max-video-preview":"max-video-preview:-1"},"canonical":"https:\/\/www.plasis.com.tr\/urun\/zebra-zxp-series-3-renkli-ribon-ymcko-pn-800033-340\/","schema":{"@context":"https:\/\/schema.org","@graph":[{"@type":"WebPage","@id":"https:\/\/www.plasis.com.tr\/urun\/zebra-zxp-series-3-renkli-ribon-ymcko-pn-800033-340\/","url":"https:\/\/www.plasis.com.tr\/urun\/zebra-zxp-series-3-renkli-ribon-ymcko-pn-800033-340\/","name":"Zebra ZXP Series 3 Renkli Ribon YMCKO PN: 800033-340 - Plasis","isPartOf":{"@id":"https:\/\/www.plasis.com.tr\/#website"},"primaryImageOfPage":{"@id":"https:\/\/www.plasis.com.tr\/urun\/zebra-zxp-series-3-renkli-ribon-ymcko-pn-800033-340\/#primaryimage"},"image":{"@id":"https:\/\/www.plasis.com.tr\/urun\/zebra-zxp-series-3-renkli-ribon-ymcko-pn-800033-340\/#primaryimage"},"thumbnailUrl":"https:\/\/www.plasis.com.tr\/wp-content\/uploads\/2022\/08\/ribon-on.jpg","datePublished":"2022-08-04T13:06:42+00:00","dateModified":"2025-04-16T08:29:45+00:00","breadcrumb":{"@id":"https:\/\/www.plasis.com.tr\/urun\/zebra-zxp-series-3-renkli-ribon-ymcko-pn-800033-340\/#breadcrumb"},"inLanguage":"en-US","potentialAction":[{"@type":"ReadAction","target":["https:\/\/www.plasis.com.tr\/urun\/zebra-zxp-series-3-renkli-ribon-ymcko-pn-800033-340\/"]}]},{"@type":"ImageObject","inLanguage":"en-US","@id":"https:\/\/www.plasis.com.tr\/urun\/zebra-zxp-series-3-renkli-ribon-ymcko-pn-800033-340\/#primaryimage","url":"https:\/\/www.plasis.com.tr\/wp-content\/uploads\/2022\/08\/ribon-on.jpg","contentUrl":"https:\/\/www.plasis.com.tr\/wp-content\/uploads\/2022\/08\/ribon-on.jpg","width":876,"height":568,"caption":"Zebra ZXP series 3 true colours ribbon"},{"@type":"BreadcrumbList","@id":"https:\/\/www.plasis.com.tr\/urun\/zebra-zxp-series-3-renkli-ribon-ymcko-pn-800033-340\/#breadcrumb","itemListElement":[{"@type":"ListItem","position":1,"name":"Ana sayfa","item":"https:\/\/www.plasis.com.tr\/en\/"},{"@type":"ListItem","position":2,"name":"\u00dcr\u00fcnlerimiz","item":"https:\/\/www.plasis.com.tr\/urunlerimiz\/"},{"@type":"ListItem","position":3,"name":"Zebra ZXP Series 3 Renkli Ribon YMCKO PN: 800033-340"}]},{"@type":"WebSite","@id":"https:\/\/www.plasis.com.tr\/#website","url":"https:\/\/www.plasis.com.tr\/","name":"Plasis","description":"We provide the industry's leading Card production, Printing and System support.","potentialAction":[{"@type":"SearchAction","target":{"@type":"EntryPoint","urlTemplate":"https:\/\/www.plasis.com.tr\/?s={search_term_string}"},"query-input":{"@type":"PropertyValueSpecification","valueRequired":true,"valueName":"search_term_string"}}],"inLanguage":"en-US"}]}},"_links":{"self":[{"href":"https:\/\/www.plasis.com.tr\/en\/wp-json\/wp\/v2\/product\/7792","targetHints":{"allow":["GET"]}}],"collection":[{"href":"https:\/\/www.plasis.com.tr\/en\/wp-json\/wp\/v2\/product"}],"about":[{"href":"https:\/\/www.plasis.com.tr\/en\/wp-json\/wp\/v2\/types\/product"}],"replies":[{"embeddable":true,"href":"https:\/\/www.plasis.com.tr\/en\/wp-json\/wp\/v2\/comments?post=7792"}],"wp:featuredmedia":[{"embeddable":true,"href":"https:\/\/www.plasis.com.tr\/en\/wp-json\/wp\/v2\/media\/7793"}],"wp:attachment":[{"href":"https:\/\/www.plasis.com.tr\/en\/wp-json\/wp\/v2\/media?parent=7792"}],"wp:term":[{"taxonomy":"product_brand","embeddable":true,"href":"https:\/\/www.plasis.com.tr\/en\/wp-json\/wp\/v2\/product_brand?post=7792"},{"taxonomy":"product_cat","embeddable":true,"href":"https:\/\/www.plasis.com.tr\/en\/wp-json\/wp\/v2\/product_cat?post=7792"},{"taxonomy":"product_tag","embeddable":true,"href":"https:\/\/www.plasis.com.tr\/en\/wp-json\/wp\/v2\/product_tag?post=7792"}],"curies":[{"name":"wp","href":"https:\/\/api.w.org\/{rel}","templated":true}]}}