{"id":7079,"date":"2021-07-05T12:22:58","date_gmt":"2021-07-05T09:22:58","guid":{"rendered":"https:\/\/www.plasis.com.tr\/?post_type=product&#038;p=7079"},"modified":"2026-03-02T15:01:43","modified_gmt":"2026-03-02T12:01:43","slug":"smart-31s-51s-250-print-p-ymcko-659654-ribon-kartus","status":"publish","type":"product","link":"https:\/\/www.plasis.com.tr\/en\/urun\/smart-31s-51s-250-print-p-ymcko-659654-ribon-kartus\/","title":{"rendered":"SMART 31S-51S 250 PR\u0130NT P-YMCKO 659654 ribon kartu\u015f"},"content":{"rendered":"<p>SMART 31S-51S 250 PR\u0130NT P-YMCKO 659654 ribon kartu\u015f<\/p>\n<p>Smart yaz\u0131c\u0131 modelleri i\u00e7in uygun renkli bask\u0131 \u015ferididir.<\/p>\n<p>tek y\u00fcze 250 Adet bask\u0131 yapan orjinal \u00fcr\u00fcnd\u00fcr<\/p>\n<p>\u0130\u00e7erisinde bir adet temizlik rulosu hediyesi ile birlikte<\/p>\n","protected":false},"excerpt":{"rendered":"<p>SMART 31S-51S 250 PR\u0130NT P-YMCKO 659654 ribon kartu\u015f<\/p>\n","protected":false},"featured_media":7080,"comment_status":"closed","ping_status":"closed","template":"","meta":[],"product_brand":[],"product_cat":[673],"product_tag":[961,1004],"class_list":{"0":"post-7079","1":"product","2":"type-product","3":"status-publish","4":"has-post-thumbnail","6":"product_cat-plastik-kart-yazicilar","7":"product_tag-ribon","8":"product_tag-ymcko-659654","10":"first","11":"instock","12":"taxable","13":"shipping-taxable","14":"purchasable","15":"product-type-simple","16":"prodpage-style2"},"yoast_head":"<!-- This site is optimized with the Yoast SEO plugin v27.3 - https:\/\/yoast.com\/product\/yoast-seo-wordpress\/ -->\n<title>SMART 31S-51S 250 PR\u0130NT P-YMCKO 659654 ribon kartu\u015f - Plasis<\/title>\n<meta name=\"robots\" content=\"index, follow, max-snippet:-1, max-image-preview:large, max-video-preview:-1\" \/>\n<link rel=\"canonical\" href=\"https:\/\/www.plasis.com.tr\/urun\/smart-31s-51s-250-print-p-ymcko-659654-ribon-kartus\/\" \/>\n<script type=\"application\/ld+json\" class=\"yoast-schema-graph\">{\"@context\":\"https:\\\/\\\/schema.org\",\"@graph\":[{\"@type\":\"WebPage\",\"@id\":\"https:\\\/\\\/www.plasis.com.tr\\\/urun\\\/smart-31s-51s-250-print-p-ymcko-659654-ribon-kartus\\\/\",\"url\":\"https:\\\/\\\/www.plasis.com.tr\\\/urun\\\/smart-31s-51s-250-print-p-ymcko-659654-ribon-kartus\\\/\",\"name\":\"SMART 31S-51S 250 PR\u0130NT P-YMCKO 659654 ribon kartu\u015f - Plasis\",\"isPartOf\":{\"@id\":\"https:\\\/\\\/www.plasis.com.tr\\\/#website\"},\"primaryImageOfPage\":{\"@id\":\"https:\\\/\\\/www.plasis.com.tr\\\/urun\\\/smart-31s-51s-250-print-p-ymcko-659654-ribon-kartus\\\/#primaryimage\"},\"image\":{\"@id\":\"https:\\\/\\\/www.plasis.com.tr\\\/urun\\\/smart-31s-51s-250-print-p-ymcko-659654-ribon-kartus\\\/#primaryimage\"},\"thumbnailUrl\":\"https:\\\/\\\/www.plasis.com.tr\\\/wp-content\\\/uploads\\\/2021\\\/07\\\/smart-51s-renkli-ribon.jpeg\",\"datePublished\":\"2021-07-05T09:22:58+00:00\",\"dateModified\":\"2026-03-02T12:01:43+00:00\",\"breadcrumb\":{\"@id\":\"https:\\\/\\\/www.plasis.com.tr\\\/urun\\\/smart-31s-51s-250-print-p-ymcko-659654-ribon-kartus\\\/#breadcrumb\"},\"inLanguage\":\"en-US\",\"potentialAction\":[{\"@type\":\"ReadAction\",\"target\":[\"https:\\\/\\\/www.plasis.com.tr\\\/urun\\\/smart-31s-51s-250-print-p-ymcko-659654-ribon-kartus\\\/\"]}]},{\"@type\":\"ImageObject\",\"inLanguage\":\"en-US\",\"@id\":\"https:\\\/\\\/www.plasis.com.tr\\\/urun\\\/smart-31s-51s-250-print-p-ymcko-659654-ribon-kartus\\\/#primaryimage\",\"url\":\"https:\\\/\\\/www.plasis.com.tr\\\/wp-content\\\/uploads\\\/2021\\\/07\\\/smart-51s-renkli-ribon.jpeg\",\"contentUrl\":\"https:\\\/\\\/www.plasis.com.tr\\\/wp-content\\\/uploads\\\/2021\\\/07\\\/smart-51s-renkli-ribon.jpeg\",\"width\":1200,\"height\":1600,\"caption\":\"smart-51s-renkli-ribon\"},{\"@type\":\"BreadcrumbList\",\"@id\":\"https:\\\/\\\/www.plasis.com.tr\\\/urun\\\/smart-31s-51s-250-print-p-ymcko-659654-ribon-kartus\\\/#breadcrumb\",\"itemListElement\":[{\"@type\":\"ListItem\",\"position\":1,\"name\":\"Ana sayfa\",\"item\":\"https:\\\/\\\/www.plasis.com.tr\\\/en\\\/\"},{\"@type\":\"ListItem\",\"position\":2,\"name\":\"\u00dcr\u00fcnlerimiz\",\"item\":\"https:\\\/\\\/www.plasis.com.tr\\\/urunlerimiz\\\/\"},{\"@type\":\"ListItem\",\"position\":3,\"name\":\"SMART 31S-51S 250 PR\u0130NT P-YMCKO 659654 ribon kartu\u015f\"}]},{\"@type\":\"WebSite\",\"@id\":\"https:\\\/\\\/www.plasis.com.tr\\\/#website\",\"url\":\"https:\\\/\\\/www.plasis.com.tr\\\/\",\"name\":\"Plasis\",\"description\":\"We provide the industry's leading Card production, Printing and System support.\",\"potentialAction\":[{\"@type\":\"SearchAction\",\"target\":{\"@type\":\"EntryPoint\",\"urlTemplate\":\"https:\\\/\\\/www.plasis.com.tr\\\/?s={search_term_string}\"},\"query-input\":{\"@type\":\"PropertyValueSpecification\",\"valueRequired\":true,\"valueName\":\"search_term_string\"}}],\"inLanguage\":\"en-US\"}]}<\/script>\n<!-- \/ Yoast SEO plugin. -->","yoast_head_json":{"title":"SMART 31S-51S 250 PR\u0130NT P-YMCKO 659654 ribon kartu\u015f - Plasis","robots":{"index":"index","follow":"follow","max-snippet":"max-snippet:-1","max-image-preview":"max-image-preview:large","max-video-preview":"max-video-preview:-1"},"canonical":"https:\/\/www.plasis.com.tr\/urun\/smart-31s-51s-250-print-p-ymcko-659654-ribon-kartus\/","schema":{"@context":"https:\/\/schema.org","@graph":[{"@type":"WebPage","@id":"https:\/\/www.plasis.com.tr\/urun\/smart-31s-51s-250-print-p-ymcko-659654-ribon-kartus\/","url":"https:\/\/www.plasis.com.tr\/urun\/smart-31s-51s-250-print-p-ymcko-659654-ribon-kartus\/","name":"SMART 31S-51S 250 PR\u0130NT P-YMCKO 659654 ribon kartu\u015f - Plasis","isPartOf":{"@id":"https:\/\/www.plasis.com.tr\/#website"},"primaryImageOfPage":{"@id":"https:\/\/www.plasis.com.tr\/urun\/smart-31s-51s-250-print-p-ymcko-659654-ribon-kartus\/#primaryimage"},"image":{"@id":"https:\/\/www.plasis.com.tr\/urun\/smart-31s-51s-250-print-p-ymcko-659654-ribon-kartus\/#primaryimage"},"thumbnailUrl":"https:\/\/www.plasis.com.tr\/wp-content\/uploads\/2021\/07\/smart-51s-renkli-ribon.jpeg","datePublished":"2021-07-05T09:22:58+00:00","dateModified":"2026-03-02T12:01:43+00:00","breadcrumb":{"@id":"https:\/\/www.plasis.com.tr\/urun\/smart-31s-51s-250-print-p-ymcko-659654-ribon-kartus\/#breadcrumb"},"inLanguage":"en-US","potentialAction":[{"@type":"ReadAction","target":["https:\/\/www.plasis.com.tr\/urun\/smart-31s-51s-250-print-p-ymcko-659654-ribon-kartus\/"]}]},{"@type":"ImageObject","inLanguage":"en-US","@id":"https:\/\/www.plasis.com.tr\/urun\/smart-31s-51s-250-print-p-ymcko-659654-ribon-kartus\/#primaryimage","url":"https:\/\/www.plasis.com.tr\/wp-content\/uploads\/2021\/07\/smart-51s-renkli-ribon.jpeg","contentUrl":"https:\/\/www.plasis.com.tr\/wp-content\/uploads\/2021\/07\/smart-51s-renkli-ribon.jpeg","width":1200,"height":1600,"caption":"smart-51s-renkli-ribon"},{"@type":"BreadcrumbList","@id":"https:\/\/www.plasis.com.tr\/urun\/smart-31s-51s-250-print-p-ymcko-659654-ribon-kartus\/#breadcrumb","itemListElement":[{"@type":"ListItem","position":1,"name":"Ana sayfa","item":"https:\/\/www.plasis.com.tr\/en\/"},{"@type":"ListItem","position":2,"name":"\u00dcr\u00fcnlerimiz","item":"https:\/\/www.plasis.com.tr\/urunlerimiz\/"},{"@type":"ListItem","position":3,"name":"SMART 31S-51S 250 PR\u0130NT P-YMCKO 659654 ribon kartu\u015f"}]},{"@type":"WebSite","@id":"https:\/\/www.plasis.com.tr\/#website","url":"https:\/\/www.plasis.com.tr\/","name":"Plasis","description":"We provide the industry's leading Card production, Printing and System support.","potentialAction":[{"@type":"SearchAction","target":{"@type":"EntryPoint","urlTemplate":"https:\/\/www.plasis.com.tr\/?s={search_term_string}"},"query-input":{"@type":"PropertyValueSpecification","valueRequired":true,"valueName":"search_term_string"}}],"inLanguage":"en-US"}]}},"_links":{"self":[{"href":"https:\/\/www.plasis.com.tr\/en\/wp-json\/wp\/v2\/product\/7079","targetHints":{"allow":["GET"]}}],"collection":[{"href":"https:\/\/www.plasis.com.tr\/en\/wp-json\/wp\/v2\/product"}],"about":[{"href":"https:\/\/www.plasis.com.tr\/en\/wp-json\/wp\/v2\/types\/product"}],"replies":[{"embeddable":true,"href":"https:\/\/www.plasis.com.tr\/en\/wp-json\/wp\/v2\/comments?post=7079"}],"wp:featuredmedia":[{"embeddable":true,"href":"https:\/\/www.plasis.com.tr\/en\/wp-json\/wp\/v2\/media\/7080"}],"wp:attachment":[{"href":"https:\/\/www.plasis.com.tr\/en\/wp-json\/wp\/v2\/media?parent=7079"}],"wp:term":[{"taxonomy":"product_brand","embeddable":true,"href":"https:\/\/www.plasis.com.tr\/en\/wp-json\/wp\/v2\/product_brand?post=7079"},{"taxonomy":"product_cat","embeddable":true,"href":"https:\/\/www.plasis.com.tr\/en\/wp-json\/wp\/v2\/product_cat?post=7079"},{"taxonomy":"product_tag","embeddable":true,"href":"https:\/\/www.plasis.com.tr\/en\/wp-json\/wp\/v2\/product_tag?post=7079"}],"curies":[{"name":"wp","href":"https:\/\/api.w.org\/{rel}","templated":true}]}}