{"id":7073,"date":"2021-06-16T18:08:50","date_gmt":"2021-06-16T15:08:50","guid":{"rendered":"https:\/\/www.plasis.com.tr\/?post_type=product&#038;p=7073"},"modified":"2026-01-16T10:33:28","modified_gmt":"2026-01-16T07:33:28","slug":"musteri-adresinde-teknik-servis","status":"publish","type":"product","link":"https:\/\/www.plasis.com.tr\/en\/urun\/musteri-adresinde-teknik-servis\/","title":{"rendered":"M\u00fc\u015fteri adresinde teknik servis"},"content":{"rendered":"<p>M\u00fc\u015fteri adresinde teknik servis hizmetini kapsar.<\/p>\n<ul>\n<li>Sadece \u0130stanbul i\u00e7in ge\u00e7erlidir.<\/li>\n<li>Belirtilen ve giderilen ar\u0131za i\u00e7in 30 g\u00fcn garantilidir.<\/li>\n<li>Hizmet mesai saatleri, hafta i\u00e7i 10:00 ile 17:00 aras\u0131nda verilir.<\/li>\n<li>Hizmetin sat\u0131n al\u0131nd\u0131\u011f\u0131 andan itibaren 1 i\u015f g\u00fcn\u00fc i\u00e7erisinde m\u00fc\u015fteri aran\u0131r. uygun oldu\u011fu g\u00fcn ve saat belirlenerek randevu saat ve tarihinde hizmet verilir. En \u00e7ok 4 i\u015f g\u00fcn\u00fcnde m\u00fcdahale edilir. bu s\u00fcrede hizmet verilemez ise \u00fccretin tamam\u0131 iade edilir.<\/li>\n<\/ul>\n","protected":false},"excerpt":{"rendered":"<p>M\u00fc\u015fteri adresinde teknik servis<\/p>\n","protected":false},"featured_media":7074,"comment_status":"closed","ping_status":"closed","template":"","meta":[],"product_brand":[],"product_cat":[522],"product_tag":[],"class_list":{"0":"post-7073","1":"product","2":"type-product","3":"status-publish","4":"has-post-thumbnail","6":"product_cat-genel","8":"first","9":"instock","10":"virtual","11":"taxable","12":"purchasable","13":"product-type-simple","14":"prodpage-style2"},"yoast_head":"<!-- This site is optimized with the Yoast SEO plugin v27.3 - https:\/\/yoast.com\/product\/yoast-seo-wordpress\/ -->\n<title>M\u00fc\u015fteri adresinde teknik servis - Plasis<\/title>\n<meta name=\"robots\" content=\"index, follow, max-snippet:-1, max-image-preview:large, max-video-preview:-1\" \/>\n<link rel=\"canonical\" href=\"https:\/\/www.plasis.com.tr\/urun\/musteri-adresinde-teknik-servis\/\" \/>\n<script type=\"application\/ld+json\" class=\"yoast-schema-graph\">{\"@context\":\"https:\\\/\\\/schema.org\",\"@graph\":[{\"@type\":\"WebPage\",\"@id\":\"https:\\\/\\\/www.plasis.com.tr\\\/urun\\\/musteri-adresinde-teknik-servis\\\/\",\"url\":\"https:\\\/\\\/www.plasis.com.tr\\\/urun\\\/musteri-adresinde-teknik-servis\\\/\",\"name\":\"M\u00fc\u015fteri adresinde teknik servis - Plasis\",\"isPartOf\":{\"@id\":\"https:\\\/\\\/www.plasis.com.tr\\\/#website\"},\"primaryImageOfPage\":{\"@id\":\"https:\\\/\\\/www.plasis.com.tr\\\/urun\\\/musteri-adresinde-teknik-servis\\\/#primaryimage\"},\"image\":{\"@id\":\"https:\\\/\\\/www.plasis.com.tr\\\/urun\\\/musteri-adresinde-teknik-servis\\\/#primaryimage\"},\"thumbnailUrl\":\"https:\\\/\\\/www.plasis.com.tr\\\/wp-content\\\/uploads\\\/2021\\\/06\\\/yerindeservis-scaled.jpg\",\"datePublished\":\"2021-06-16T15:08:50+00:00\",\"dateModified\":\"2026-01-16T07:33:28+00:00\",\"breadcrumb\":{\"@id\":\"https:\\\/\\\/www.plasis.com.tr\\\/urun\\\/musteri-adresinde-teknik-servis\\\/#breadcrumb\"},\"inLanguage\":\"en-US\",\"potentialAction\":[{\"@type\":\"ReadAction\",\"target\":[\"https:\\\/\\\/www.plasis.com.tr\\\/urun\\\/musteri-adresinde-teknik-servis\\\/\"]}]},{\"@type\":\"ImageObject\",\"inLanguage\":\"en-US\",\"@id\":\"https:\\\/\\\/www.plasis.com.tr\\\/urun\\\/musteri-adresinde-teknik-servis\\\/#primaryimage\",\"url\":\"https:\\\/\\\/www.plasis.com.tr\\\/wp-content\\\/uploads\\\/2021\\\/06\\\/yerindeservis-scaled.jpg\",\"contentUrl\":\"https:\\\/\\\/www.plasis.com.tr\\\/wp-content\\\/uploads\\\/2021\\\/06\\\/yerindeservis-scaled.jpg\",\"width\":2560,\"height\":1707},{\"@type\":\"BreadcrumbList\",\"@id\":\"https:\\\/\\\/www.plasis.com.tr\\\/urun\\\/musteri-adresinde-teknik-servis\\\/#breadcrumb\",\"itemListElement\":[{\"@type\":\"ListItem\",\"position\":1,\"name\":\"Ana sayfa\",\"item\":\"https:\\\/\\\/www.plasis.com.tr\\\/en\\\/\"},{\"@type\":\"ListItem\",\"position\":2,\"name\":\"\u00dcr\u00fcnlerimiz\",\"item\":\"https:\\\/\\\/www.plasis.com.tr\\\/urunlerimiz\\\/\"},{\"@type\":\"ListItem\",\"position\":3,\"name\":\"M\u00fc\u015fteri adresinde teknik servis\"}]},{\"@type\":\"WebSite\",\"@id\":\"https:\\\/\\\/www.plasis.com.tr\\\/#website\",\"url\":\"https:\\\/\\\/www.plasis.com.tr\\\/\",\"name\":\"Plasis\",\"description\":\"We provide the industry's leading Card production, Printing and System support.\",\"potentialAction\":[{\"@type\":\"SearchAction\",\"target\":{\"@type\":\"EntryPoint\",\"urlTemplate\":\"https:\\\/\\\/www.plasis.com.tr\\\/?s={search_term_string}\"},\"query-input\":{\"@type\":\"PropertyValueSpecification\",\"valueRequired\":true,\"valueName\":\"search_term_string\"}}],\"inLanguage\":\"en-US\"}]}<\/script>\n<!-- \/ Yoast SEO plugin. -->","yoast_head_json":{"title":"M\u00fc\u015fteri adresinde teknik servis - Plasis","robots":{"index":"index","follow":"follow","max-snippet":"max-snippet:-1","max-image-preview":"max-image-preview:large","max-video-preview":"max-video-preview:-1"},"canonical":"https:\/\/www.plasis.com.tr\/urun\/musteri-adresinde-teknik-servis\/","schema":{"@context":"https:\/\/schema.org","@graph":[{"@type":"WebPage","@id":"https:\/\/www.plasis.com.tr\/urun\/musteri-adresinde-teknik-servis\/","url":"https:\/\/www.plasis.com.tr\/urun\/musteri-adresinde-teknik-servis\/","name":"M\u00fc\u015fteri adresinde teknik servis - Plasis","isPartOf":{"@id":"https:\/\/www.plasis.com.tr\/#website"},"primaryImageOfPage":{"@id":"https:\/\/www.plasis.com.tr\/urun\/musteri-adresinde-teknik-servis\/#primaryimage"},"image":{"@id":"https:\/\/www.plasis.com.tr\/urun\/musteri-adresinde-teknik-servis\/#primaryimage"},"thumbnailUrl":"https:\/\/www.plasis.com.tr\/wp-content\/uploads\/2021\/06\/yerindeservis-scaled.jpg","datePublished":"2021-06-16T15:08:50+00:00","dateModified":"2026-01-16T07:33:28+00:00","breadcrumb":{"@id":"https:\/\/www.plasis.com.tr\/urun\/musteri-adresinde-teknik-servis\/#breadcrumb"},"inLanguage":"en-US","potentialAction":[{"@type":"ReadAction","target":["https:\/\/www.plasis.com.tr\/urun\/musteri-adresinde-teknik-servis\/"]}]},{"@type":"ImageObject","inLanguage":"en-US","@id":"https:\/\/www.plasis.com.tr\/urun\/musteri-adresinde-teknik-servis\/#primaryimage","url":"https:\/\/www.plasis.com.tr\/wp-content\/uploads\/2021\/06\/yerindeservis-scaled.jpg","contentUrl":"https:\/\/www.plasis.com.tr\/wp-content\/uploads\/2021\/06\/yerindeservis-scaled.jpg","width":2560,"height":1707},{"@type":"BreadcrumbList","@id":"https:\/\/www.plasis.com.tr\/urun\/musteri-adresinde-teknik-servis\/#breadcrumb","itemListElement":[{"@type":"ListItem","position":1,"name":"Ana sayfa","item":"https:\/\/www.plasis.com.tr\/en\/"},{"@type":"ListItem","position":2,"name":"\u00dcr\u00fcnlerimiz","item":"https:\/\/www.plasis.com.tr\/urunlerimiz\/"},{"@type":"ListItem","position":3,"name":"M\u00fc\u015fteri adresinde teknik servis"}]},{"@type":"WebSite","@id":"https:\/\/www.plasis.com.tr\/#website","url":"https:\/\/www.plasis.com.tr\/","name":"Plasis","description":"We provide the industry's leading Card production, Printing and System support.","potentialAction":[{"@type":"SearchAction","target":{"@type":"EntryPoint","urlTemplate":"https:\/\/www.plasis.com.tr\/?s={search_term_string}"},"query-input":{"@type":"PropertyValueSpecification","valueRequired":true,"valueName":"search_term_string"}}],"inLanguage":"en-US"}]}},"_links":{"self":[{"href":"https:\/\/www.plasis.com.tr\/en\/wp-json\/wp\/v2\/product\/7073","targetHints":{"allow":["GET"]}}],"collection":[{"href":"https:\/\/www.plasis.com.tr\/en\/wp-json\/wp\/v2\/product"}],"about":[{"href":"https:\/\/www.plasis.com.tr\/en\/wp-json\/wp\/v2\/types\/product"}],"replies":[{"embeddable":true,"href":"https:\/\/www.plasis.com.tr\/en\/wp-json\/wp\/v2\/comments?post=7073"}],"wp:featuredmedia":[{"embeddable":true,"href":"https:\/\/www.plasis.com.tr\/en\/wp-json\/wp\/v2\/media\/7074"}],"wp:attachment":[{"href":"https:\/\/www.plasis.com.tr\/en\/wp-json\/wp\/v2\/media?parent=7073"}],"wp:term":[{"taxonomy":"product_brand","embeddable":true,"href":"https:\/\/www.plasis.com.tr\/en\/wp-json\/wp\/v2\/product_brand?post=7073"},{"taxonomy":"product_cat","embeddable":true,"href":"https:\/\/www.plasis.com.tr\/en\/wp-json\/wp\/v2\/product_cat?post=7073"},{"taxonomy":"product_tag","embeddable":true,"href":"https:\/\/www.plasis.com.tr\/en\/wp-json\/wp\/v2\/product_tag?post=7073"}],"curies":[{"name":"wp","href":"https:\/\/api.w.org\/{rel}","templated":true}]}}