{"id":7071,"date":"2021-06-16T17:49:01","date_gmt":"2021-06-16T14:49:01","guid":{"rendered":"https:\/\/www.plasis.com.tr\/?post_type=product&#038;p=7071"},"modified":"2026-01-16T10:34:35","modified_gmt":"2026-01-16T07:34:35","slug":"servis-hizmeti-telefon-veya-uzak-baglanti","status":"publish","type":"product","link":"https:\/\/www.plasis.com.tr\/en\/urun\/servis-hizmeti-telefon-veya-uzak-baglanti\/","title":{"rendered":"servis hizmeti telefon veya uzak ba\u011flant\u0131"},"content":{"rendered":"<p>Telefon veya uzak ba\u011flant\u0131 ile sa\u011flanan servis hizmetidir.<\/p>\n<ul>\n<li>\u00c7\u00f6z\u00fcm garantilidir. Yani problem \u00e7\u00f6z\u00fclemez ise \u00fccret iade edilir.<\/li>\n<li>Mesai saatlerinde hafta i\u00e7i 10:00 ile 17:00 aras\u0131nda verilir.<\/li>\n<li>Hizmet sat\u0131n al\u0131nd\u0131ktan sonra bir i\u015f g\u00fcn\u00fc i\u00e7erisinde aran\u0131rs\u0131n\u0131z. Sizin uygun oldu\u011funuz saat i\u00e7in randevu al\u0131n\u0131r ya da servis hizmeti an\u0131nda ba\u015flat\u0131l\u0131r.<\/li>\n<li>\u00d6ncelikle telefon ile \u00e7\u00f6z\u00fcm denenir gerekir ise uzak ba\u011flant\u0131 talep edilir.<\/li>\n<li>Bir kerelik hizmettir. Problemin \u00e7\u00f6z\u00fclmesi ile sonlan\u0131r.<\/li>\n<li>Maksimum hizmet s\u00fcresi 60 dakikad\u0131r. bu s\u00fcrede \u00e7\u00f6z\u00fclemeyen problem \u00e7\u00f6z\u00fclememi\u015f say\u0131l\u0131r hizmet sonland\u0131r\u0131l\u0131r ve \u00fccret iadesi yap\u0131l\u0131r.<\/li>\n<\/ul>\n","protected":false},"excerpt":{"rendered":"<p>servis hizmeti telefon veya uzak ba\u011flant\u0131<\/p>\n","protected":false},"featured_media":7072,"comment_status":"closed","ping_status":"closed","template":"","meta":[],"product_brand":[],"product_cat":[522],"product_tag":[],"class_list":{"0":"post-7071","1":"product","2":"type-product","3":"status-publish","4":"has-post-thumbnail","6":"product_cat-genel","8":"first","9":"instock","10":"virtual","11":"taxable","12":"purchasable","13":"product-type-simple","14":"prodpage-style2"},"yoast_head":"<!-- This site is optimized with the Yoast SEO plugin v27.3 - https:\/\/yoast.com\/product\/yoast-seo-wordpress\/ -->\n<title>servis hizmeti telefon veya uzak ba\u011flant\u0131 - Plasis<\/title>\n<meta name=\"robots\" content=\"index, follow, max-snippet:-1, max-image-preview:large, max-video-preview:-1\" \/>\n<link rel=\"canonical\" href=\"https:\/\/www.plasis.com.tr\/urun\/servis-hizmeti-telefon-veya-uzak-baglanti\/\" \/>\n<script type=\"application\/ld+json\" class=\"yoast-schema-graph\">{\"@context\":\"https:\\\/\\\/schema.org\",\"@graph\":[{\"@type\":\"WebPage\",\"@id\":\"https:\\\/\\\/www.plasis.com.tr\\\/urun\\\/servis-hizmeti-telefon-veya-uzak-baglanti\\\/\",\"url\":\"https:\\\/\\\/www.plasis.com.tr\\\/urun\\\/servis-hizmeti-telefon-veya-uzak-baglanti\\\/\",\"name\":\"servis hizmeti telefon veya uzak ba\u011flant\u0131 - Plasis\",\"isPartOf\":{\"@id\":\"https:\\\/\\\/www.plasis.com.tr\\\/#website\"},\"primaryImageOfPage\":{\"@id\":\"https:\\\/\\\/www.plasis.com.tr\\\/urun\\\/servis-hizmeti-telefon-veya-uzak-baglanti\\\/#primaryimage\"},\"image\":{\"@id\":\"https:\\\/\\\/www.plasis.com.tr\\\/urun\\\/servis-hizmeti-telefon-veya-uzak-baglanti\\\/#primaryimage\"},\"thumbnailUrl\":\"https:\\\/\\\/www.plasis.com.tr\\\/wp-content\\\/uploads\\\/2021\\\/06\\\/uzakservis-scaled.jpg\",\"datePublished\":\"2021-06-16T14:49:01+00:00\",\"dateModified\":\"2026-01-16T07:34:35+00:00\",\"breadcrumb\":{\"@id\":\"https:\\\/\\\/www.plasis.com.tr\\\/urun\\\/servis-hizmeti-telefon-veya-uzak-baglanti\\\/#breadcrumb\"},\"inLanguage\":\"en-US\",\"potentialAction\":[{\"@type\":\"ReadAction\",\"target\":[\"https:\\\/\\\/www.plasis.com.tr\\\/urun\\\/servis-hizmeti-telefon-veya-uzak-baglanti\\\/\"]}]},{\"@type\":\"ImageObject\",\"inLanguage\":\"en-US\",\"@id\":\"https:\\\/\\\/www.plasis.com.tr\\\/urun\\\/servis-hizmeti-telefon-veya-uzak-baglanti\\\/#primaryimage\",\"url\":\"https:\\\/\\\/www.plasis.com.tr\\\/wp-content\\\/uploads\\\/2021\\\/06\\\/uzakservis-scaled.jpg\",\"contentUrl\":\"https:\\\/\\\/www.plasis.com.tr\\\/wp-content\\\/uploads\\\/2021\\\/06\\\/uzakservis-scaled.jpg\",\"width\":2560,\"height\":1707},{\"@type\":\"BreadcrumbList\",\"@id\":\"https:\\\/\\\/www.plasis.com.tr\\\/urun\\\/servis-hizmeti-telefon-veya-uzak-baglanti\\\/#breadcrumb\",\"itemListElement\":[{\"@type\":\"ListItem\",\"position\":1,\"name\":\"Ana sayfa\",\"item\":\"https:\\\/\\\/www.plasis.com.tr\\\/en\\\/\"},{\"@type\":\"ListItem\",\"position\":2,\"name\":\"\u00dcr\u00fcnlerimiz\",\"item\":\"https:\\\/\\\/www.plasis.com.tr\\\/urunlerimiz\\\/\"},{\"@type\":\"ListItem\",\"position\":3,\"name\":\"servis hizmeti telefon veya uzak ba\u011flant\u0131\"}]},{\"@type\":\"WebSite\",\"@id\":\"https:\\\/\\\/www.plasis.com.tr\\\/#website\",\"url\":\"https:\\\/\\\/www.plasis.com.tr\\\/\",\"name\":\"Plasis\",\"description\":\"We provide the industry's leading Card production, Printing and System support.\",\"potentialAction\":[{\"@type\":\"SearchAction\",\"target\":{\"@type\":\"EntryPoint\",\"urlTemplate\":\"https:\\\/\\\/www.plasis.com.tr\\\/?s={search_term_string}\"},\"query-input\":{\"@type\":\"PropertyValueSpecification\",\"valueRequired\":true,\"valueName\":\"search_term_string\"}}],\"inLanguage\":\"en-US\"}]}<\/script>\n<!-- \/ Yoast SEO plugin. -->","yoast_head_json":{"title":"servis hizmeti telefon veya uzak ba\u011flant\u0131 - Plasis","robots":{"index":"index","follow":"follow","max-snippet":"max-snippet:-1","max-image-preview":"max-image-preview:large","max-video-preview":"max-video-preview:-1"},"canonical":"https:\/\/www.plasis.com.tr\/urun\/servis-hizmeti-telefon-veya-uzak-baglanti\/","schema":{"@context":"https:\/\/schema.org","@graph":[{"@type":"WebPage","@id":"https:\/\/www.plasis.com.tr\/urun\/servis-hizmeti-telefon-veya-uzak-baglanti\/","url":"https:\/\/www.plasis.com.tr\/urun\/servis-hizmeti-telefon-veya-uzak-baglanti\/","name":"servis hizmeti telefon veya uzak ba\u011flant\u0131 - Plasis","isPartOf":{"@id":"https:\/\/www.plasis.com.tr\/#website"},"primaryImageOfPage":{"@id":"https:\/\/www.plasis.com.tr\/urun\/servis-hizmeti-telefon-veya-uzak-baglanti\/#primaryimage"},"image":{"@id":"https:\/\/www.plasis.com.tr\/urun\/servis-hizmeti-telefon-veya-uzak-baglanti\/#primaryimage"},"thumbnailUrl":"https:\/\/www.plasis.com.tr\/wp-content\/uploads\/2021\/06\/uzakservis-scaled.jpg","datePublished":"2021-06-16T14:49:01+00:00","dateModified":"2026-01-16T07:34:35+00:00","breadcrumb":{"@id":"https:\/\/www.plasis.com.tr\/urun\/servis-hizmeti-telefon-veya-uzak-baglanti\/#breadcrumb"},"inLanguage":"en-US","potentialAction":[{"@type":"ReadAction","target":["https:\/\/www.plasis.com.tr\/urun\/servis-hizmeti-telefon-veya-uzak-baglanti\/"]}]},{"@type":"ImageObject","inLanguage":"en-US","@id":"https:\/\/www.plasis.com.tr\/urun\/servis-hizmeti-telefon-veya-uzak-baglanti\/#primaryimage","url":"https:\/\/www.plasis.com.tr\/wp-content\/uploads\/2021\/06\/uzakservis-scaled.jpg","contentUrl":"https:\/\/www.plasis.com.tr\/wp-content\/uploads\/2021\/06\/uzakservis-scaled.jpg","width":2560,"height":1707},{"@type":"BreadcrumbList","@id":"https:\/\/www.plasis.com.tr\/urun\/servis-hizmeti-telefon-veya-uzak-baglanti\/#breadcrumb","itemListElement":[{"@type":"ListItem","position":1,"name":"Ana sayfa","item":"https:\/\/www.plasis.com.tr\/en\/"},{"@type":"ListItem","position":2,"name":"\u00dcr\u00fcnlerimiz","item":"https:\/\/www.plasis.com.tr\/urunlerimiz\/"},{"@type":"ListItem","position":3,"name":"servis hizmeti telefon veya uzak ba\u011flant\u0131"}]},{"@type":"WebSite","@id":"https:\/\/www.plasis.com.tr\/#website","url":"https:\/\/www.plasis.com.tr\/","name":"Plasis","description":"We provide the industry's leading Card production, Printing and System support.","potentialAction":[{"@type":"SearchAction","target":{"@type":"EntryPoint","urlTemplate":"https:\/\/www.plasis.com.tr\/?s={search_term_string}"},"query-input":{"@type":"PropertyValueSpecification","valueRequired":true,"valueName":"search_term_string"}}],"inLanguage":"en-US"}]}},"_links":{"self":[{"href":"https:\/\/www.plasis.com.tr\/en\/wp-json\/wp\/v2\/product\/7071","targetHints":{"allow":["GET"]}}],"collection":[{"href":"https:\/\/www.plasis.com.tr\/en\/wp-json\/wp\/v2\/product"}],"about":[{"href":"https:\/\/www.plasis.com.tr\/en\/wp-json\/wp\/v2\/types\/product"}],"replies":[{"embeddable":true,"href":"https:\/\/www.plasis.com.tr\/en\/wp-json\/wp\/v2\/comments?post=7071"}],"wp:featuredmedia":[{"embeddable":true,"href":"https:\/\/www.plasis.com.tr\/en\/wp-json\/wp\/v2\/media\/7072"}],"wp:attachment":[{"href":"https:\/\/www.plasis.com.tr\/en\/wp-json\/wp\/v2\/media?parent=7071"}],"wp:term":[{"taxonomy":"product_brand","embeddable":true,"href":"https:\/\/www.plasis.com.tr\/en\/wp-json\/wp\/v2\/product_brand?post=7071"},{"taxonomy":"product_cat","embeddable":true,"href":"https:\/\/www.plasis.com.tr\/en\/wp-json\/wp\/v2\/product_cat?post=7071"},{"taxonomy":"product_tag","embeddable":true,"href":"https:\/\/www.plasis.com.tr\/en\/wp-json\/wp\/v2\/product_tag?post=7071"}],"curies":[{"name":"wp","href":"https:\/\/api.w.org\/{rel}","templated":true}]}}