{"id":7069,"date":"2021-06-16T17:36:47","date_gmt":"2021-06-16T14:36:47","guid":{"rendered":"https:\/\/www.plasis.com.tr\/?post_type=product&#038;p=7069"},"modified":"2026-01-16T10:30:42","modified_gmt":"2026-01-16T07:30:42","slug":"uzak-destek-ve-egitim","status":"publish","type":"product","link":"https:\/\/www.plasis.com.tr\/en\/urun\/uzak-destek-ve-egitim\/","title":{"rendered":"Uzak destek ve e\u011fitim"},"content":{"rendered":"<p>Uzak destek (7 g\u00fcn) ve e\u011fitim (bir defa 60-120 dakika) hizmetidir .<\/p>\n<p>Bu hizmette telefon ile uzman\u0131m\u0131z ile ileti\u015fimde olursunuz.<\/p>\n<ul>\n<li>\u0130htiyac\u0131n\u0131z olan e\u011fitim bu ba\u011flant\u0131 s\u0131ras\u0131nda verilir 60 ila 120 dakika aras\u0131ndad\u0131r. maksimum 120 dakikada sonland\u0131r\u0131l\u0131r ve hizmet verilmi\u015f say\u0131l\u0131r.<\/li>\n<li>Bu ba\u011flant\u0131 sonras\u0131nda uzman size direk eri\u015febilece\u011finiz bir cep telefonu numaras\u0131 verir. Bu numaradan 7 g\u00fcn boyunca e\u011fitim konusu ile ilgili sorular\u0131n\u0131za \u00fccretsiz ve s\u0131n\u0131rs\u0131z cevap alabilirsiniz. Bu \u00e7a\u011fr\u0131lar\u0131n\u0131za Hafta i\u00e7i 11:00 ile 12:00 aras\u0131nda cevap verilir. Uzman\u0131n uygun g\u00f6rd\u00fc\u011f\u00fc durumlarda uzak ba\u011flant\u0131 da \u00fccretsizdir. Bu destek hafta i\u00e7i 11:00 ile 12:00 saatleri aras\u0131nda sa\u011flanabilir.<\/li>\n<li>Hizmeti sat\u0131n ald\u0131\u011f\u0131n\u0131zda sat\u0131n ald\u0131\u011f\u0131n\u0131z andan itibaren en \u00e7ok bir i\u015f g\u00fcn\u00fc i\u00e7erisinde sizi arar\u0131z. Hafta i\u00e7i mesai saatleri i\u00e7inde 11:00 ile 15:00 aras\u0131, sizin i\u00e7inde uygun olan bir zaman belirlenip hizmet verilir.<\/li>\n<li>Ba\u011flant\u0131 sa\u011fland\u0131ktan sonra \u00fccret iadesi yoktur.<\/li>\n<\/ul>\n","protected":false},"excerpt":{"rendered":"<p>Uzak destek (7 g\u00fcn) ve e\u011fitim (bir defa 60-120 dakika) hizmetidir . Bu hizmette telefon ile uzman\u0131m\u0131z ile ileti\u015fimde olursunuz. \u0130htiyac\u0131n\u0131z olan e\u011fitim bu ba\u011flant\u0131 s\u0131ras\u0131nda verilir 60 ila 120 dakika aras\u0131ndad\u0131r. maksimum 120 dakikada sonland\u0131r\u0131l\u0131r ve hizmet verilmi\u015f say\u0131l\u0131r. Bu ba\u011flant\u0131 sonras\u0131nda uzman size direk eri\u015febilece\u011finiz bir cep telefonu numaras\u0131 verir. Bu numaradan 7<\/p>\n","protected":false},"featured_media":7070,"comment_status":"closed","ping_status":"closed","template":"","meta":[],"product_brand":[],"product_cat":[522],"product_tag":[],"class_list":{"0":"post-7069","1":"product","2":"type-product","3":"status-publish","4":"has-post-thumbnail","6":"product_cat-genel","8":"first","9":"instock","10":"virtual","11":"taxable","12":"purchasable","13":"product-type-simple","14":"prodpage-style2"},"yoast_head":"<!-- This site is optimized with the Yoast SEO plugin v27.3 - https:\/\/yoast.com\/product\/yoast-seo-wordpress\/ -->\n<title>Uzak destek ve e\u011fitim - Plasis<\/title>\n<meta name=\"robots\" content=\"index, follow, max-snippet:-1, max-image-preview:large, max-video-preview:-1\" \/>\n<link rel=\"canonical\" href=\"https:\/\/www.plasis.com.tr\/urun\/uzak-destek-ve-egitim\/\" \/>\n<script type=\"application\/ld+json\" class=\"yoast-schema-graph\">{\"@context\":\"https:\\\/\\\/schema.org\",\"@graph\":[{\"@type\":\"WebPage\",\"@id\":\"https:\\\/\\\/www.plasis.com.tr\\\/urun\\\/uzak-destek-ve-egitim\\\/\",\"url\":\"https:\\\/\\\/www.plasis.com.tr\\\/urun\\\/uzak-destek-ve-egitim\\\/\",\"name\":\"Uzak destek ve e\u011fitim - Plasis\",\"isPartOf\":{\"@id\":\"https:\\\/\\\/www.plasis.com.tr\\\/#website\"},\"primaryImageOfPage\":{\"@id\":\"https:\\\/\\\/www.plasis.com.tr\\\/urun\\\/uzak-destek-ve-egitim\\\/#primaryimage\"},\"image\":{\"@id\":\"https:\\\/\\\/www.plasis.com.tr\\\/urun\\\/uzak-destek-ve-egitim\\\/#primaryimage\"},\"thumbnailUrl\":\"https:\\\/\\\/www.plasis.com.tr\\\/wp-content\\\/uploads\\\/2021\\\/06\\\/uzakegitim.jpg\",\"datePublished\":\"2021-06-16T14:36:47+00:00\",\"dateModified\":\"2026-01-16T07:30:42+00:00\",\"breadcrumb\":{\"@id\":\"https:\\\/\\\/www.plasis.com.tr\\\/urun\\\/uzak-destek-ve-egitim\\\/#breadcrumb\"},\"inLanguage\":\"en-US\",\"potentialAction\":[{\"@type\":\"ReadAction\",\"target\":[\"https:\\\/\\\/www.plasis.com.tr\\\/urun\\\/uzak-destek-ve-egitim\\\/\"]}]},{\"@type\":\"ImageObject\",\"inLanguage\":\"en-US\",\"@id\":\"https:\\\/\\\/www.plasis.com.tr\\\/urun\\\/uzak-destek-ve-egitim\\\/#primaryimage\",\"url\":\"https:\\\/\\\/www.plasis.com.tr\\\/wp-content\\\/uploads\\\/2021\\\/06\\\/uzakegitim.jpg\",\"contentUrl\":\"https:\\\/\\\/www.plasis.com.tr\\\/wp-content\\\/uploads\\\/2021\\\/06\\\/uzakegitim.jpg\",\"width\":640,\"height\":426},{\"@type\":\"BreadcrumbList\",\"@id\":\"https:\\\/\\\/www.plasis.com.tr\\\/urun\\\/uzak-destek-ve-egitim\\\/#breadcrumb\",\"itemListElement\":[{\"@type\":\"ListItem\",\"position\":1,\"name\":\"Ana sayfa\",\"item\":\"https:\\\/\\\/www.plasis.com.tr\\\/en\\\/\"},{\"@type\":\"ListItem\",\"position\":2,\"name\":\"\u00dcr\u00fcnlerimiz\",\"item\":\"https:\\\/\\\/www.plasis.com.tr\\\/urunlerimiz\\\/\"},{\"@type\":\"ListItem\",\"position\":3,\"name\":\"Uzak destek ve e\u011fitim\"}]},{\"@type\":\"WebSite\",\"@id\":\"https:\\\/\\\/www.plasis.com.tr\\\/#website\",\"url\":\"https:\\\/\\\/www.plasis.com.tr\\\/\",\"name\":\"Plasis\",\"description\":\"We provide the industry's leading Card production, Printing and System support.\",\"potentialAction\":[{\"@type\":\"SearchAction\",\"target\":{\"@type\":\"EntryPoint\",\"urlTemplate\":\"https:\\\/\\\/www.plasis.com.tr\\\/?s={search_term_string}\"},\"query-input\":{\"@type\":\"PropertyValueSpecification\",\"valueRequired\":true,\"valueName\":\"search_term_string\"}}],\"inLanguage\":\"en-US\"}]}<\/script>\n<!-- \/ Yoast SEO plugin. -->","yoast_head_json":{"title":"Uzak destek ve e\u011fitim - Plasis","robots":{"index":"index","follow":"follow","max-snippet":"max-snippet:-1","max-image-preview":"max-image-preview:large","max-video-preview":"max-video-preview:-1"},"canonical":"https:\/\/www.plasis.com.tr\/urun\/uzak-destek-ve-egitim\/","schema":{"@context":"https:\/\/schema.org","@graph":[{"@type":"WebPage","@id":"https:\/\/www.plasis.com.tr\/urun\/uzak-destek-ve-egitim\/","url":"https:\/\/www.plasis.com.tr\/urun\/uzak-destek-ve-egitim\/","name":"Uzak destek ve e\u011fitim - Plasis","isPartOf":{"@id":"https:\/\/www.plasis.com.tr\/#website"},"primaryImageOfPage":{"@id":"https:\/\/www.plasis.com.tr\/urun\/uzak-destek-ve-egitim\/#primaryimage"},"image":{"@id":"https:\/\/www.plasis.com.tr\/urun\/uzak-destek-ve-egitim\/#primaryimage"},"thumbnailUrl":"https:\/\/www.plasis.com.tr\/wp-content\/uploads\/2021\/06\/uzakegitim.jpg","datePublished":"2021-06-16T14:36:47+00:00","dateModified":"2026-01-16T07:30:42+00:00","breadcrumb":{"@id":"https:\/\/www.plasis.com.tr\/urun\/uzak-destek-ve-egitim\/#breadcrumb"},"inLanguage":"en-US","potentialAction":[{"@type":"ReadAction","target":["https:\/\/www.plasis.com.tr\/urun\/uzak-destek-ve-egitim\/"]}]},{"@type":"ImageObject","inLanguage":"en-US","@id":"https:\/\/www.plasis.com.tr\/urun\/uzak-destek-ve-egitim\/#primaryimage","url":"https:\/\/www.plasis.com.tr\/wp-content\/uploads\/2021\/06\/uzakegitim.jpg","contentUrl":"https:\/\/www.plasis.com.tr\/wp-content\/uploads\/2021\/06\/uzakegitim.jpg","width":640,"height":426},{"@type":"BreadcrumbList","@id":"https:\/\/www.plasis.com.tr\/urun\/uzak-destek-ve-egitim\/#breadcrumb","itemListElement":[{"@type":"ListItem","position":1,"name":"Ana sayfa","item":"https:\/\/www.plasis.com.tr\/en\/"},{"@type":"ListItem","position":2,"name":"\u00dcr\u00fcnlerimiz","item":"https:\/\/www.plasis.com.tr\/urunlerimiz\/"},{"@type":"ListItem","position":3,"name":"Uzak destek ve e\u011fitim"}]},{"@type":"WebSite","@id":"https:\/\/www.plasis.com.tr\/#website","url":"https:\/\/www.plasis.com.tr\/","name":"Plasis","description":"We provide the industry's leading Card production, Printing and System support.","potentialAction":[{"@type":"SearchAction","target":{"@type":"EntryPoint","urlTemplate":"https:\/\/www.plasis.com.tr\/?s={search_term_string}"},"query-input":{"@type":"PropertyValueSpecification","valueRequired":true,"valueName":"search_term_string"}}],"inLanguage":"en-US"}]}},"_links":{"self":[{"href":"https:\/\/www.plasis.com.tr\/en\/wp-json\/wp\/v2\/product\/7069","targetHints":{"allow":["GET"]}}],"collection":[{"href":"https:\/\/www.plasis.com.tr\/en\/wp-json\/wp\/v2\/product"}],"about":[{"href":"https:\/\/www.plasis.com.tr\/en\/wp-json\/wp\/v2\/types\/product"}],"replies":[{"embeddable":true,"href":"https:\/\/www.plasis.com.tr\/en\/wp-json\/wp\/v2\/comments?post=7069"}],"wp:featuredmedia":[{"embeddable":true,"href":"https:\/\/www.plasis.com.tr\/en\/wp-json\/wp\/v2\/media\/7070"}],"wp:attachment":[{"href":"https:\/\/www.plasis.com.tr\/en\/wp-json\/wp\/v2\/media?parent=7069"}],"wp:term":[{"taxonomy":"product_brand","embeddable":true,"href":"https:\/\/www.plasis.com.tr\/en\/wp-json\/wp\/v2\/product_brand?post=7069"},{"taxonomy":"product_cat","embeddable":true,"href":"https:\/\/www.plasis.com.tr\/en\/wp-json\/wp\/v2\/product_cat?post=7069"},{"taxonomy":"product_tag","embeddable":true,"href":"https:\/\/www.plasis.com.tr\/en\/wp-json\/wp\/v2\/product_tag?post=7069"}],"curies":[{"name":"wp","href":"https:\/\/api.w.org\/{rel}","templated":true}]}}