{"id":7012,"date":"2021-03-16T14:06:44","date_gmt":"2021-03-16T11:06:44","guid":{"rendered":"https:\/\/www.plasis.com.tr\/?post_type=product&#038;p=7012"},"modified":"2026-01-13T17:13:20","modified_gmt":"2026-01-13T14:13:20","slug":"yaka-kart-ipi","status":"publish","type":"product","link":"https:\/\/www.plasis.com.tr\/en\/urun\/yaka-kart-ipi\/","title":{"rendered":"Yaka kart ipi"},"content":{"rendered":"<h2>Yaka kart ipi<\/h2>\n<p>Logonuz ile \u00f6zel \u00fcretim.<\/p>\n<p>Logonuzu g\u00f6nderin size \u00f6zel \u00fcretim yapal\u0131m. yaka kart ipi (whatsapp 05432893792 e-mail info@plasis.com.tr )<\/p>\n<ol>\n<li>500 adet \u00fczeri sipari\u015fler i\u00e7in \u00fccretsiz numune deste\u011fi<\/li>\n<li>Kart boyun ask\u0131s\u0131 i\u00e7in \u00fccretsiz tasar\u0131m deste\u011fi<\/li>\n<li>fiyat yaln\u0131zca boyun ask\u0131s\u0131 ve ucundaki metal klips i\u00e7in ge\u00e7erlidir. Kart kab\u0131 fiyata dahil de\u011fildir. G\u00f6rsel olarak kullan\u0131lm\u0131\u015ft\u0131r.<\/li>\n<li>Resimlerdeki akrep kanca, ara kilit, ense kopma (emniyet klipsi) gibi aksesuarlar ek \u00fccrete tabidir. teklif isteyiniz.<\/li>\n<li><strong>fiyat 500 adet sipari\u015f i\u00e7in ge\u00e7erli birim fiyatt\u0131r.<\/strong><\/li>\n<li>sipari\u015f miktar\u0131n\u0131z artt\u0131k\u00e7a fiyat\u0131n\u0131z <strong>azal\u0131r<\/strong>. Sipari\u015f miktar\u0131n\u0131z azald\u0131k\u00e7a fiyat\u0131n\u0131z <strong>artar<\/strong>. \u0130htiyac\u0131n\u0131z olan miktar i\u00e7in size \u00f6zel teklif isteyiniz.<\/li>\n<li>Resimlerdeki \u00fcr\u00fcnler 2cm geni\u015flikte 45cm uzunluktad\u0131r. sipari\u015flerinizde daha farkl\u0131 boy ve geni\u015flikler tercih edebilirsiniz.<\/li>\n<li>Fiyat beyaz zemine tek taraf bask\u0131 i\u00e7in ge\u00e7erlidir. Farkl\u0131 zemin rengi veya \u00e7ift taraf bask\u0131da <strong>fiyat artacakt\u0131r.<\/strong> Ara kilit, emniyet klipsi gibi ilave aksesuarlar olursa <strong>fiyat<\/strong> <strong>artacakt\u0131r<\/strong>.<\/li>\n<\/ol>\n","protected":false},"excerpt":{"rendered":"<p>yaka kart ipi i\u00e7in bask\u0131l\u0131 se\u00e7enekler<\/p>\n","protected":false},"featured_media":7013,"comment_status":"closed","ping_status":"closed","template":"","meta":[],"product_brand":[],"product_cat":[727],"product_tag":[1001],"class_list":{"0":"post-7012","1":"product","2":"type-product","3":"status-publish","4":"has-post-thumbnail","6":"product_cat-yaka-karti-aksesuari-ipler-ve-yoyolar","7":"product_tag-yaka-kart-ipi","9":"first","10":"instock","11":"taxable","12":"shipping-taxable","13":"purchasable","14":"product-type-simple","15":"prodpage-style2"},"yoast_head":"<!-- This site is optimized with the Yoast SEO plugin v27.3 - https:\/\/yoast.com\/product\/yoast-seo-wordpress\/ -->\n<title>Yaka kart ipi - Plasis<\/title>\n<meta name=\"robots\" content=\"index, follow, max-snippet:-1, max-image-preview:large, max-video-preview:-1\" \/>\n<link rel=\"canonical\" href=\"https:\/\/www.plasis.com.tr\/urun\/yaka-kart-ipi\/\" \/>\n<script type=\"application\/ld+json\" class=\"yoast-schema-graph\">{\"@context\":\"https:\\\/\\\/schema.org\",\"@graph\":[{\"@type\":\"WebPage\",\"@id\":\"https:\\\/\\\/www.plasis.com.tr\\\/urun\\\/yaka-kart-ipi\\\/\",\"url\":\"https:\\\/\\\/www.plasis.com.tr\\\/urun\\\/yaka-kart-ipi\\\/\",\"name\":\"Yaka kart ipi - Plasis\",\"isPartOf\":{\"@id\":\"https:\\\/\\\/www.plasis.com.tr\\\/#website\"},\"primaryImageOfPage\":{\"@id\":\"https:\\\/\\\/www.plasis.com.tr\\\/urun\\\/yaka-kart-ipi\\\/#primaryimage\"},\"image\":{\"@id\":\"https:\\\/\\\/www.plasis.com.tr\\\/urun\\\/yaka-kart-ipi\\\/#primaryimage\"},\"thumbnailUrl\":\"https:\\\/\\\/www.plasis.com.tr\\\/wp-content\\\/uploads\\\/2021\\\/03\\\/yaka-kart-ipi.jpg\",\"datePublished\":\"2021-03-16T11:06:44+00:00\",\"dateModified\":\"2026-01-13T14:13:20+00:00\",\"breadcrumb\":{\"@id\":\"https:\\\/\\\/www.plasis.com.tr\\\/urun\\\/yaka-kart-ipi\\\/#breadcrumb\"},\"inLanguage\":\"en-US\",\"potentialAction\":[{\"@type\":\"ReadAction\",\"target\":[\"https:\\\/\\\/www.plasis.com.tr\\\/urun\\\/yaka-kart-ipi\\\/\"]}]},{\"@type\":\"ImageObject\",\"inLanguage\":\"en-US\",\"@id\":\"https:\\\/\\\/www.plasis.com.tr\\\/urun\\\/yaka-kart-ipi\\\/#primaryimage\",\"url\":\"https:\\\/\\\/www.plasis.com.tr\\\/wp-content\\\/uploads\\\/2021\\\/03\\\/yaka-kart-ipi.jpg\",\"contentUrl\":\"https:\\\/\\\/www.plasis.com.tr\\\/wp-content\\\/uploads\\\/2021\\\/03\\\/yaka-kart-ipi.jpg\",\"width\":834,\"height\":567,\"caption\":\"yaka kart ipi\"},{\"@type\":\"BreadcrumbList\",\"@id\":\"https:\\\/\\\/www.plasis.com.tr\\\/urun\\\/yaka-kart-ipi\\\/#breadcrumb\",\"itemListElement\":[{\"@type\":\"ListItem\",\"position\":1,\"name\":\"Ana sayfa\",\"item\":\"https:\\\/\\\/www.plasis.com.tr\\\/en\\\/\"},{\"@type\":\"ListItem\",\"position\":2,\"name\":\"\u00dcr\u00fcnlerimiz\",\"item\":\"https:\\\/\\\/www.plasis.com.tr\\\/urunlerimiz\\\/\"},{\"@type\":\"ListItem\",\"position\":3,\"name\":\"Yaka kart ipi\"}]},{\"@type\":\"WebSite\",\"@id\":\"https:\\\/\\\/www.plasis.com.tr\\\/#website\",\"url\":\"https:\\\/\\\/www.plasis.com.tr\\\/\",\"name\":\"Plasis\",\"description\":\"We provide the industry's leading Card production, Printing and System support.\",\"potentialAction\":[{\"@type\":\"SearchAction\",\"target\":{\"@type\":\"EntryPoint\",\"urlTemplate\":\"https:\\\/\\\/www.plasis.com.tr\\\/?s={search_term_string}\"},\"query-input\":{\"@type\":\"PropertyValueSpecification\",\"valueRequired\":true,\"valueName\":\"search_term_string\"}}],\"inLanguage\":\"en-US\"}]}<\/script>\n<!-- \/ Yoast SEO plugin. -->","yoast_head_json":{"title":"Yaka kart ipi - Plasis","robots":{"index":"index","follow":"follow","max-snippet":"max-snippet:-1","max-image-preview":"max-image-preview:large","max-video-preview":"max-video-preview:-1"},"canonical":"https:\/\/www.plasis.com.tr\/urun\/yaka-kart-ipi\/","schema":{"@context":"https:\/\/schema.org","@graph":[{"@type":"WebPage","@id":"https:\/\/www.plasis.com.tr\/urun\/yaka-kart-ipi\/","url":"https:\/\/www.plasis.com.tr\/urun\/yaka-kart-ipi\/","name":"Yaka kart ipi - Plasis","isPartOf":{"@id":"https:\/\/www.plasis.com.tr\/#website"},"primaryImageOfPage":{"@id":"https:\/\/www.plasis.com.tr\/urun\/yaka-kart-ipi\/#primaryimage"},"image":{"@id":"https:\/\/www.plasis.com.tr\/urun\/yaka-kart-ipi\/#primaryimage"},"thumbnailUrl":"https:\/\/www.plasis.com.tr\/wp-content\/uploads\/2021\/03\/yaka-kart-ipi.jpg","datePublished":"2021-03-16T11:06:44+00:00","dateModified":"2026-01-13T14:13:20+00:00","breadcrumb":{"@id":"https:\/\/www.plasis.com.tr\/urun\/yaka-kart-ipi\/#breadcrumb"},"inLanguage":"en-US","potentialAction":[{"@type":"ReadAction","target":["https:\/\/www.plasis.com.tr\/urun\/yaka-kart-ipi\/"]}]},{"@type":"ImageObject","inLanguage":"en-US","@id":"https:\/\/www.plasis.com.tr\/urun\/yaka-kart-ipi\/#primaryimage","url":"https:\/\/www.plasis.com.tr\/wp-content\/uploads\/2021\/03\/yaka-kart-ipi.jpg","contentUrl":"https:\/\/www.plasis.com.tr\/wp-content\/uploads\/2021\/03\/yaka-kart-ipi.jpg","width":834,"height":567,"caption":"yaka kart ipi"},{"@type":"BreadcrumbList","@id":"https:\/\/www.plasis.com.tr\/urun\/yaka-kart-ipi\/#breadcrumb","itemListElement":[{"@type":"ListItem","position":1,"name":"Ana sayfa","item":"https:\/\/www.plasis.com.tr\/en\/"},{"@type":"ListItem","position":2,"name":"\u00dcr\u00fcnlerimiz","item":"https:\/\/www.plasis.com.tr\/urunlerimiz\/"},{"@type":"ListItem","position":3,"name":"Yaka kart ipi"}]},{"@type":"WebSite","@id":"https:\/\/www.plasis.com.tr\/#website","url":"https:\/\/www.plasis.com.tr\/","name":"Plasis","description":"We provide the industry's leading Card production, Printing and System support.","potentialAction":[{"@type":"SearchAction","target":{"@type":"EntryPoint","urlTemplate":"https:\/\/www.plasis.com.tr\/?s={search_term_string}"},"query-input":{"@type":"PropertyValueSpecification","valueRequired":true,"valueName":"search_term_string"}}],"inLanguage":"en-US"}]}},"_links":{"self":[{"href":"https:\/\/www.plasis.com.tr\/en\/wp-json\/wp\/v2\/product\/7012","targetHints":{"allow":["GET"]}}],"collection":[{"href":"https:\/\/www.plasis.com.tr\/en\/wp-json\/wp\/v2\/product"}],"about":[{"href":"https:\/\/www.plasis.com.tr\/en\/wp-json\/wp\/v2\/types\/product"}],"replies":[{"embeddable":true,"href":"https:\/\/www.plasis.com.tr\/en\/wp-json\/wp\/v2\/comments?post=7012"}],"wp:featuredmedia":[{"embeddable":true,"href":"https:\/\/www.plasis.com.tr\/en\/wp-json\/wp\/v2\/media\/7013"}],"wp:attachment":[{"href":"https:\/\/www.plasis.com.tr\/en\/wp-json\/wp\/v2\/media?parent=7012"}],"wp:term":[{"taxonomy":"product_brand","embeddable":true,"href":"https:\/\/www.plasis.com.tr\/en\/wp-json\/wp\/v2\/product_brand?post=7012"},{"taxonomy":"product_cat","embeddable":true,"href":"https:\/\/www.plasis.com.tr\/en\/wp-json\/wp\/v2\/product_cat?post=7012"},{"taxonomy":"product_tag","embeddable":true,"href":"https:\/\/www.plasis.com.tr\/en\/wp-json\/wp\/v2\/product_tag?post=7012"}],"curies":[{"name":"wp","href":"https:\/\/api.w.org\/{rel}","templated":true}]}}