{"id":6959,"date":"2021-03-01T17:28:27","date_gmt":"2021-03-01T14:28:27","guid":{"rendered":"https:\/\/www.plasis.com.tr\/?post_type=product&#038;p=6959"},"modified":"2025-05-01T12:40:41","modified_gmt":"2025-05-01T09:40:41","slug":"yoyo-kart-askisi-kart-kabi-hediyeli","status":"publish","type":"product","link":"https:\/\/www.plasis.com.tr\/en\/urun\/yoyo-kart-askisi-kart-kabi-hediyeli\/","title":{"rendered":"Yoyo kart ask\u0131s\u0131 + kart kab\u0131 hediyeli"},"content":{"rendered":"<h2>Yoyo kart ask\u0131s\u0131 + kart kab\u0131 hediyeli<\/h2>\n<h3>Ki\u015fiye ve firmaya \u00f6zel<\/h3>\n<p>Firman\u0131za \u00f6zel bask\u0131l\u0131 ipi ile birlikte. Yoyo kart ask\u0131s\u0131 \u00dccretsiz tasar\u0131m deste\u011fi. Logonuzu <a href=\"mailto:info@plasis.com.tr\">info@plasis.com.tr<\/a> adresine g\u00f6nderin, \u00fccretsiz tasar\u0131m\u0131n\u0131z yapal\u0131m size \u00f6zel \u00fcr\u00fcn\u00fcn\u00fcz\u00fc sipari\u015f edin.<\/p>\n<p>Yoyo + Damla\u00a0 Bask\u0131<\/p>\n<p>+ Bask\u0131l\u0131 Kart ask\u0131 ipi<\/p>\n<p>+Kart koruyucu<\/p>\n<p><strong>adet fiyat\u0131 toplam 500 adet sipari\u015f edildi\u011finde ge\u00e7erlidir.<\/strong><\/p>\n<p>Daha y\u00fcksek miktardaki sipari\u015flerinizde \u00f6zel indirimler alabilirsiniz.<\/p>\n<p><strong>Daha d\u00fc\u015f\u00fck miktardaki sipari\u015flerinizde birim fiyat artacakt\u0131r.<\/strong><\/p>\n<p>Size \u00f6zel \u00fcr\u00fcn\u00fc belirleyip size \u00f6zel fiyat\u0131n\u0131z i\u00e7in bizi aray\u0131n 02123569673<\/p>\n<p>&nbsp;<\/p>\n","protected":false},"excerpt":{"rendered":"<p>Yoyo kart ask\u0131s\u0131<\/p>\n","protected":false},"featured_media":6960,"comment_status":"closed","ping_status":"closed","template":"","meta":[],"product_brand":[],"product_cat":[727],"product_tag":[988],"class_list":{"0":"post-6959","1":"product","2":"type-product","3":"status-publish","4":"has-post-thumbnail","6":"product_cat-yaka-karti-aksesuari-ipler-ve-yoyolar","7":"product_tag-yoyo-kart-askisi","9":"first","10":"instock","11":"taxable","12":"shipping-taxable","13":"purchasable","14":"product-type-simple","15":"prodpage-style2"},"yoast_head":"<!-- This site is optimized with the Yoast SEO plugin v27.3 - https:\/\/yoast.com\/product\/yoast-seo-wordpress\/ -->\n<title>Yoyo kart ask\u0131s\u0131 + kart kab\u0131 hediyeli - Plasis<\/title>\n<meta name=\"robots\" content=\"index, follow, max-snippet:-1, max-image-preview:large, max-video-preview:-1\" \/>\n<link rel=\"canonical\" href=\"https:\/\/www.plasis.com.tr\/urun\/yoyo-kart-askisi-kart-kabi-hediyeli\/\" \/>\n<script type=\"application\/ld+json\" class=\"yoast-schema-graph\">{\"@context\":\"https:\\\/\\\/schema.org\",\"@graph\":[{\"@type\":\"WebPage\",\"@id\":\"https:\\\/\\\/www.plasis.com.tr\\\/urun\\\/yoyo-kart-askisi-kart-kabi-hediyeli\\\/\",\"url\":\"https:\\\/\\\/www.plasis.com.tr\\\/urun\\\/yoyo-kart-askisi-kart-kabi-hediyeli\\\/\",\"name\":\"Yoyo kart ask\u0131s\u0131 + kart kab\u0131 hediyeli - Plasis\",\"isPartOf\":{\"@id\":\"https:\\\/\\\/www.plasis.com.tr\\\/#website\"},\"primaryImageOfPage\":{\"@id\":\"https:\\\/\\\/www.plasis.com.tr\\\/urun\\\/yoyo-kart-askisi-kart-kabi-hediyeli\\\/#primaryimage\"},\"image\":{\"@id\":\"https:\\\/\\\/www.plasis.com.tr\\\/urun\\\/yoyo-kart-askisi-kart-kabi-hediyeli\\\/#primaryimage\"},\"thumbnailUrl\":\"https:\\\/\\\/www.plasis.com.tr\\\/wp-content\\\/uploads\\\/2021\\\/03\\\/yoyo-kart-askisi-kart-kabi-hediyeli-jpg.jpg\",\"datePublished\":\"2021-03-01T14:28:27+00:00\",\"dateModified\":\"2025-05-01T09:40:41+00:00\",\"breadcrumb\":{\"@id\":\"https:\\\/\\\/www.plasis.com.tr\\\/urun\\\/yoyo-kart-askisi-kart-kabi-hediyeli\\\/#breadcrumb\"},\"inLanguage\":\"en-US\",\"potentialAction\":[{\"@type\":\"ReadAction\",\"target\":[\"https:\\\/\\\/www.plasis.com.tr\\\/urun\\\/yoyo-kart-askisi-kart-kabi-hediyeli\\\/\"]}]},{\"@type\":\"ImageObject\",\"inLanguage\":\"en-US\",\"@id\":\"https:\\\/\\\/www.plasis.com.tr\\\/urun\\\/yoyo-kart-askisi-kart-kabi-hediyeli\\\/#primaryimage\",\"url\":\"https:\\\/\\\/www.plasis.com.tr\\\/wp-content\\\/uploads\\\/2021\\\/03\\\/yoyo-kart-askisi-kart-kabi-hediyeli-jpg.jpg\",\"contentUrl\":\"https:\\\/\\\/www.plasis.com.tr\\\/wp-content\\\/uploads\\\/2021\\\/03\\\/yoyo-kart-askisi-kart-kabi-hediyeli-jpg.jpg\",\"width\":1121,\"height\":482,\"caption\":\"yoyo kart ask\u0131s\u0131\"},{\"@type\":\"BreadcrumbList\",\"@id\":\"https:\\\/\\\/www.plasis.com.tr\\\/urun\\\/yoyo-kart-askisi-kart-kabi-hediyeli\\\/#breadcrumb\",\"itemListElement\":[{\"@type\":\"ListItem\",\"position\":1,\"name\":\"Ana sayfa\",\"item\":\"https:\\\/\\\/www.plasis.com.tr\\\/en\\\/\"},{\"@type\":\"ListItem\",\"position\":2,\"name\":\"\u00dcr\u00fcnlerimiz\",\"item\":\"https:\\\/\\\/www.plasis.com.tr\\\/urunlerimiz\\\/\"},{\"@type\":\"ListItem\",\"position\":3,\"name\":\"Yoyo kart ask\u0131s\u0131 + kart kab\u0131 hediyeli\"}]},{\"@type\":\"WebSite\",\"@id\":\"https:\\\/\\\/www.plasis.com.tr\\\/#website\",\"url\":\"https:\\\/\\\/www.plasis.com.tr\\\/\",\"name\":\"Plasis\",\"description\":\"We provide the industry's leading Card production, Printing and System support.\",\"potentialAction\":[{\"@type\":\"SearchAction\",\"target\":{\"@type\":\"EntryPoint\",\"urlTemplate\":\"https:\\\/\\\/www.plasis.com.tr\\\/?s={search_term_string}\"},\"query-input\":{\"@type\":\"PropertyValueSpecification\",\"valueRequired\":true,\"valueName\":\"search_term_string\"}}],\"inLanguage\":\"en-US\"}]}<\/script>\n<!-- \/ Yoast SEO plugin. -->","yoast_head_json":{"title":"Yoyo kart ask\u0131s\u0131 + kart kab\u0131 hediyeli - Plasis","robots":{"index":"index","follow":"follow","max-snippet":"max-snippet:-1","max-image-preview":"max-image-preview:large","max-video-preview":"max-video-preview:-1"},"canonical":"https:\/\/www.plasis.com.tr\/urun\/yoyo-kart-askisi-kart-kabi-hediyeli\/","schema":{"@context":"https:\/\/schema.org","@graph":[{"@type":"WebPage","@id":"https:\/\/www.plasis.com.tr\/urun\/yoyo-kart-askisi-kart-kabi-hediyeli\/","url":"https:\/\/www.plasis.com.tr\/urun\/yoyo-kart-askisi-kart-kabi-hediyeli\/","name":"Yoyo kart ask\u0131s\u0131 + kart kab\u0131 hediyeli - Plasis","isPartOf":{"@id":"https:\/\/www.plasis.com.tr\/#website"},"primaryImageOfPage":{"@id":"https:\/\/www.plasis.com.tr\/urun\/yoyo-kart-askisi-kart-kabi-hediyeli\/#primaryimage"},"image":{"@id":"https:\/\/www.plasis.com.tr\/urun\/yoyo-kart-askisi-kart-kabi-hediyeli\/#primaryimage"},"thumbnailUrl":"https:\/\/www.plasis.com.tr\/wp-content\/uploads\/2021\/03\/yoyo-kart-askisi-kart-kabi-hediyeli-jpg.jpg","datePublished":"2021-03-01T14:28:27+00:00","dateModified":"2025-05-01T09:40:41+00:00","breadcrumb":{"@id":"https:\/\/www.plasis.com.tr\/urun\/yoyo-kart-askisi-kart-kabi-hediyeli\/#breadcrumb"},"inLanguage":"en-US","potentialAction":[{"@type":"ReadAction","target":["https:\/\/www.plasis.com.tr\/urun\/yoyo-kart-askisi-kart-kabi-hediyeli\/"]}]},{"@type":"ImageObject","inLanguage":"en-US","@id":"https:\/\/www.plasis.com.tr\/urun\/yoyo-kart-askisi-kart-kabi-hediyeli\/#primaryimage","url":"https:\/\/www.plasis.com.tr\/wp-content\/uploads\/2021\/03\/yoyo-kart-askisi-kart-kabi-hediyeli-jpg.jpg","contentUrl":"https:\/\/www.plasis.com.tr\/wp-content\/uploads\/2021\/03\/yoyo-kart-askisi-kart-kabi-hediyeli-jpg.jpg","width":1121,"height":482,"caption":"yoyo kart ask\u0131s\u0131"},{"@type":"BreadcrumbList","@id":"https:\/\/www.plasis.com.tr\/urun\/yoyo-kart-askisi-kart-kabi-hediyeli\/#breadcrumb","itemListElement":[{"@type":"ListItem","position":1,"name":"Ana sayfa","item":"https:\/\/www.plasis.com.tr\/en\/"},{"@type":"ListItem","position":2,"name":"\u00dcr\u00fcnlerimiz","item":"https:\/\/www.plasis.com.tr\/urunlerimiz\/"},{"@type":"ListItem","position":3,"name":"Yoyo kart ask\u0131s\u0131 + kart kab\u0131 hediyeli"}]},{"@type":"WebSite","@id":"https:\/\/www.plasis.com.tr\/#website","url":"https:\/\/www.plasis.com.tr\/","name":"Plasis","description":"We provide the industry's leading Card production, Printing and System support.","potentialAction":[{"@type":"SearchAction","target":{"@type":"EntryPoint","urlTemplate":"https:\/\/www.plasis.com.tr\/?s={search_term_string}"},"query-input":{"@type":"PropertyValueSpecification","valueRequired":true,"valueName":"search_term_string"}}],"inLanguage":"en-US"}]}},"_links":{"self":[{"href":"https:\/\/www.plasis.com.tr\/en\/wp-json\/wp\/v2\/product\/6959","targetHints":{"allow":["GET"]}}],"collection":[{"href":"https:\/\/www.plasis.com.tr\/en\/wp-json\/wp\/v2\/product"}],"about":[{"href":"https:\/\/www.plasis.com.tr\/en\/wp-json\/wp\/v2\/types\/product"}],"replies":[{"embeddable":true,"href":"https:\/\/www.plasis.com.tr\/en\/wp-json\/wp\/v2\/comments?post=6959"}],"wp:featuredmedia":[{"embeddable":true,"href":"https:\/\/www.plasis.com.tr\/en\/wp-json\/wp\/v2\/media\/6960"}],"wp:attachment":[{"href":"https:\/\/www.plasis.com.tr\/en\/wp-json\/wp\/v2\/media?parent=6959"}],"wp:term":[{"taxonomy":"product_brand","embeddable":true,"href":"https:\/\/www.plasis.com.tr\/en\/wp-json\/wp\/v2\/product_brand?post=6959"},{"taxonomy":"product_cat","embeddable":true,"href":"https:\/\/www.plasis.com.tr\/en\/wp-json\/wp\/v2\/product_cat?post=6959"},{"taxonomy":"product_tag","embeddable":true,"href":"https:\/\/www.plasis.com.tr\/en\/wp-json\/wp\/v2\/product_tag?post=6959"}],"curies":[{"name":"wp","href":"https:\/\/api.w.org\/{rel}","templated":true}]}}