{"id":6941,"date":"2021-02-24T12:49:25","date_gmt":"2021-02-24T09:49:25","guid":{"rendered":"https:\/\/www.plasis.com.tr\/?post_type=product&#038;p=6941"},"modified":"2025-11-28T17:40:00","modified_gmt":"2025-11-28T14:40:00","slug":"084051-fargo-hdp5000-renkli-ribon","status":"publish","type":"product","link":"https:\/\/www.plasis.com.tr\/en\/urun\/084051-fargo-hdp5000-renkli-ribon\/","title":{"rendered":"084051 Fargo HDP5000 Renkli Ribon"},"content":{"rendered":"<p>084051 Fargo HDP5000 Renkli Ribon \u2013 YMCK \u2013 500 Bask\u0131 yapabilir.<\/p>\n<p>Tam renkli \u015ferit ribon<\/p>\n<p>Tek tarafl\u0131 yazd\u0131rma i\u00e7in 500 bask\u0131<\/p>\n<p>\u00c7ift tarafl\u0131 bir yaz\u0131c\u0131da kullanabilir, ancak \u015ferit ba\u015f\u0131na d\u00fc\u015fen kart say\u0131s\u0131 verimin yar\u0131s\u0131 kadar olacakt\u0131r. YMCK tam renkli, siyah renkli panelli \u015ferit kartu\u015f. Kaliteli bask\u0131lar sa\u011flamak i\u00e7in ve yaz\u0131c\u0131 bak\u0131m\u0131n\u0131 kolayla\u015ft\u0131rmak i\u00e7in her ribon kutusu i\u00e7inde temizleme silindiri i\u00e7erir. Fargo 084051 \u015ferit HDP5000 kart yaz\u0131c\u0131lar\u0131 ile kullan\u0131m i\u00e7indir<\/p>\n","protected":false},"excerpt":{"rendered":"<p>Fargo HDP5000 Renkli Ribon \u2013 YMCK \u2013 500 Bask\u0131 yapabilir.<\/p>\n","protected":false},"featured_media":6942,"comment_status":"closed","ping_status":"closed","template":"","meta":[],"product_brand":[],"product_cat":[673],"product_tag":[977,974,978,976,959,975],"class_list":{"0":"post-6941","1":"product","2":"type-product","3":"status-publish","4":"has-post-thumbnail","6":"product_cat-plastik-kart-yazicilar","7":"product_tag-977","8":"product_tag-084051-fargo-hdp5000","9":"product_tag-500-baski","10":"product_tag-fargo-hdp5000-renkli","11":"product_tag-kartus","12":"product_tag-ribon-ymck","14":"first","15":"instock","16":"taxable","17":"shipping-taxable","18":"purchasable","19":"product-type-simple","20":"prodpage-style2"},"yoast_head":"<!-- This site is optimized with the Yoast SEO plugin v27.3 - https:\/\/yoast.com\/product\/yoast-seo-wordpress\/ -->\n<title>084051 Fargo HDP5000 Renkli Ribon - Plasis<\/title>\n<meta name=\"robots\" content=\"index, follow, max-snippet:-1, max-image-preview:large, max-video-preview:-1\" \/>\n<link rel=\"canonical\" href=\"https:\/\/www.plasis.com.tr\/urun\/084051-fargo-hdp5000-renkli-ribon\/\" \/>\n<script type=\"application\/ld+json\" class=\"yoast-schema-graph\">{\"@context\":\"https:\\\/\\\/schema.org\",\"@graph\":[{\"@type\":\"WebPage\",\"@id\":\"https:\\\/\\\/www.plasis.com.tr\\\/urun\\\/084051-fargo-hdp5000-renkli-ribon\\\/\",\"url\":\"https:\\\/\\\/www.plasis.com.tr\\\/urun\\\/084051-fargo-hdp5000-renkli-ribon\\\/\",\"name\":\"084051 Fargo HDP5000 Renkli Ribon - Plasis\",\"isPartOf\":{\"@id\":\"https:\\\/\\\/www.plasis.com.tr\\\/#website\"},\"primaryImageOfPage\":{\"@id\":\"https:\\\/\\\/www.plasis.com.tr\\\/urun\\\/084051-fargo-hdp5000-renkli-ribon\\\/#primaryimage\"},\"image\":{\"@id\":\"https:\\\/\\\/www.plasis.com.tr\\\/urun\\\/084051-fargo-hdp5000-renkli-ribon\\\/#primaryimage\"},\"thumbnailUrl\":\"https:\\\/\\\/www.plasis.com.tr\\\/wp-content\\\/uploads\\\/2021\\\/02\\\/fargo-hdp500-renkli-ribbon4.jpg\",\"datePublished\":\"2021-02-24T09:49:25+00:00\",\"dateModified\":\"2025-11-28T14:40:00+00:00\",\"breadcrumb\":{\"@id\":\"https:\\\/\\\/www.plasis.com.tr\\\/urun\\\/084051-fargo-hdp5000-renkli-ribon\\\/#breadcrumb\"},\"inLanguage\":\"en-US\",\"potentialAction\":[{\"@type\":\"ReadAction\",\"target\":[\"https:\\\/\\\/www.plasis.com.tr\\\/urun\\\/084051-fargo-hdp5000-renkli-ribon\\\/\"]}]},{\"@type\":\"ImageObject\",\"inLanguage\":\"en-US\",\"@id\":\"https:\\\/\\\/www.plasis.com.tr\\\/urun\\\/084051-fargo-hdp5000-renkli-ribon\\\/#primaryimage\",\"url\":\"https:\\\/\\\/www.plasis.com.tr\\\/wp-content\\\/uploads\\\/2021\\\/02\\\/fargo-hdp500-renkli-ribbon4.jpg\",\"contentUrl\":\"https:\\\/\\\/www.plasis.com.tr\\\/wp-content\\\/uploads\\\/2021\\\/02\\\/fargo-hdp500-renkli-ribbon4.jpg\",\"width\":520,\"height\":425,\"caption\":\"084051 fargo HDP5000 Renkli Ribon\"},{\"@type\":\"BreadcrumbList\",\"@id\":\"https:\\\/\\\/www.plasis.com.tr\\\/urun\\\/084051-fargo-hdp5000-renkli-ribon\\\/#breadcrumb\",\"itemListElement\":[{\"@type\":\"ListItem\",\"position\":1,\"name\":\"Ana sayfa\",\"item\":\"https:\\\/\\\/www.plasis.com.tr\\\/en\\\/\"},{\"@type\":\"ListItem\",\"position\":2,\"name\":\"\u00dcr\u00fcnlerimiz\",\"item\":\"https:\\\/\\\/www.plasis.com.tr\\\/urunlerimiz\\\/\"},{\"@type\":\"ListItem\",\"position\":3,\"name\":\"084051 Fargo HDP5000 Renkli Ribon\"}]},{\"@type\":\"WebSite\",\"@id\":\"https:\\\/\\\/www.plasis.com.tr\\\/#website\",\"url\":\"https:\\\/\\\/www.plasis.com.tr\\\/\",\"name\":\"Plasis\",\"description\":\"We provide the industry's leading Card production, Printing and System support.\",\"potentialAction\":[{\"@type\":\"SearchAction\",\"target\":{\"@type\":\"EntryPoint\",\"urlTemplate\":\"https:\\\/\\\/www.plasis.com.tr\\\/?s={search_term_string}\"},\"query-input\":{\"@type\":\"PropertyValueSpecification\",\"valueRequired\":true,\"valueName\":\"search_term_string\"}}],\"inLanguage\":\"en-US\"}]}<\/script>\n<!-- \/ Yoast SEO plugin. -->","yoast_head_json":{"title":"084051 Fargo HDP5000 Renkli Ribon - Plasis","robots":{"index":"index","follow":"follow","max-snippet":"max-snippet:-1","max-image-preview":"max-image-preview:large","max-video-preview":"max-video-preview:-1"},"canonical":"https:\/\/www.plasis.com.tr\/urun\/084051-fargo-hdp5000-renkli-ribon\/","schema":{"@context":"https:\/\/schema.org","@graph":[{"@type":"WebPage","@id":"https:\/\/www.plasis.com.tr\/urun\/084051-fargo-hdp5000-renkli-ribon\/","url":"https:\/\/www.plasis.com.tr\/urun\/084051-fargo-hdp5000-renkli-ribon\/","name":"084051 Fargo HDP5000 Renkli Ribon - Plasis","isPartOf":{"@id":"https:\/\/www.plasis.com.tr\/#website"},"primaryImageOfPage":{"@id":"https:\/\/www.plasis.com.tr\/urun\/084051-fargo-hdp5000-renkli-ribon\/#primaryimage"},"image":{"@id":"https:\/\/www.plasis.com.tr\/urun\/084051-fargo-hdp5000-renkli-ribon\/#primaryimage"},"thumbnailUrl":"https:\/\/www.plasis.com.tr\/wp-content\/uploads\/2021\/02\/fargo-hdp500-renkli-ribbon4.jpg","datePublished":"2021-02-24T09:49:25+00:00","dateModified":"2025-11-28T14:40:00+00:00","breadcrumb":{"@id":"https:\/\/www.plasis.com.tr\/urun\/084051-fargo-hdp5000-renkli-ribon\/#breadcrumb"},"inLanguage":"en-US","potentialAction":[{"@type":"ReadAction","target":["https:\/\/www.plasis.com.tr\/urun\/084051-fargo-hdp5000-renkli-ribon\/"]}]},{"@type":"ImageObject","inLanguage":"en-US","@id":"https:\/\/www.plasis.com.tr\/urun\/084051-fargo-hdp5000-renkli-ribon\/#primaryimage","url":"https:\/\/www.plasis.com.tr\/wp-content\/uploads\/2021\/02\/fargo-hdp500-renkli-ribbon4.jpg","contentUrl":"https:\/\/www.plasis.com.tr\/wp-content\/uploads\/2021\/02\/fargo-hdp500-renkli-ribbon4.jpg","width":520,"height":425,"caption":"084051 fargo HDP5000 Renkli Ribon"},{"@type":"BreadcrumbList","@id":"https:\/\/www.plasis.com.tr\/urun\/084051-fargo-hdp5000-renkli-ribon\/#breadcrumb","itemListElement":[{"@type":"ListItem","position":1,"name":"Ana sayfa","item":"https:\/\/www.plasis.com.tr\/en\/"},{"@type":"ListItem","position":2,"name":"\u00dcr\u00fcnlerimiz","item":"https:\/\/www.plasis.com.tr\/urunlerimiz\/"},{"@type":"ListItem","position":3,"name":"084051 Fargo HDP5000 Renkli Ribon"}]},{"@type":"WebSite","@id":"https:\/\/www.plasis.com.tr\/#website","url":"https:\/\/www.plasis.com.tr\/","name":"Plasis","description":"We provide the industry's leading Card production, Printing and System support.","potentialAction":[{"@type":"SearchAction","target":{"@type":"EntryPoint","urlTemplate":"https:\/\/www.plasis.com.tr\/?s={search_term_string}"},"query-input":{"@type":"PropertyValueSpecification","valueRequired":true,"valueName":"search_term_string"}}],"inLanguage":"en-US"}]}},"_links":{"self":[{"href":"https:\/\/www.plasis.com.tr\/en\/wp-json\/wp\/v2\/product\/6941","targetHints":{"allow":["GET"]}}],"collection":[{"href":"https:\/\/www.plasis.com.tr\/en\/wp-json\/wp\/v2\/product"}],"about":[{"href":"https:\/\/www.plasis.com.tr\/en\/wp-json\/wp\/v2\/types\/product"}],"replies":[{"embeddable":true,"href":"https:\/\/www.plasis.com.tr\/en\/wp-json\/wp\/v2\/comments?post=6941"}],"wp:featuredmedia":[{"embeddable":true,"href":"https:\/\/www.plasis.com.tr\/en\/wp-json\/wp\/v2\/media\/6942"}],"wp:attachment":[{"href":"https:\/\/www.plasis.com.tr\/en\/wp-json\/wp\/v2\/media?parent=6941"}],"wp:term":[{"taxonomy":"product_brand","embeddable":true,"href":"https:\/\/www.plasis.com.tr\/en\/wp-json\/wp\/v2\/product_brand?post=6941"},{"taxonomy":"product_cat","embeddable":true,"href":"https:\/\/www.plasis.com.tr\/en\/wp-json\/wp\/v2\/product_cat?post=6941"},{"taxonomy":"product_tag","embeddable":true,"href":"https:\/\/www.plasis.com.tr\/en\/wp-json\/wp\/v2\/product_tag?post=6941"}],"curies":[{"name":"wp","href":"https:\/\/api.w.org\/{rel}","templated":true}]}}