{"id":6917,"date":"2021-02-16T15:57:13","date_gmt":"2021-02-16T12:57:13","guid":{"rendered":"https:\/\/www.plasis.com.tr\/?post_type=product&#038;p=6917"},"modified":"2026-01-13T17:16:24","modified_gmt":"2026-01-13T14:16:24","slug":"yaka-karti-askisi-size-ozel-baskili","status":"publish","type":"product","link":"https:\/\/www.plasis.com.tr\/en\/urun\/yaka-karti-askisi-size-ozel-baskili\/","title":{"rendered":"Yaka Kart\u0131 Ask\u0131s\u0131 size \u00f6zel bask\u0131l\u0131"},"content":{"rendered":"<h1>\u00d6zel bask\u0131l\u0131 yaka kart\u0131 ask\u0131s\u0131<\/h1>\n<p>Size \u00f6zel bask\u0131s\u0131 ile y\u00fcksek kalite<\/p>\n<ul>\n<li>30 adetten az \u00fcretim yap\u0131lamaz.<\/li>\n<li>500 adet ve \u00fczeri sipari\u015fler i\u00e7in birebir \u00fccretsiz numune \u00fcretilir.<\/li>\n<li>Tasar\u0131m konusunda uzman tasar\u0131mc\u0131lar\u0131m\u0131z \u00fccretsiz destek verecektir.<\/li>\n<li>\u00c7ok \u00e7e\u015fitli aksesuarlar ile \u00fcretim yap\u0131labilir. \u00d6zellikleri ve fiyatlar\u0131 i\u00e7in bizi aray\u0131n 02123569673<\/li>\n<li>\u00dcr\u00fcn\u00fcn fiyat\u0131 beyaz zemine tek kancal\u0131 tek taraf bask\u0131l\u0131 1 adet i\u00e7in verilmi\u015ftir. Farkl\u0131 se\u00e7enekler i\u00e7in teklif isteyiniz.<\/li>\n<li>\u00dcr\u00fcn resimleri ve resimlerde g\u00f6r\u00fclen aksesuarlar bilgi vermek i\u00e7indir. \u00dcr\u00fcne dahil olmayabilir. Fiyat bir adet \u00fcr\u00fcn i\u00e7indir. <strong>fiyat 500 adet sipari\u015f i\u00e7in ge\u00e7erlidir.<\/strong> daha az ya da daha fazla sipari\u015fleriniz i\u00e7in fiyat teklifi isteyiniz.<\/li>\n<li>Fiyat beyaz zemine tek taraf bask\u0131 i\u00e7in ge\u00e7erlidir. Farkl\u0131 zemin rengi veya \u00e7ift taraf bask\u0131da <strong>fiyat artacakt\u0131r.<\/strong> Ara kilit, emniyet klipsi gibi ilave aksesuarlar olursa <strong>fiyat<\/strong> <strong>artacakt\u0131r<\/strong>.<\/li>\n<\/ul>\n<p>Yaka kart\u0131 ask\u0131s\u0131nda s\u00fcblime bask\u0131 tekni\u011fi kullan\u0131lm\u0131\u015ft\u0131r. Solma ve d\u00f6k\u00fclme yapmaz. Giysilere boya vermez. \u00d6zel dokuma saten tekni\u011fi sayesinde boynunuzu rahats\u0131z etmez.<\/p>\n<div style=\"width: 1170px;\" class=\"wp-video\"><video class=\"wp-video-shortcode\" id=\"video-6917-1\" width=\"1170\" height=\"658\" preload=\"metadata\" controls=\"controls\"><source type=\"video\/mp4\" src=\"https:\/\/www.plasis.com.tr\/wp-content\/uploads\/2019\/09\/kart-ipi-tercih-2.mp4?_=1\" \/><a href=\"https:\/\/www.plasis.com.tr\/wp-content\/uploads\/2019\/09\/kart-ipi-tercih-2.mp4\">https:\/\/www.plasis.com.tr\/wp-content\/uploads\/2019\/09\/kart-ipi-tercih-2.mp4<\/a><\/video><\/div>\n","protected":false},"excerpt":{"rendered":"<p>Size \u00f6zel bask\u0131l\u0131 ve logolu yaka kart\u0131 ask\u0131s\u0131<\/p>\n","protected":false},"featured_media":6918,"comment_status":"closed","ping_status":"closed","template":"","meta":[],"product_brand":[],"product_cat":[727],"product_tag":[970,969],"class_list":{"0":"post-6917","1":"product","2":"type-product","3":"status-publish","4":"has-post-thumbnail","6":"product_cat-yaka-karti-aksesuari-ipler-ve-yoyolar","7":"product_tag-baskili-yaka-karti-askisi","8":"product_tag-yaka-karti-askisi","10":"first","11":"instock","12":"taxable","13":"shipping-taxable","14":"purchasable","15":"product-type-simple","16":"prodpage-style2"},"yoast_head":"<!-- This site is optimized with the Yoast SEO plugin v27.3 - https:\/\/yoast.com\/product\/yoast-seo-wordpress\/ -->\n<title>Yaka Kart\u0131 Ask\u0131s\u0131 size \u00f6zel bask\u0131l\u0131 - Plasis<\/title>\n<meta name=\"robots\" content=\"index, follow, max-snippet:-1, max-image-preview:large, max-video-preview:-1\" \/>\n<link rel=\"canonical\" href=\"https:\/\/www.plasis.com.tr\/urun\/yaka-karti-askisi-size-ozel-baskili\/\" \/>\n<script type=\"application\/ld+json\" class=\"yoast-schema-graph\">{\"@context\":\"https:\\\/\\\/schema.org\",\"@graph\":[{\"@type\":\"WebPage\",\"@id\":\"https:\\\/\\\/www.plasis.com.tr\\\/urun\\\/yaka-karti-askisi-size-ozel-baskili\\\/\",\"url\":\"https:\\\/\\\/www.plasis.com.tr\\\/urun\\\/yaka-karti-askisi-size-ozel-baskili\\\/\",\"name\":\"Yaka Kart\u0131 Ask\u0131s\u0131 size \u00f6zel bask\u0131l\u0131 - Plasis\",\"isPartOf\":{\"@id\":\"https:\\\/\\\/www.plasis.com.tr\\\/#website\"},\"primaryImageOfPage\":{\"@id\":\"https:\\\/\\\/www.plasis.com.tr\\\/urun\\\/yaka-karti-askisi-size-ozel-baskili\\\/#primaryimage\"},\"image\":{\"@id\":\"https:\\\/\\\/www.plasis.com.tr\\\/urun\\\/yaka-karti-askisi-size-ozel-baskili\\\/#primaryimage\"},\"thumbnailUrl\":\"https:\\\/\\\/www.plasis.com.tr\\\/wp-content\\\/uploads\\\/2021\\\/02\\\/yaka-karti-askisi.jpg\",\"datePublished\":\"2021-02-16T12:57:13+00:00\",\"dateModified\":\"2026-01-13T14:16:24+00:00\",\"breadcrumb\":{\"@id\":\"https:\\\/\\\/www.plasis.com.tr\\\/urun\\\/yaka-karti-askisi-size-ozel-baskili\\\/#breadcrumb\"},\"inLanguage\":\"en-US\",\"potentialAction\":[{\"@type\":\"ReadAction\",\"target\":[\"https:\\\/\\\/www.plasis.com.tr\\\/urun\\\/yaka-karti-askisi-size-ozel-baskili\\\/\"]}]},{\"@type\":\"ImageObject\",\"inLanguage\":\"en-US\",\"@id\":\"https:\\\/\\\/www.plasis.com.tr\\\/urun\\\/yaka-karti-askisi-size-ozel-baskili\\\/#primaryimage\",\"url\":\"https:\\\/\\\/www.plasis.com.tr\\\/wp-content\\\/uploads\\\/2021\\\/02\\\/yaka-karti-askisi.jpg\",\"contentUrl\":\"https:\\\/\\\/www.plasis.com.tr\\\/wp-content\\\/uploads\\\/2021\\\/02\\\/yaka-karti-askisi.jpg\",\"width\":609,\"height\":425,\"caption\":\"yaka kart\u0131 ask\u0131s\u0131\"},{\"@type\":\"BreadcrumbList\",\"@id\":\"https:\\\/\\\/www.plasis.com.tr\\\/urun\\\/yaka-karti-askisi-size-ozel-baskili\\\/#breadcrumb\",\"itemListElement\":[{\"@type\":\"ListItem\",\"position\":1,\"name\":\"Ana sayfa\",\"item\":\"https:\\\/\\\/www.plasis.com.tr\\\/en\\\/\"},{\"@type\":\"ListItem\",\"position\":2,\"name\":\"\u00dcr\u00fcnlerimiz\",\"item\":\"https:\\\/\\\/www.plasis.com.tr\\\/urunlerimiz\\\/\"},{\"@type\":\"ListItem\",\"position\":3,\"name\":\"Yaka Kart\u0131 Ask\u0131s\u0131 size \u00f6zel bask\u0131l\u0131\"}]},{\"@type\":\"WebSite\",\"@id\":\"https:\\\/\\\/www.plasis.com.tr\\\/#website\",\"url\":\"https:\\\/\\\/www.plasis.com.tr\\\/\",\"name\":\"Plasis\",\"description\":\"We provide the industry's leading Card production, Printing and System support.\",\"potentialAction\":[{\"@type\":\"SearchAction\",\"target\":{\"@type\":\"EntryPoint\",\"urlTemplate\":\"https:\\\/\\\/www.plasis.com.tr\\\/?s={search_term_string}\"},\"query-input\":{\"@type\":\"PropertyValueSpecification\",\"valueRequired\":true,\"valueName\":\"search_term_string\"}}],\"inLanguage\":\"en-US\"}]}<\/script>\n<!-- \/ Yoast SEO plugin. -->","yoast_head_json":{"title":"Yaka Kart\u0131 Ask\u0131s\u0131 size \u00f6zel bask\u0131l\u0131 - Plasis","robots":{"index":"index","follow":"follow","max-snippet":"max-snippet:-1","max-image-preview":"max-image-preview:large","max-video-preview":"max-video-preview:-1"},"canonical":"https:\/\/www.plasis.com.tr\/urun\/yaka-karti-askisi-size-ozel-baskili\/","schema":{"@context":"https:\/\/schema.org","@graph":[{"@type":"WebPage","@id":"https:\/\/www.plasis.com.tr\/urun\/yaka-karti-askisi-size-ozel-baskili\/","url":"https:\/\/www.plasis.com.tr\/urun\/yaka-karti-askisi-size-ozel-baskili\/","name":"Yaka Kart\u0131 Ask\u0131s\u0131 size \u00f6zel bask\u0131l\u0131 - Plasis","isPartOf":{"@id":"https:\/\/www.plasis.com.tr\/#website"},"primaryImageOfPage":{"@id":"https:\/\/www.plasis.com.tr\/urun\/yaka-karti-askisi-size-ozel-baskili\/#primaryimage"},"image":{"@id":"https:\/\/www.plasis.com.tr\/urun\/yaka-karti-askisi-size-ozel-baskili\/#primaryimage"},"thumbnailUrl":"https:\/\/www.plasis.com.tr\/wp-content\/uploads\/2021\/02\/yaka-karti-askisi.jpg","datePublished":"2021-02-16T12:57:13+00:00","dateModified":"2026-01-13T14:16:24+00:00","breadcrumb":{"@id":"https:\/\/www.plasis.com.tr\/urun\/yaka-karti-askisi-size-ozel-baskili\/#breadcrumb"},"inLanguage":"en-US","potentialAction":[{"@type":"ReadAction","target":["https:\/\/www.plasis.com.tr\/urun\/yaka-karti-askisi-size-ozel-baskili\/"]}]},{"@type":"ImageObject","inLanguage":"en-US","@id":"https:\/\/www.plasis.com.tr\/urun\/yaka-karti-askisi-size-ozel-baskili\/#primaryimage","url":"https:\/\/www.plasis.com.tr\/wp-content\/uploads\/2021\/02\/yaka-karti-askisi.jpg","contentUrl":"https:\/\/www.plasis.com.tr\/wp-content\/uploads\/2021\/02\/yaka-karti-askisi.jpg","width":609,"height":425,"caption":"yaka kart\u0131 ask\u0131s\u0131"},{"@type":"BreadcrumbList","@id":"https:\/\/www.plasis.com.tr\/urun\/yaka-karti-askisi-size-ozel-baskili\/#breadcrumb","itemListElement":[{"@type":"ListItem","position":1,"name":"Ana sayfa","item":"https:\/\/www.plasis.com.tr\/en\/"},{"@type":"ListItem","position":2,"name":"\u00dcr\u00fcnlerimiz","item":"https:\/\/www.plasis.com.tr\/urunlerimiz\/"},{"@type":"ListItem","position":3,"name":"Yaka Kart\u0131 Ask\u0131s\u0131 size \u00f6zel bask\u0131l\u0131"}]},{"@type":"WebSite","@id":"https:\/\/www.plasis.com.tr\/#website","url":"https:\/\/www.plasis.com.tr\/","name":"Plasis","description":"We provide the industry's leading Card production, Printing and System support.","potentialAction":[{"@type":"SearchAction","target":{"@type":"EntryPoint","urlTemplate":"https:\/\/www.plasis.com.tr\/?s={search_term_string}"},"query-input":{"@type":"PropertyValueSpecification","valueRequired":true,"valueName":"search_term_string"}}],"inLanguage":"en-US"}]}},"_links":{"self":[{"href":"https:\/\/www.plasis.com.tr\/en\/wp-json\/wp\/v2\/product\/6917","targetHints":{"allow":["GET"]}}],"collection":[{"href":"https:\/\/www.plasis.com.tr\/en\/wp-json\/wp\/v2\/product"}],"about":[{"href":"https:\/\/www.plasis.com.tr\/en\/wp-json\/wp\/v2\/types\/product"}],"replies":[{"embeddable":true,"href":"https:\/\/www.plasis.com.tr\/en\/wp-json\/wp\/v2\/comments?post=6917"}],"wp:featuredmedia":[{"embeddable":true,"href":"https:\/\/www.plasis.com.tr\/en\/wp-json\/wp\/v2\/media\/6918"}],"wp:attachment":[{"href":"https:\/\/www.plasis.com.tr\/en\/wp-json\/wp\/v2\/media?parent=6917"}],"wp:term":[{"taxonomy":"product_brand","embeddable":true,"href":"https:\/\/www.plasis.com.tr\/en\/wp-json\/wp\/v2\/product_brand?post=6917"},{"taxonomy":"product_cat","embeddable":true,"href":"https:\/\/www.plasis.com.tr\/en\/wp-json\/wp\/v2\/product_cat?post=6917"},{"taxonomy":"product_tag","embeddable":true,"href":"https:\/\/www.plasis.com.tr\/en\/wp-json\/wp\/v2\/product_tag?post=6917"}],"curies":[{"name":"wp","href":"https:\/\/api.w.org\/{rel}","templated":true}]}}