{"id":6826,"date":"2021-01-20T14:41:30","date_gmt":"2021-01-20T11:41:30","guid":{"rendered":"https:\/\/www.plasis.com.tr\/?post_type=product&#038;p=6826"},"modified":"2025-10-16T15:25:00","modified_gmt":"2025-10-16T12:25:00","slug":"fargo-dtc1250e-hid-plastik-kart-yazici","status":"publish","type":"product","link":"https:\/\/www.plasis.com.tr\/en\/urun\/fargo-dtc1250e-hid-plastik-kart-yazici\/","title":{"rendered":"Fargo DTC1250e HID Plastik kart yaz\u0131c\u0131"},"content":{"rendered":"<p><strong>FARGO DTC1250e HID<\/strong>\u2122 teknolojisi ile \u00fcretilmi\u015ftir, ve HID ekosistemindeki t\u00fcm di\u011fer \u00fcr\u00fcnler ile tam uyumlu \u00e7al\u0131\u015fma \u00f6zelli\u011fine sahiptir. Bu da siz de\u011ferli kurum sahiplerinin \u00e7ok daha kolay ve haz\u0131rda bulunan teknolojik yat\u0131r\u0131mlar\u0131n\u0131 yukar\u0131 kald\u0131rmaya imkan verir.<\/p>\n<p>&nbsp;<\/p>\n<p>K\u00fc\u00e7\u00fck ve orta \u00f6l\u00e7ekli i\u015fletmelerimiz i\u00e7in tasarlanan <strong>DTC1250e<\/strong>, \u015f\u0131k ve kolay kullan\u0131c\u0131 dostu bir tasar\u0131mla maksimum hizmet sa\u011flar. Termal kart printer s\u0131n\u0131f\u0131ndaki en h\u0131zl\u0131 kart\u0131 yaz\u0131c\u0131s\u0131 olan DTC1250e iste\u011finize g\u00f6re her t\u00fcrl\u00fc plastik kart\u0131n ki\u015fiselle\u015ftirilmesi i\u00e7in \u00e7\u00f6z\u00fcm sunar. <a href=\"https:\/\/www.plasis.com.tr\/blog\/2021\/02\/01\/akilli-kartlar-cesitleri-ve-fiyatlari\/\">Ak\u0131ll\u0131 kartlar<\/a> i\u00e7inde arad\u0131\u011f\u0131n\u0131z \u00e7\u00f6z\u00fcmleri masa\u00fcst\u00fcn\u00fcze ta\u015f\u0131r. <a href=\"https:\/\/www.plasis.com.tr\/blog\/2021\/01\/18\/plastik-kart-yazici-secimi\/\">Plastik kart yaz\u0131c\u0131<\/a> s\u0131n\u0131f\u0131ndaki bu \u00fcr\u00fcn\u00fc pek \u00e7ok \u00e7\u00f6z\u00fcm\u00fcn\u00fczde be\u011feneceksiniz.<\/p>\n<p>&nbsp;<\/p>\n<p>GENEL \u00d6ZELL\u0130KLER\u0130<\/p>\n<p>1-Do\u011frudan Karta Sublimasyon Y\u00f6ntemi \u0130le Termal Transfer Bask\u0131 Teknolojisi<\/p>\n<p>2-Tek ve Talebe G\u00f6re Fabrika \u00c7\u0131k\u0131\u015fl\u0131 \u00c7ift Tarafl\u0131 Termal Bask\u0131<\/p>\n<p>3-300 Dpi Bask\u0131 Kafas\u0131<\/p>\n<p>4-ISO CR-80 Standartlar\u0131nda 86mmX54mm Ebatlar\u0131nda Kartlara Bask\u0131<\/p>\n<p>5-Tam Renkli Bask\u0131: 16 Saniye Tek Tarafl\u0131 (YMCKO)<\/p>\n<p>6-Monochrome Bask\u0131: 6 Saniye Tek Tarafl\u0131 (K)<\/p>\n<p>&nbsp;<\/p>\n<p>&nbsp;<\/p>\n<p>YAZILIM VE OPS\u0130YONEL \u00d6ZELL\u0130KLER<\/p>\n<ul>\n<li>T\u00fcm Windows \u0130\u015fletim Sistemleri \u0130le Uyumlu<\/li>\n<li>USB 2,0 Ba\u011flant\u0131l\u0131 Opsiyonel Fabrika \u00c7\u0131k\u0131\u015fl\u0131 Ethernet Ba\u011flant\u0131<\/li>\n<li>Ak\u0131ll\u0131 G\u00f6sterge Paneli<\/li>\n<li>32MB Haf\u0131za<\/li>\n<li>Geni\u015flik: 201 mm<\/li>\n<li>Y\u00fckseklik: 224 mm<\/li>\n<li>Derinlik: 348 mm<\/li>\n<li>A\u011f\u0131rl\u0131k: 3,4 kg (Opsiyonlara Ba\u011fl\u0131 Olarak De\u011fi\u015fiklik G\u00f6sterebilir)<\/li>\n<li>Standart 50 Giri\u015f Kart Haznesi, 30 \u00c7\u0131k\u0131\u015f Kart Haznesi<\/li>\n<li>Opsiyonel Olarak Fabrika \u00c7\u0131k\u0131\u015fl\u0131 Manyetik Bant Hico\/Loco Kodlamal\u0131<\/li>\n<li>Opsiyonel Olarak Fabrika \u00c7\u0131k\u0131\u015fl\u0131 Temass\u0131z Ak\u0131ll\u0131 Kart Kodlamal\u0131<\/li>\n<li>Opsiyonel Olarak Fabrika \u00c7\u0131k\u0131\u015fl\u0131 iclass HID Okuma ve Yazma Mod\u00fcl\u00fc<\/li>\n<\/ul>\n","protected":false},"excerpt":{"rendered":"<p>Plastik kartlar\u0131n \u00fczerine kolayca bask\u0131 HID Fargo DTC1250e Plastik kart yaz\u0131c\u0131<\/p>\n","protected":false},"featured_media":6827,"comment_status":"closed","ping_status":"closed","template":"","meta":[],"product_brand":[],"product_cat":[673],"product_tag":[932,931,933,930,674,675],"class_list":{"0":"post-6826","1":"product","2":"type-product","3":"status-publish","4":"has-post-thumbnail","6":"product_cat-plastik-kart-yazicilar","7":"product_tag-fargo-detc-1250e","8":"product_tag-fargo-dtc-1250","9":"product_tag-fargo-dtc1250","10":"product_tag-hid-fargo-dtc150e","11":"product_tag-kart-yazici","12":"product_tag-plastik-kart-yazici","14":"first","15":"instock","16":"taxable","17":"shipping-taxable","18":"purchasable","19":"product-type-simple","20":"prodpage-style2"},"yoast_head":"<!-- This site is optimized with the Yoast SEO plugin v27.5 - https:\/\/yoast.com\/product\/yoast-seo-wordpress\/ -->\n<title>Fargo DTC1250e HID Plastik kart yaz\u0131c\u0131 - Plasis<\/title>\n<meta name=\"robots\" content=\"index, follow, max-snippet:-1, max-image-preview:large, max-video-preview:-1\" \/>\n<link rel=\"canonical\" href=\"https:\/\/www.plasis.com.tr\/urun\/fargo-dtc1250e-hid-plastik-kart-yazici\/\" \/>\n<script type=\"application\/ld+json\" class=\"yoast-schema-graph\">{\"@context\":\"https:\\\/\\\/schema.org\",\"@graph\":[{\"@type\":\"WebPage\",\"@id\":\"https:\\\/\\\/www.plasis.com.tr\\\/urun\\\/fargo-dtc1250e-hid-plastik-kart-yazici\\\/\",\"url\":\"https:\\\/\\\/www.plasis.com.tr\\\/urun\\\/fargo-dtc1250e-hid-plastik-kart-yazici\\\/\",\"name\":\"Fargo DTC1250e HID Plastik kart yaz\u0131c\u0131 - Plasis\",\"isPartOf\":{\"@id\":\"https:\\\/\\\/www.plasis.com.tr\\\/#website\"},\"primaryImageOfPage\":{\"@id\":\"https:\\\/\\\/www.plasis.com.tr\\\/urun\\\/fargo-dtc1250e-hid-plastik-kart-yazici\\\/#primaryimage\"},\"image\":{\"@id\":\"https:\\\/\\\/www.plasis.com.tr\\\/urun\\\/fargo-dtc1250e-hid-plastik-kart-yazici\\\/#primaryimage\"},\"thumbnailUrl\":\"https:\\\/\\\/www.plasis.com.tr\\\/wp-content\\\/uploads\\\/2021\\\/01\\\/HID-fargo-DTC1250e-plastik-kart-yazici.jpg\",\"datePublished\":\"2021-01-20T11:41:30+00:00\",\"dateModified\":\"2025-10-16T12:25:00+00:00\",\"breadcrumb\":{\"@id\":\"https:\\\/\\\/www.plasis.com.tr\\\/urun\\\/fargo-dtc1250e-hid-plastik-kart-yazici\\\/#breadcrumb\"},\"inLanguage\":\"en-US\",\"potentialAction\":[{\"@type\":\"ReadAction\",\"target\":[\"https:\\\/\\\/www.plasis.com.tr\\\/urun\\\/fargo-dtc1250e-hid-plastik-kart-yazici\\\/\"]}]},{\"@type\":\"ImageObject\",\"inLanguage\":\"en-US\",\"@id\":\"https:\\\/\\\/www.plasis.com.tr\\\/urun\\\/fargo-dtc1250e-hid-plastik-kart-yazici\\\/#primaryimage\",\"url\":\"https:\\\/\\\/www.plasis.com.tr\\\/wp-content\\\/uploads\\\/2021\\\/01\\\/HID-fargo-DTC1250e-plastik-kart-yazici.jpg\",\"contentUrl\":\"https:\\\/\\\/www.plasis.com.tr\\\/wp-content\\\/uploads\\\/2021\\\/01\\\/HID-fargo-DTC1250e-plastik-kart-yazici.jpg\",\"width\":922,\"height\":800},{\"@type\":\"BreadcrumbList\",\"@id\":\"https:\\\/\\\/www.plasis.com.tr\\\/urun\\\/fargo-dtc1250e-hid-plastik-kart-yazici\\\/#breadcrumb\",\"itemListElement\":[{\"@type\":\"ListItem\",\"position\":1,\"name\":\"Ana sayfa\",\"item\":\"https:\\\/\\\/www.plasis.com.tr\\\/en\\\/\"},{\"@type\":\"ListItem\",\"position\":2,\"name\":\"\u00dcr\u00fcnlerimiz\",\"item\":\"https:\\\/\\\/www.plasis.com.tr\\\/urunlerimiz\\\/\"},{\"@type\":\"ListItem\",\"position\":3,\"name\":\"Fargo DTC1250e HID Plastik kart yaz\u0131c\u0131\"}]},{\"@type\":\"WebSite\",\"@id\":\"https:\\\/\\\/www.plasis.com.tr\\\/#website\",\"url\":\"https:\\\/\\\/www.plasis.com.tr\\\/\",\"name\":\"Plasis\",\"description\":\"We provide the industry's leading Card production, Printing and System support.\",\"potentialAction\":[{\"@type\":\"SearchAction\",\"target\":{\"@type\":\"EntryPoint\",\"urlTemplate\":\"https:\\\/\\\/www.plasis.com.tr\\\/?s={search_term_string}\"},\"query-input\":{\"@type\":\"PropertyValueSpecification\",\"valueRequired\":true,\"valueName\":\"search_term_string\"}}],\"inLanguage\":\"en-US\"}]}<\/script>\n<!-- \/ Yoast SEO plugin. -->","yoast_head_json":{"title":"Fargo DTC1250e HID Plastik kart yaz\u0131c\u0131 - Plasis","robots":{"index":"index","follow":"follow","max-snippet":"max-snippet:-1","max-image-preview":"max-image-preview:large","max-video-preview":"max-video-preview:-1"},"canonical":"https:\/\/www.plasis.com.tr\/urun\/fargo-dtc1250e-hid-plastik-kart-yazici\/","schema":{"@context":"https:\/\/schema.org","@graph":[{"@type":"WebPage","@id":"https:\/\/www.plasis.com.tr\/urun\/fargo-dtc1250e-hid-plastik-kart-yazici\/","url":"https:\/\/www.plasis.com.tr\/urun\/fargo-dtc1250e-hid-plastik-kart-yazici\/","name":"Fargo DTC1250e HID Plastik kart yaz\u0131c\u0131 - Plasis","isPartOf":{"@id":"https:\/\/www.plasis.com.tr\/#website"},"primaryImageOfPage":{"@id":"https:\/\/www.plasis.com.tr\/urun\/fargo-dtc1250e-hid-plastik-kart-yazici\/#primaryimage"},"image":{"@id":"https:\/\/www.plasis.com.tr\/urun\/fargo-dtc1250e-hid-plastik-kart-yazici\/#primaryimage"},"thumbnailUrl":"https:\/\/www.plasis.com.tr\/wp-content\/uploads\/2021\/01\/HID-fargo-DTC1250e-plastik-kart-yazici.jpg","datePublished":"2021-01-20T11:41:30+00:00","dateModified":"2025-10-16T12:25:00+00:00","breadcrumb":{"@id":"https:\/\/www.plasis.com.tr\/urun\/fargo-dtc1250e-hid-plastik-kart-yazici\/#breadcrumb"},"inLanguage":"en-US","potentialAction":[{"@type":"ReadAction","target":["https:\/\/www.plasis.com.tr\/urun\/fargo-dtc1250e-hid-plastik-kart-yazici\/"]}]},{"@type":"ImageObject","inLanguage":"en-US","@id":"https:\/\/www.plasis.com.tr\/urun\/fargo-dtc1250e-hid-plastik-kart-yazici\/#primaryimage","url":"https:\/\/www.plasis.com.tr\/wp-content\/uploads\/2021\/01\/HID-fargo-DTC1250e-plastik-kart-yazici.jpg","contentUrl":"https:\/\/www.plasis.com.tr\/wp-content\/uploads\/2021\/01\/HID-fargo-DTC1250e-plastik-kart-yazici.jpg","width":922,"height":800},{"@type":"BreadcrumbList","@id":"https:\/\/www.plasis.com.tr\/urun\/fargo-dtc1250e-hid-plastik-kart-yazici\/#breadcrumb","itemListElement":[{"@type":"ListItem","position":1,"name":"Ana sayfa","item":"https:\/\/www.plasis.com.tr\/en\/"},{"@type":"ListItem","position":2,"name":"\u00dcr\u00fcnlerimiz","item":"https:\/\/www.plasis.com.tr\/urunlerimiz\/"},{"@type":"ListItem","position":3,"name":"Fargo DTC1250e HID Plastik kart yaz\u0131c\u0131"}]},{"@type":"WebSite","@id":"https:\/\/www.plasis.com.tr\/#website","url":"https:\/\/www.plasis.com.tr\/","name":"Plasis","description":"We provide the industry's leading Card production, Printing and System support.","potentialAction":[{"@type":"SearchAction","target":{"@type":"EntryPoint","urlTemplate":"https:\/\/www.plasis.com.tr\/?s={search_term_string}"},"query-input":{"@type":"PropertyValueSpecification","valueRequired":true,"valueName":"search_term_string"}}],"inLanguage":"en-US"}]}},"_links":{"self":[{"href":"https:\/\/www.plasis.com.tr\/en\/wp-json\/wp\/v2\/product\/6826","targetHints":{"allow":["GET"]}}],"collection":[{"href":"https:\/\/www.plasis.com.tr\/en\/wp-json\/wp\/v2\/product"}],"about":[{"href":"https:\/\/www.plasis.com.tr\/en\/wp-json\/wp\/v2\/types\/product"}],"replies":[{"embeddable":true,"href":"https:\/\/www.plasis.com.tr\/en\/wp-json\/wp\/v2\/comments?post=6826"}],"wp:featuredmedia":[{"embeddable":true,"href":"https:\/\/www.plasis.com.tr\/en\/wp-json\/wp\/v2\/media\/6827"}],"wp:attachment":[{"href":"https:\/\/www.plasis.com.tr\/en\/wp-json\/wp\/v2\/media?parent=6826"}],"wp:term":[{"taxonomy":"product_brand","embeddable":true,"href":"https:\/\/www.plasis.com.tr\/en\/wp-json\/wp\/v2\/product_brand?post=6826"},{"taxonomy":"product_cat","embeddable":true,"href":"https:\/\/www.plasis.com.tr\/en\/wp-json\/wp\/v2\/product_cat?post=6826"},{"taxonomy":"product_tag","embeddable":true,"href":"https:\/\/www.plasis.com.tr\/en\/wp-json\/wp\/v2\/product_tag?post=6826"}],"curies":[{"name":"wp","href":"https:\/\/api.w.org\/{rel}","templated":true}]}}