{"id":6808,"date":"2021-01-15T15:53:44","date_gmt":"2021-01-15T12:53:44","guid":{"rendered":"https:\/\/www.plasis.com.tr\/?post_type=product&#038;p=6808"},"modified":"2025-10-16T15:25:21","modified_gmt":"2025-10-16T12:25:21","slug":"fargo-dtc100-renkli-plastik-pvc-kart-yazici-card-printer","status":"publish","type":"product","link":"https:\/\/www.plasis.com.tr\/en\/urun\/fargo-dtc100-renkli-plastik-pvc-kart-yazici-card-printer\/","title":{"rendered":"Fargo DTC1000 renkli plastik PVC kart yaz\u0131c\u0131 card printer"},"content":{"rendered":"<p><strong>Fargo DTC1000<\/strong> Card printer ( <a href=\"https:\/\/www.plasis.com.tr\/blog\/2021\/01\/18\/plastik-kart-yazici-secimi\/\">Plastik kart yaz\u0131c\u0131<\/a> ) FARGO\u00ae DTC1000 Y\u00fcksek Kaliteli Bask\u0131 alabilece\u011finiz. Basit ve kullan\u0131m\u0131 olarak \u00e7ok kolay, G\u00fcvenli ve uygun maliyetle foto\u011frafl\u0131 ve foto\u011frafs\u0131z kimlik kart\u0131 bask\u0131lar\u0131n\u0131 Dayan\u0131kl\u0131 m\u00fckemmel g\u00f6r\u00fcn\u00fcml\u00fc kartlarda yeni bir ad\u0131m atabilirsiniz. \u00a0Basit kurulum Tak ve \u00c7al\u0131\u015ft\u0131r. Kullan\u0131c\u0131 odakl\u0131 tasar\u0131m\u0131 Kolay y\u00fckleme y\u00f6netimi yapabilece\u011finiz. uygun maliyetlerle Kutusundan \u00e7\u0131kar\u0131n ve kartlar\u0131n\u0131z\u0131 olu\u015fturmaya ba\u015flay\u0131n.<\/p>\n<p><strong>Fargo DTC100<\/strong> model yaz\u0131c\u0131n\u0131z ile uyumlu iki \u00e7e\u015fit Ribon ile kullanabilirsiniz; 045000 YMCKO 250 IMAGES ve <a href=\"https:\/\/www.plasis.com.tr\/urun\/045102-fargo-hid-siyah-k-ribbon-kartus-standart-black-resin-1000-images\/\">045102 BLACK 1000 IMAGES<\/a> model ribonlar\u0131n\u0131 da ayr\u0131ca sitemizden tedarik edebilirsiniz.<\/p>\n<p>&nbsp;<\/p>\n<p>Fargo DTC1000 Tek Y\u00fczl\u00fc Printer Serisi Kart Yaz\u0131c\u0131<\/p>\n<p>&nbsp;<\/p>\n<p>\u00dcr\u00fcn Kodu: \u00a0Fargo DTC1000<\/p>\n<p>Fargo DTC1000 Tek Y\u00fczl\u00fc Printer, \u00a0renkli kart yaz\u0131c\u0131;<\/p>\n<p>Maksimum esneklik i\u00e7in kompakt \u00a0tasar\u0131m<\/p>\n<p>Kolay kartu\u015f y\u00fckleme<\/p>\n<p>Renk de\u011fi\u015ftirme durumu d\u00fc\u011fmeleri<\/p>\n<p>Emedded badging uygulamas\u0131<\/p>\n<p>Yetenekli Rewrite<\/p>\n<p>USB veya iste\u011fe ba\u011fl\u0131 Ethernet ba\u011flant\u0131s\u0131<\/p>\n<p>Giri\u015f hazne 100 plastik kartlar tutar<\/p>\n<p>32 MB RAM<\/p>\n<p>Saatte 150 karta kadar renkli bask\u0131 h\u0131z\u0131<\/p>\n<p>0,22mm ile 1mm aras\u0131ndaki kal\u0131nl\u0131kta kartlara bask\u0131 yapabilir<\/p>\n<p>Opsiyonel \u00c7ift tarafl\u0131 bask\u0131<\/p>\n<p>Opsiyonel \u00a0125 kHz, 13.56 MHz, ve \u00e7ip kodlama<\/p>\n<p>Bask\u0131 Teknolojisi Renkli Dye sublimation ve Thermal Bask\u0131<\/p>\n<p>Bask\u0131 \u00c7\u00f6z\u00fcn\u00fcrl\u00fc\u011f\u00fc 300 dots\/inch<\/p>\n<p>Bask\u0131 \u00d6zelli\u011fi Tek\/\u00e7ift y\u00fczey renkli\/mono bask\u0131<\/p>\n<p>Bask\u0131 H\u0131z\u0131 (Renkli) 24 saniyede kart<\/p>\n<p>Bask\u0131 H\u0131z\u0131 (Mono) 7 saniyede kart<\/p>\n<p>Kart Besleme Haznesi 100 kart<\/p>\n<p>Kart Biriktirme Haznesi 30 kart<\/p>\n<p>Ba\u011flant\u0131 Aray\u00fcz\u00fc USB (opsiyonel Ethernet)<\/p>\n<p>Bellek (RAM) 32 MB<\/p>\n<p>\u0130\u015fletim Sistemi Windows XP, Vista (32 &amp; 64 bit) Server 2003 &amp; 2008<\/p>\n<p>Yaz\u0131l\u0131m Swift ID Embedded Badging Application<\/p>\n<p>Ebatlar 224 x 348 x 201 mm (Single Sided)<\/p>\n<p>A\u011f\u0131rl\u0131k 4.54 Kg. (Opsiyonlara ba\u011fl\u0131 olarak de\u011fi\u015fiklik g\u00f6sterir)<\/p>\n<p>Opsiyonlar Single Wire Ethernet ve USB inline yazma ve kodlama<\/p>\n<p>Dual-sided Printing Module<\/p>\n<p>Magnetic Stripe Kodlama Module<\/p>\n<p>Temizleme seti<\/p>\n<p>&nbsp;<\/p>\n<p>Kart y\u00fckleme yuvas\u0131&#8212;&#8212;&#8212;&#8212;&#8212;&#8212;&#8212;&#8212;&#8212;&#8212;-100 adet<\/p>\n<p>Kart \u00e7\u0131k\u0131\u015f yuvas\u0131&#8212;&#8212;&#8212;&#8212;&#8212;&#8212;&#8212;&#8212;&#8212;&#8212;&#8212;&#8211;30 adet<\/p>\n<p>Bask\u0131 Tekni\u011fi&#8212;&#8212;&#8212;&#8212;&#8212;&#8212;&#8212;&#8212;&#8212;&#8212;&#8212;&#8212;&#8212;Dye-sublimation \/ termal trans.<\/p>\n<p>Bask\u0131 \u00c7\u00f6z\u00fcn\u00fcrl\u00fc\u011f\u00fc&#8212;&#8212;&#8212;&#8212;&#8212;&#8212;&#8212;&#8212;&#8212;&#8212;&#8212;300 dpi \/ 16.7 milyon<\/p>\n<p>Renkli ribon bask\u0131&#8212;&#8212;&#8212;&#8212;&#8212;&#8212;&#8212;&#8212;&#8212;&#8212;&#8212;-250 bask\u0131<\/p>\n<p>Siyah ribon bask\u0131&#8212;&#8212;&#8212;&#8212;&#8212;&#8212;&#8212;&#8212;&#8212;&#8212;&#8212;&#8211;1000 bask\u0131<\/p>\n<p>Bask\u0131 H\u0131z\u0131&#8212;&#8212;&#8212;&#8212;&#8212;&#8212;&#8212;&#8212;&#8212;&#8212;&#8212;&#8212;&#8212;&#8212;&#8211;Renkli 109\/h, siyah 144\/h<\/p>\n<p>Bask\u0131 s\u0131cakl\u0131\u011f\u0131&#8212;&#8212;&#8212;&#8212;&#8212;&#8212;&#8212;&#8212;&#8212;&#8212;&#8212;&#8212;&#8212;18\u00b0 &#8211; 27\u00b0<\/p>\n<p>Haf\u0131za&#8212;&#8212;&#8212;&#8212;&#8212;&#8212;&#8212;&#8212;&#8212;&#8212;&#8212;&#8212;&#8212;&#8212;&#8212;&#8212;32 Mb. ram<\/p>\n<p>Voltaj&#8212;&#8212;&#8212;&#8212;&#8212;&#8212;&#8212;&#8212;&#8212;&#8212;&#8212;&#8212;&#8212;&#8212;&#8212;&#8212;100 &#8211; 240 V AC 50-60 Hz<\/p>\n<p>Ebat&#8212;&#8212;&#8212;&#8212;&#8212;&#8212;&#8212;&#8212;&#8212;&#8212;&#8212;&#8212;&#8212;&#8212;&#8212;&#8212;&#8211;224 x 348 x 201 mm<\/p>\n<p>A\u011f\u0131rl\u0131k&#8212;&#8212;&#8212;&#8212;&#8212;&#8212;&#8212;&#8212;&#8212;&#8212;&#8212;&#8212;&#8212;&#8212;&#8212;&#8212;3.4 kg.<\/p>\n","protected":false},"excerpt":{"rendered":"<p>Plastik PVC kartlar\u0131n\u0131za bask\u0131 yap\u0131n. Fargo DTC1000 renkli card printer<\/p>\n","protected":false},"featured_media":6809,"comment_status":"closed","ping_status":"closed","template":"","meta":[],"product_brand":[],"product_cat":[673],"product_tag":[922,925,921,924,923],"class_list":{"0":"post-6808","1":"product","2":"type-product","3":"status-publish","4":"has-post-thumbnail","6":"product_cat-plastik-kart-yazicilar","7":"product_tag-fargo-card-printer","8":"product_tag-fargo-dtc100","9":"product_tag-fargo-kart-yazici","10":"product_tag-fargo-plastik-kart-yazici","11":"product_tag-fargo-pvc-kart-yazici","13":"first","14":"instock","15":"taxable","16":"shipping-taxable","17":"purchasable","18":"product-type-simple","19":"prodpage-style2"},"yoast_head":"<!-- This site is optimized with the Yoast SEO plugin v27.3 - https:\/\/yoast.com\/product\/yoast-seo-wordpress\/ -->\n<title>Fargo DTC1000 renkli plastik PVC kart yaz\u0131c\u0131 card printer - Plasis<\/title>\n<meta name=\"robots\" content=\"index, follow, max-snippet:-1, max-image-preview:large, max-video-preview:-1\" \/>\n<link rel=\"canonical\" href=\"https:\/\/www.plasis.com.tr\/urun\/fargo-dtc100-renkli-plastik-pvc-kart-yazici-card-printer\/\" \/>\n<script type=\"application\/ld+json\" class=\"yoast-schema-graph\">{\"@context\":\"https:\\\/\\\/schema.org\",\"@graph\":[{\"@type\":\"WebPage\",\"@id\":\"https:\\\/\\\/www.plasis.com.tr\\\/urun\\\/fargo-dtc100-renkli-plastik-pvc-kart-yazici-card-printer\\\/\",\"url\":\"https:\\\/\\\/www.plasis.com.tr\\\/urun\\\/fargo-dtc100-renkli-plastik-pvc-kart-yazici-card-printer\\\/\",\"name\":\"Fargo DTC1000 renkli plastik PVC kart yaz\u0131c\u0131 card printer - Plasis\",\"isPartOf\":{\"@id\":\"https:\\\/\\\/www.plasis.com.tr\\\/#website\"},\"primaryImageOfPage\":{\"@id\":\"https:\\\/\\\/www.plasis.com.tr\\\/urun\\\/fargo-dtc100-renkli-plastik-pvc-kart-yazici-card-printer\\\/#primaryimage\"},\"image\":{\"@id\":\"https:\\\/\\\/www.plasis.com.tr\\\/urun\\\/fargo-dtc100-renkli-plastik-pvc-kart-yazici-card-printer\\\/#primaryimage\"},\"thumbnailUrl\":\"https:\\\/\\\/www.plasis.com.tr\\\/wp-content\\\/uploads\\\/2021\\\/01\\\/fargo-dtc1000-kart-yazici.jpg\",\"datePublished\":\"2021-01-15T12:53:44+00:00\",\"dateModified\":\"2025-10-16T12:25:21+00:00\",\"breadcrumb\":{\"@id\":\"https:\\\/\\\/www.plasis.com.tr\\\/urun\\\/fargo-dtc100-renkli-plastik-pvc-kart-yazici-card-printer\\\/#breadcrumb\"},\"inLanguage\":\"en-US\",\"potentialAction\":[{\"@type\":\"ReadAction\",\"target\":[\"https:\\\/\\\/www.plasis.com.tr\\\/urun\\\/fargo-dtc100-renkli-plastik-pvc-kart-yazici-card-printer\\\/\"]}]},{\"@type\":\"ImageObject\",\"inLanguage\":\"en-US\",\"@id\":\"https:\\\/\\\/www.plasis.com.tr\\\/urun\\\/fargo-dtc100-renkli-plastik-pvc-kart-yazici-card-printer\\\/#primaryimage\",\"url\":\"https:\\\/\\\/www.plasis.com.tr\\\/wp-content\\\/uploads\\\/2021\\\/01\\\/fargo-dtc1000-kart-yazici.jpg\",\"contentUrl\":\"https:\\\/\\\/www.plasis.com.tr\\\/wp-content\\\/uploads\\\/2021\\\/01\\\/fargo-dtc1000-kart-yazici.jpg\",\"width\":2072,\"height\":1867},{\"@type\":\"BreadcrumbList\",\"@id\":\"https:\\\/\\\/www.plasis.com.tr\\\/urun\\\/fargo-dtc100-renkli-plastik-pvc-kart-yazici-card-printer\\\/#breadcrumb\",\"itemListElement\":[{\"@type\":\"ListItem\",\"position\":1,\"name\":\"Ana sayfa\",\"item\":\"https:\\\/\\\/www.plasis.com.tr\\\/en\\\/\"},{\"@type\":\"ListItem\",\"position\":2,\"name\":\"\u00dcr\u00fcnlerimiz\",\"item\":\"https:\\\/\\\/www.plasis.com.tr\\\/urunlerimiz\\\/\"},{\"@type\":\"ListItem\",\"position\":3,\"name\":\"Fargo DTC1000 renkli plastik PVC kart yaz\u0131c\u0131 card printer\"}]},{\"@type\":\"WebSite\",\"@id\":\"https:\\\/\\\/www.plasis.com.tr\\\/#website\",\"url\":\"https:\\\/\\\/www.plasis.com.tr\\\/\",\"name\":\"Plasis\",\"description\":\"We provide the industry's leading Card production, Printing and System support.\",\"potentialAction\":[{\"@type\":\"SearchAction\",\"target\":{\"@type\":\"EntryPoint\",\"urlTemplate\":\"https:\\\/\\\/www.plasis.com.tr\\\/?s={search_term_string}\"},\"query-input\":{\"@type\":\"PropertyValueSpecification\",\"valueRequired\":true,\"valueName\":\"search_term_string\"}}],\"inLanguage\":\"en-US\"}]}<\/script>\n<!-- \/ Yoast SEO plugin. -->","yoast_head_json":{"title":"Fargo DTC1000 renkli plastik PVC kart yaz\u0131c\u0131 card printer - Plasis","robots":{"index":"index","follow":"follow","max-snippet":"max-snippet:-1","max-image-preview":"max-image-preview:large","max-video-preview":"max-video-preview:-1"},"canonical":"https:\/\/www.plasis.com.tr\/urun\/fargo-dtc100-renkli-plastik-pvc-kart-yazici-card-printer\/","schema":{"@context":"https:\/\/schema.org","@graph":[{"@type":"WebPage","@id":"https:\/\/www.plasis.com.tr\/urun\/fargo-dtc100-renkli-plastik-pvc-kart-yazici-card-printer\/","url":"https:\/\/www.plasis.com.tr\/urun\/fargo-dtc100-renkli-plastik-pvc-kart-yazici-card-printer\/","name":"Fargo DTC1000 renkli plastik PVC kart yaz\u0131c\u0131 card printer - Plasis","isPartOf":{"@id":"https:\/\/www.plasis.com.tr\/#website"},"primaryImageOfPage":{"@id":"https:\/\/www.plasis.com.tr\/urun\/fargo-dtc100-renkli-plastik-pvc-kart-yazici-card-printer\/#primaryimage"},"image":{"@id":"https:\/\/www.plasis.com.tr\/urun\/fargo-dtc100-renkli-plastik-pvc-kart-yazici-card-printer\/#primaryimage"},"thumbnailUrl":"https:\/\/www.plasis.com.tr\/wp-content\/uploads\/2021\/01\/fargo-dtc1000-kart-yazici.jpg","datePublished":"2021-01-15T12:53:44+00:00","dateModified":"2025-10-16T12:25:21+00:00","breadcrumb":{"@id":"https:\/\/www.plasis.com.tr\/urun\/fargo-dtc100-renkli-plastik-pvc-kart-yazici-card-printer\/#breadcrumb"},"inLanguage":"en-US","potentialAction":[{"@type":"ReadAction","target":["https:\/\/www.plasis.com.tr\/urun\/fargo-dtc100-renkli-plastik-pvc-kart-yazici-card-printer\/"]}]},{"@type":"ImageObject","inLanguage":"en-US","@id":"https:\/\/www.plasis.com.tr\/urun\/fargo-dtc100-renkli-plastik-pvc-kart-yazici-card-printer\/#primaryimage","url":"https:\/\/www.plasis.com.tr\/wp-content\/uploads\/2021\/01\/fargo-dtc1000-kart-yazici.jpg","contentUrl":"https:\/\/www.plasis.com.tr\/wp-content\/uploads\/2021\/01\/fargo-dtc1000-kart-yazici.jpg","width":2072,"height":1867},{"@type":"BreadcrumbList","@id":"https:\/\/www.plasis.com.tr\/urun\/fargo-dtc100-renkli-plastik-pvc-kart-yazici-card-printer\/#breadcrumb","itemListElement":[{"@type":"ListItem","position":1,"name":"Ana sayfa","item":"https:\/\/www.plasis.com.tr\/en\/"},{"@type":"ListItem","position":2,"name":"\u00dcr\u00fcnlerimiz","item":"https:\/\/www.plasis.com.tr\/urunlerimiz\/"},{"@type":"ListItem","position":3,"name":"Fargo DTC1000 renkli plastik PVC kart yaz\u0131c\u0131 card printer"}]},{"@type":"WebSite","@id":"https:\/\/www.plasis.com.tr\/#website","url":"https:\/\/www.plasis.com.tr\/","name":"Plasis","description":"We provide the industry's leading Card production, Printing and System support.","potentialAction":[{"@type":"SearchAction","target":{"@type":"EntryPoint","urlTemplate":"https:\/\/www.plasis.com.tr\/?s={search_term_string}"},"query-input":{"@type":"PropertyValueSpecification","valueRequired":true,"valueName":"search_term_string"}}],"inLanguage":"en-US"}]}},"_links":{"self":[{"href":"https:\/\/www.plasis.com.tr\/en\/wp-json\/wp\/v2\/product\/6808","targetHints":{"allow":["GET"]}}],"collection":[{"href":"https:\/\/www.plasis.com.tr\/en\/wp-json\/wp\/v2\/product"}],"about":[{"href":"https:\/\/www.plasis.com.tr\/en\/wp-json\/wp\/v2\/types\/product"}],"replies":[{"embeddable":true,"href":"https:\/\/www.plasis.com.tr\/en\/wp-json\/wp\/v2\/comments?post=6808"}],"wp:featuredmedia":[{"embeddable":true,"href":"https:\/\/www.plasis.com.tr\/en\/wp-json\/wp\/v2\/media\/6809"}],"wp:attachment":[{"href":"https:\/\/www.plasis.com.tr\/en\/wp-json\/wp\/v2\/media?parent=6808"}],"wp:term":[{"taxonomy":"product_brand","embeddable":true,"href":"https:\/\/www.plasis.com.tr\/en\/wp-json\/wp\/v2\/product_brand?post=6808"},{"taxonomy":"product_cat","embeddable":true,"href":"https:\/\/www.plasis.com.tr\/en\/wp-json\/wp\/v2\/product_cat?post=6808"},{"taxonomy":"product_tag","embeddable":true,"href":"https:\/\/www.plasis.com.tr\/en\/wp-json\/wp\/v2\/product_tag?post=6808"}],"curies":[{"name":"wp","href":"https:\/\/api.w.org\/{rel}","templated":true}]}}