{"id":6788,"date":"2021-01-14T14:33:50","date_gmt":"2021-01-14T11:33:50","guid":{"rendered":"https:\/\/www.plasis.com.tr\/?post_type=product&#038;p=6788"},"modified":"2025-05-26T17:36:35","modified_gmt":"2025-05-26T14:36:35","slug":"qr-karekod-okuyucu-sunlux-xl3600-2d-barkod-usb-hes-kodu-okuyucu","status":"publish","type":"product","link":"https:\/\/www.plasis.com.tr\/en\/urun\/qr-karekod-okuyucu-sunlux-xl3600-2d-barkod-usb-hes-kodu-okuyucu\/","title":{"rendered":"QR Karekod okuyucu Sunlux XL3600 2D barkod \/ USB HES kodu okuyucu"},"content":{"rendered":"<p>Karekod okuyucu Kalite Kullan\u0131\u015fl\u0131l\u0131k Pratiklik. HES kodu gibi bir uygulama ile karekodlar\u0131 art\u0131k daha iyi tan\u0131r hale geldik. QR kod, karekod okuyucu art\u0131k hayat\u0131m\u0131zda bir\u00e7ok i\u015flemi kolayla\u015ft\u0131rmaya bilgi ve i\u015flem h\u0131zlar\u0131m\u0131z\u0131 artt\u0131rmaya ba\u015flad\u0131 Sunlux XL3600 2D karekod barkod okuyucusu geli\u015fmi\u015f ba\u011flant\u0131 performans\u0131 ve okuma do\u011frulu\u011fu ile bizi \u015fa\u015f\u0131rtmaya devam ediyor, kolay kullan\u0131m kolay kurulum ve dayan\u0131kl\u0131l\u0131\u011f\u0131 ile dikkat \u00e7ekiyor. Projelerinizde kullan\u0131mda akl\u0131n\u0131zdaki sorular i\u00e7in uzmanlar\u0131m\u0131z\u0131 aramaya \u00e7ekinmeyin 02123569673<\/p>\n<p><strong>temel \u00f6zellikler Sunlux XL3600 karekod okuyucu<\/strong><\/p>\n<p>\u25cf 1D (Barkod) ve 2D (Karekod) Okuyabilme<br \/>\n\u25cf Ergonomik, H\u0131zl\u0131 ve \u015e\u0131k tasar\u0131m<br \/>\n\u25cf 640 X 480 Piksel CMOS Sens\u00f6r<br \/>\n\u25cf 1D:(4 mil) \u00c7\u00f6z\u00fcn\u00fcrl\u00fck<br \/>\n\u25cf 1D Barkodlarda 40 ~ 220 mm okuma mesafesi<br \/>\n\u25cf Ekrandan Okuyabilme<br \/>\n\u25cf USB Ba\u011flant\u0131<\/p>\n<p><strong>Teknik \u00f6zellikler Sunlux XL3600 karekod okuyucu<\/strong><\/p>\n<p>\u0130\u015flemsel<br \/>\nImage Sens\u00f6r Tipi CMOS<br \/>\nImager Sens\u00f6r 640 X 480 Piksel<br \/>\nI\u015f\u0131k Kayna\u011f\u0131 Hedefleme: K\u0131rm\u0131z\u0131 LED, Ayd\u0131nlatma: Beyaz LED<br \/>\nMinimum Bar Geni\u015fli\u011fi 1D: 0.1 mm (4 mil) EAN-13<br \/>\nTarama Mesafesi 1D: 40 &#8211; 220 mm (EAN-13, 0,33 mm PCS 0,9)<br \/>\nTarama A\u00e7\u0131s\u0131 D\u00f6nme: 360\u00b0, E\u011fim: 50\u00b0, Sapma: 50\u00b0<br \/>\nG\u00f6r\u00fc\u015f A\u00e7\u0131s\u0131 Yatay: 36\u00b0, Dikey: 23\u00b0<br \/>\nTarama Modu Elle veya S\u00fcrekli<br \/>\nYazd\u0131rma kar\u015f\u0131tl\u0131\u011f\u0131 Min: %15<br \/>\nG\u00f6stergeler Ses ve LED<br \/>\nArabirimler<br \/>\nDesteklenen Arabirimler USB, RS232, USB-VCP<br \/>\nFiziksel<br \/>\nUzunluk 175 mm<br \/>\nGeni\u015flik 73 mm<br \/>\nY\u00fckseklik 102 mm<br \/>\nA\u011f\u0131rl\u0131k 238 Gram<br \/>\nKasa malzemesi ABS + PC<br \/>\nKablo 2 Metre (D\u00fcz)<br \/>\nElektriksel<br \/>\nGiri\u015f Voltaj\u0131 DC 5V<br \/>\nAk\u0131m De\u011ferleri<br \/>\n\u00c7al\u0131\u015fma Modunda Max. 230 mA<br \/>\nBekleme Modunda Max. 150 mA<br \/>\n\u00c7evresel<br \/>\n\u00c7al\u0131\u015fma S\u0131cakl\u0131\u011f\u0131 -10\u00b0C ~ 55\u00b0C<br \/>\nSaklama s\u0131cakl\u0131\u011f\u0131 -20\u00b0C ~ 60\u00b0C<br \/>\nNem %5 ~ %95 (Yo\u011fu\u015fmas\u0131z)<br \/>\nDarbe dayan\u0131kl\u0131l\u0131\u011f\u0131 1,5 metre y\u00fckseklikten d\u00fc\u015fmeye dayan\u0131kl\u0131<br \/>\nIP Standard\u0131 IP54<br \/>\nSertifikalar CE<br \/>\nI\u015f\u0131k seviyesi 0 ~ 100.000 Lux<br \/>\n\u00c7\u00f6z\u00fcmleme Yetene\u011fi<br \/>\nDesteklenen Barkod Tipleri<br \/>\n1D<br \/>\nUPC-A, UPC-E, EAN-8, EAN-13, Code39, Codabar, Code128, Interleaved<br \/>\n2 of 5, Industrial 2 of 5, Matrix 2 of 5, Code 93, UCC\/EAN 128, Code<br \/>\n11, MSI, UK\/Plessey, ISBN\/ISSN, GS1 Databar Expanded, GS1 Databar,<br \/>\nGS1 Databar Limited<br \/>\n2D <strong>Karekod okuyucu<\/strong>, QRCode, PDF417, Datamatrix<\/p>\n","protected":false},"excerpt":{"rendered":"<p>HES kodu gibi karekodlar\u0131, hem ekrandan hem g\u00f6rseller \u00fczerinden karekod okuma yapabilir.<\/p>\n","protected":false},"featured_media":6789,"comment_status":"closed","ping_status":"closed","template":"","meta":[],"product_brand":[],"product_cat":[865],"product_tag":[911,908,907,910,904,906,905,912,909],"class_list":{"0":"post-6788","1":"product","2":"type-product","3":"status-publish","4":"has-post-thumbnail","6":"product_cat-kart-okuyucular","7":"product_tag-barkod-okuyucu","8":"product_tag-hes-kodu-karekod","9":"product_tag-hes-kodu-okuyucu","10":"product_tag-kablolu-karekod-okuyucu","11":"product_tag-karekod-okuyucu","12":"product_tag-qr-karekod-okuyucu","13":"product_tag-qr-okuyucu","14":"product_tag-sunlux-xl3600","15":"product_tag-usb-karekod-okuyucu","17":"first","18":"outofstock","19":"taxable","20":"shipping-taxable","21":"purchasable","22":"product-type-simple","23":"prodpage-style2"},"yoast_head":"<!-- This site is optimized with the Yoast SEO plugin v27.4 - https:\/\/yoast.com\/product\/yoast-seo-wordpress\/ -->\n<title>QR Karekod okuyucu Sunlux XL3600 2D barkod \/ USB HES kodu okuyucu - Plasis<\/title>\n<meta name=\"robots\" content=\"index, follow, max-snippet:-1, max-image-preview:large, max-video-preview:-1\" \/>\n<link rel=\"canonical\" href=\"https:\/\/www.plasis.com.tr\/urun\/qr-karekod-okuyucu-sunlux-xl3600-2d-barkod-usb-hes-kodu-okuyucu\/\" \/>\n<script type=\"application\/ld+json\" class=\"yoast-schema-graph\">{\"@context\":\"https:\\\/\\\/schema.org\",\"@graph\":[{\"@type\":\"WebPage\",\"@id\":\"https:\\\/\\\/www.plasis.com.tr\\\/urun\\\/qr-karekod-okuyucu-sunlux-xl3600-2d-barkod-usb-hes-kodu-okuyucu\\\/\",\"url\":\"https:\\\/\\\/www.plasis.com.tr\\\/urun\\\/qr-karekod-okuyucu-sunlux-xl3600-2d-barkod-usb-hes-kodu-okuyucu\\\/\",\"name\":\"QR Karekod okuyucu Sunlux XL3600 2D barkod \\\/ USB HES kodu okuyucu - Plasis\",\"isPartOf\":{\"@id\":\"https:\\\/\\\/www.plasis.com.tr\\\/#website\"},\"primaryImageOfPage\":{\"@id\":\"https:\\\/\\\/www.plasis.com.tr\\\/urun\\\/qr-karekod-okuyucu-sunlux-xl3600-2d-barkod-usb-hes-kodu-okuyucu\\\/#primaryimage\"},\"image\":{\"@id\":\"https:\\\/\\\/www.plasis.com.tr\\\/urun\\\/qr-karekod-okuyucu-sunlux-xl3600-2d-barkod-usb-hes-kodu-okuyucu\\\/#primaryimage\"},\"thumbnailUrl\":\"https:\\\/\\\/www.plasis.com.tr\\\/wp-content\\\/uploads\\\/2021\\\/01\\\/sunlux-xl-3600_karekod-okuyucu-usb-kablolu.jpg\",\"datePublished\":\"2021-01-14T11:33:50+00:00\",\"dateModified\":\"2025-05-26T14:36:35+00:00\",\"breadcrumb\":{\"@id\":\"https:\\\/\\\/www.plasis.com.tr\\\/urun\\\/qr-karekod-okuyucu-sunlux-xl3600-2d-barkod-usb-hes-kodu-okuyucu\\\/#breadcrumb\"},\"inLanguage\":\"en-US\",\"potentialAction\":[{\"@type\":\"ReadAction\",\"target\":[\"https:\\\/\\\/www.plasis.com.tr\\\/urun\\\/qr-karekod-okuyucu-sunlux-xl3600-2d-barkod-usb-hes-kodu-okuyucu\\\/\"]}]},{\"@type\":\"ImageObject\",\"inLanguage\":\"en-US\",\"@id\":\"https:\\\/\\\/www.plasis.com.tr\\\/urun\\\/qr-karekod-okuyucu-sunlux-xl3600-2d-barkod-usb-hes-kodu-okuyucu\\\/#primaryimage\",\"url\":\"https:\\\/\\\/www.plasis.com.tr\\\/wp-content\\\/uploads\\\/2021\\\/01\\\/sunlux-xl-3600_karekod-okuyucu-usb-kablolu.jpg\",\"contentUrl\":\"https:\\\/\\\/www.plasis.com.tr\\\/wp-content\\\/uploads\\\/2021\\\/01\\\/sunlux-xl-3600_karekod-okuyucu-usb-kablolu.jpg\",\"width\":750,\"height\":750},{\"@type\":\"BreadcrumbList\",\"@id\":\"https:\\\/\\\/www.plasis.com.tr\\\/urun\\\/qr-karekod-okuyucu-sunlux-xl3600-2d-barkod-usb-hes-kodu-okuyucu\\\/#breadcrumb\",\"itemListElement\":[{\"@type\":\"ListItem\",\"position\":1,\"name\":\"Ana sayfa\",\"item\":\"https:\\\/\\\/www.plasis.com.tr\\\/en\\\/\"},{\"@type\":\"ListItem\",\"position\":2,\"name\":\"\u00dcr\u00fcnlerimiz\",\"item\":\"https:\\\/\\\/www.plasis.com.tr\\\/urunlerimiz\\\/\"},{\"@type\":\"ListItem\",\"position\":3,\"name\":\"QR Karekod okuyucu Sunlux XL3600 2D barkod \\\/ USB HES kodu okuyucu\"}]},{\"@type\":\"WebSite\",\"@id\":\"https:\\\/\\\/www.plasis.com.tr\\\/#website\",\"url\":\"https:\\\/\\\/www.plasis.com.tr\\\/\",\"name\":\"Plasis\",\"description\":\"We provide the industry's leading Card production, Printing and System support.\",\"potentialAction\":[{\"@type\":\"SearchAction\",\"target\":{\"@type\":\"EntryPoint\",\"urlTemplate\":\"https:\\\/\\\/www.plasis.com.tr\\\/?s={search_term_string}\"},\"query-input\":{\"@type\":\"PropertyValueSpecification\",\"valueRequired\":true,\"valueName\":\"search_term_string\"}}],\"inLanguage\":\"en-US\"}]}<\/script>\n<!-- \/ Yoast SEO plugin. -->","yoast_head_json":{"title":"QR Karekod okuyucu Sunlux XL3600 2D barkod \/ USB HES kodu okuyucu - Plasis","robots":{"index":"index","follow":"follow","max-snippet":"max-snippet:-1","max-image-preview":"max-image-preview:large","max-video-preview":"max-video-preview:-1"},"canonical":"https:\/\/www.plasis.com.tr\/urun\/qr-karekod-okuyucu-sunlux-xl3600-2d-barkod-usb-hes-kodu-okuyucu\/","schema":{"@context":"https:\/\/schema.org","@graph":[{"@type":"WebPage","@id":"https:\/\/www.plasis.com.tr\/urun\/qr-karekod-okuyucu-sunlux-xl3600-2d-barkod-usb-hes-kodu-okuyucu\/","url":"https:\/\/www.plasis.com.tr\/urun\/qr-karekod-okuyucu-sunlux-xl3600-2d-barkod-usb-hes-kodu-okuyucu\/","name":"QR Karekod okuyucu Sunlux XL3600 2D barkod \/ USB HES kodu okuyucu - Plasis","isPartOf":{"@id":"https:\/\/www.plasis.com.tr\/#website"},"primaryImageOfPage":{"@id":"https:\/\/www.plasis.com.tr\/urun\/qr-karekod-okuyucu-sunlux-xl3600-2d-barkod-usb-hes-kodu-okuyucu\/#primaryimage"},"image":{"@id":"https:\/\/www.plasis.com.tr\/urun\/qr-karekod-okuyucu-sunlux-xl3600-2d-barkod-usb-hes-kodu-okuyucu\/#primaryimage"},"thumbnailUrl":"https:\/\/www.plasis.com.tr\/wp-content\/uploads\/2021\/01\/sunlux-xl-3600_karekod-okuyucu-usb-kablolu.jpg","datePublished":"2021-01-14T11:33:50+00:00","dateModified":"2025-05-26T14:36:35+00:00","breadcrumb":{"@id":"https:\/\/www.plasis.com.tr\/urun\/qr-karekod-okuyucu-sunlux-xl3600-2d-barkod-usb-hes-kodu-okuyucu\/#breadcrumb"},"inLanguage":"en-US","potentialAction":[{"@type":"ReadAction","target":["https:\/\/www.plasis.com.tr\/urun\/qr-karekod-okuyucu-sunlux-xl3600-2d-barkod-usb-hes-kodu-okuyucu\/"]}]},{"@type":"ImageObject","inLanguage":"en-US","@id":"https:\/\/www.plasis.com.tr\/urun\/qr-karekod-okuyucu-sunlux-xl3600-2d-barkod-usb-hes-kodu-okuyucu\/#primaryimage","url":"https:\/\/www.plasis.com.tr\/wp-content\/uploads\/2021\/01\/sunlux-xl-3600_karekod-okuyucu-usb-kablolu.jpg","contentUrl":"https:\/\/www.plasis.com.tr\/wp-content\/uploads\/2021\/01\/sunlux-xl-3600_karekod-okuyucu-usb-kablolu.jpg","width":750,"height":750},{"@type":"BreadcrumbList","@id":"https:\/\/www.plasis.com.tr\/urun\/qr-karekod-okuyucu-sunlux-xl3600-2d-barkod-usb-hes-kodu-okuyucu\/#breadcrumb","itemListElement":[{"@type":"ListItem","position":1,"name":"Ana sayfa","item":"https:\/\/www.plasis.com.tr\/en\/"},{"@type":"ListItem","position":2,"name":"\u00dcr\u00fcnlerimiz","item":"https:\/\/www.plasis.com.tr\/urunlerimiz\/"},{"@type":"ListItem","position":3,"name":"QR Karekod okuyucu Sunlux XL3600 2D barkod \/ USB HES kodu okuyucu"}]},{"@type":"WebSite","@id":"https:\/\/www.plasis.com.tr\/#website","url":"https:\/\/www.plasis.com.tr\/","name":"Plasis","description":"We provide the industry's leading Card production, Printing and System support.","potentialAction":[{"@type":"SearchAction","target":{"@type":"EntryPoint","urlTemplate":"https:\/\/www.plasis.com.tr\/?s={search_term_string}"},"query-input":{"@type":"PropertyValueSpecification","valueRequired":true,"valueName":"search_term_string"}}],"inLanguage":"en-US"}]}},"_links":{"self":[{"href":"https:\/\/www.plasis.com.tr\/en\/wp-json\/wp\/v2\/product\/6788","targetHints":{"allow":["GET"]}}],"collection":[{"href":"https:\/\/www.plasis.com.tr\/en\/wp-json\/wp\/v2\/product"}],"about":[{"href":"https:\/\/www.plasis.com.tr\/en\/wp-json\/wp\/v2\/types\/product"}],"replies":[{"embeddable":true,"href":"https:\/\/www.plasis.com.tr\/en\/wp-json\/wp\/v2\/comments?post=6788"}],"wp:featuredmedia":[{"embeddable":true,"href":"https:\/\/www.plasis.com.tr\/en\/wp-json\/wp\/v2\/media\/6789"}],"wp:attachment":[{"href":"https:\/\/www.plasis.com.tr\/en\/wp-json\/wp\/v2\/media?parent=6788"}],"wp:term":[{"taxonomy":"product_brand","embeddable":true,"href":"https:\/\/www.plasis.com.tr\/en\/wp-json\/wp\/v2\/product_brand?post=6788"},{"taxonomy":"product_cat","embeddable":true,"href":"https:\/\/www.plasis.com.tr\/en\/wp-json\/wp\/v2\/product_cat?post=6788"},{"taxonomy":"product_tag","embeddable":true,"href":"https:\/\/www.plasis.com.tr\/en\/wp-json\/wp\/v2\/product_tag?post=6788"}],"curies":[{"name":"wp","href":"https:\/\/api.w.org\/{rel}","templated":true}]}}