{"id":6775,"date":"2021-01-13T12:23:56","date_gmt":"2021-01-13T09:23:56","guid":{"rendered":"https:\/\/www.plasis.com.tr\/?post_type=product&#038;p=6775"},"modified":"2024-06-25T11:53:33","modified_gmt":"2024-06-25T08:53:33","slug":"goster-gec-rfid-kart-sifreli-elektronik-kilit-icin-gostergec-karti","status":"publish","type":"product","link":"https:\/\/www.plasis.com.tr\/en\/urun\/goster-gec-rfid-kart-sifreli-elektronik-kilit-icin-gostergec-karti\/","title":{"rendered":"G\u00f6ster Ge\u00e7 rfid kart \u015fifreli elektronik kilit i\u00e7in g\u00f6sterge\u00e7 kart\u0131"},"content":{"rendered":"<ol>\n<li>S\u0131n\u0131f proximity\u00a0G\u00f6ster Ge\u00e7 rfid kart \u015fifreli elektronik kilit i\u00e7in g\u00f6sterge\u00e7 kart\u0131<\/li>\n<\/ol>\n<p>Stoktan ayn\u0131 g\u00fcn kargo<\/p>\n<p>Fatural\u0131 garantili<\/p>\n<p>\u00d6zellikle site kap\u0131lar\u0131, aparman kap\u0131lar\u0131 gibi ge\u00e7i\u015f g\u00fcvenli sa\u011flaman\u0131n yan\u0131nda pratik kullan\u0131mda arand\u0131\u011f\u0131 noktalarda kullan\u0131\u015fl\u0131 \u00e7\u00f6z\u00fcm. T\u00fcm elektronik kilit sistemleri ile tam uyumlu 125 kHz kart. Kart kullan\u0131m\u0131 sayesinde kart\u0131n anahtara nazaran daha kolay kullan\u0131m\u0131 \u00f6rne\u011fin c\u00fczdan gibi kolay ta\u015f\u0131nmas\u0131 hatta belki en pretik yan\u0131 \u00e7antadan veya c\u00fczdan \u00e7\u0131kartmadan da kullan\u0131labilmesi ile \u00f6ne \u00e7\u0131kar. Pandemi nedeniyle bir \u00e7o\u011fumuz temaslar konusunda daha hassas olduk. \u015eifre panellerine dokunmak istemeyebiliyoruz. Bu kartlar\u0131n temass\u0131z g\u00f6ster ge\u00e7 \u00f6zelli\u011fi sayesinde i\u00e7imiz daha rahat.<\/p>\n<ul>\n<li>1255 kHz Proximity Kart G\u00f6ster Ge\u00e7 Ak\u0131ll\u0131 Manyetik Kart\u00a0 0,80 mm kal\u0131nl\u0131\u011f\u0131ndad\u0131r. bask\u0131ya uygundur.<\/li>\n<li>piyasada ki ince \u00fcr\u00fcnlerle k\u0131yaslama yapmay\u0131n\u0131z.\u00a0\u00a0<span style=\"font-family: Tahoma;\"><b>!!!\u00a0<\/b><\/span>\u00a0\u00a0\u00a0<strong>ISO\/IEC 7810:2003 standartlar\u0131na uygun kal\u0131nl\u0131kta,\u00a0\u00a0<\/strong><\/li>\n<li>uluslararas\u0131 standartlarda kredi kart\u0131 kal\u0131nl\u0131\u011f\u0131ndad\u0131r.<\/li>\n<li>her iki y\u00fcz\u00fc de laminasyonlu ve bask\u0131ya uygundur.<\/li>\n<li>t\u00fcm kart bask\u0131 cihazlar\u0131yla sorunsuz basabilirsiniz .<\/li>\n<\/ul>\n<div><\/div>\n<p><span style=\"font-family: Tahoma; font-size: small;\">Kart\u0131n \u00fczerinde &#8220;0013781409 210, 18849&#8221; \u00f6rne\u011findeki gibi 10 luk, 3 l\u00fck ve 5 lik kart ID kodu bulunur.<\/span><\/p>\n<p><span style=\"font-family: Tahoma; font-size: small;\">Bu sayede proximity kullanan t\u00fcm sistemlerle tam uyumludur.<\/span><\/p>\n<p><span style=\"font-family: Tahoma; font-size: small;\"><b>!!! ba\u015ftaki 10 luk ID si olmayan kartlarla kar\u0131\u015ft\u0131rmay\u0131n\u0131z !!!<\/b><\/span><\/p>\n<table border=\"0\" width=\"556\" cellspacing=\"0\" cellpadding=\"0\">\n<tbody>\n<tr>\n<td width=\"190\">\u00c7al\u0131\u015fma frekans\u0131<\/td>\n<td width=\"366\">125 KHz.-\u00b1 25 KHz<\/td>\n<\/tr>\n<tr>\n<td width=\"190\">Baudrate<\/td>\n<td width=\"366\">Minimum 4 Kbit Maksimum 15,6 Kbit<\/td>\n<\/tr>\n<tr>\n<td width=\"190\">Mod\u00fclasyon<\/td>\n<td width=\"366\">AM mod\u00fclasyon<\/td>\n<\/tr>\n<tr>\n<td width=\"190\">\u00c7al\u0131\u015fma uzakl\u0131\u011f\u0131<\/td>\n<td width=\"366\">Okuyucuya ba\u011fl\u0131 max 30 cm<\/td>\n<\/tr>\n<tr>\n<td width=\"190\">Renk<\/td>\n<td width=\"366\">Beyaz, termotransfer yaz\u0131c\u0131larla bask\u0131 yap\u0131labilir<\/td>\n<\/tr>\n<tr>\n<td width=\"190\">Nemli ortamlarda \u00e7al\u0131\u015fma<\/td>\n<td width=\"366\">Dahili ve harici \u00e7al\u0131\u015fmalara uygun<\/td>\n<\/tr>\n<tr>\n<td width=\"190\">Bellek<\/td>\n<td width=\"366\">4Byte<\/td>\n<\/tr>\n<tr>\n<td width=\"190\">Password<\/td>\n<td width=\"366\">Yazabilme \u00f6zelli\u011fine sahip de\u011fildir<\/td>\n<\/tr>\n<\/tbody>\n<\/table>\n<div>\n<div>\n<p>g\u00fcenli ge\u00e7i\u015f ve \u00f6deme sistemlerinde kullan\u0131lan, 125 Khz frekansa sahip temas olmaks\u0131z\u0131n kullan\u0131labilen kartlard\u0131r.<\/p>\n<p>ISO stadartlar\u0131na sahip proximity kartlar, kredi kart\u0131 ebatlar\u0131nda olup, her iki y\u00fczeye de termal ve retransfer bask\u0131 yap\u0131labildi\u011fi gibi ofset bask\u0131l\u0131da temin edilebilir.<\/p>\n<p>Proxy kart olarak da bilinen proximity kartlar\u0131 0-10 cm mesafe aral\u0131\u011f\u0131nda etkili olabildi\u011fi i\u00e7in c\u00fczdanlardan ve \u00e7antalardan \u00e7\u0131kart\u0131lmadan dahi i\u015f g\u00f6rebilmektedir.<\/p>\n<p>Kart fiyatlar\u0131n\u0131n y\u00fcksek olmamas\u0131 personel say\u0131s\u0131 y\u00fcksek i\u015fletmelerde kullan\u0131m\u0131n\u0131 cazip hale getirmektedir. Proximity kartlar, personel devam kontrol, ge\u00e7i\u015f kontrol, yemekhane kontrol, i\u015fe giri\u015f \u00e7\u0131k\u0131\u015f takip, spor salonu \u00fcye takip, turnikeli ge\u00e7i\u015f kontrol sistemleri gibi bir\u00e7ok sistemle kullan\u0131labilirler.<\/p>\n<\/div>\n<\/div>\n<div>\n<div>Kart\u0131n arka k\u0131sm\u0131nda ID bilgisi rakamlar yazmaktad\u0131r.<\/div>\n<div><\/div>\n<div>\u00a0 tekli po\u015fetlerde\u00a0 sat\u0131lmaktad\u0131r<\/div>\n<\/div>\n","protected":false},"excerpt":{"rendered":"<p>Elektronik \u015fifreli kilitleriniz i\u00e7in G\u00f6ster Ge\u00e7 kart \u015fifreli elektronik kilit i\u00e7in g\u00f6sterge\u00e7 kart\u0131<\/p>\n","protected":false},"featured_media":6776,"comment_status":"closed","ping_status":"closed","template":"","meta":[],"product_brand":[],"product_cat":[524],"product_tag":[893,894,892,895,896],"class_list":{"0":"post-6775","1":"product","2":"type-product","3":"status-publish","4":"has-post-thumbnail","6":"product_cat-akilli-kartlar-ve-aksesuarlari","7":"product_tag-125-khz-sifreli-kilit-karti","8":"product_tag-elektronik-kilit-karti","9":"product_tag-gostergec-kart","10":"product_tag-kapi-gostergec","11":"product_tag-rfid-gostergec","13":"first","14":"instock","15":"taxable","16":"shipping-taxable","17":"purchasable","18":"product-type-simple","19":"prodpage-style2"},"yoast_head":"<!-- This site is optimized with the Yoast SEO plugin v27.5 - https:\/\/yoast.com\/product\/yoast-seo-wordpress\/ -->\n<title>G\u00f6ster Ge\u00e7 rfid kart \u015fifreli elektronik kilit i\u00e7in g\u00f6sterge\u00e7 kart\u0131 - Plasis<\/title>\n<meta name=\"robots\" content=\"index, follow, max-snippet:-1, max-image-preview:large, max-video-preview:-1\" \/>\n<link rel=\"canonical\" href=\"https:\/\/www.plasis.com.tr\/urun\/goster-gec-rfid-kart-sifreli-elektronik-kilit-icin-gostergec-karti\/\" \/>\n<script type=\"application\/ld+json\" class=\"yoast-schema-graph\">{\"@context\":\"https:\\\/\\\/schema.org\",\"@graph\":[{\"@type\":\"WebPage\",\"@id\":\"https:\\\/\\\/www.plasis.com.tr\\\/urun\\\/goster-gec-rfid-kart-sifreli-elektronik-kilit-icin-gostergec-karti\\\/\",\"url\":\"https:\\\/\\\/www.plasis.com.tr\\\/urun\\\/goster-gec-rfid-kart-sifreli-elektronik-kilit-icin-gostergec-karti\\\/\",\"name\":\"G\u00f6ster Ge\u00e7 rfid kart \u015fifreli elektronik kilit i\u00e7in g\u00f6sterge\u00e7 kart\u0131 - Plasis\",\"isPartOf\":{\"@id\":\"https:\\\/\\\/www.plasis.com.tr\\\/#website\"},\"primaryImageOfPage\":{\"@id\":\"https:\\\/\\\/www.plasis.com.tr\\\/urun\\\/goster-gec-rfid-kart-sifreli-elektronik-kilit-icin-gostergec-karti\\\/#primaryimage\"},\"image\":{\"@id\":\"https:\\\/\\\/www.plasis.com.tr\\\/urun\\\/goster-gec-rfid-kart-sifreli-elektronik-kilit-icin-gostergec-karti\\\/#primaryimage\"},\"thumbnailUrl\":\"https:\\\/\\\/www.plasis.com.tr\\\/wp-content\\\/uploads\\\/2021\\\/01\\\/gostergec-kart-elektronik-sifreli-kilit-anahtari.jpg\",\"datePublished\":\"2021-01-13T09:23:56+00:00\",\"dateModified\":\"2024-06-25T08:53:33+00:00\",\"breadcrumb\":{\"@id\":\"https:\\\/\\\/www.plasis.com.tr\\\/urun\\\/goster-gec-rfid-kart-sifreli-elektronik-kilit-icin-gostergec-karti\\\/#breadcrumb\"},\"inLanguage\":\"en-US\",\"potentialAction\":[{\"@type\":\"ReadAction\",\"target\":[\"https:\\\/\\\/www.plasis.com.tr\\\/urun\\\/goster-gec-rfid-kart-sifreli-elektronik-kilit-icin-gostergec-karti\\\/\"]}]},{\"@type\":\"ImageObject\",\"inLanguage\":\"en-US\",\"@id\":\"https:\\\/\\\/www.plasis.com.tr\\\/urun\\\/goster-gec-rfid-kart-sifreli-elektronik-kilit-icin-gostergec-karti\\\/#primaryimage\",\"url\":\"https:\\\/\\\/www.plasis.com.tr\\\/wp-content\\\/uploads\\\/2021\\\/01\\\/gostergec-kart-elektronik-sifreli-kilit-anahtari.jpg\",\"contentUrl\":\"https:\\\/\\\/www.plasis.com.tr\\\/wp-content\\\/uploads\\\/2021\\\/01\\\/gostergec-kart-elektronik-sifreli-kilit-anahtari.jpg\",\"width\":1526,\"height\":1200},{\"@type\":\"BreadcrumbList\",\"@id\":\"https:\\\/\\\/www.plasis.com.tr\\\/urun\\\/goster-gec-rfid-kart-sifreli-elektronik-kilit-icin-gostergec-karti\\\/#breadcrumb\",\"itemListElement\":[{\"@type\":\"ListItem\",\"position\":1,\"name\":\"Ana sayfa\",\"item\":\"https:\\\/\\\/www.plasis.com.tr\\\/en\\\/\"},{\"@type\":\"ListItem\",\"position\":2,\"name\":\"\u00dcr\u00fcnlerimiz\",\"item\":\"https:\\\/\\\/www.plasis.com.tr\\\/urunlerimiz\\\/\"},{\"@type\":\"ListItem\",\"position\":3,\"name\":\"G\u00f6ster Ge\u00e7 rfid kart \u015fifreli elektronik kilit i\u00e7in g\u00f6sterge\u00e7 kart\u0131\"}]},{\"@type\":\"WebSite\",\"@id\":\"https:\\\/\\\/www.plasis.com.tr\\\/#website\",\"url\":\"https:\\\/\\\/www.plasis.com.tr\\\/\",\"name\":\"Plasis\",\"description\":\"We provide the industry's leading Card production, Printing and System support.\",\"potentialAction\":[{\"@type\":\"SearchAction\",\"target\":{\"@type\":\"EntryPoint\",\"urlTemplate\":\"https:\\\/\\\/www.plasis.com.tr\\\/?s={search_term_string}\"},\"query-input\":{\"@type\":\"PropertyValueSpecification\",\"valueRequired\":true,\"valueName\":\"search_term_string\"}}],\"inLanguage\":\"en-US\"}]}<\/script>\n<!-- \/ Yoast SEO plugin. -->","yoast_head_json":{"title":"G\u00f6ster Ge\u00e7 rfid kart \u015fifreli elektronik kilit i\u00e7in g\u00f6sterge\u00e7 kart\u0131 - Plasis","robots":{"index":"index","follow":"follow","max-snippet":"max-snippet:-1","max-image-preview":"max-image-preview:large","max-video-preview":"max-video-preview:-1"},"canonical":"https:\/\/www.plasis.com.tr\/urun\/goster-gec-rfid-kart-sifreli-elektronik-kilit-icin-gostergec-karti\/","schema":{"@context":"https:\/\/schema.org","@graph":[{"@type":"WebPage","@id":"https:\/\/www.plasis.com.tr\/urun\/goster-gec-rfid-kart-sifreli-elektronik-kilit-icin-gostergec-karti\/","url":"https:\/\/www.plasis.com.tr\/urun\/goster-gec-rfid-kart-sifreli-elektronik-kilit-icin-gostergec-karti\/","name":"G\u00f6ster Ge\u00e7 rfid kart \u015fifreli elektronik kilit i\u00e7in g\u00f6sterge\u00e7 kart\u0131 - Plasis","isPartOf":{"@id":"https:\/\/www.plasis.com.tr\/#website"},"primaryImageOfPage":{"@id":"https:\/\/www.plasis.com.tr\/urun\/goster-gec-rfid-kart-sifreli-elektronik-kilit-icin-gostergec-karti\/#primaryimage"},"image":{"@id":"https:\/\/www.plasis.com.tr\/urun\/goster-gec-rfid-kart-sifreli-elektronik-kilit-icin-gostergec-karti\/#primaryimage"},"thumbnailUrl":"https:\/\/www.plasis.com.tr\/wp-content\/uploads\/2021\/01\/gostergec-kart-elektronik-sifreli-kilit-anahtari.jpg","datePublished":"2021-01-13T09:23:56+00:00","dateModified":"2024-06-25T08:53:33+00:00","breadcrumb":{"@id":"https:\/\/www.plasis.com.tr\/urun\/goster-gec-rfid-kart-sifreli-elektronik-kilit-icin-gostergec-karti\/#breadcrumb"},"inLanguage":"en-US","potentialAction":[{"@type":"ReadAction","target":["https:\/\/www.plasis.com.tr\/urun\/goster-gec-rfid-kart-sifreli-elektronik-kilit-icin-gostergec-karti\/"]}]},{"@type":"ImageObject","inLanguage":"en-US","@id":"https:\/\/www.plasis.com.tr\/urun\/goster-gec-rfid-kart-sifreli-elektronik-kilit-icin-gostergec-karti\/#primaryimage","url":"https:\/\/www.plasis.com.tr\/wp-content\/uploads\/2021\/01\/gostergec-kart-elektronik-sifreli-kilit-anahtari.jpg","contentUrl":"https:\/\/www.plasis.com.tr\/wp-content\/uploads\/2021\/01\/gostergec-kart-elektronik-sifreli-kilit-anahtari.jpg","width":1526,"height":1200},{"@type":"BreadcrumbList","@id":"https:\/\/www.plasis.com.tr\/urun\/goster-gec-rfid-kart-sifreli-elektronik-kilit-icin-gostergec-karti\/#breadcrumb","itemListElement":[{"@type":"ListItem","position":1,"name":"Ana sayfa","item":"https:\/\/www.plasis.com.tr\/en\/"},{"@type":"ListItem","position":2,"name":"\u00dcr\u00fcnlerimiz","item":"https:\/\/www.plasis.com.tr\/urunlerimiz\/"},{"@type":"ListItem","position":3,"name":"G\u00f6ster Ge\u00e7 rfid kart \u015fifreli elektronik kilit i\u00e7in g\u00f6sterge\u00e7 kart\u0131"}]},{"@type":"WebSite","@id":"https:\/\/www.plasis.com.tr\/#website","url":"https:\/\/www.plasis.com.tr\/","name":"Plasis","description":"We provide the industry's leading Card production, Printing and System support.","potentialAction":[{"@type":"SearchAction","target":{"@type":"EntryPoint","urlTemplate":"https:\/\/www.plasis.com.tr\/?s={search_term_string}"},"query-input":{"@type":"PropertyValueSpecification","valueRequired":true,"valueName":"search_term_string"}}],"inLanguage":"en-US"}]}},"_links":{"self":[{"href":"https:\/\/www.plasis.com.tr\/en\/wp-json\/wp\/v2\/product\/6775","targetHints":{"allow":["GET"]}}],"collection":[{"href":"https:\/\/www.plasis.com.tr\/en\/wp-json\/wp\/v2\/product"}],"about":[{"href":"https:\/\/www.plasis.com.tr\/en\/wp-json\/wp\/v2\/types\/product"}],"replies":[{"embeddable":true,"href":"https:\/\/www.plasis.com.tr\/en\/wp-json\/wp\/v2\/comments?post=6775"}],"wp:featuredmedia":[{"embeddable":true,"href":"https:\/\/www.plasis.com.tr\/en\/wp-json\/wp\/v2\/media\/6776"}],"wp:attachment":[{"href":"https:\/\/www.plasis.com.tr\/en\/wp-json\/wp\/v2\/media?parent=6775"}],"wp:term":[{"taxonomy":"product_brand","embeddable":true,"href":"https:\/\/www.plasis.com.tr\/en\/wp-json\/wp\/v2\/product_brand?post=6775"},{"taxonomy":"product_cat","embeddable":true,"href":"https:\/\/www.plasis.com.tr\/en\/wp-json\/wp\/v2\/product_cat?post=6775"},{"taxonomy":"product_tag","embeddable":true,"href":"https:\/\/www.plasis.com.tr\/en\/wp-json\/wp\/v2\/product_tag?post=6775"}],"curies":[{"name":"wp","href":"https:\/\/api.w.org\/{rel}","templated":true}]}}