{"id":6762,"date":"2021-01-12T14:47:35","date_gmt":"2021-01-12T11:47:35","guid":{"rendered":"https:\/\/www.plasis.com.tr\/?post_type=product&#038;p=6762"},"modified":"2026-03-02T14:59:51","modified_gmt":"2026-03-02T11:59:51","slug":"idp-smart-s30-s50-renkli-ribon-kartus-650634-orjinal-siadc-p-ymcko-ribbon","status":"publish","type":"product","link":"https:\/\/www.plasis.com.tr\/en\/urun\/idp-smart-s30-s50-renkli-ribon-kartus-650634-orjinal-siadc-p-ymcko-ribbon\/","title":{"rendered":"IDP Smart S30 S50 RENKL\u0130 R\u0130BON Kartu\u015f 650634 orjinal SIADC-P-YMCKO RIBBON"},"content":{"rendered":"<p>Orjinal &#8211; Fatural\u0131 &#8211; Garantili<\/p>\n<p>IDP Smart S30 S50 RENKL\u0130 R\u0130BON Kartu\u015f 650634 SIADC-P-YMCKO RIBBON<\/p>\n<p>Smart Renkli Ribonlar \u2013 Ribbon \u00c7e\u015fitleri ( SIADC-P-YMCKO RIBBON )<\/p>\n<p>Smart Renkli Ribon Kartu\u015f \u2013 IDP smart yaz\u0131c\u0131lara \u00f6zel Smart Sarf Malzemeleri<br \/>\nSmart ribon modelleri tek tarafa 250 adet renkli bask\u0131 yapmaktad\u0131r.<br \/>\nRenkli ribon smart s50 kart yaz\u0131c\u0131 ve smart s30 modellere uyumludur.<br \/>\nKartlar\u0131n her iki y\u00fcz\u00fcne renkli bask\u0131 yapmak isterseniz bask\u0131 miktar\u0131 yar\u0131ya d\u00fc\u015fer ve\u00a0 125 adet kart bask\u0131s\u0131 yapar.<br \/>\nSmart Renkli Ribon Kod Numaras\u0131 650634 \u2013 Smart Renkli Ribon Seri No : SIADC-P-YMCKO RIBBON \u2013 250 \u0130MAGE<\/p>\n","protected":false},"excerpt":{"rendered":"<p>Renkli ribon smart s50 kart yaz\u0131c\u0131 ve smart s30 modellere uyumludur.\u00a0IDP Smart S30 RENKL\u0130 R\u0130BON Kartu\u015f 650634 orjinal SIADC-P-YMCKO RIBBON<\/p>\n","protected":false},"featured_media":6763,"comment_status":"closed","ping_status":"closed","template":"","meta":[],"product_brand":[],"product_cat":[673],"product_tag":[885,887,886,888],"class_list":{"0":"post-6762","1":"product","2":"type-product","3":"status-publish","4":"has-post-thumbnail","6":"product_cat-plastik-kart-yazicilar","7":"product_tag-idp-smart-s30","8":"product_tag-siadc","9":"product_tag-smart-650634","10":"product_tag-ymckoc","12":"first","13":"instock","14":"taxable","15":"shipping-taxable","16":"purchasable","17":"product-type-simple","18":"prodpage-style2"},"yoast_head":"<!-- This site is optimized with the Yoast SEO plugin v27.3 - https:\/\/yoast.com\/product\/yoast-seo-wordpress\/ -->\n<title>IDP Smart S30 S50 RENKL\u0130 R\u0130BON Kartu\u015f 650634 orjinal SIADC-P-YMCKO RIBBON - Plasis<\/title>\n<meta name=\"robots\" content=\"index, follow, max-snippet:-1, max-image-preview:large, max-video-preview:-1\" \/>\n<link rel=\"canonical\" href=\"https:\/\/www.plasis.com.tr\/urun\/idp-smart-s30-s50-renkli-ribon-kartus-650634-orjinal-siadc-p-ymcko-ribbon\/\" \/>\n<script type=\"application\/ld+json\" class=\"yoast-schema-graph\">{\"@context\":\"https:\\\/\\\/schema.org\",\"@graph\":[{\"@type\":\"WebPage\",\"@id\":\"https:\\\/\\\/www.plasis.com.tr\\\/urun\\\/idp-smart-s30-s50-renkli-ribon-kartus-650634-orjinal-siadc-p-ymcko-ribbon\\\/\",\"url\":\"https:\\\/\\\/www.plasis.com.tr\\\/urun\\\/idp-smart-s30-s50-renkli-ribon-kartus-650634-orjinal-siadc-p-ymcko-ribbon\\\/\",\"name\":\"IDP Smart S30 S50 RENKL\u0130 R\u0130BON Kartu\u015f 650634 orjinal SIADC-P-YMCKO RIBBON - Plasis\",\"isPartOf\":{\"@id\":\"https:\\\/\\\/www.plasis.com.tr\\\/#website\"},\"primaryImageOfPage\":{\"@id\":\"https:\\\/\\\/www.plasis.com.tr\\\/urun\\\/idp-smart-s30-s50-renkli-ribon-kartus-650634-orjinal-siadc-p-ymcko-ribbon\\\/#primaryimage\"},\"image\":{\"@id\":\"https:\\\/\\\/www.plasis.com.tr\\\/urun\\\/idp-smart-s30-s50-renkli-ribon-kartus-650634-orjinal-siadc-p-ymcko-ribbon\\\/#primaryimage\"},\"thumbnailUrl\":\"https:\\\/\\\/www.plasis.com.tr\\\/wp-content\\\/uploads\\\/2021\\\/01\\\/IDP-Smart-S30-S50-renkli-ribbon-kartus.jpg\",\"datePublished\":\"2021-01-12T11:47:35+00:00\",\"dateModified\":\"2026-03-02T11:59:51+00:00\",\"breadcrumb\":{\"@id\":\"https:\\\/\\\/www.plasis.com.tr\\\/urun\\\/idp-smart-s30-s50-renkli-ribon-kartus-650634-orjinal-siadc-p-ymcko-ribbon\\\/#breadcrumb\"},\"inLanguage\":\"en-US\",\"potentialAction\":[{\"@type\":\"ReadAction\",\"target\":[\"https:\\\/\\\/www.plasis.com.tr\\\/urun\\\/idp-smart-s30-s50-renkli-ribon-kartus-650634-orjinal-siadc-p-ymcko-ribbon\\\/\"]}]},{\"@type\":\"ImageObject\",\"inLanguage\":\"en-US\",\"@id\":\"https:\\\/\\\/www.plasis.com.tr\\\/urun\\\/idp-smart-s30-s50-renkli-ribon-kartus-650634-orjinal-siadc-p-ymcko-ribbon\\\/#primaryimage\",\"url\":\"https:\\\/\\\/www.plasis.com.tr\\\/wp-content\\\/uploads\\\/2021\\\/01\\\/IDP-Smart-S30-S50-renkli-ribbon-kartus.jpg\",\"contentUrl\":\"https:\\\/\\\/www.plasis.com.tr\\\/wp-content\\\/uploads\\\/2021\\\/01\\\/IDP-Smart-S30-S50-renkli-ribbon-kartus.jpg\",\"width\":1200,\"height\":970},{\"@type\":\"BreadcrumbList\",\"@id\":\"https:\\\/\\\/www.plasis.com.tr\\\/urun\\\/idp-smart-s30-s50-renkli-ribon-kartus-650634-orjinal-siadc-p-ymcko-ribbon\\\/#breadcrumb\",\"itemListElement\":[{\"@type\":\"ListItem\",\"position\":1,\"name\":\"Ana sayfa\",\"item\":\"https:\\\/\\\/www.plasis.com.tr\\\/en\\\/\"},{\"@type\":\"ListItem\",\"position\":2,\"name\":\"\u00dcr\u00fcnlerimiz\",\"item\":\"https:\\\/\\\/www.plasis.com.tr\\\/urunlerimiz\\\/\"},{\"@type\":\"ListItem\",\"position\":3,\"name\":\"IDP Smart S30 S50 RENKL\u0130 R\u0130BON Kartu\u015f 650634 orjinal SIADC-P-YMCKO RIBBON\"}]},{\"@type\":\"WebSite\",\"@id\":\"https:\\\/\\\/www.plasis.com.tr\\\/#website\",\"url\":\"https:\\\/\\\/www.plasis.com.tr\\\/\",\"name\":\"Plasis\",\"description\":\"We provide the industry's leading Card production, Printing and System support.\",\"potentialAction\":[{\"@type\":\"SearchAction\",\"target\":{\"@type\":\"EntryPoint\",\"urlTemplate\":\"https:\\\/\\\/www.plasis.com.tr\\\/?s={search_term_string}\"},\"query-input\":{\"@type\":\"PropertyValueSpecification\",\"valueRequired\":true,\"valueName\":\"search_term_string\"}}],\"inLanguage\":\"en-US\"}]}<\/script>\n<!-- \/ Yoast SEO plugin. -->","yoast_head_json":{"title":"IDP Smart S30 S50 RENKL\u0130 R\u0130BON Kartu\u015f 650634 orjinal SIADC-P-YMCKO RIBBON - Plasis","robots":{"index":"index","follow":"follow","max-snippet":"max-snippet:-1","max-image-preview":"max-image-preview:large","max-video-preview":"max-video-preview:-1"},"canonical":"https:\/\/www.plasis.com.tr\/urun\/idp-smart-s30-s50-renkli-ribon-kartus-650634-orjinal-siadc-p-ymcko-ribbon\/","schema":{"@context":"https:\/\/schema.org","@graph":[{"@type":"WebPage","@id":"https:\/\/www.plasis.com.tr\/urun\/idp-smart-s30-s50-renkli-ribon-kartus-650634-orjinal-siadc-p-ymcko-ribbon\/","url":"https:\/\/www.plasis.com.tr\/urun\/idp-smart-s30-s50-renkli-ribon-kartus-650634-orjinal-siadc-p-ymcko-ribbon\/","name":"IDP Smart S30 S50 RENKL\u0130 R\u0130BON Kartu\u015f 650634 orjinal SIADC-P-YMCKO RIBBON - Plasis","isPartOf":{"@id":"https:\/\/www.plasis.com.tr\/#website"},"primaryImageOfPage":{"@id":"https:\/\/www.plasis.com.tr\/urun\/idp-smart-s30-s50-renkli-ribon-kartus-650634-orjinal-siadc-p-ymcko-ribbon\/#primaryimage"},"image":{"@id":"https:\/\/www.plasis.com.tr\/urun\/idp-smart-s30-s50-renkli-ribon-kartus-650634-orjinal-siadc-p-ymcko-ribbon\/#primaryimage"},"thumbnailUrl":"https:\/\/www.plasis.com.tr\/wp-content\/uploads\/2021\/01\/IDP-Smart-S30-S50-renkli-ribbon-kartus.jpg","datePublished":"2021-01-12T11:47:35+00:00","dateModified":"2026-03-02T11:59:51+00:00","breadcrumb":{"@id":"https:\/\/www.plasis.com.tr\/urun\/idp-smart-s30-s50-renkli-ribon-kartus-650634-orjinal-siadc-p-ymcko-ribbon\/#breadcrumb"},"inLanguage":"en-US","potentialAction":[{"@type":"ReadAction","target":["https:\/\/www.plasis.com.tr\/urun\/idp-smart-s30-s50-renkli-ribon-kartus-650634-orjinal-siadc-p-ymcko-ribbon\/"]}]},{"@type":"ImageObject","inLanguage":"en-US","@id":"https:\/\/www.plasis.com.tr\/urun\/idp-smart-s30-s50-renkli-ribon-kartus-650634-orjinal-siadc-p-ymcko-ribbon\/#primaryimage","url":"https:\/\/www.plasis.com.tr\/wp-content\/uploads\/2021\/01\/IDP-Smart-S30-S50-renkli-ribbon-kartus.jpg","contentUrl":"https:\/\/www.plasis.com.tr\/wp-content\/uploads\/2021\/01\/IDP-Smart-S30-S50-renkli-ribbon-kartus.jpg","width":1200,"height":970},{"@type":"BreadcrumbList","@id":"https:\/\/www.plasis.com.tr\/urun\/idp-smart-s30-s50-renkli-ribon-kartus-650634-orjinal-siadc-p-ymcko-ribbon\/#breadcrumb","itemListElement":[{"@type":"ListItem","position":1,"name":"Ana sayfa","item":"https:\/\/www.plasis.com.tr\/en\/"},{"@type":"ListItem","position":2,"name":"\u00dcr\u00fcnlerimiz","item":"https:\/\/www.plasis.com.tr\/urunlerimiz\/"},{"@type":"ListItem","position":3,"name":"IDP Smart S30 S50 RENKL\u0130 R\u0130BON Kartu\u015f 650634 orjinal SIADC-P-YMCKO RIBBON"}]},{"@type":"WebSite","@id":"https:\/\/www.plasis.com.tr\/#website","url":"https:\/\/www.plasis.com.tr\/","name":"Plasis","description":"We provide the industry's leading Card production, Printing and System support.","potentialAction":[{"@type":"SearchAction","target":{"@type":"EntryPoint","urlTemplate":"https:\/\/www.plasis.com.tr\/?s={search_term_string}"},"query-input":{"@type":"PropertyValueSpecification","valueRequired":true,"valueName":"search_term_string"}}],"inLanguage":"en-US"}]}},"_links":{"self":[{"href":"https:\/\/www.plasis.com.tr\/en\/wp-json\/wp\/v2\/product\/6762","targetHints":{"allow":["GET"]}}],"collection":[{"href":"https:\/\/www.plasis.com.tr\/en\/wp-json\/wp\/v2\/product"}],"about":[{"href":"https:\/\/www.plasis.com.tr\/en\/wp-json\/wp\/v2\/types\/product"}],"replies":[{"embeddable":true,"href":"https:\/\/www.plasis.com.tr\/en\/wp-json\/wp\/v2\/comments?post=6762"}],"wp:featuredmedia":[{"embeddable":true,"href":"https:\/\/www.plasis.com.tr\/en\/wp-json\/wp\/v2\/media\/6763"}],"wp:attachment":[{"href":"https:\/\/www.plasis.com.tr\/en\/wp-json\/wp\/v2\/media?parent=6762"}],"wp:term":[{"taxonomy":"product_brand","embeddable":true,"href":"https:\/\/www.plasis.com.tr\/en\/wp-json\/wp\/v2\/product_brand?post=6762"},{"taxonomy":"product_cat","embeddable":true,"href":"https:\/\/www.plasis.com.tr\/en\/wp-json\/wp\/v2\/product_cat?post=6762"},{"taxonomy":"product_tag","embeddable":true,"href":"https:\/\/www.plasis.com.tr\/en\/wp-json\/wp\/v2\/product_tag?post=6762"}],"curies":[{"name":"wp","href":"https:\/\/api.w.org\/{rel}","templated":true}]}}