{"id":6756,"date":"2021-01-11T17:29:08","date_gmt":"2021-01-11T14:29:08","guid":{"rendered":"https:\/\/www.plasis.com.tr\/?post_type=product&#038;p=6756"},"modified":"2024-03-05T18:01:26","modified_gmt":"2024-03-05T15:01:26","slug":"manyetik-anahtarlik-gostergec-anahtarlik-rfid-125-khz-proximity","status":"publish","type":"product","link":"https:\/\/www.plasis.com.tr\/en\/urun\/manyetik-anahtarlik-gostergec-anahtarlik-rfid-125-khz-proximity\/","title":{"rendered":"Manyetik Anahtarl\u0131k &#8211; G\u00f6sterge\u00e7 Anahtarl\u0131k rfid 125 KHZ Proximity"},"content":{"rendered":"<p>Manyetik Anahtarl\u0131k &#8211; G\u00f6sterge\u00e7 Anahtarl\u0131k rfid 125 KHZ Proximity. S\u0131f\u0131r &#8211; Stoktan &#8211; Fatural\u0131 &#8211; Garantili &#8211; Ayn\u0131 G\u00fcn Kargo<\/p>\n<p><strong>Yeni teknoloji yeni Hayat\u0131n\u0131z\u0131 kolayla\u015ft\u0131racak teknolojiyle ve ak\u0131ll\u0131 anahtarl\u0131k kartlarla tan\u0131\u015fman\u0131n zaman\u0131 geldi<\/strong><\/p>\n<p>Anahtarla u\u011fra\u015fmadan apartman kap\u0131n\u0131z\u0131 ve di\u011fer t\u00fcm kap\u0131lar\u0131n\u0131z\u0131 tek bir kartla veya elektronik anahtarla a\u00e7abilme kolayl\u0131\u011f\u0131n\u0131 sa\u011fl\u0131yor.<\/p>\n<p>G\u00f6sterge\u00e7 Anahtarl\u0131klar, ak\u0131ll\u0131 kartlar gibi kullan\u0131l\u0131r ve kopyalan\u0131r. \u00c7al\u0131\u015fma ve kopyalama mant\u0131\u011f\u0131 ayn\u0131d\u0131r.<\/p>\n<p><strong>KULLANIM ALANLARI<\/strong><\/p>\n<p><strong>Apartman ana kap\u0131lar\u0131nda , Turnike sistemlerinde , Site ana giri\u015f kap\u0131lar\u0131nda , \u015eirket , ofis ,<\/strong><\/p>\n<p>fabrika ana kap\u0131lar\u0131nda Bilgi i\u015flem odalar\u0131na , Hastane , K\u00fct\u00fcpane , Depo vs kap\u0131lar\u0131nda ,<\/p>\n<p>Otopark sistemlerinde , Kontrollu ge\u00e7i\u015f yap\u0131lmas\u0131n\u0131 istediniz t\u00fcm kap\u0131larda.<\/p>\n<p><strong>\u00dcr\u00fcn \u00dczerinde Numaras\u0131 Bask\u0131l\u0131d\u0131r.<\/strong><\/p>\n<p><strong>Y\u00fcksek kaliteli ABS Materyalden \u00dcretilmi\u015ftir.<\/strong><\/p>\n<p>Su Ge\u00e7irmez. D\u00fc\u015fme, Ezilme veya \u00e7arpmadan dolay\u0131 bozulmaz<\/p>\n<p>\u0130ster Okutarak isterseniz \u00fczerindeki Numara ile Sisteminize Ekleyebilir yada \u00e7\u0131karabilirsiniz.<\/p>\n<p class=\"proSubName\"><strong>g\u00f6ster ge\u00e7 boncuk anahtarl\u0131k suya dayan\u0131kl\u0131<\/strong><\/p>\n<div><b>PROX\u0130M\u0130TY ANAHTARLIK 125 KHZ MANYET\u0130K TAG, RF\u0130D\u00a0<\/b><\/div>\n<div><b>iTHAL \u00dcR\u00dcN\u00dcM\u00dcZD\u00dcR<\/b><\/div>\n<div><b>STOK SORUNUMUZ YOKTUR.<\/b><\/div>\n<div><\/div>\n<div><span style=\"font-size: 16px;\">* 1. s\u0131n\u0131f<\/span><\/div>\n<div><span style=\"font-size: 16px;\">* Su\u00a0 ge\u00e7irmez proximity tag anahtar<\/span><\/div>\n<div><span style=\"font-size: 16px;\">* Her t\u00fcrl\u00fc darbeye kar\u015f\u0131 dayanakl\u0131d\u0131r.\u00a0<\/span><\/div>\n<div><span style=\"font-size: 16px;\">* B\u00fcy\u00fck Boy<\/span><\/div>\n<div><span style=\"font-size: 16px;\">*Belirli bir s\u00fcre sonra bitme durumu yoktur. \u00d6m\u00fcr boyu kullan\u0131l\u0131r.<\/span><\/div>\n<div><span style=\"font-size: 16px;\">* \u00dczerindeki \u0130d numaralarla sisteminize tan\u0131mlama yapabilirsiniz.<\/span><\/div>\n<div><span style=\"font-size: 16px;\">* \u0130\u00e7indeki id de\u011fi\u015ftirilemez ve yeniden yaz\u0131lamaz (Yeniden yaz\u0131lan model de\u011fildir. Bu uyar\u0131 sadece \u00e7ilingirlere yap\u0131lm\u0131\u015ft\u0131r.)<\/span><\/div>\n<div><span style=\"font-size: 16px;\">*5-10 cm mesafeden okuma yapabilir.<\/span><\/div>\n<div>\n<p><span style=\"font-size: 16px;\">* mavi renktir.\u00a0<\/span><\/p>\n<div><span style=\"font-size: 16px;\">* fatural\u0131 ve garantili \u00fcr\u00fcnd\u00fcr<\/span><\/div>\n<div><span style=\"font-size: 16px;\">\u00a0<\/span><\/div>\n<\/div>\n<div><span style=\"font-size: 16px;\">* T\u00fcm \u015fifreli &#8211; kartl\u0131 cihazlarla ( pratik kart, audio, kale, netel san, multitek, Moonwel, Perkotek ve di\u011ferleri)\u00a0<\/span><\/div>\n<div><strong><span style=\"font-size: x-large;\">Anahtarla u\u011fra\u015fmadan apartman kap\u0131n\u0131z\u0131 ve di\u011fer t\u00fcm kap\u0131lar\u0131n\u0131z\u0131 tek bir kartla veya elektronik anahtarla a\u00e7abilme kolayl\u0131\u011f\u0131n\u0131 sa\u011fl\u0131yor.<\/span><\/strong><\/div>\n<p>&nbsp;<\/p>\n","protected":false},"excerpt":{"rendered":"<p>Manyetik Anahtarl\u0131k &#8211; G\u00f6sterge\u00e7 Anahtarl\u0131k rfid 125 KHZ Proximity. S\u0131f\u0131r &#8211; Stoktan &#8211; Fatural\u0131 &#8211; Garantili &#8211; Ayn\u0131 G\u00fcn Kargo<\/p>\n","protected":false},"featured_media":6757,"comment_status":"closed","ping_status":"closed","template":"","meta":[],"product_brand":[],"product_cat":[522,524],"product_tag":[882,881,880,884,883],"class_list":{"0":"post-6756","1":"product","2":"type-product","3":"status-publish","4":"has-post-thumbnail","6":"product_cat-genel","7":"product_cat-akilli-kartlar-ve-aksesuarlari","8":"product_tag-125-khz-proximity","9":"product_tag-gostergec-anahtarlik","10":"product_tag-manyetik-anahtarlik","11":"product_tag-proximity-anahtarlik","12":"product_tag-proximity-anahtarlik-125-khz","14":"first","15":"instock","16":"taxable","17":"shipping-taxable","18":"purchasable","19":"product-type-simple","20":"prodpage-style2"},"yoast_head":"<!-- This site is optimized with the Yoast SEO plugin v27.3 - https:\/\/yoast.com\/product\/yoast-seo-wordpress\/ -->\n<title>Manyetik Anahtarl\u0131k - G\u00f6sterge\u00e7 Anahtarl\u0131k rfid 125 KHZ Proximity - Plasis<\/title>\n<meta name=\"robots\" content=\"index, follow, max-snippet:-1, max-image-preview:large, max-video-preview:-1\" \/>\n<link rel=\"canonical\" href=\"https:\/\/www.plasis.com.tr\/urun\/manyetik-anahtarlik-gostergec-anahtarlik-rfid-125-khz-proximity\/\" \/>\n<script type=\"application\/ld+json\" class=\"yoast-schema-graph\">{\"@context\":\"https:\\\/\\\/schema.org\",\"@graph\":[{\"@type\":\"WebPage\",\"@id\":\"https:\\\/\\\/www.plasis.com.tr\\\/urun\\\/manyetik-anahtarlik-gostergec-anahtarlik-rfid-125-khz-proximity\\\/\",\"url\":\"https:\\\/\\\/www.plasis.com.tr\\\/urun\\\/manyetik-anahtarlik-gostergec-anahtarlik-rfid-125-khz-proximity\\\/\",\"name\":\"Manyetik Anahtarl\u0131k - G\u00f6sterge\u00e7 Anahtarl\u0131k rfid 125 KHZ Proximity - Plasis\",\"isPartOf\":{\"@id\":\"https:\\\/\\\/www.plasis.com.tr\\\/#website\"},\"primaryImageOfPage\":{\"@id\":\"https:\\\/\\\/www.plasis.com.tr\\\/urun\\\/manyetik-anahtarlik-gostergec-anahtarlik-rfid-125-khz-proximity\\\/#primaryimage\"},\"image\":{\"@id\":\"https:\\\/\\\/www.plasis.com.tr\\\/urun\\\/manyetik-anahtarlik-gostergec-anahtarlik-rfid-125-khz-proximity\\\/#primaryimage\"},\"thumbnailUrl\":\"https:\\\/\\\/www.plasis.com.tr\\\/wp-content\\\/uploads\\\/2021\\\/01\\\/Manyetik-Anahtarlik-Gostergec-Anahtarlik-rfid-125-KHZ-Proximity.jpg\",\"datePublished\":\"2021-01-11T14:29:08+00:00\",\"dateModified\":\"2024-03-05T15:01:26+00:00\",\"breadcrumb\":{\"@id\":\"https:\\\/\\\/www.plasis.com.tr\\\/urun\\\/manyetik-anahtarlik-gostergec-anahtarlik-rfid-125-khz-proximity\\\/#breadcrumb\"},\"inLanguage\":\"en-US\",\"potentialAction\":[{\"@type\":\"ReadAction\",\"target\":[\"https:\\\/\\\/www.plasis.com.tr\\\/urun\\\/manyetik-anahtarlik-gostergec-anahtarlik-rfid-125-khz-proximity\\\/\"]}]},{\"@type\":\"ImageObject\",\"inLanguage\":\"en-US\",\"@id\":\"https:\\\/\\\/www.plasis.com.tr\\\/urun\\\/manyetik-anahtarlik-gostergec-anahtarlik-rfid-125-khz-proximity\\\/#primaryimage\",\"url\":\"https:\\\/\\\/www.plasis.com.tr\\\/wp-content\\\/uploads\\\/2021\\\/01\\\/Manyetik-Anahtarlik-Gostergec-Anahtarlik-rfid-125-KHZ-Proximity.jpg\",\"contentUrl\":\"https:\\\/\\\/www.plasis.com.tr\\\/wp-content\\\/uploads\\\/2021\\\/01\\\/Manyetik-Anahtarlik-Gostergec-Anahtarlik-rfid-125-KHZ-Proximity.jpg\",\"width\":1600,\"height\":1044},{\"@type\":\"BreadcrumbList\",\"@id\":\"https:\\\/\\\/www.plasis.com.tr\\\/urun\\\/manyetik-anahtarlik-gostergec-anahtarlik-rfid-125-khz-proximity\\\/#breadcrumb\",\"itemListElement\":[{\"@type\":\"ListItem\",\"position\":1,\"name\":\"Ana sayfa\",\"item\":\"https:\\\/\\\/www.plasis.com.tr\\\/en\\\/\"},{\"@type\":\"ListItem\",\"position\":2,\"name\":\"\u00dcr\u00fcnlerimiz\",\"item\":\"https:\\\/\\\/www.plasis.com.tr\\\/urunlerimiz\\\/\"},{\"@type\":\"ListItem\",\"position\":3,\"name\":\"Manyetik Anahtarl\u0131k &#8211; G\u00f6sterge\u00e7 Anahtarl\u0131k rfid 125 KHZ Proximity\"}]},{\"@type\":\"WebSite\",\"@id\":\"https:\\\/\\\/www.plasis.com.tr\\\/#website\",\"url\":\"https:\\\/\\\/www.plasis.com.tr\\\/\",\"name\":\"Plasis\",\"description\":\"We provide the industry's leading Card production, Printing and System support.\",\"potentialAction\":[{\"@type\":\"SearchAction\",\"target\":{\"@type\":\"EntryPoint\",\"urlTemplate\":\"https:\\\/\\\/www.plasis.com.tr\\\/?s={search_term_string}\"},\"query-input\":{\"@type\":\"PropertyValueSpecification\",\"valueRequired\":true,\"valueName\":\"search_term_string\"}}],\"inLanguage\":\"en-US\"}]}<\/script>\n<!-- \/ Yoast SEO plugin. -->","yoast_head_json":{"title":"Manyetik Anahtarl\u0131k - G\u00f6sterge\u00e7 Anahtarl\u0131k rfid 125 KHZ Proximity - Plasis","robots":{"index":"index","follow":"follow","max-snippet":"max-snippet:-1","max-image-preview":"max-image-preview:large","max-video-preview":"max-video-preview:-1"},"canonical":"https:\/\/www.plasis.com.tr\/urun\/manyetik-anahtarlik-gostergec-anahtarlik-rfid-125-khz-proximity\/","schema":{"@context":"https:\/\/schema.org","@graph":[{"@type":"WebPage","@id":"https:\/\/www.plasis.com.tr\/urun\/manyetik-anahtarlik-gostergec-anahtarlik-rfid-125-khz-proximity\/","url":"https:\/\/www.plasis.com.tr\/urun\/manyetik-anahtarlik-gostergec-anahtarlik-rfid-125-khz-proximity\/","name":"Manyetik Anahtarl\u0131k - G\u00f6sterge\u00e7 Anahtarl\u0131k rfid 125 KHZ Proximity - Plasis","isPartOf":{"@id":"https:\/\/www.plasis.com.tr\/#website"},"primaryImageOfPage":{"@id":"https:\/\/www.plasis.com.tr\/urun\/manyetik-anahtarlik-gostergec-anahtarlik-rfid-125-khz-proximity\/#primaryimage"},"image":{"@id":"https:\/\/www.plasis.com.tr\/urun\/manyetik-anahtarlik-gostergec-anahtarlik-rfid-125-khz-proximity\/#primaryimage"},"thumbnailUrl":"https:\/\/www.plasis.com.tr\/wp-content\/uploads\/2021\/01\/Manyetik-Anahtarlik-Gostergec-Anahtarlik-rfid-125-KHZ-Proximity.jpg","datePublished":"2021-01-11T14:29:08+00:00","dateModified":"2024-03-05T15:01:26+00:00","breadcrumb":{"@id":"https:\/\/www.plasis.com.tr\/urun\/manyetik-anahtarlik-gostergec-anahtarlik-rfid-125-khz-proximity\/#breadcrumb"},"inLanguage":"en-US","potentialAction":[{"@type":"ReadAction","target":["https:\/\/www.plasis.com.tr\/urun\/manyetik-anahtarlik-gostergec-anahtarlik-rfid-125-khz-proximity\/"]}]},{"@type":"ImageObject","inLanguage":"en-US","@id":"https:\/\/www.plasis.com.tr\/urun\/manyetik-anahtarlik-gostergec-anahtarlik-rfid-125-khz-proximity\/#primaryimage","url":"https:\/\/www.plasis.com.tr\/wp-content\/uploads\/2021\/01\/Manyetik-Anahtarlik-Gostergec-Anahtarlik-rfid-125-KHZ-Proximity.jpg","contentUrl":"https:\/\/www.plasis.com.tr\/wp-content\/uploads\/2021\/01\/Manyetik-Anahtarlik-Gostergec-Anahtarlik-rfid-125-KHZ-Proximity.jpg","width":1600,"height":1044},{"@type":"BreadcrumbList","@id":"https:\/\/www.plasis.com.tr\/urun\/manyetik-anahtarlik-gostergec-anahtarlik-rfid-125-khz-proximity\/#breadcrumb","itemListElement":[{"@type":"ListItem","position":1,"name":"Ana sayfa","item":"https:\/\/www.plasis.com.tr\/en\/"},{"@type":"ListItem","position":2,"name":"\u00dcr\u00fcnlerimiz","item":"https:\/\/www.plasis.com.tr\/urunlerimiz\/"},{"@type":"ListItem","position":3,"name":"Manyetik Anahtarl\u0131k &#8211; G\u00f6sterge\u00e7 Anahtarl\u0131k rfid 125 KHZ Proximity"}]},{"@type":"WebSite","@id":"https:\/\/www.plasis.com.tr\/#website","url":"https:\/\/www.plasis.com.tr\/","name":"Plasis","description":"We provide the industry's leading Card production, Printing and System support.","potentialAction":[{"@type":"SearchAction","target":{"@type":"EntryPoint","urlTemplate":"https:\/\/www.plasis.com.tr\/?s={search_term_string}"},"query-input":{"@type":"PropertyValueSpecification","valueRequired":true,"valueName":"search_term_string"}}],"inLanguage":"en-US"}]}},"_links":{"self":[{"href":"https:\/\/www.plasis.com.tr\/en\/wp-json\/wp\/v2\/product\/6756","targetHints":{"allow":["GET"]}}],"collection":[{"href":"https:\/\/www.plasis.com.tr\/en\/wp-json\/wp\/v2\/product"}],"about":[{"href":"https:\/\/www.plasis.com.tr\/en\/wp-json\/wp\/v2\/types\/product"}],"replies":[{"embeddable":true,"href":"https:\/\/www.plasis.com.tr\/en\/wp-json\/wp\/v2\/comments?post=6756"}],"wp:featuredmedia":[{"embeddable":true,"href":"https:\/\/www.plasis.com.tr\/en\/wp-json\/wp\/v2\/media\/6757"}],"wp:attachment":[{"href":"https:\/\/www.plasis.com.tr\/en\/wp-json\/wp\/v2\/media?parent=6756"}],"wp:term":[{"taxonomy":"product_brand","embeddable":true,"href":"https:\/\/www.plasis.com.tr\/en\/wp-json\/wp\/v2\/product_brand?post=6756"},{"taxonomy":"product_cat","embeddable":true,"href":"https:\/\/www.plasis.com.tr\/en\/wp-json\/wp\/v2\/product_cat?post=6756"},{"taxonomy":"product_tag","embeddable":true,"href":"https:\/\/www.plasis.com.tr\/en\/wp-json\/wp\/v2\/product_tag?post=6756"}],"curies":[{"name":"wp","href":"https:\/\/api.w.org\/{rel}","templated":true}]}}