{"id":6749,"date":"2021-01-11T16:58:26","date_gmt":"2021-01-11T13:58:26","guid":{"rendered":"https:\/\/www.plasis.com.tr\/?post_type=product&#038;p=6749"},"modified":"2026-02-18T15:01:00","modified_gmt":"2026-02-18T12:01:00","slug":"proximity-rfid-slikon-bileklik-gostergec","status":"publish","type":"product","link":"https:\/\/www.plasis.com.tr\/en\/urun\/proximity-rfid-slikon-bileklik-gostergec\/","title":{"rendered":"Proximity RFID slikon bileklik g\u00f6sterge\u00e7"},"content":{"rendered":"<p>Proximity RFID slikon bileklik g\u00f6sterge\u00e7 125kHz<\/p>\n<p class=\"product-name\" data-spm-anchor-id=\"a2g10.12057483.0.i0.6df35a9aKI29Kt\">1 adet 125Khz RFID Bileklik Bilezik EM4100 EM ID Tk4100 Silikon Proximity eri\u015fim<\/p>\n<p><strong>\u00dcR\u00dcN \u00d6ZELL\u0130KLER\u0130;<\/strong><\/p>\n<p>\u2022 Proximity Bilekli\u011fin okuyucuya fiziksel temas\u0131 gerekmemektedir.<\/p>\n<p>* Proximity bileklik 5-10 cm mesafeden okunabilme \u00f6zelli\u011fine sahiptir.<\/p>\n<p>\u2022 S\u00fcrt\u00fcnme veya deformasyon s\u00f6z konusu olamaz.<\/p>\n<p>\u2022 Personel veya \u00fcye ge\u00e7i\u015fleri daha seri ve sorunsuz olmaktad\u0131r.<\/p>\n<p>Turnike, spor salonu, havuz, dolap kilidi gibi sistemlerle uyumludur.<\/p>\n<p>SUDAN ETK\u0130LENMEZ,YUMU\u015eAK DOKU\u015eU \u0130LE B\u0130LE\u011e\u0130N\u0130Z&#8217;LE UYUMLUDUR.<\/p>\n<p>&nbsp;<\/p>\n","protected":false},"excerpt":{"rendered":"<p class=\"proSubName\">PROX\u0130M\u0130TY S\u0130L\u0130KON B\u0130LEKL\u0130K G\u00d6STER GE\u00c7 125 kHz. RFID Bilezik EM4100 EM ID Tk4100 Silikon Proximity eri\u015fim<\/p>\n","protected":false},"featured_media":6750,"comment_status":"closed","ping_status":"closed","template":"","meta":[],"product_brand":[],"product_cat":[1058,522,524],"product_tag":[876,878,877,879],"class_list":{"0":"post-6749","1":"product","2":"type-product","3":"status-publish","4":"has-post-thumbnail","6":"product_cat-akilli-rfid-bileklikler","7":"product_cat-genel","8":"product_cat-akilli-kartlar-ve-aksesuarlari","9":"product_tag-proximity-bileklik","10":"product_tag-proximity-slikon-bileklik","11":"product_tag-rfid-bileklik","12":"product_tag-rfid-slikon-bileklik","14":"first","15":"instock","16":"taxable","17":"shipping-taxable","18":"purchasable","19":"product-type-simple","20":"prodpage-style2"},"yoast_head":"<!-- This site is optimized with the Yoast SEO plugin v27.3 - https:\/\/yoast.com\/product\/yoast-seo-wordpress\/ -->\n<title>Proximity RFID slikon bileklik g\u00f6sterge\u00e7 - Plasis<\/title>\n<meta name=\"robots\" content=\"index, follow, max-snippet:-1, max-image-preview:large, max-video-preview:-1\" \/>\n<link rel=\"canonical\" href=\"https:\/\/www.plasis.com.tr\/urun\/proximity-rfid-slikon-bileklik-gostergec\/\" \/>\n<script type=\"application\/ld+json\" class=\"yoast-schema-graph\">{\"@context\":\"https:\\\/\\\/schema.org\",\"@graph\":[{\"@type\":\"WebPage\",\"@id\":\"https:\\\/\\\/www.plasis.com.tr\\\/urun\\\/proximity-rfid-slikon-bileklik-gostergec\\\/\",\"url\":\"https:\\\/\\\/www.plasis.com.tr\\\/urun\\\/proximity-rfid-slikon-bileklik-gostergec\\\/\",\"name\":\"Proximity RFID slikon bileklik g\u00f6sterge\u00e7 - Plasis\",\"isPartOf\":{\"@id\":\"https:\\\/\\\/www.plasis.com.tr\\\/#website\"},\"primaryImageOfPage\":{\"@id\":\"https:\\\/\\\/www.plasis.com.tr\\\/urun\\\/proximity-rfid-slikon-bileklik-gostergec\\\/#primaryimage\"},\"image\":{\"@id\":\"https:\\\/\\\/www.plasis.com.tr\\\/urun\\\/proximity-rfid-slikon-bileklik-gostergec\\\/#primaryimage\"},\"thumbnailUrl\":\"https:\\\/\\\/www.plasis.com.tr\\\/wp-content\\\/uploads\\\/2021\\\/01\\\/proximity-RFID-slikon-bileklik-gostergec.jpg\",\"datePublished\":\"2021-01-11T13:58:26+00:00\",\"dateModified\":\"2026-02-18T12:01:00+00:00\",\"breadcrumb\":{\"@id\":\"https:\\\/\\\/www.plasis.com.tr\\\/urun\\\/proximity-rfid-slikon-bileklik-gostergec\\\/#breadcrumb\"},\"inLanguage\":\"en-US\",\"potentialAction\":[{\"@type\":\"ReadAction\",\"target\":[\"https:\\\/\\\/www.plasis.com.tr\\\/urun\\\/proximity-rfid-slikon-bileklik-gostergec\\\/\"]}]},{\"@type\":\"ImageObject\",\"inLanguage\":\"en-US\",\"@id\":\"https:\\\/\\\/www.plasis.com.tr\\\/urun\\\/proximity-rfid-slikon-bileklik-gostergec\\\/#primaryimage\",\"url\":\"https:\\\/\\\/www.plasis.com.tr\\\/wp-content\\\/uploads\\\/2021\\\/01\\\/proximity-RFID-slikon-bileklik-gostergec.jpg\",\"contentUrl\":\"https:\\\/\\\/www.plasis.com.tr\\\/wp-content\\\/uploads\\\/2021\\\/01\\\/proximity-RFID-slikon-bileklik-gostergec.jpg\",\"width\":1200,\"height\":531},{\"@type\":\"BreadcrumbList\",\"@id\":\"https:\\\/\\\/www.plasis.com.tr\\\/urun\\\/proximity-rfid-slikon-bileklik-gostergec\\\/#breadcrumb\",\"itemListElement\":[{\"@type\":\"ListItem\",\"position\":1,\"name\":\"Ana sayfa\",\"item\":\"https:\\\/\\\/www.plasis.com.tr\\\/en\\\/\"},{\"@type\":\"ListItem\",\"position\":2,\"name\":\"\u00dcr\u00fcnlerimiz\",\"item\":\"https:\\\/\\\/www.plasis.com.tr\\\/urunlerimiz\\\/\"},{\"@type\":\"ListItem\",\"position\":3,\"name\":\"Proximity RFID slikon bileklik g\u00f6sterge\u00e7\"}]},{\"@type\":\"WebSite\",\"@id\":\"https:\\\/\\\/www.plasis.com.tr\\\/#website\",\"url\":\"https:\\\/\\\/www.plasis.com.tr\\\/\",\"name\":\"Plasis\",\"description\":\"We provide the industry's leading Card production, Printing and System support.\",\"potentialAction\":[{\"@type\":\"SearchAction\",\"target\":{\"@type\":\"EntryPoint\",\"urlTemplate\":\"https:\\\/\\\/www.plasis.com.tr\\\/?s={search_term_string}\"},\"query-input\":{\"@type\":\"PropertyValueSpecification\",\"valueRequired\":true,\"valueName\":\"search_term_string\"}}],\"inLanguage\":\"en-US\"}]}<\/script>\n<!-- \/ Yoast SEO plugin. -->","yoast_head_json":{"title":"Proximity RFID slikon bileklik g\u00f6sterge\u00e7 - Plasis","robots":{"index":"index","follow":"follow","max-snippet":"max-snippet:-1","max-image-preview":"max-image-preview:large","max-video-preview":"max-video-preview:-1"},"canonical":"https:\/\/www.plasis.com.tr\/urun\/proximity-rfid-slikon-bileklik-gostergec\/","schema":{"@context":"https:\/\/schema.org","@graph":[{"@type":"WebPage","@id":"https:\/\/www.plasis.com.tr\/urun\/proximity-rfid-slikon-bileklik-gostergec\/","url":"https:\/\/www.plasis.com.tr\/urun\/proximity-rfid-slikon-bileklik-gostergec\/","name":"Proximity RFID slikon bileklik g\u00f6sterge\u00e7 - Plasis","isPartOf":{"@id":"https:\/\/www.plasis.com.tr\/#website"},"primaryImageOfPage":{"@id":"https:\/\/www.plasis.com.tr\/urun\/proximity-rfid-slikon-bileklik-gostergec\/#primaryimage"},"image":{"@id":"https:\/\/www.plasis.com.tr\/urun\/proximity-rfid-slikon-bileklik-gostergec\/#primaryimage"},"thumbnailUrl":"https:\/\/www.plasis.com.tr\/wp-content\/uploads\/2021\/01\/proximity-RFID-slikon-bileklik-gostergec.jpg","datePublished":"2021-01-11T13:58:26+00:00","dateModified":"2026-02-18T12:01:00+00:00","breadcrumb":{"@id":"https:\/\/www.plasis.com.tr\/urun\/proximity-rfid-slikon-bileklik-gostergec\/#breadcrumb"},"inLanguage":"en-US","potentialAction":[{"@type":"ReadAction","target":["https:\/\/www.plasis.com.tr\/urun\/proximity-rfid-slikon-bileklik-gostergec\/"]}]},{"@type":"ImageObject","inLanguage":"en-US","@id":"https:\/\/www.plasis.com.tr\/urun\/proximity-rfid-slikon-bileklik-gostergec\/#primaryimage","url":"https:\/\/www.plasis.com.tr\/wp-content\/uploads\/2021\/01\/proximity-RFID-slikon-bileklik-gostergec.jpg","contentUrl":"https:\/\/www.plasis.com.tr\/wp-content\/uploads\/2021\/01\/proximity-RFID-slikon-bileklik-gostergec.jpg","width":1200,"height":531},{"@type":"BreadcrumbList","@id":"https:\/\/www.plasis.com.tr\/urun\/proximity-rfid-slikon-bileklik-gostergec\/#breadcrumb","itemListElement":[{"@type":"ListItem","position":1,"name":"Ana sayfa","item":"https:\/\/www.plasis.com.tr\/en\/"},{"@type":"ListItem","position":2,"name":"\u00dcr\u00fcnlerimiz","item":"https:\/\/www.plasis.com.tr\/urunlerimiz\/"},{"@type":"ListItem","position":3,"name":"Proximity RFID slikon bileklik g\u00f6sterge\u00e7"}]},{"@type":"WebSite","@id":"https:\/\/www.plasis.com.tr\/#website","url":"https:\/\/www.plasis.com.tr\/","name":"Plasis","description":"We provide the industry's leading Card production, Printing and System support.","potentialAction":[{"@type":"SearchAction","target":{"@type":"EntryPoint","urlTemplate":"https:\/\/www.plasis.com.tr\/?s={search_term_string}"},"query-input":{"@type":"PropertyValueSpecification","valueRequired":true,"valueName":"search_term_string"}}],"inLanguage":"en-US"}]}},"_links":{"self":[{"href":"https:\/\/www.plasis.com.tr\/en\/wp-json\/wp\/v2\/product\/6749","targetHints":{"allow":["GET"]}}],"collection":[{"href":"https:\/\/www.plasis.com.tr\/en\/wp-json\/wp\/v2\/product"}],"about":[{"href":"https:\/\/www.plasis.com.tr\/en\/wp-json\/wp\/v2\/types\/product"}],"replies":[{"embeddable":true,"href":"https:\/\/www.plasis.com.tr\/en\/wp-json\/wp\/v2\/comments?post=6749"}],"wp:featuredmedia":[{"embeddable":true,"href":"https:\/\/www.plasis.com.tr\/en\/wp-json\/wp\/v2\/media\/6750"}],"wp:attachment":[{"href":"https:\/\/www.plasis.com.tr\/en\/wp-json\/wp\/v2\/media?parent=6749"}],"wp:term":[{"taxonomy":"product_brand","embeddable":true,"href":"https:\/\/www.plasis.com.tr\/en\/wp-json\/wp\/v2\/product_brand?post=6749"},{"taxonomy":"product_cat","embeddable":true,"href":"https:\/\/www.plasis.com.tr\/en\/wp-json\/wp\/v2\/product_cat?post=6749"},{"taxonomy":"product_tag","embeddable":true,"href":"https:\/\/www.plasis.com.tr\/en\/wp-json\/wp\/v2\/product_tag?post=6749"}],"curies":[{"name":"wp","href":"https:\/\/api.w.org\/{rel}","templated":true}]}}