{"id":6739,"date":"2021-01-05T13:49:42","date_gmt":"2021-01-05T10:49:42","guid":{"rendered":"https:\/\/www.plasis.com.tr\/?post_type=product&#038;p=6739"},"modified":"2026-03-11T12:33:43","modified_gmt":"2026-03-11T09:33:43","slug":"acs-akilli-kart-okuyucu-ccid-smart-card-reader-writer-acr38","status":"publish","type":"product","link":"https:\/\/www.plasis.com.tr\/en\/urun\/acs-akilli-kart-okuyucu-ccid-smart-card-reader-writer-acr38\/","title":{"rendered":"ACS Ak\u0131ll\u0131 kart okuyucu CCID Smart Card Reader Writer ACR38"},"content":{"rendered":"<h2 data-spm-anchor-id=\"a2700.md_tr_TR.pronpeci14.i0.4b0f6c8aZ17Qxo\">ACS Ak\u0131ll\u0131 kart okuyucu CCID Smart Card Reader Writer ACR38<\/h2>\n<p data-spm-anchor-id=\"a2700.md_tr_TR.pronpeci14.i0.4b0f6c8aZ17Qxo\">Ccid ak\u0131ll\u0131 kart okuyucu\/yaz\u0131c\u0131 bir usb tam h\u0131z cihaz\u0131, hangi aray\u00fcz aras\u0131ndaki ileti\u015fim i\u00e7in bir bilgisayar ve <a href=\"https:\/\/www.plasis.com.tr\/blog\/2021\/02\/01\/akilli-kartlar-cesitleri-ve-fiyatlari\/\">ak\u0131ll\u0131 kartlar<\/a>. I\u00e7in tasarlanm\u0131\u015ft\u0131r pc \u00e7evre, nihai ak\u0131ll\u0131 kart i\u00e7in periferik bir pc. Ccid okuyucu olmas\u0131 ama\u00e7lanm\u0131\u015ft\u0131r ile uyumlu. Net Windows platformlar\u0131 geli\u015ftirilmektedir microsoft \u015firketi taraf\u0131ndan.CCID \u00f6nemli bir orta\u011f\u0131 olarak pc ak\u0131ll\u0131 kart yayg\u0131n bir ana bile\u015feni a\u011f g\u00fcvenli\u011fi ve elektronik \u00f6deme sistemi. Sa\u011flayan g\u00fcvenli a\u011f bilgisayar ortam\u0131nda ile veri \u015fifreleme fonksiyonu, sdk paketi sa\u011flar kullan\u0131c\u0131lar\u0131n kolayca geli\u015ftirmek kendi uygulama en uygun \u00f6zel sistem ihtiya\u00e7lar\u0131 i\u00e7in.<\/p>\n<p><strong data-spm-anchor-id=\"a2700.md_tr_TR.pronpeci14.i3.4b0f6c8aZ17Qxo\">\u00f6zellikleri:<\/strong><\/p>\n<p data-spm-anchor-id=\"a2700.md_tr_TR.pronpeci14.i2.4b0f6c8aZ17Qxo\"><strong data-spm-anchor-id=\"a2700.md_tr_TR.pronpeci14.i1.4b0f6c8aZ17Qxo\">usb tam h\u0131z<\/strong>aray\u00fcz\u00fc pc basit komuta yap\u0131s\u0131<\/p>\n<p>okuma ve yazma t\u00fcm mikroi\u015flemci kartlar\u0131 t=0 veya t=1 protokolleri destekler sle 4418\/28\/32\/42 haf\u0131za kartlar\u0131 destekler en yayg\u0131n bellek- tabanl\u0131 ak\u0131ll\u0131 kartlar, dahil<strong>i2c bus protokol\u00fc kartlar\u0131<\/strong>(from 1k bit kadar ve g\u00fcvenli haf\u0131za kartlar\u0131(<strong>atmel at88sc153<\/strong>ve<strong>at88sc1608<\/strong>) destek<strong>1.8v. 3v<\/strong>ve<strong>5v<\/strong>mcu kartlar\u0131; k\u0131sa devre korumas\u0131; uygunluk belgesi: iso 7816-1\/2\/3, pc\/sc, ce, fcc, microsoft whql, EMV sertifikal\u0131; iso7816-1\/2\/3 uyumlu ak\u0131ll\u0131 kart arabirimi; destek pps( protokol ve parametreleri se\u00e7imi) 1743&amp; ndash; 305200 bps okuma ve yazma ak\u0131ll\u0131 kartlar; 768 bayt ram boyutu ve 16k bayt rom boyutu<\/p>\n<p>&nbsp;<\/p>\n<p><strong>Teknik \u00f6zellikler:<\/strong><\/p>\n<p>evrensel seri arabirimi<\/p>\n<p>Usb v2.0 tam h\u0131zda, d\u00f6rt sat\u0131r: +5v, gnd, d+ ve d-<\/p>\n<p>g\u00fc\u00e7 kayna\u011f\u0131&#8230;&#8230;&#8230;&#8230;&#8230;&#8230;&#8230;. Usb<\/p>\n<p>ak\u0131ll\u0131 kart arabirimi<\/p>\n<p>standart&#8230;&#8230;&#8230;&#8230;&#8230;&#8230;&#8230;&#8230;&#8230;.. Iso 7816 1\/2\/3, t=0 ve t=1<\/p>\n<p>ak\u0131m\u0131&#8230;&#8230;&#8230;&#8230;&#8230;&#8230;&#8230; Max. 50mA<\/p>\n<p>ak\u0131ll\u0131 kart okuma\/yazma&#8230;&#8230;&#8230;. H\u0131z 1743&amp; ndash; 305200 bps<\/p>\n<p>k\u0131sa devre korumas\u0131&#8230;&#8230;&#8230;.. +5v\/gnd t\u00fcm i\u015faret\u00e7ilerine<\/p>\n<p>varl\u0131\u011f\u0131 ak\u0131ll\u0131 kart besleme gerilimi g\u00f6sterilir ile ye\u015fil led okuyucu<\/p>\n<p>clk frekans&#8230;&#8230;&#8230;&#8230;&#8230;&#8230;&#8230;&#8230; 4 mhz<\/p>\n<p>kart konekt\u00f6r\u00fc&#8230;&#8230;&#8230;&#8230;&#8230;&#8230;&#8230;.. Temas<\/p>\n<p>kart\u0131 ekleme d\u00f6ng\u00fcleri&#8230;&#8230;&#8230;&#8230;&#8230;. Dk. 100,000<\/p>\n<p>durumda<\/p>\n<p>boyutlar\u0131&#8230;&#8230;&#8230;&#8230;&#8230;&#8230;&#8230;&#8230;&#8230;&#8230; 97mm( l) x 72mm( b) x 18.5mm( h)<\/p>\n<p><strong>\u00e7al\u0131\u015fma ko\u015fullar\u0131<\/strong><\/p>\n<p>s\u0131cakl\u0131k&#8230;&#8230;&#8230;&#8230;&#8230;&#8230;&#8230;&#8230;&#8230;.. 0- 50 \u00b0; c<\/p>\n<p>nem&#8230;&#8230;&#8230;&#8230;&#8230;&#8230;&#8230;&#8230;&#8230;&#8230;&#8230;. 40%- 80%<\/p>\n<p>Standart\/sertifikalar<\/p>\n<p>EMV Level 1, iso7816-1\/2\/3, pc\/sc, ce, fcc, microsoft whql 98, bana, 2k, xp<\/p>\n<p>os<\/p>\n<p>Windows 98, bana, 2k, xp,. Net<\/p>\n","protected":false},"excerpt":{"rendered":"<p>ACS USB kontakl\u0131 Ak\u0131ll\u0131 kart okuyucu CCID Smart Card Reader Writer ACR38<\/p>\n","protected":false},"featured_media":6740,"comment_status":"closed","ping_status":"closed","template":"","meta":[],"product_brand":[],"product_cat":[865],"product_tag":[868,869,871,867,866,870],"class_list":{"0":"post-6739","1":"product","2":"type-product","3":"status-publish","4":"has-post-thumbnail","6":"product_cat-kart-okuyucular","7":"product_tag-acr38","8":"product_tag-acr38u","9":"product_tag-acs-kart-okuyucu","10":"product_tag-akilli-kart-okuyucu","11":"product_tag-kart-okuyucu","12":"product_tag-smart-card-reader-writer-acr38","14":"first","15":"instock","16":"taxable","17":"shipping-taxable","18":"purchasable","19":"product-type-simple","20":"prodpage-style2"},"yoast_head":"<!-- This site is optimized with the Yoast SEO plugin v27.4 - https:\/\/yoast.com\/product\/yoast-seo-wordpress\/ -->\n<title>ACS Ak\u0131ll\u0131 kart okuyucu CCID Smart Card Reader Writer ACR38 - Plasis<\/title>\n<meta name=\"robots\" content=\"index, follow, max-snippet:-1, max-image-preview:large, max-video-preview:-1\" \/>\n<link rel=\"canonical\" href=\"https:\/\/www.plasis.com.tr\/urun\/acs-akilli-kart-okuyucu-ccid-smart-card-reader-writer-acr38\/\" \/>\n<script type=\"application\/ld+json\" class=\"yoast-schema-graph\">{\"@context\":\"https:\\\/\\\/schema.org\",\"@graph\":[{\"@type\":\"WebPage\",\"@id\":\"https:\\\/\\\/www.plasis.com.tr\\\/urun\\\/acs-akilli-kart-okuyucu-ccid-smart-card-reader-writer-acr38\\\/\",\"url\":\"https:\\\/\\\/www.plasis.com.tr\\\/urun\\\/acs-akilli-kart-okuyucu-ccid-smart-card-reader-writer-acr38\\\/\",\"name\":\"ACS Ak\u0131ll\u0131 kart okuyucu CCID Smart Card Reader Writer ACR38 - Plasis\",\"isPartOf\":{\"@id\":\"https:\\\/\\\/www.plasis.com.tr\\\/#website\"},\"primaryImageOfPage\":{\"@id\":\"https:\\\/\\\/www.plasis.com.tr\\\/urun\\\/acs-akilli-kart-okuyucu-ccid-smart-card-reader-writer-acr38\\\/#primaryimage\"},\"image\":{\"@id\":\"https:\\\/\\\/www.plasis.com.tr\\\/urun\\\/acs-akilli-kart-okuyucu-ccid-smart-card-reader-writer-acr38\\\/#primaryimage\"},\"thumbnailUrl\":\"https:\\\/\\\/www.plasis.com.tr\\\/wp-content\\\/uploads\\\/2021\\\/01\\\/ACR38.jpg\",\"datePublished\":\"2021-01-05T10:49:42+00:00\",\"dateModified\":\"2026-03-11T09:33:43+00:00\",\"breadcrumb\":{\"@id\":\"https:\\\/\\\/www.plasis.com.tr\\\/urun\\\/acs-akilli-kart-okuyucu-ccid-smart-card-reader-writer-acr38\\\/#breadcrumb\"},\"inLanguage\":\"en-US\",\"potentialAction\":[{\"@type\":\"ReadAction\",\"target\":[\"https:\\\/\\\/www.plasis.com.tr\\\/urun\\\/acs-akilli-kart-okuyucu-ccid-smart-card-reader-writer-acr38\\\/\"]}]},{\"@type\":\"ImageObject\",\"inLanguage\":\"en-US\",\"@id\":\"https:\\\/\\\/www.plasis.com.tr\\\/urun\\\/acs-akilli-kart-okuyucu-ccid-smart-card-reader-writer-acr38\\\/#primaryimage\",\"url\":\"https:\\\/\\\/www.plasis.com.tr\\\/wp-content\\\/uploads\\\/2021\\\/01\\\/ACR38.jpg\",\"contentUrl\":\"https:\\\/\\\/www.plasis.com.tr\\\/wp-content\\\/uploads\\\/2021\\\/01\\\/ACR38.jpg\",\"width\":1200,\"height\":1270},{\"@type\":\"BreadcrumbList\",\"@id\":\"https:\\\/\\\/www.plasis.com.tr\\\/urun\\\/acs-akilli-kart-okuyucu-ccid-smart-card-reader-writer-acr38\\\/#breadcrumb\",\"itemListElement\":[{\"@type\":\"ListItem\",\"position\":1,\"name\":\"Ana sayfa\",\"item\":\"https:\\\/\\\/www.plasis.com.tr\\\/en\\\/\"},{\"@type\":\"ListItem\",\"position\":2,\"name\":\"\u00dcr\u00fcnlerimiz\",\"item\":\"https:\\\/\\\/www.plasis.com.tr\\\/urunlerimiz\\\/\"},{\"@type\":\"ListItem\",\"position\":3,\"name\":\"ACS Ak\u0131ll\u0131 kart okuyucu CCID Smart Card Reader Writer ACR38\"}]},{\"@type\":\"WebSite\",\"@id\":\"https:\\\/\\\/www.plasis.com.tr\\\/#website\",\"url\":\"https:\\\/\\\/www.plasis.com.tr\\\/\",\"name\":\"Plasis\",\"description\":\"We provide the industry's leading Card production, Printing and System support.\",\"potentialAction\":[{\"@type\":\"SearchAction\",\"target\":{\"@type\":\"EntryPoint\",\"urlTemplate\":\"https:\\\/\\\/www.plasis.com.tr\\\/?s={search_term_string}\"},\"query-input\":{\"@type\":\"PropertyValueSpecification\",\"valueRequired\":true,\"valueName\":\"search_term_string\"}}],\"inLanguage\":\"en-US\"}]}<\/script>\n<!-- \/ Yoast SEO plugin. -->","yoast_head_json":{"title":"ACS Ak\u0131ll\u0131 kart okuyucu CCID Smart Card Reader Writer ACR38 - Plasis","robots":{"index":"index","follow":"follow","max-snippet":"max-snippet:-1","max-image-preview":"max-image-preview:large","max-video-preview":"max-video-preview:-1"},"canonical":"https:\/\/www.plasis.com.tr\/urun\/acs-akilli-kart-okuyucu-ccid-smart-card-reader-writer-acr38\/","schema":{"@context":"https:\/\/schema.org","@graph":[{"@type":"WebPage","@id":"https:\/\/www.plasis.com.tr\/urun\/acs-akilli-kart-okuyucu-ccid-smart-card-reader-writer-acr38\/","url":"https:\/\/www.plasis.com.tr\/urun\/acs-akilli-kart-okuyucu-ccid-smart-card-reader-writer-acr38\/","name":"ACS Ak\u0131ll\u0131 kart okuyucu CCID Smart Card Reader Writer ACR38 - Plasis","isPartOf":{"@id":"https:\/\/www.plasis.com.tr\/#website"},"primaryImageOfPage":{"@id":"https:\/\/www.plasis.com.tr\/urun\/acs-akilli-kart-okuyucu-ccid-smart-card-reader-writer-acr38\/#primaryimage"},"image":{"@id":"https:\/\/www.plasis.com.tr\/urun\/acs-akilli-kart-okuyucu-ccid-smart-card-reader-writer-acr38\/#primaryimage"},"thumbnailUrl":"https:\/\/www.plasis.com.tr\/wp-content\/uploads\/2021\/01\/ACR38.jpg","datePublished":"2021-01-05T10:49:42+00:00","dateModified":"2026-03-11T09:33:43+00:00","breadcrumb":{"@id":"https:\/\/www.plasis.com.tr\/urun\/acs-akilli-kart-okuyucu-ccid-smart-card-reader-writer-acr38\/#breadcrumb"},"inLanguage":"en-US","potentialAction":[{"@type":"ReadAction","target":["https:\/\/www.plasis.com.tr\/urun\/acs-akilli-kart-okuyucu-ccid-smart-card-reader-writer-acr38\/"]}]},{"@type":"ImageObject","inLanguage":"en-US","@id":"https:\/\/www.plasis.com.tr\/urun\/acs-akilli-kart-okuyucu-ccid-smart-card-reader-writer-acr38\/#primaryimage","url":"https:\/\/www.plasis.com.tr\/wp-content\/uploads\/2021\/01\/ACR38.jpg","contentUrl":"https:\/\/www.plasis.com.tr\/wp-content\/uploads\/2021\/01\/ACR38.jpg","width":1200,"height":1270},{"@type":"BreadcrumbList","@id":"https:\/\/www.plasis.com.tr\/urun\/acs-akilli-kart-okuyucu-ccid-smart-card-reader-writer-acr38\/#breadcrumb","itemListElement":[{"@type":"ListItem","position":1,"name":"Ana sayfa","item":"https:\/\/www.plasis.com.tr\/en\/"},{"@type":"ListItem","position":2,"name":"\u00dcr\u00fcnlerimiz","item":"https:\/\/www.plasis.com.tr\/urunlerimiz\/"},{"@type":"ListItem","position":3,"name":"ACS Ak\u0131ll\u0131 kart okuyucu CCID Smart Card Reader Writer ACR38"}]},{"@type":"WebSite","@id":"https:\/\/www.plasis.com.tr\/#website","url":"https:\/\/www.plasis.com.tr\/","name":"Plasis","description":"We provide the industry's leading Card production, Printing and System support.","potentialAction":[{"@type":"SearchAction","target":{"@type":"EntryPoint","urlTemplate":"https:\/\/www.plasis.com.tr\/?s={search_term_string}"},"query-input":{"@type":"PropertyValueSpecification","valueRequired":true,"valueName":"search_term_string"}}],"inLanguage":"en-US"}]}},"_links":{"self":[{"href":"https:\/\/www.plasis.com.tr\/en\/wp-json\/wp\/v2\/product\/6739","targetHints":{"allow":["GET"]}}],"collection":[{"href":"https:\/\/www.plasis.com.tr\/en\/wp-json\/wp\/v2\/product"}],"about":[{"href":"https:\/\/www.plasis.com.tr\/en\/wp-json\/wp\/v2\/types\/product"}],"replies":[{"embeddable":true,"href":"https:\/\/www.plasis.com.tr\/en\/wp-json\/wp\/v2\/comments?post=6739"}],"wp:featuredmedia":[{"embeddable":true,"href":"https:\/\/www.plasis.com.tr\/en\/wp-json\/wp\/v2\/media\/6740"}],"wp:attachment":[{"href":"https:\/\/www.plasis.com.tr\/en\/wp-json\/wp\/v2\/media?parent=6739"}],"wp:term":[{"taxonomy":"product_brand","embeddable":true,"href":"https:\/\/www.plasis.com.tr\/en\/wp-json\/wp\/v2\/product_brand?post=6739"},{"taxonomy":"product_cat","embeddable":true,"href":"https:\/\/www.plasis.com.tr\/en\/wp-json\/wp\/v2\/product_cat?post=6739"},{"taxonomy":"product_tag","embeddable":true,"href":"https:\/\/www.plasis.com.tr\/en\/wp-json\/wp\/v2\/product_tag?post=6739"}],"curies":[{"name":"wp","href":"https:\/\/api.w.org\/{rel}","templated":true}]}}