{"id":6731,"date":"2021-01-04T16:17:31","date_gmt":"2021-01-04T13:17:31","guid":{"rendered":"https:\/\/www.plasis.com.tr\/?post_type=product&#038;p=6731"},"modified":"2024-03-05T18:01:55","modified_gmt":"2024-03-05T15:01:55","slug":"zebra-temizlik-kiti-p330i-ve-p430i-modelleri-icin-orjinal-temizleme-kartlari","status":"publish","type":"product","link":"https:\/\/www.plasis.com.tr\/en\/urun\/zebra-temizlik-kiti-p330i-ve-p430i-modelleri-icin-orjinal-temizleme-kartlari\/","title":{"rendered":"Zebra temizlik kiti P330i ve p430i modelleri i\u00e7in orjinal temizleme kartlar\u0131"},"content":{"rendered":"<h2>Zebra P33i ve P430, kart yaz\u0131c\u0131lar i\u00e7in temizlik kiti.<\/h2>\n<div>\n<div>Zebra temizlik kiti P330i ve p430i modelleri i\u00e7in orjinal temizleme kartlar\u0131. Bir adet\u00a0 800105-003 long ve Bir adet 800104-001 k\u00fc\u00e7\u00fck temizleme kart\u0131d\u0131r. 105912-913 Zebra cleaning kit for P330i, P430i (25 standard and 25 large &#8220;T&#8221;cards) kitinin i\u00e7erisindeki \u00fcr\u00fcnlerdir.<\/div>\n<div><span style=\"font-size: large;\">\u00a0<\/span><\/div>\n<div><span style=\"font-size: large;\">Bu iki temizlik \u00fcr\u00fcn\u00fc ile Zebra P330i ve P430i modeli kart yaz\u0131c\u0131n\u0131z ihtiyac\u0131 olan temizlik i\u015flemini kendi kendinize yapabilirsiniz.<\/span><\/div>\n<div><span style=\"font-size: large;\">Kullanm\u0131\u015f oldu\u011funuz bu orjinal \u00fcr\u00fcnler makinenizi uzun \u00f6m\u00fcrl\u00fc ve sa\u011fl\u0131kl\u0131 kullanabilmeniz i\u00e7in geli\u015ftirilmi\u015ftir.<\/span><\/div>\n<div><span style=\"font-size: large;\">Kendiniz internette kolayca ula\u015fabilece\u011finiz videolar yard\u0131m\u0131yla temizlik yapabilirsiniz. Ya da \u00fcr\u00fcnler elinize ge\u00e7ti\u011finde faturam\u0131z \u00fczerindeki telefonu arayarak teknik servisimizin \u00fccretsiz deste\u011finden yararlanabilirsiniz.<\/span><\/div>\n<\/div>\n","protected":false},"excerpt":{"rendered":"<p>Zebra temizlik kiti P330i ve p430i modelleri i\u00e7in orjinal temizleme kartlar\u0131. Bir adet\u00a0 800105-003 long ve Bir adet 800104-001 k\u00fc\u00e7\u00fck temizleme kart\u0131d\u0131r. 105912-913 Zebra cleaning kit for P330i, P430i (25 standard and 25 large &#8220;T&#8221;cards) kitinin i\u00e7erisindeki \u00fcr\u00fcnlerdir.<\/p>\n","protected":false},"featured_media":6732,"comment_status":"closed","ping_status":"closed","template":"","meta":[],"product_brand":[],"product_cat":[673],"product_tag":[860,862,861,859,863,858,864],"class_list":{"0":"post-6731","1":"product","2":"type-product","3":"status-publish","4":"has-post-thumbnail","6":"product_cat-plastik-kart-yazicilar","7":"product_tag-105912-913-zebra-cleaning-kit","8":"product_tag-800104-001","9":"product_tag-800105-003","10":"product_tag-p330i-temizleme-karti","11":"product_tag-temizleme-karti","12":"product_tag-zebra-p330i-temizlik-kiti","13":"product_tag-zebra-temizleme-kiti","15":"first","16":"outofstock","17":"taxable","18":"shipping-taxable","19":"purchasable","20":"product-type-simple","21":"prodpage-style2"},"yoast_head":"<!-- This site is optimized with the Yoast SEO plugin v27.3 - https:\/\/yoast.com\/product\/yoast-seo-wordpress\/ -->\n<title>Zebra temizlik kiti P330i ve p430i modelleri i\u00e7in orjinal temizleme kartlar\u0131 - Plasis<\/title>\n<meta name=\"robots\" content=\"index, follow, max-snippet:-1, max-image-preview:large, max-video-preview:-1\" \/>\n<link rel=\"canonical\" href=\"https:\/\/www.plasis.com.tr\/urun\/zebra-temizlik-kiti-p330i-ve-p430i-modelleri-icin-orjinal-temizleme-kartlari\/\" \/>\n<script type=\"application\/ld+json\" class=\"yoast-schema-graph\">{\"@context\":\"https:\\\/\\\/schema.org\",\"@graph\":[{\"@type\":\"WebPage\",\"@id\":\"https:\\\/\\\/www.plasis.com.tr\\\/urun\\\/zebra-temizlik-kiti-p330i-ve-p430i-modelleri-icin-orjinal-temizleme-kartlari\\\/\",\"url\":\"https:\\\/\\\/www.plasis.com.tr\\\/urun\\\/zebra-temizlik-kiti-p330i-ve-p430i-modelleri-icin-orjinal-temizleme-kartlari\\\/\",\"name\":\"Zebra temizlik kiti P330i ve p430i modelleri i\u00e7in orjinal temizleme kartlar\u0131 - Plasis\",\"isPartOf\":{\"@id\":\"https:\\\/\\\/www.plasis.com.tr\\\/#website\"},\"primaryImageOfPage\":{\"@id\":\"https:\\\/\\\/www.plasis.com.tr\\\/urun\\\/zebra-temizlik-kiti-p330i-ve-p430i-modelleri-icin-orjinal-temizleme-kartlari\\\/#primaryimage\"},\"image\":{\"@id\":\"https:\\\/\\\/www.plasis.com.tr\\\/urun\\\/zebra-temizlik-kiti-p330i-ve-p430i-modelleri-icin-orjinal-temizleme-kartlari\\\/#primaryimage\"},\"thumbnailUrl\":\"https:\\\/\\\/www.plasis.com.tr\\\/wp-content\\\/uploads\\\/2021\\\/01\\\/zebra-p330i-p430i-icin-temizlik-kiti.jpg\",\"datePublished\":\"2021-01-04T13:17:31+00:00\",\"dateModified\":\"2024-03-05T15:01:55+00:00\",\"breadcrumb\":{\"@id\":\"https:\\\/\\\/www.plasis.com.tr\\\/urun\\\/zebra-temizlik-kiti-p330i-ve-p430i-modelleri-icin-orjinal-temizleme-kartlari\\\/#breadcrumb\"},\"inLanguage\":\"en-US\",\"potentialAction\":[{\"@type\":\"ReadAction\",\"target\":[\"https:\\\/\\\/www.plasis.com.tr\\\/urun\\\/zebra-temizlik-kiti-p330i-ve-p430i-modelleri-icin-orjinal-temizleme-kartlari\\\/\"]}]},{\"@type\":\"ImageObject\",\"inLanguage\":\"en-US\",\"@id\":\"https:\\\/\\\/www.plasis.com.tr\\\/urun\\\/zebra-temizlik-kiti-p330i-ve-p430i-modelleri-icin-orjinal-temizleme-kartlari\\\/#primaryimage\",\"url\":\"https:\\\/\\\/www.plasis.com.tr\\\/wp-content\\\/uploads\\\/2021\\\/01\\\/zebra-p330i-p430i-icin-temizlik-kiti.jpg\",\"contentUrl\":\"https:\\\/\\\/www.plasis.com.tr\\\/wp-content\\\/uploads\\\/2021\\\/01\\\/zebra-p330i-p430i-icin-temizlik-kiti.jpg\",\"width\":1600,\"height\":1200},{\"@type\":\"BreadcrumbList\",\"@id\":\"https:\\\/\\\/www.plasis.com.tr\\\/urun\\\/zebra-temizlik-kiti-p330i-ve-p430i-modelleri-icin-orjinal-temizleme-kartlari\\\/#breadcrumb\",\"itemListElement\":[{\"@type\":\"ListItem\",\"position\":1,\"name\":\"Ana sayfa\",\"item\":\"https:\\\/\\\/www.plasis.com.tr\\\/en\\\/\"},{\"@type\":\"ListItem\",\"position\":2,\"name\":\"\u00dcr\u00fcnlerimiz\",\"item\":\"https:\\\/\\\/www.plasis.com.tr\\\/urunlerimiz\\\/\"},{\"@type\":\"ListItem\",\"position\":3,\"name\":\"Zebra temizlik kiti P330i ve p430i modelleri i\u00e7in orjinal temizleme kartlar\u0131\"}]},{\"@type\":\"WebSite\",\"@id\":\"https:\\\/\\\/www.plasis.com.tr\\\/#website\",\"url\":\"https:\\\/\\\/www.plasis.com.tr\\\/\",\"name\":\"Plasis\",\"description\":\"We provide the industry's leading Card production, Printing and System support.\",\"potentialAction\":[{\"@type\":\"SearchAction\",\"target\":{\"@type\":\"EntryPoint\",\"urlTemplate\":\"https:\\\/\\\/www.plasis.com.tr\\\/?s={search_term_string}\"},\"query-input\":{\"@type\":\"PropertyValueSpecification\",\"valueRequired\":true,\"valueName\":\"search_term_string\"}}],\"inLanguage\":\"en-US\"}]}<\/script>\n<!-- \/ Yoast SEO plugin. -->","yoast_head_json":{"title":"Zebra temizlik kiti P330i ve p430i modelleri i\u00e7in orjinal temizleme kartlar\u0131 - Plasis","robots":{"index":"index","follow":"follow","max-snippet":"max-snippet:-1","max-image-preview":"max-image-preview:large","max-video-preview":"max-video-preview:-1"},"canonical":"https:\/\/www.plasis.com.tr\/urun\/zebra-temizlik-kiti-p330i-ve-p430i-modelleri-icin-orjinal-temizleme-kartlari\/","schema":{"@context":"https:\/\/schema.org","@graph":[{"@type":"WebPage","@id":"https:\/\/www.plasis.com.tr\/urun\/zebra-temizlik-kiti-p330i-ve-p430i-modelleri-icin-orjinal-temizleme-kartlari\/","url":"https:\/\/www.plasis.com.tr\/urun\/zebra-temizlik-kiti-p330i-ve-p430i-modelleri-icin-orjinal-temizleme-kartlari\/","name":"Zebra temizlik kiti P330i ve p430i modelleri i\u00e7in orjinal temizleme kartlar\u0131 - Plasis","isPartOf":{"@id":"https:\/\/www.plasis.com.tr\/#website"},"primaryImageOfPage":{"@id":"https:\/\/www.plasis.com.tr\/urun\/zebra-temizlik-kiti-p330i-ve-p430i-modelleri-icin-orjinal-temizleme-kartlari\/#primaryimage"},"image":{"@id":"https:\/\/www.plasis.com.tr\/urun\/zebra-temizlik-kiti-p330i-ve-p430i-modelleri-icin-orjinal-temizleme-kartlari\/#primaryimage"},"thumbnailUrl":"https:\/\/www.plasis.com.tr\/wp-content\/uploads\/2021\/01\/zebra-p330i-p430i-icin-temizlik-kiti.jpg","datePublished":"2021-01-04T13:17:31+00:00","dateModified":"2024-03-05T15:01:55+00:00","breadcrumb":{"@id":"https:\/\/www.plasis.com.tr\/urun\/zebra-temizlik-kiti-p330i-ve-p430i-modelleri-icin-orjinal-temizleme-kartlari\/#breadcrumb"},"inLanguage":"en-US","potentialAction":[{"@type":"ReadAction","target":["https:\/\/www.plasis.com.tr\/urun\/zebra-temizlik-kiti-p330i-ve-p430i-modelleri-icin-orjinal-temizleme-kartlari\/"]}]},{"@type":"ImageObject","inLanguage":"en-US","@id":"https:\/\/www.plasis.com.tr\/urun\/zebra-temizlik-kiti-p330i-ve-p430i-modelleri-icin-orjinal-temizleme-kartlari\/#primaryimage","url":"https:\/\/www.plasis.com.tr\/wp-content\/uploads\/2021\/01\/zebra-p330i-p430i-icin-temizlik-kiti.jpg","contentUrl":"https:\/\/www.plasis.com.tr\/wp-content\/uploads\/2021\/01\/zebra-p330i-p430i-icin-temizlik-kiti.jpg","width":1600,"height":1200},{"@type":"BreadcrumbList","@id":"https:\/\/www.plasis.com.tr\/urun\/zebra-temizlik-kiti-p330i-ve-p430i-modelleri-icin-orjinal-temizleme-kartlari\/#breadcrumb","itemListElement":[{"@type":"ListItem","position":1,"name":"Ana sayfa","item":"https:\/\/www.plasis.com.tr\/en\/"},{"@type":"ListItem","position":2,"name":"\u00dcr\u00fcnlerimiz","item":"https:\/\/www.plasis.com.tr\/urunlerimiz\/"},{"@type":"ListItem","position":3,"name":"Zebra temizlik kiti P330i ve p430i modelleri i\u00e7in orjinal temizleme kartlar\u0131"}]},{"@type":"WebSite","@id":"https:\/\/www.plasis.com.tr\/#website","url":"https:\/\/www.plasis.com.tr\/","name":"Plasis","description":"We provide the industry's leading Card production, Printing and System support.","potentialAction":[{"@type":"SearchAction","target":{"@type":"EntryPoint","urlTemplate":"https:\/\/www.plasis.com.tr\/?s={search_term_string}"},"query-input":{"@type":"PropertyValueSpecification","valueRequired":true,"valueName":"search_term_string"}}],"inLanguage":"en-US"}]}},"_links":{"self":[{"href":"https:\/\/www.plasis.com.tr\/en\/wp-json\/wp\/v2\/product\/6731","targetHints":{"allow":["GET"]}}],"collection":[{"href":"https:\/\/www.plasis.com.tr\/en\/wp-json\/wp\/v2\/product"}],"about":[{"href":"https:\/\/www.plasis.com.tr\/en\/wp-json\/wp\/v2\/types\/product"}],"replies":[{"embeddable":true,"href":"https:\/\/www.plasis.com.tr\/en\/wp-json\/wp\/v2\/comments?post=6731"}],"wp:featuredmedia":[{"embeddable":true,"href":"https:\/\/www.plasis.com.tr\/en\/wp-json\/wp\/v2\/media\/6732"}],"wp:attachment":[{"href":"https:\/\/www.plasis.com.tr\/en\/wp-json\/wp\/v2\/media?parent=6731"}],"wp:term":[{"taxonomy":"product_brand","embeddable":true,"href":"https:\/\/www.plasis.com.tr\/en\/wp-json\/wp\/v2\/product_brand?post=6731"},{"taxonomy":"product_cat","embeddable":true,"href":"https:\/\/www.plasis.com.tr\/en\/wp-json\/wp\/v2\/product_cat?post=6731"},{"taxonomy":"product_tag","embeddable":true,"href":"https:\/\/www.plasis.com.tr\/en\/wp-json\/wp\/v2\/product_tag?post=6731"}],"curies":[{"name":"wp","href":"https:\/\/api.w.org\/{rel}","templated":true}]}}