{"id":6718,"date":"2020-12-31T12:05:00","date_gmt":"2020-12-31T09:05:00","guid":{"rendered":"https:\/\/www.plasis.com.tr\/?post_type=product&#038;p=6718"},"modified":"2026-01-13T17:18:24","modified_gmt":"2026-01-13T14:18:24","slug":"idp-smart-1200-print-s-k-black-659864-smart-31s-siyah-ribon","status":"publish","type":"product","link":"https:\/\/www.plasis.com.tr\/en\/urun\/idp-smart-1200-print-s-k-black-659864-smart-31s-siyah-ribon\/","title":{"rendered":"IDP SMART 1200 PRiNT S-K BLACK 659864 smart 31s siyah ribon"},"content":{"rendered":"<p><strong>idp ribbon kit<\/strong><\/p>\n<p>IDP Smart yaz\u0131c\u0131lar i\u00e7in 1200 bask\u0131l\u0131k siyah ribbon<\/p>\n<p>Ful zemine bask\u0131 ile 1200 kart minumum bask\u0131 kapasitesine sahiptir.<\/p>\n<p>Yaz\u0131c\u0131n\u0131z ile tam uyumlu Orjinal fatural\u0131 \u00fcr\u00fcn tercih ediniz.<\/p>\n<p>Ekonomik maliyeti y\u00fcksek performans\u0131 ile bask\u0131lar\u0131n\u0131z\u0131n kal\u0131c\u0131 yaz\u0131c\u0131n\u0131z\u0131n sa\u011fl\u0131kl\u0131 kalmas\u0131na yard\u0131mc\u0131 olur.<\/p>\n<p>Kit ile birlikte temizlik ekipman\u0131 hediyedir.<\/p>\n<p>&nbsp;<\/p>\n","protected":false},"excerpt":{"rendered":"<p>IDP SMART kart yaz\u0131c\u0131lar i\u00e7in IDP SMART 1200 PRiNT S-K BLACK 659864 Smart 31s siyah ribon<\/p>\n","protected":false},"featured_media":6719,"comment_status":"closed","ping_status":"closed","template":"","meta":[],"product_brand":[],"product_cat":[673],"product_tag":[850,849,852,851,853,854],"class_list":{"0":"post-6718","1":"product","2":"type-product","3":"status-publish","4":"has-post-thumbnail","6":"product_cat-plastik-kart-yazicilar","7":"product_tag-850","8":"product_tag-idp-ribbon-kit","9":"product_tag-smart-kartus","10":"product_tag-smart-ribbon","11":"product_tag-smart-siyah-kartus","12":"product_tag-smart-siyah-ribbon","14":"first","15":"instock","16":"taxable","17":"shipping-taxable","18":"purchasable","19":"product-type-simple","20":"prodpage-style2"},"yoast_head":"<!-- This site is optimized with the Yoast SEO plugin v27.3 - https:\/\/yoast.com\/product\/yoast-seo-wordpress\/ -->\n<title>IDP SMART 1200 PRiNT S-K BLACK 659864 smart 31s siyah ribon - Plasis<\/title>\n<meta name=\"robots\" content=\"index, follow, max-snippet:-1, max-image-preview:large, max-video-preview:-1\" \/>\n<link rel=\"canonical\" href=\"https:\/\/www.plasis.com.tr\/urun\/idp-smart-1200-print-s-k-black-659864-smart-31s-siyah-ribon\/\" \/>\n<script type=\"application\/ld+json\" class=\"yoast-schema-graph\">{\"@context\":\"https:\\\/\\\/schema.org\",\"@graph\":[{\"@type\":\"WebPage\",\"@id\":\"https:\\\/\\\/www.plasis.com.tr\\\/urun\\\/idp-smart-1200-print-s-k-black-659864-smart-31s-siyah-ribon\\\/\",\"url\":\"https:\\\/\\\/www.plasis.com.tr\\\/urun\\\/idp-smart-1200-print-s-k-black-659864-smart-31s-siyah-ribon\\\/\",\"name\":\"IDP SMART 1200 PRiNT S-K BLACK 659864 smart 31s siyah ribon - Plasis\",\"isPartOf\":{\"@id\":\"https:\\\/\\\/www.plasis.com.tr\\\/#website\"},\"primaryImageOfPage\":{\"@id\":\"https:\\\/\\\/www.plasis.com.tr\\\/urun\\\/idp-smart-1200-print-s-k-black-659864-smart-31s-siyah-ribon\\\/#primaryimage\"},\"image\":{\"@id\":\"https:\\\/\\\/www.plasis.com.tr\\\/urun\\\/idp-smart-1200-print-s-k-black-659864-smart-31s-siyah-ribon\\\/#primaryimage\"},\"thumbnailUrl\":\"https:\\\/\\\/www.plasis.com.tr\\\/wp-content\\\/uploads\\\/2020\\\/12\\\/idp-ribbon-kit.jpg\",\"datePublished\":\"2020-12-31T09:05:00+00:00\",\"dateModified\":\"2026-01-13T14:18:24+00:00\",\"breadcrumb\":{\"@id\":\"https:\\\/\\\/www.plasis.com.tr\\\/urun\\\/idp-smart-1200-print-s-k-black-659864-smart-31s-siyah-ribon\\\/#breadcrumb\"},\"inLanguage\":\"en-US\",\"potentialAction\":[{\"@type\":\"ReadAction\",\"target\":[\"https:\\\/\\\/www.plasis.com.tr\\\/urun\\\/idp-smart-1200-print-s-k-black-659864-smart-31s-siyah-ribon\\\/\"]}]},{\"@type\":\"ImageObject\",\"inLanguage\":\"en-US\",\"@id\":\"https:\\\/\\\/www.plasis.com.tr\\\/urun\\\/idp-smart-1200-print-s-k-black-659864-smart-31s-siyah-ribon\\\/#primaryimage\",\"url\":\"https:\\\/\\\/www.plasis.com.tr\\\/wp-content\\\/uploads\\\/2020\\\/12\\\/idp-ribbon-kit.jpg\",\"contentUrl\":\"https:\\\/\\\/www.plasis.com.tr\\\/wp-content\\\/uploads\\\/2020\\\/12\\\/idp-ribbon-kit.jpg\",\"width\":1200,\"height\":1036,\"caption\":\"idp smart siyah kartu\u015f\"},{\"@type\":\"BreadcrumbList\",\"@id\":\"https:\\\/\\\/www.plasis.com.tr\\\/urun\\\/idp-smart-1200-print-s-k-black-659864-smart-31s-siyah-ribon\\\/#breadcrumb\",\"itemListElement\":[{\"@type\":\"ListItem\",\"position\":1,\"name\":\"Ana sayfa\",\"item\":\"https:\\\/\\\/www.plasis.com.tr\\\/en\\\/\"},{\"@type\":\"ListItem\",\"position\":2,\"name\":\"\u00dcr\u00fcnlerimiz\",\"item\":\"https:\\\/\\\/www.plasis.com.tr\\\/urunlerimiz\\\/\"},{\"@type\":\"ListItem\",\"position\":3,\"name\":\"IDP SMART 1200 PRiNT S-K BLACK 659864 smart 31s siyah ribon\"}]},{\"@type\":\"WebSite\",\"@id\":\"https:\\\/\\\/www.plasis.com.tr\\\/#website\",\"url\":\"https:\\\/\\\/www.plasis.com.tr\\\/\",\"name\":\"Plasis\",\"description\":\"We provide the industry's leading Card production, Printing and System support.\",\"potentialAction\":[{\"@type\":\"SearchAction\",\"target\":{\"@type\":\"EntryPoint\",\"urlTemplate\":\"https:\\\/\\\/www.plasis.com.tr\\\/?s={search_term_string}\"},\"query-input\":{\"@type\":\"PropertyValueSpecification\",\"valueRequired\":true,\"valueName\":\"search_term_string\"}}],\"inLanguage\":\"en-US\"}]}<\/script>\n<!-- \/ Yoast SEO plugin. -->","yoast_head_json":{"title":"IDP SMART 1200 PRiNT S-K BLACK 659864 smart 31s siyah ribon - Plasis","robots":{"index":"index","follow":"follow","max-snippet":"max-snippet:-1","max-image-preview":"max-image-preview:large","max-video-preview":"max-video-preview:-1"},"canonical":"https:\/\/www.plasis.com.tr\/urun\/idp-smart-1200-print-s-k-black-659864-smart-31s-siyah-ribon\/","schema":{"@context":"https:\/\/schema.org","@graph":[{"@type":"WebPage","@id":"https:\/\/www.plasis.com.tr\/urun\/idp-smart-1200-print-s-k-black-659864-smart-31s-siyah-ribon\/","url":"https:\/\/www.plasis.com.tr\/urun\/idp-smart-1200-print-s-k-black-659864-smart-31s-siyah-ribon\/","name":"IDP SMART 1200 PRiNT S-K BLACK 659864 smart 31s siyah ribon - Plasis","isPartOf":{"@id":"https:\/\/www.plasis.com.tr\/#website"},"primaryImageOfPage":{"@id":"https:\/\/www.plasis.com.tr\/urun\/idp-smart-1200-print-s-k-black-659864-smart-31s-siyah-ribon\/#primaryimage"},"image":{"@id":"https:\/\/www.plasis.com.tr\/urun\/idp-smart-1200-print-s-k-black-659864-smart-31s-siyah-ribon\/#primaryimage"},"thumbnailUrl":"https:\/\/www.plasis.com.tr\/wp-content\/uploads\/2020\/12\/idp-ribbon-kit.jpg","datePublished":"2020-12-31T09:05:00+00:00","dateModified":"2026-01-13T14:18:24+00:00","breadcrumb":{"@id":"https:\/\/www.plasis.com.tr\/urun\/idp-smart-1200-print-s-k-black-659864-smart-31s-siyah-ribon\/#breadcrumb"},"inLanguage":"en-US","potentialAction":[{"@type":"ReadAction","target":["https:\/\/www.plasis.com.tr\/urun\/idp-smart-1200-print-s-k-black-659864-smart-31s-siyah-ribon\/"]}]},{"@type":"ImageObject","inLanguage":"en-US","@id":"https:\/\/www.plasis.com.tr\/urun\/idp-smart-1200-print-s-k-black-659864-smart-31s-siyah-ribon\/#primaryimage","url":"https:\/\/www.plasis.com.tr\/wp-content\/uploads\/2020\/12\/idp-ribbon-kit.jpg","contentUrl":"https:\/\/www.plasis.com.tr\/wp-content\/uploads\/2020\/12\/idp-ribbon-kit.jpg","width":1200,"height":1036,"caption":"idp smart siyah kartu\u015f"},{"@type":"BreadcrumbList","@id":"https:\/\/www.plasis.com.tr\/urun\/idp-smart-1200-print-s-k-black-659864-smart-31s-siyah-ribon\/#breadcrumb","itemListElement":[{"@type":"ListItem","position":1,"name":"Ana sayfa","item":"https:\/\/www.plasis.com.tr\/en\/"},{"@type":"ListItem","position":2,"name":"\u00dcr\u00fcnlerimiz","item":"https:\/\/www.plasis.com.tr\/urunlerimiz\/"},{"@type":"ListItem","position":3,"name":"IDP SMART 1200 PRiNT S-K BLACK 659864 smart 31s siyah ribon"}]},{"@type":"WebSite","@id":"https:\/\/www.plasis.com.tr\/#website","url":"https:\/\/www.plasis.com.tr\/","name":"Plasis","description":"We provide the industry's leading Card production, Printing and System support.","potentialAction":[{"@type":"SearchAction","target":{"@type":"EntryPoint","urlTemplate":"https:\/\/www.plasis.com.tr\/?s={search_term_string}"},"query-input":{"@type":"PropertyValueSpecification","valueRequired":true,"valueName":"search_term_string"}}],"inLanguage":"en-US"}]}},"_links":{"self":[{"href":"https:\/\/www.plasis.com.tr\/en\/wp-json\/wp\/v2\/product\/6718","targetHints":{"allow":["GET"]}}],"collection":[{"href":"https:\/\/www.plasis.com.tr\/en\/wp-json\/wp\/v2\/product"}],"about":[{"href":"https:\/\/www.plasis.com.tr\/en\/wp-json\/wp\/v2\/types\/product"}],"replies":[{"embeddable":true,"href":"https:\/\/www.plasis.com.tr\/en\/wp-json\/wp\/v2\/comments?post=6718"}],"wp:featuredmedia":[{"embeddable":true,"href":"https:\/\/www.plasis.com.tr\/en\/wp-json\/wp\/v2\/media\/6719"}],"wp:attachment":[{"href":"https:\/\/www.plasis.com.tr\/en\/wp-json\/wp\/v2\/media?parent=6718"}],"wp:term":[{"taxonomy":"product_brand","embeddable":true,"href":"https:\/\/www.plasis.com.tr\/en\/wp-json\/wp\/v2\/product_brand?post=6718"},{"taxonomy":"product_cat","embeddable":true,"href":"https:\/\/www.plasis.com.tr\/en\/wp-json\/wp\/v2\/product_cat?post=6718"},{"taxonomy":"product_tag","embeddable":true,"href":"https:\/\/www.plasis.com.tr\/en\/wp-json\/wp\/v2\/product_tag?post=6718"}],"curies":[{"name":"wp","href":"https:\/\/api.w.org\/{rel}","templated":true}]}}