{"id":6696,"date":"2020-12-30T13:36:44","date_gmt":"2020-12-30T10:36:44","guid":{"rendered":"https:\/\/www.plasis.com.tr\/?post_type=product&#038;p=6696"},"modified":"2026-01-19T11:22:32","modified_gmt":"2026-01-19T08:22:32","slug":"evolis-primacy-r5f008eaa-5-panel-renkli-ribon-ymcko-300-baski","status":"publish","type":"product","link":"https:\/\/www.plasis.com.tr\/en\/urun\/evolis-primacy-r5f008eaa-5-panel-renkli-ribon-ymcko-300-baski\/","title":{"rendered":"Evolis Primacy R5F008EAA 5 Panel Renkli Ribon YMCKO 300 Bask\u0131"},"content":{"rendered":"<p>Evolis Primacy yaz\u0131c\u0131 modelleri i\u00e7in<\/p>\n<p>Evolis R5F008EAA 5 Panel Renkli Ribon \u2013 YMCKO \u2013 300 Bask\u0131<\/p>\n<p>Tek tarafl\u0131 yazd\u0131rma i\u00e7in 300 Bask\u0131<\/p>\n<p>\u00c7ift tarafl\u0131 bir yaz\u0131c\u0131da kullanabilir, ancak \u015ferit ba\u015f\u0131na d\u00fc\u015fen kart say\u0131s\u0131 verimin yar\u0131s\u0131 kadar olacakt\u0131r.<\/p>\n<p>Evolis R5F008EAA YMCKO full-renkli ribon.<\/p>\n","protected":false},"excerpt":{"rendered":"<p>300 BASKILIK ORJ\u0130NAL VE FATURALI Evolis R5F008EAA 5 Panel Renkli Ribon \u2013 YMCKO \u2013 300 Bask\u0131<\/p>\n","protected":false},"featured_media":6697,"comment_status":"closed","ping_status":"closed","template":"","meta":[],"product_brand":[],"product_cat":[673],"product_tag":[842,841,843,844],"class_list":{"0":"post-6696","1":"product","2":"type-product","3":"status-publish","4":"has-post-thumbnail","6":"product_cat-plastik-kart-yazicilar","7":"product_tag-evolis-primacy-kartus","8":"product_tag-evolis-primacy-ribbon","9":"product_tag-evolis-r5f008eaa","10":"product_tag-r5f008eaa","12":"first","13":"instock","14":"taxable","15":"shipping-taxable","16":"purchasable","17":"product-type-simple","18":"prodpage-style2"},"yoast_head":"<!-- This site is optimized with the Yoast SEO plugin v27.5 - https:\/\/yoast.com\/product\/yoast-seo-wordpress\/ -->\n<title>Evolis Primacy R5F008EAA 5 Panel Renkli Ribon YMCKO 300 Bask\u0131 - Plasis<\/title>\n<meta name=\"robots\" content=\"index, follow, max-snippet:-1, max-image-preview:large, max-video-preview:-1\" \/>\n<link rel=\"canonical\" href=\"https:\/\/www.plasis.com.tr\/urun\/evolis-primacy-r5f008eaa-5-panel-renkli-ribon-ymcko-300-baski\/\" \/>\n<script type=\"application\/ld+json\" class=\"yoast-schema-graph\">{\"@context\":\"https:\\\/\\\/schema.org\",\"@graph\":[{\"@type\":\"WebPage\",\"@id\":\"https:\\\/\\\/www.plasis.com.tr\\\/urun\\\/evolis-primacy-r5f008eaa-5-panel-renkli-ribon-ymcko-300-baski\\\/\",\"url\":\"https:\\\/\\\/www.plasis.com.tr\\\/urun\\\/evolis-primacy-r5f008eaa-5-panel-renkli-ribon-ymcko-300-baski\\\/\",\"name\":\"Evolis Primacy R5F008EAA 5 Panel Renkli Ribon YMCKO 300 Bask\u0131 - Plasis\",\"isPartOf\":{\"@id\":\"https:\\\/\\\/www.plasis.com.tr\\\/#website\"},\"primaryImageOfPage\":{\"@id\":\"https:\\\/\\\/www.plasis.com.tr\\\/urun\\\/evolis-primacy-r5f008eaa-5-panel-renkli-ribon-ymcko-300-baski\\\/#primaryimage\"},\"image\":{\"@id\":\"https:\\\/\\\/www.plasis.com.tr\\\/urun\\\/evolis-primacy-r5f008eaa-5-panel-renkli-ribon-ymcko-300-baski\\\/#primaryimage\"},\"thumbnailUrl\":\"https:\\\/\\\/www.plasis.com.tr\\\/wp-content\\\/uploads\\\/2020\\\/12\\\/EVOLiS-YMCKO-R5F008EAA-ribon.jpg\",\"datePublished\":\"2020-12-30T10:36:44+00:00\",\"dateModified\":\"2026-01-19T08:22:32+00:00\",\"breadcrumb\":{\"@id\":\"https:\\\/\\\/www.plasis.com.tr\\\/urun\\\/evolis-primacy-r5f008eaa-5-panel-renkli-ribon-ymcko-300-baski\\\/#breadcrumb\"},\"inLanguage\":\"en-US\",\"potentialAction\":[{\"@type\":\"ReadAction\",\"target\":[\"https:\\\/\\\/www.plasis.com.tr\\\/urun\\\/evolis-primacy-r5f008eaa-5-panel-renkli-ribon-ymcko-300-baski\\\/\"]}]},{\"@type\":\"ImageObject\",\"inLanguage\":\"en-US\",\"@id\":\"https:\\\/\\\/www.plasis.com.tr\\\/urun\\\/evolis-primacy-r5f008eaa-5-panel-renkli-ribon-ymcko-300-baski\\\/#primaryimage\",\"url\":\"https:\\\/\\\/www.plasis.com.tr\\\/wp-content\\\/uploads\\\/2020\\\/12\\\/EVOLiS-YMCKO-R5F008EAA-ribon.jpg\",\"contentUrl\":\"https:\\\/\\\/www.plasis.com.tr\\\/wp-content\\\/uploads\\\/2020\\\/12\\\/EVOLiS-YMCKO-R5F008EAA-ribon.jpg\",\"width\":1600,\"height\":1200,\"caption\":\"evolis primacy ribbon\"},{\"@type\":\"BreadcrumbList\",\"@id\":\"https:\\\/\\\/www.plasis.com.tr\\\/urun\\\/evolis-primacy-r5f008eaa-5-panel-renkli-ribon-ymcko-300-baski\\\/#breadcrumb\",\"itemListElement\":[{\"@type\":\"ListItem\",\"position\":1,\"name\":\"Ana sayfa\",\"item\":\"https:\\\/\\\/www.plasis.com.tr\\\/en\\\/\"},{\"@type\":\"ListItem\",\"position\":2,\"name\":\"\u00dcr\u00fcnlerimiz\",\"item\":\"https:\\\/\\\/www.plasis.com.tr\\\/urunlerimiz\\\/\"},{\"@type\":\"ListItem\",\"position\":3,\"name\":\"Evolis Primacy R5F008EAA 5 Panel Renkli Ribon YMCKO 300 Bask\u0131\"}]},{\"@type\":\"WebSite\",\"@id\":\"https:\\\/\\\/www.plasis.com.tr\\\/#website\",\"url\":\"https:\\\/\\\/www.plasis.com.tr\\\/\",\"name\":\"Plasis\",\"description\":\"We provide the industry's leading Card production, Printing and System support.\",\"potentialAction\":[{\"@type\":\"SearchAction\",\"target\":{\"@type\":\"EntryPoint\",\"urlTemplate\":\"https:\\\/\\\/www.plasis.com.tr\\\/?s={search_term_string}\"},\"query-input\":{\"@type\":\"PropertyValueSpecification\",\"valueRequired\":true,\"valueName\":\"search_term_string\"}}],\"inLanguage\":\"en-US\"}]}<\/script>\n<!-- \/ Yoast SEO plugin. -->","yoast_head_json":{"title":"Evolis Primacy R5F008EAA 5 Panel Renkli Ribon YMCKO 300 Bask\u0131 - Plasis","robots":{"index":"index","follow":"follow","max-snippet":"max-snippet:-1","max-image-preview":"max-image-preview:large","max-video-preview":"max-video-preview:-1"},"canonical":"https:\/\/www.plasis.com.tr\/urun\/evolis-primacy-r5f008eaa-5-panel-renkli-ribon-ymcko-300-baski\/","schema":{"@context":"https:\/\/schema.org","@graph":[{"@type":"WebPage","@id":"https:\/\/www.plasis.com.tr\/urun\/evolis-primacy-r5f008eaa-5-panel-renkli-ribon-ymcko-300-baski\/","url":"https:\/\/www.plasis.com.tr\/urun\/evolis-primacy-r5f008eaa-5-panel-renkli-ribon-ymcko-300-baski\/","name":"Evolis Primacy R5F008EAA 5 Panel Renkli Ribon YMCKO 300 Bask\u0131 - Plasis","isPartOf":{"@id":"https:\/\/www.plasis.com.tr\/#website"},"primaryImageOfPage":{"@id":"https:\/\/www.plasis.com.tr\/urun\/evolis-primacy-r5f008eaa-5-panel-renkli-ribon-ymcko-300-baski\/#primaryimage"},"image":{"@id":"https:\/\/www.plasis.com.tr\/urun\/evolis-primacy-r5f008eaa-5-panel-renkli-ribon-ymcko-300-baski\/#primaryimage"},"thumbnailUrl":"https:\/\/www.plasis.com.tr\/wp-content\/uploads\/2020\/12\/EVOLiS-YMCKO-R5F008EAA-ribon.jpg","datePublished":"2020-12-30T10:36:44+00:00","dateModified":"2026-01-19T08:22:32+00:00","breadcrumb":{"@id":"https:\/\/www.plasis.com.tr\/urun\/evolis-primacy-r5f008eaa-5-panel-renkli-ribon-ymcko-300-baski\/#breadcrumb"},"inLanguage":"en-US","potentialAction":[{"@type":"ReadAction","target":["https:\/\/www.plasis.com.tr\/urun\/evolis-primacy-r5f008eaa-5-panel-renkli-ribon-ymcko-300-baski\/"]}]},{"@type":"ImageObject","inLanguage":"en-US","@id":"https:\/\/www.plasis.com.tr\/urun\/evolis-primacy-r5f008eaa-5-panel-renkli-ribon-ymcko-300-baski\/#primaryimage","url":"https:\/\/www.plasis.com.tr\/wp-content\/uploads\/2020\/12\/EVOLiS-YMCKO-R5F008EAA-ribon.jpg","contentUrl":"https:\/\/www.plasis.com.tr\/wp-content\/uploads\/2020\/12\/EVOLiS-YMCKO-R5F008EAA-ribon.jpg","width":1600,"height":1200,"caption":"evolis primacy ribbon"},{"@type":"BreadcrumbList","@id":"https:\/\/www.plasis.com.tr\/urun\/evolis-primacy-r5f008eaa-5-panel-renkli-ribon-ymcko-300-baski\/#breadcrumb","itemListElement":[{"@type":"ListItem","position":1,"name":"Ana sayfa","item":"https:\/\/www.plasis.com.tr\/en\/"},{"@type":"ListItem","position":2,"name":"\u00dcr\u00fcnlerimiz","item":"https:\/\/www.plasis.com.tr\/urunlerimiz\/"},{"@type":"ListItem","position":3,"name":"Evolis Primacy R5F008EAA 5 Panel Renkli Ribon YMCKO 300 Bask\u0131"}]},{"@type":"WebSite","@id":"https:\/\/www.plasis.com.tr\/#website","url":"https:\/\/www.plasis.com.tr\/","name":"Plasis","description":"We provide the industry's leading Card production, Printing and System support.","potentialAction":[{"@type":"SearchAction","target":{"@type":"EntryPoint","urlTemplate":"https:\/\/www.plasis.com.tr\/?s={search_term_string}"},"query-input":{"@type":"PropertyValueSpecification","valueRequired":true,"valueName":"search_term_string"}}],"inLanguage":"en-US"}]}},"_links":{"self":[{"href":"https:\/\/www.plasis.com.tr\/en\/wp-json\/wp\/v2\/product\/6696","targetHints":{"allow":["GET"]}}],"collection":[{"href":"https:\/\/www.plasis.com.tr\/en\/wp-json\/wp\/v2\/product"}],"about":[{"href":"https:\/\/www.plasis.com.tr\/en\/wp-json\/wp\/v2\/types\/product"}],"replies":[{"embeddable":true,"href":"https:\/\/www.plasis.com.tr\/en\/wp-json\/wp\/v2\/comments?post=6696"}],"wp:featuredmedia":[{"embeddable":true,"href":"https:\/\/www.plasis.com.tr\/en\/wp-json\/wp\/v2\/media\/6697"}],"wp:attachment":[{"href":"https:\/\/www.plasis.com.tr\/en\/wp-json\/wp\/v2\/media?parent=6696"}],"wp:term":[{"taxonomy":"product_brand","embeddable":true,"href":"https:\/\/www.plasis.com.tr\/en\/wp-json\/wp\/v2\/product_brand?post=6696"},{"taxonomy":"product_cat","embeddable":true,"href":"https:\/\/www.plasis.com.tr\/en\/wp-json\/wp\/v2\/product_cat?post=6696"},{"taxonomy":"product_tag","embeddable":true,"href":"https:\/\/www.plasis.com.tr\/en\/wp-json\/wp\/v2\/product_tag?post=6696"}],"curies":[{"name":"wp","href":"https:\/\/api.w.org\/{rel}","templated":true}]}}