{"id":6688,"date":"2020-12-29T14:36:40","date_gmt":"2020-12-29T11:36:40","guid":{"rendered":"https:\/\/www.plasis.com.tr\/?post_type=product&#038;p=6688"},"modified":"2025-11-28T17:41:43","modified_gmt":"2025-11-28T14:41:43","slug":"045102-fargo-hid-siyah-k-ribbon-kartus-standart-black-resin-1000-images","status":"publish","type":"product","link":"https:\/\/www.plasis.com.tr\/en\/urun\/045102-fargo-hid-siyah-k-ribbon-kartus-standart-black-resin-1000-images\/","title":{"rendered":"045102 Fargo DTC HID Siyah (K) Ribbon kartu\u015f, Standart Black Resin 1000 images"},"content":{"rendered":"<p>HID Global Fargo Standart Siyah (K) Kimlik Kart\u0131 Yaz\u0131c\u0131 Temizleme Silindirli \u015eerit Kartu\u015f, 1000 Bask\u0131.<\/p>\n<p>Siyah monokrom ribbon kartu\u015f, \u00f6ncelikle bir kart\u0131n bir veya iki taraf\u0131na metin, barkod gibi bask\u0131lar ve tek renkli \u00e7izim yazd\u0131rmak i\u00e7in kullan\u0131l\u0131r.<\/p>\n<p>Not: Okunabilir barkodlar\u0131 yazd\u0131rmak i\u00e7in siyah re\u00e7ine gereklidir.<\/p>\n<p>Fargo kart yaz\u0131c\u0131n\u0131z\u0131n garantisini s\u00fcrd\u00fcrmek i\u00e7in orijinal Fargo \u015feritleri kullan\u0131lmal\u0131d\u0131r.<\/p>\n<p><strong>Uyumlu oldu\u011fu yaz\u0131c\u0131 modelleri<\/strong>:<\/p>\n<ul>\n<li>C50 Tek Tarafl\u0131 Kimlik Kart\u0131 Yaz\u0131c\u0131<\/li>\n<li>DTC1000 Tek Tarafl\u0131 Kimlik Kart\u0131 Yaz\u0131c\u0131<\/li>\n<li>DTC1000 \u00c7ift Tarafl\u0131 Kimlik Kart\u0131 Yaz\u0131c\u0131<\/li>\n<li>DTC1250e Tek Tarafl\u0131 Kimlik Kart\u0131 Yaz\u0131c\u0131<\/li>\n<li>DTC1250e \u00c7ift Tarafl\u0131 Kimlik Kart\u0131 Yaz\u0131c\u0131<\/li>\n<li>DTC4000 Tek Tarafl\u0131 Kimlik Kart\u0131 Yaz\u0131c\u0131<\/li>\n<li>DTC4000 \u00c7ift Tarafl\u0131 Kimlik Kart\u0131 Yaz\u0131c\u0131<\/li>\n<li>DTC4250e Tek Tarafl\u0131 Kimlik Kart\u0131 Yaz\u0131c\u0131<\/li>\n<li>DTC4250e \u00c7ift Tarafl\u0131 Kimlik Kart\u0131 Yaz\u0131c\u0131<\/li>\n<\/ul>\n<p>Fargo ID kart yaz\u0131c\u0131lar\u0131n\u0131n d\u00fczg\u00fcn \u00e7al\u0131\u015fmas\u0131 i\u00e7in \u00f6zel Fargo ID yaz\u0131c\u0131 \u015feritleri gerekir.\u00a0Bas\u0131l\u0131 kimlik kart\u0131 kalitesini ve kimlik kart\u0131 yaz\u0131c\u0131 dayan\u0131kl\u0131l\u0131\u011f\u0131n\u0131 en \u00fcst d\u00fczeye \u00e7\u0131karmak i\u00e7in yaln\u0131zca orijinal Fargo ID yaz\u0131c\u0131 \u015feritlerini kullan\u0131n.<\/p>\n<p>M\u00fckemmel m\u00fc\u015fteri hizmeti sunuyoruz! Ki\u015fiselle\u015ftirilmi\u015f yard\u0131m i\u00e7in bug\u00fcn bizi aray\u0131n, 02123569673.<\/p>\n","protected":false},"excerpt":{"rendered":"<p>045102 Fargo HID Siyah (K) Ribbon kartu\u015f, Standart Black Resin 1000 images. Fargo smartload ribbon cartridge. Standart Siyah (K) \u015eerit, Temizleme Rulolu, 1000 Bask\u0131<\/p>\n","protected":false},"featured_media":6689,"comment_status":"closed","ping_status":"closed","template":"","meta":[],"product_brand":[],"product_cat":[673],"product_tag":[837,839,840,838],"class_list":{"0":"post-6688","1":"product","2":"type-product","3":"status-publish","4":"has-post-thumbnail","6":"product_cat-plastik-kart-yazicilar","7":"product_tag-837","8":"product_tag-fargo-kartus","9":"product_tag-fargo-ribbon","10":"product_tag-fargo-siyah","12":"first","13":"instock","14":"taxable","15":"shipping-taxable","16":"purchasable","17":"product-type-simple","18":"prodpage-style2"},"yoast_head":"<!-- This site is optimized with the Yoast SEO plugin v27.3 - https:\/\/yoast.com\/product\/yoast-seo-wordpress\/ -->\n<title>045102 Fargo DTC HID Siyah (K) Ribbon kartu\u015f, Standart Black Resin 1000 images - Plasis<\/title>\n<meta name=\"robots\" content=\"index, follow, max-snippet:-1, max-image-preview:large, max-video-preview:-1\" \/>\n<link rel=\"canonical\" href=\"https:\/\/www.plasis.com.tr\/urun\/045102-fargo-hid-siyah-k-ribbon-kartus-standart-black-resin-1000-images\/\" \/>\n<script type=\"application\/ld+json\" class=\"yoast-schema-graph\">{\"@context\":\"https:\\\/\\\/schema.org\",\"@graph\":[{\"@type\":\"WebPage\",\"@id\":\"https:\\\/\\\/www.plasis.com.tr\\\/urun\\\/045102-fargo-hid-siyah-k-ribbon-kartus-standart-black-resin-1000-images\\\/\",\"url\":\"https:\\\/\\\/www.plasis.com.tr\\\/urun\\\/045102-fargo-hid-siyah-k-ribbon-kartus-standart-black-resin-1000-images\\\/\",\"name\":\"045102 Fargo DTC HID Siyah (K) Ribbon kartu\u015f, Standart Black Resin 1000 images - Plasis\",\"isPartOf\":{\"@id\":\"https:\\\/\\\/www.plasis.com.tr\\\/#website\"},\"primaryImageOfPage\":{\"@id\":\"https:\\\/\\\/www.plasis.com.tr\\\/urun\\\/045102-fargo-hid-siyah-k-ribbon-kartus-standart-black-resin-1000-images\\\/#primaryimage\"},\"image\":{\"@id\":\"https:\\\/\\\/www.plasis.com.tr\\\/urun\\\/045102-fargo-hid-siyah-k-ribbon-kartus-standart-black-resin-1000-images\\\/#primaryimage\"},\"thumbnailUrl\":\"https:\\\/\\\/www.plasis.com.tr\\\/wp-content\\\/uploads\\\/2020\\\/12\\\/1.jpg\",\"datePublished\":\"2020-12-29T11:36:40+00:00\",\"dateModified\":\"2025-11-28T14:41:43+00:00\",\"breadcrumb\":{\"@id\":\"https:\\\/\\\/www.plasis.com.tr\\\/urun\\\/045102-fargo-hid-siyah-k-ribbon-kartus-standart-black-resin-1000-images\\\/#breadcrumb\"},\"inLanguage\":\"en-US\",\"potentialAction\":[{\"@type\":\"ReadAction\",\"target\":[\"https:\\\/\\\/www.plasis.com.tr\\\/urun\\\/045102-fargo-hid-siyah-k-ribbon-kartus-standart-black-resin-1000-images\\\/\"]}]},{\"@type\":\"ImageObject\",\"inLanguage\":\"en-US\",\"@id\":\"https:\\\/\\\/www.plasis.com.tr\\\/urun\\\/045102-fargo-hid-siyah-k-ribbon-kartus-standart-black-resin-1000-images\\\/#primaryimage\",\"url\":\"https:\\\/\\\/www.plasis.com.tr\\\/wp-content\\\/uploads\\\/2020\\\/12\\\/1.jpg\",\"contentUrl\":\"https:\\\/\\\/www.plasis.com.tr\\\/wp-content\\\/uploads\\\/2020\\\/12\\\/1.jpg\",\"width\":1600,\"height\":1074},{\"@type\":\"BreadcrumbList\",\"@id\":\"https:\\\/\\\/www.plasis.com.tr\\\/urun\\\/045102-fargo-hid-siyah-k-ribbon-kartus-standart-black-resin-1000-images\\\/#breadcrumb\",\"itemListElement\":[{\"@type\":\"ListItem\",\"position\":1,\"name\":\"Ana sayfa\",\"item\":\"https:\\\/\\\/www.plasis.com.tr\\\/en\\\/\"},{\"@type\":\"ListItem\",\"position\":2,\"name\":\"\u00dcr\u00fcnlerimiz\",\"item\":\"https:\\\/\\\/www.plasis.com.tr\\\/urunlerimiz\\\/\"},{\"@type\":\"ListItem\",\"position\":3,\"name\":\"045102 Fargo DTC HID Siyah (K) Ribbon kartu\u015f, Standart Black Resin 1000 images\"}]},{\"@type\":\"WebSite\",\"@id\":\"https:\\\/\\\/www.plasis.com.tr\\\/#website\",\"url\":\"https:\\\/\\\/www.plasis.com.tr\\\/\",\"name\":\"Plasis\",\"description\":\"We provide the industry's leading Card production, Printing and System support.\",\"potentialAction\":[{\"@type\":\"SearchAction\",\"target\":{\"@type\":\"EntryPoint\",\"urlTemplate\":\"https:\\\/\\\/www.plasis.com.tr\\\/?s={search_term_string}\"},\"query-input\":{\"@type\":\"PropertyValueSpecification\",\"valueRequired\":true,\"valueName\":\"search_term_string\"}}],\"inLanguage\":\"en-US\"}]}<\/script>\n<!-- \/ Yoast SEO plugin. -->","yoast_head_json":{"title":"045102 Fargo DTC HID Siyah (K) Ribbon kartu\u015f, Standart Black Resin 1000 images - Plasis","robots":{"index":"index","follow":"follow","max-snippet":"max-snippet:-1","max-image-preview":"max-image-preview:large","max-video-preview":"max-video-preview:-1"},"canonical":"https:\/\/www.plasis.com.tr\/urun\/045102-fargo-hid-siyah-k-ribbon-kartus-standart-black-resin-1000-images\/","schema":{"@context":"https:\/\/schema.org","@graph":[{"@type":"WebPage","@id":"https:\/\/www.plasis.com.tr\/urun\/045102-fargo-hid-siyah-k-ribbon-kartus-standart-black-resin-1000-images\/","url":"https:\/\/www.plasis.com.tr\/urun\/045102-fargo-hid-siyah-k-ribbon-kartus-standart-black-resin-1000-images\/","name":"045102 Fargo DTC HID Siyah (K) Ribbon kartu\u015f, Standart Black Resin 1000 images - Plasis","isPartOf":{"@id":"https:\/\/www.plasis.com.tr\/#website"},"primaryImageOfPage":{"@id":"https:\/\/www.plasis.com.tr\/urun\/045102-fargo-hid-siyah-k-ribbon-kartus-standart-black-resin-1000-images\/#primaryimage"},"image":{"@id":"https:\/\/www.plasis.com.tr\/urun\/045102-fargo-hid-siyah-k-ribbon-kartus-standart-black-resin-1000-images\/#primaryimage"},"thumbnailUrl":"https:\/\/www.plasis.com.tr\/wp-content\/uploads\/2020\/12\/1.jpg","datePublished":"2020-12-29T11:36:40+00:00","dateModified":"2025-11-28T14:41:43+00:00","breadcrumb":{"@id":"https:\/\/www.plasis.com.tr\/urun\/045102-fargo-hid-siyah-k-ribbon-kartus-standart-black-resin-1000-images\/#breadcrumb"},"inLanguage":"en-US","potentialAction":[{"@type":"ReadAction","target":["https:\/\/www.plasis.com.tr\/urun\/045102-fargo-hid-siyah-k-ribbon-kartus-standart-black-resin-1000-images\/"]}]},{"@type":"ImageObject","inLanguage":"en-US","@id":"https:\/\/www.plasis.com.tr\/urun\/045102-fargo-hid-siyah-k-ribbon-kartus-standart-black-resin-1000-images\/#primaryimage","url":"https:\/\/www.plasis.com.tr\/wp-content\/uploads\/2020\/12\/1.jpg","contentUrl":"https:\/\/www.plasis.com.tr\/wp-content\/uploads\/2020\/12\/1.jpg","width":1600,"height":1074},{"@type":"BreadcrumbList","@id":"https:\/\/www.plasis.com.tr\/urun\/045102-fargo-hid-siyah-k-ribbon-kartus-standart-black-resin-1000-images\/#breadcrumb","itemListElement":[{"@type":"ListItem","position":1,"name":"Ana sayfa","item":"https:\/\/www.plasis.com.tr\/en\/"},{"@type":"ListItem","position":2,"name":"\u00dcr\u00fcnlerimiz","item":"https:\/\/www.plasis.com.tr\/urunlerimiz\/"},{"@type":"ListItem","position":3,"name":"045102 Fargo DTC HID Siyah (K) Ribbon kartu\u015f, Standart Black Resin 1000 images"}]},{"@type":"WebSite","@id":"https:\/\/www.plasis.com.tr\/#website","url":"https:\/\/www.plasis.com.tr\/","name":"Plasis","description":"We provide the industry's leading Card production, Printing and System support.","potentialAction":[{"@type":"SearchAction","target":{"@type":"EntryPoint","urlTemplate":"https:\/\/www.plasis.com.tr\/?s={search_term_string}"},"query-input":{"@type":"PropertyValueSpecification","valueRequired":true,"valueName":"search_term_string"}}],"inLanguage":"en-US"}]}},"_links":{"self":[{"href":"https:\/\/www.plasis.com.tr\/en\/wp-json\/wp\/v2\/product\/6688","targetHints":{"allow":["GET"]}}],"collection":[{"href":"https:\/\/www.plasis.com.tr\/en\/wp-json\/wp\/v2\/product"}],"about":[{"href":"https:\/\/www.plasis.com.tr\/en\/wp-json\/wp\/v2\/types\/product"}],"replies":[{"embeddable":true,"href":"https:\/\/www.plasis.com.tr\/en\/wp-json\/wp\/v2\/comments?post=6688"}],"wp:featuredmedia":[{"embeddable":true,"href":"https:\/\/www.plasis.com.tr\/en\/wp-json\/wp\/v2\/media\/6689"}],"wp:attachment":[{"href":"https:\/\/www.plasis.com.tr\/en\/wp-json\/wp\/v2\/media?parent=6688"}],"wp:term":[{"taxonomy":"product_brand","embeddable":true,"href":"https:\/\/www.plasis.com.tr\/en\/wp-json\/wp\/v2\/product_brand?post=6688"},{"taxonomy":"product_cat","embeddable":true,"href":"https:\/\/www.plasis.com.tr\/en\/wp-json\/wp\/v2\/product_cat?post=6688"},{"taxonomy":"product_tag","embeddable":true,"href":"https:\/\/www.plasis.com.tr\/en\/wp-json\/wp\/v2\/product_tag?post=6688"}],"curies":[{"name":"wp","href":"https:\/\/api.w.org\/{rel}","templated":true}]}}