{"id":2359,"date":"2019-10-07T15:00:03","date_gmt":"2019-10-07T12:00:03","guid":{"rendered":"https:\/\/www.plasis.com.tr\/?post_type=product&#038;p=2359"},"modified":"2025-12-05T13:52:56","modified_gmt":"2025-12-05T10:52:56","slug":"seaory-s21-kart-yazici","status":"publish","type":"product","link":"https:\/\/www.plasis.com.tr\/en\/urun\/seaory-s21-kart-yazici\/","title":{"rendered":"SEAORY S21 KART YAZICI"},"content":{"rendered":"<h2><strong>SEAORY S21 tek tarafl\u0131 full renkli bask\u0131 <\/strong><\/h2>\n<p>Seaory S21 kart bask\u0131s\u0131 i\u00e7in kullanaca\u011f\u0131n\u0131z m\u00fckemmel ara\u00e7. Diledi\u011finiz plastik, ak\u0131ll\u0131, RFID, <a href=\"https:\/\/www.plasis.com.tr\/blog\/2021\/02\/01\/akilli-kartlar-cesitleri-ve-fiyatlari\/\">ak\u0131ll\u0131 kartlar<\/a> \u00fczerine g\u00f6rsel tasar\u0131mlar\u0131n\u0131z\u0131n harika aktar\u0131m\u0131. \u0130sterseniz tasar\u0131m\u0131n\u0131z\u0131 profesyonel bir grafik program\u0131nda isterseniz her g\u00fcn kulland\u0131\u011f\u0131n\u0131z ofis programlar\u0131nda yap\u0131n harika bask\u0131lar elinizin alt\u0131nda olsun. Daha profesyonel \u00f6rne\u011fin veritaban\u0131 destekli bir bask\u0131 s\u00fcreci ihtiyac\u0131n\u0131z var ise size \u00fccretsiz profesyonel bir yaz\u0131l\u0131m deste\u011fi de sa\u011fl\u0131yoruz. Projenizde verimli kullan\u0131m i\u00e7in <a href=\"https:\/\/www.plasis.com.tr\/blog\/2021\/01\/18\/plastik-kart-yazici-secimi\/\">Plastik kart yaz\u0131c\u0131<\/a> hakk\u0131nda detayl\u0131 bilgi.<\/p>\n<h2><strong>\u00dccretsiz teslimat, kurulum ve e\u011fitim.<\/strong><\/h2>\n<p><strong>Seaory S21 kart yaz\u0131c\u0131n\u0131z<\/strong> size \u0130stanbul i\u00e7in \u00fccretsiz adresinize teslim edilir. Teslimat s\u0131ras\u0131nda gelen personelimiz Uzman teknik ekibimizdendir. Dilerseniz kurulumunu ve e\u011fitimini sizlere verecektir. Bu hizmetimiz \u0130stanbul i\u00e7in ge\u00e7erlidir. Di\u011fer \u015fehirler i\u00e7in \u00dccretsiz kargo ile g\u00f6nderim sa\u011flan\u0131r kurulum ve e\u011fitim telefon ve uzak masa\u00fcst\u00fc eri\u015fimi ile sa\u011flan\u0131r.<\/p>\n<h2><strong>\u00dccretsiz profesyonel kart bask\u0131 program\u0131<\/strong><\/h2>\n<p><strong>Seaory S21 kart yaz\u0131c\u0131n\u0131z<\/strong> i\u00e7in size \u00fccretsiz olarak profesyonel bir kart tasar\u0131m ve bask\u0131 program\u0131 sunuyoruz. T\u00fcm kart tasar\u0131mlar\u0131n\u0131z\u0131 kolayca haz\u0131rlayabilir bask\u0131 yapabilirsiniz hatta veri taban\u0131 deste\u011fi sayesinde binlerce bilgiyi otomatik olarak bask\u0131ya alabilirsiniz. \u00a0Seaory kart yaz\u0131c\u0131n\u0131n kullan\u0131c\u0131 dostu \u00f6zelliklerinden biri de hem windows hem linux driver olmas\u0131 sayesinde normal bir masa\u00fcst\u00fc yaz\u0131c\u0131 olarakta kurabilmenizdir. \u00a0Bu \u015fu anlama gelecektir; sizin zaten bildi\u011finiz bir program var ise yapt\u0131\u011f\u0131n\u0131z her hangi bir \u00e7al\u0131\u015fmay\u0131 direkt olarak basabilirsiniz. T\u0131pk\u0131 masa\u00fcst\u00fc standart bir A+ ka\u011f\u0131t yaz\u0131c\u0131s\u0131ndan bask\u0131 almak kadar kolay.<\/p>\n<h2><strong>Ethernet ve USB deste\u011fi<\/strong><\/h2>\n<p><strong>Seaory S21 kart yaz\u0131c\u0131s\u0131n\u0131 <\/strong>bir\u00e7ok yaz\u0131c\u0131dan ay\u0131ran en b\u00fcy\u00fck \u00f6zelliklerinden birisi standart ethernet deste\u011fidir. Yaz\u0131c\u0131n\u0131z ald\u0131\u011f\u0131n\u0131zda hi\u00e7bir ilave \u00fccret \u00f6demeden ethernet deste\u011finede sahip olursunuz. Bir \u00e7ok yaz\u0131c\u0131da sadece USB deste\u011fi vard\u0131r. Seaory S21 hem USB hem de ethernet deste\u011finiz sahiptir. USB ile cihaz\u0131n\u0131z\u0131 bir bilgisayara ba\u011flamak ve bask\u0131 yapmak i\u00e7in o bilgisayar\u0131 a\u00e7\u0131k tutmak zorunda kal\u0131rs\u0131n\u0131z. Ayr\u0131ca payla\u015f\u0131m\u0131 zor ve baz\u0131 gereklilkler sa\u011flaman\u0131z\u0131 \u015fart koyar. Oysaki ethernet deste\u011fiyle yaz\u0131c\u0131n\u0131z herhangi bir bilgisayara ba\u011flaman\u0131za gerek kalmaz. Ofisinizin herhangi bir yerine koyarak ethernet ile network ba\u011flant\u0131s\u0131 sa\u011flan\u0131r. A\u011fdaki t\u00fcm bilgisayarlarlar\u0131n\u0131zdan \u00e7\u0131kt\u0131 g\u00f6nderebilirsiniz. Herhangi bir bilgisayara ba\u011fl\u0131 kalmak zorunda olmad\u0131\u011f\u0131nn\u0131zdan o bilgisayar\u0131n a\u00e7\u0131k b\u0131rak\u0131lmas\u0131 da gerekmez.<\/p>\n<p>Ayr\u0131nt\u0131l\u0131 bilgi ve destek i\u00e7in bizi aray\u0131n\u0131z. <strong>02123569673<\/strong><\/p>\n<p>&nbsp;<\/p>\n<h3>Model S21 Masa\u00fcst\u00fc Tek Tarafl\u0131 Kart Yaz\u0131c\u0131s\u0131 Teknik \u00f6zellikler<\/h3>\n<ul>\n<li>Bask\u0131 y\u00f6ntemBoya s\u00fcblmasyonu (Do\u011frudan karta)<\/li>\n<li>Bask\u0131 \u00e7\u00f6z\u00fcn\u00fcrl\u00fc\u011f\u00fc 300 dp \u00d7 300 dp<\/li>\n<li>G\u00f6r\u00fcnt\u00fcle LCM Ekran\u0131<\/li>\n<li>Bellek 128 MB<\/li>\n<li>Bask\u0131 h\u0131z\u0131 Tek taraf mono: kart ba\u015f\u0131na 2 ~ 4s<\/li>\n<li>Tam renkli (YMCKO) bask\u0131: kart ba\u015f\u0131na 20s<\/li>\n<li>Bask\u0131 boyutu ISO-CR80 (85.6mmx53.98mm)<\/li>\n<li>Kart kal\u0131nl\u0131\u011f\u0131 0.3-1.05 mm<\/li>\n<li>Giri\u015f Kapasitesi 100 kart \uff080,76 mm\uff09<\/li>\n<li>\u00c7\u0131k\u0131\u015f kapastesi 50 kart \uff080,76 mm\uff09<\/li>\n<li>Yaz\u0131c\u0131 boyut\u00a0 293 \u00d7 174 \u00d7 208 mm<\/li>\n<li>Yaz\u0131c\u0131 net a\u011f\u0131rl\u0131\u011f\u0131 4.9Kg<\/li>\n<li>\u0130\u015fletim sistemi;\u00a0S\u00fcr\u00fcc\u00fc: Wndows\u00ae XP \/ 7\/8\/10 (32 veya 64 bt), Lnux, Unix deste\u011fi<\/li>\n<li>Kart tasar\u0131m yaz\u0131l\u0131m\u0131: ICARDE\u00ae, Wndows\u00ae XP \/ 7\/8 \/ 10\u2019u (32 veya 64 bt) destekler<\/li>\n<li>Aray\u00fczler USB ve Ethernet (standart)<\/li>\n<li>G\u00fc\u00e7 110-240V, 50 \/ 60Hz<\/li>\n<li>Operasyon durumu: D\u00fczenli \u00e7al\u0131\u015fma s\u0131cakl\u0131\u011f\u0131 : 15 \u2103 -30 \u2103 (59-86 \u2109),% 20 ~% 65 RH yo\u011fu\u015fmas\u0131z. En d\u00fc\u015f\u00fck \/ En y\u00fcksek \u00e7al\u0131\u015fma s\u0131cakl\u0131\u011f\u0131 .: 0 \u2103 (32 \u2109) \/ 40 \u2103 (104 \u2109) ,% 20 ~% 65 RH yo\u011fu\u015fmas\u0131z.<\/li>\n<li>Sarf : Tek renkli siyah \u015ferit: 200m \u00d7 60mm, yakla\u015f\u0131k 2000 bask\u0131 \/ rulo<\/li>\n<\/ul>\n<ul>\n<li>Tek renkli alt\u0131n \/ g\u00fcm\u00fc\u015f \/ beyaz \/ k\u0131rm\u0131z\u0131 \/ mavi \u015ferit: 100m x 60mm, yakla\u015f\u0131k 1000 bask\u0131 \/ rulo<\/li>\n<li>Tam panel YMCKO: 300 bask\u0131 \/ rulo, Tam panel YMCKOK: 240 bask\u0131 \/ rulo<\/li>\n<li>Yar\u0131m panel: 1 \/ 2 ymcKO,\u00a0 450 prints \/ rulo, yar\u0131m panel: 1 \/ 2 ymcKOKO,\u00a0 250 prints \/ rulo<\/li>\n<li>KO \u015ferit: 500 bask\u0131 \/ rulo<\/li>\n<li>Manyetik \u015fertli kart kodlama mod\u00fcl\u00fc ISO7811 H-co \/ D\u00fc\u015f\u00fck-co, 3-Track okuma ve yazma (opsiyon)<\/li>\n<li>\u00c7ift arabirim kart\u0131 kodlama mod\u00fcl\u00fc (opsiyon)<\/li>\n<li>CPU kart\u0131 (ISO 7816, T = 1 ve T = 0), 4 SAM yuvas\u0131 (GSM 11.11 le uyumlu SIM kart boyutuyla ayn\u0131) (opsiyon)<\/li>\n<li>Temass\u0131z CPU kart\u0131 deste\u011fi (ISO14443 T\u0130P A \/ B), PC \/ SC) (opsiyon)<\/li>\n<li>Temass\u0131z kimlik kart\u0131 kodlama mod\u00fcl\u00fc 125 KHz (Beliritlen \u00e7ip t\u00fcr\u00fc) (opsiyon)<\/li>\n<li>UHF \u00e7ip kart\u0131 kodlama mod\u00fcl\u00fc ISO 18000-6C le uyumlu kart okuma ve yazma (opsiyon)<\/li>\n<li>Sertifikalar CCC, FCC, CE, ROHS<\/li>\n<\/ul>\n","protected":false},"excerpt":{"rendered":"<p>SEAORY S21 kart yaz\u0131c\u0131 ile t\u00fcm plastik ve ak\u0131ll\u0131 kartlar\u0131n\u0131za bask\u0131. \u00dccretsiz teslimat ve \u00dccretsiz kurulum &#8211; e\u011fitim firsat\u0131. Y\u00fcksek kalite Uygun fiyat avantaj\u0131. USB ile birlikte Ethernet standart.<\/p>\n","protected":false},"featured_media":2360,"comment_status":"closed","ping_status":"closed","template":"","meta":[],"product_brand":[],"product_cat":[673],"product_tag":[674,675,676,677],"class_list":{"0":"post-2359","1":"product","2":"type-product","3":"status-publish","4":"has-post-thumbnail","6":"product_cat-plastik-kart-yazicilar","7":"product_tag-kart-yazici","8":"product_tag-plastik-kart-yazici","9":"product_tag-seaory","10":"product_tag-seaory-s21","12":"first","13":"instock","14":"featured","15":"taxable","16":"shipping-taxable","17":"purchasable","18":"product-type-simple","19":"prodpage-style2"},"yoast_head":"<!-- This site is optimized with the Yoast SEO plugin v27.3 - https:\/\/yoast.com\/product\/yoast-seo-wordpress\/ -->\n<title>SEAORY S21 Plastik kart yaz\u0131c\u0131 Karta direkt full renkli bask\u0131<\/title>\n<meta name=\"description\" content=\"SEAORY S21 kart yaz\u0131c\u0131 ile t\u00fcm plastik ve ak\u0131ll\u0131 kartlar\u0131n\u0131za bask\u0131. \u00dccretsiz teslimat ve \u00dccretsiz kurulum - e\u011fitim firsat\u0131. Y\u00fcksek kalite Uygun fiyat\" \/>\n<meta name=\"robots\" content=\"index, follow, max-snippet:-1, max-image-preview:large, max-video-preview:-1\" \/>\n<link rel=\"canonical\" href=\"https:\/\/www.plasis.com.tr\/urun\/seaory-s21-kart-yazici\/\" \/>\n<script type=\"application\/ld+json\" class=\"yoast-schema-graph\">{\"@context\":\"https:\\\/\\\/schema.org\",\"@graph\":[{\"@type\":\"WebPage\",\"@id\":\"https:\\\/\\\/www.plasis.com.tr\\\/urun\\\/seaory-s21-kart-yazici\\\/\",\"url\":\"https:\\\/\\\/www.plasis.com.tr\\\/urun\\\/seaory-s21-kart-yazici\\\/\",\"name\":\"SEAORY S21 Plastik kart yaz\u0131c\u0131 Karta direkt full renkli bask\u0131\",\"isPartOf\":{\"@id\":\"https:\\\/\\\/www.plasis.com.tr\\\/#website\"},\"primaryImageOfPage\":{\"@id\":\"https:\\\/\\\/www.plasis.com.tr\\\/urun\\\/seaory-s21-kart-yazici\\\/#primaryimage\"},\"image\":{\"@id\":\"https:\\\/\\\/www.plasis.com.tr\\\/urun\\\/seaory-s21-kart-yazici\\\/#primaryimage\"},\"thumbnailUrl\":\"https:\\\/\\\/www.plasis.com.tr\\\/wp-content\\\/uploads\\\/2019\\\/10\\\/seaory-s21-main.jpg\",\"datePublished\":\"2019-10-07T12:00:03+00:00\",\"dateModified\":\"2025-12-05T10:52:56+00:00\",\"description\":\"SEAORY S21 kart yaz\u0131c\u0131 ile t\u00fcm plastik ve ak\u0131ll\u0131 kartlar\u0131n\u0131za bask\u0131. \u00dccretsiz teslimat ve \u00dccretsiz kurulum - e\u011fitim firsat\u0131. Y\u00fcksek kalite Uygun fiyat\",\"breadcrumb\":{\"@id\":\"https:\\\/\\\/www.plasis.com.tr\\\/urun\\\/seaory-s21-kart-yazici\\\/#breadcrumb\"},\"inLanguage\":\"en-US\",\"potentialAction\":[{\"@type\":\"ReadAction\",\"target\":[\"https:\\\/\\\/www.plasis.com.tr\\\/urun\\\/seaory-s21-kart-yazici\\\/\"]}]},{\"@type\":\"ImageObject\",\"inLanguage\":\"en-US\",\"@id\":\"https:\\\/\\\/www.plasis.com.tr\\\/urun\\\/seaory-s21-kart-yazici\\\/#primaryimage\",\"url\":\"https:\\\/\\\/www.plasis.com.tr\\\/wp-content\\\/uploads\\\/2019\\\/10\\\/seaory-s21-main.jpg\",\"contentUrl\":\"https:\\\/\\\/www.plasis.com.tr\\\/wp-content\\\/uploads\\\/2019\\\/10\\\/seaory-s21-main.jpg\",\"width\":720,\"height\":518,\"caption\":\"seaory s21\"},{\"@type\":\"BreadcrumbList\",\"@id\":\"https:\\\/\\\/www.plasis.com.tr\\\/urun\\\/seaory-s21-kart-yazici\\\/#breadcrumb\",\"itemListElement\":[{\"@type\":\"ListItem\",\"position\":1,\"name\":\"Ana sayfa\",\"item\":\"https:\\\/\\\/www.plasis.com.tr\\\/en\\\/\"},{\"@type\":\"ListItem\",\"position\":2,\"name\":\"\u00dcr\u00fcnlerimiz\",\"item\":\"https:\\\/\\\/www.plasis.com.tr\\\/urunlerimiz\\\/\"},{\"@type\":\"ListItem\",\"position\":3,\"name\":\"SEAORY S21 KART YAZICI\"}]},{\"@type\":\"WebSite\",\"@id\":\"https:\\\/\\\/www.plasis.com.tr\\\/#website\",\"url\":\"https:\\\/\\\/www.plasis.com.tr\\\/\",\"name\":\"Plasis\",\"description\":\"We provide the industry's leading Card production, Printing and System support.\",\"potentialAction\":[{\"@type\":\"SearchAction\",\"target\":{\"@type\":\"EntryPoint\",\"urlTemplate\":\"https:\\\/\\\/www.plasis.com.tr\\\/?s={search_term_string}\"},\"query-input\":{\"@type\":\"PropertyValueSpecification\",\"valueRequired\":true,\"valueName\":\"search_term_string\"}}],\"inLanguage\":\"en-US\"}]}<\/script>\n<!-- \/ Yoast SEO plugin. -->","yoast_head_json":{"title":"SEAORY S21 Plastik kart yaz\u0131c\u0131 Karta direkt full renkli bask\u0131","description":"SEAORY S21 kart yaz\u0131c\u0131 ile t\u00fcm plastik ve ak\u0131ll\u0131 kartlar\u0131n\u0131za bask\u0131. \u00dccretsiz teslimat ve \u00dccretsiz kurulum - e\u011fitim firsat\u0131. Y\u00fcksek kalite Uygun fiyat","robots":{"index":"index","follow":"follow","max-snippet":"max-snippet:-1","max-image-preview":"max-image-preview:large","max-video-preview":"max-video-preview:-1"},"canonical":"https:\/\/www.plasis.com.tr\/urun\/seaory-s21-kart-yazici\/","schema":{"@context":"https:\/\/schema.org","@graph":[{"@type":"WebPage","@id":"https:\/\/www.plasis.com.tr\/urun\/seaory-s21-kart-yazici\/","url":"https:\/\/www.plasis.com.tr\/urun\/seaory-s21-kart-yazici\/","name":"SEAORY S21 Plastik kart yaz\u0131c\u0131 Karta direkt full renkli bask\u0131","isPartOf":{"@id":"https:\/\/www.plasis.com.tr\/#website"},"primaryImageOfPage":{"@id":"https:\/\/www.plasis.com.tr\/urun\/seaory-s21-kart-yazici\/#primaryimage"},"image":{"@id":"https:\/\/www.plasis.com.tr\/urun\/seaory-s21-kart-yazici\/#primaryimage"},"thumbnailUrl":"https:\/\/www.plasis.com.tr\/wp-content\/uploads\/2019\/10\/seaory-s21-main.jpg","datePublished":"2019-10-07T12:00:03+00:00","dateModified":"2025-12-05T10:52:56+00:00","description":"SEAORY S21 kart yaz\u0131c\u0131 ile t\u00fcm plastik ve ak\u0131ll\u0131 kartlar\u0131n\u0131za bask\u0131. \u00dccretsiz teslimat ve \u00dccretsiz kurulum - e\u011fitim firsat\u0131. Y\u00fcksek kalite Uygun fiyat","breadcrumb":{"@id":"https:\/\/www.plasis.com.tr\/urun\/seaory-s21-kart-yazici\/#breadcrumb"},"inLanguage":"en-US","potentialAction":[{"@type":"ReadAction","target":["https:\/\/www.plasis.com.tr\/urun\/seaory-s21-kart-yazici\/"]}]},{"@type":"ImageObject","inLanguage":"en-US","@id":"https:\/\/www.plasis.com.tr\/urun\/seaory-s21-kart-yazici\/#primaryimage","url":"https:\/\/www.plasis.com.tr\/wp-content\/uploads\/2019\/10\/seaory-s21-main.jpg","contentUrl":"https:\/\/www.plasis.com.tr\/wp-content\/uploads\/2019\/10\/seaory-s21-main.jpg","width":720,"height":518,"caption":"seaory s21"},{"@type":"BreadcrumbList","@id":"https:\/\/www.plasis.com.tr\/urun\/seaory-s21-kart-yazici\/#breadcrumb","itemListElement":[{"@type":"ListItem","position":1,"name":"Ana sayfa","item":"https:\/\/www.plasis.com.tr\/en\/"},{"@type":"ListItem","position":2,"name":"\u00dcr\u00fcnlerimiz","item":"https:\/\/www.plasis.com.tr\/urunlerimiz\/"},{"@type":"ListItem","position":3,"name":"SEAORY S21 KART YAZICI"}]},{"@type":"WebSite","@id":"https:\/\/www.plasis.com.tr\/#website","url":"https:\/\/www.plasis.com.tr\/","name":"Plasis","description":"We provide the industry's leading Card production, Printing and System support.","potentialAction":[{"@type":"SearchAction","target":{"@type":"EntryPoint","urlTemplate":"https:\/\/www.plasis.com.tr\/?s={search_term_string}"},"query-input":{"@type":"PropertyValueSpecification","valueRequired":true,"valueName":"search_term_string"}}],"inLanguage":"en-US"}]}},"_links":{"self":[{"href":"https:\/\/www.plasis.com.tr\/en\/wp-json\/wp\/v2\/product\/2359","targetHints":{"allow":["GET"]}}],"collection":[{"href":"https:\/\/www.plasis.com.tr\/en\/wp-json\/wp\/v2\/product"}],"about":[{"href":"https:\/\/www.plasis.com.tr\/en\/wp-json\/wp\/v2\/types\/product"}],"replies":[{"embeddable":true,"href":"https:\/\/www.plasis.com.tr\/en\/wp-json\/wp\/v2\/comments?post=2359"}],"wp:featuredmedia":[{"embeddable":true,"href":"https:\/\/www.plasis.com.tr\/en\/wp-json\/wp\/v2\/media\/2360"}],"wp:attachment":[{"href":"https:\/\/www.plasis.com.tr\/en\/wp-json\/wp\/v2\/media?parent=2359"}],"wp:term":[{"taxonomy":"product_brand","embeddable":true,"href":"https:\/\/www.plasis.com.tr\/en\/wp-json\/wp\/v2\/product_brand?post=2359"},{"taxonomy":"product_cat","embeddable":true,"href":"https:\/\/www.plasis.com.tr\/en\/wp-json\/wp\/v2\/product_cat?post=2359"},{"taxonomy":"product_tag","embeddable":true,"href":"https:\/\/www.plasis.com.tr\/en\/wp-json\/wp\/v2\/product_tag?post=2359"}],"curies":[{"name":"wp","href":"https:\/\/api.w.org\/{rel}","templated":true}]}}