{"id":2026,"date":"2018-02-23T15:28:11","date_gmt":"2018-02-23T12:28:11","guid":{"rendered":"https:\/\/www.plasis.com.tr\/?post_type=product&#038;p=2026"},"modified":"2025-11-01T17:09:02","modified_gmt":"2025-11-01T14:09:02","slug":"boyun-aski-ipi","status":"publish","type":"product","link":"https:\/\/www.plasis.com.tr\/en\/urun\/boyun-aski-ipi\/","title":{"rendered":"Boyun Ask\u0131 \u0130pi"},"content":{"rendered":"<p><span style=\"font-size: 20px;\"><strong>Boyun ask\u0131 ipi<\/strong><\/span> ( 100 Adet)<\/p>\n<p>Logonuz veya diledi\u011finiz g\u00f6rsellerle bask\u0131s\u0131 yap\u0131lm\u0131\u015f dokuma boyun ask\u0131 ipi. Yaka kart\u0131 i\u00e7in \u00f6zel haz\u0131rlanm\u0131\u015f bir \u00fcr\u00fcn. Size \u00f6zel tasar\u0131m ger\u00e7ekle\u015ftiriyor bunu kurumsal renklerinizi koruyarak boyun ask\u0131 ipinin \u00fczerine bas\u0131yoruz. \u00dcstelik \u00fccretsiz numune \u00fcretimi deste\u011fimizle. \u00dccretsiz numune i\u00e7in bize ula\u015f\u0131n 02123569673<\/p>\n<p>\u015eirketinizi prestijli hale getirmek i\u00e7in Harika bir ara\u00e7. \u00e7ok \u00e7e\u015fitli aksesuarlarla yaka kartlar\u0131n\u0131z \u015fekil de\u011fi\u015ftiriyor. Hatta firman\u0131z\u0131n tan\u0131t\u0131m\u0131nda promosyon \u00fcr\u00fcn\u00fc olarak dahi d\u00fc\u015f\u00fcnebilirsiniz.<\/p>\n<p>Genellikle boyun ask\u0131 ipleri 1,5 ila 2cm geni\u015fli\u011finde kuma\u015flara bas\u0131l\u0131r. 2cm geni\u015flik logonun sunumu a\u00e7\u0131s\u0131ndan \u00e7ok daha s\u0131k tercih edilmekte. Buyun ask\u0131 ipini \u00e7e\u015fitli aksesuarlar ile zenginle\u015ftirebilirsiniz.<\/p>\n<ul>\n<li>emniyet klipsi (tak\u0131lma ya da \u00e7ekme durumlar\u0131nda g\u00fcvenlik sa\u011flar)<\/li>\n<li>ara kilit g\u00f6rsel zenginlik katman\u0131n yan\u0131s\u0131ra ask\u0131y\u0131 boyundan \u00e7\u0131karmadan aparatlar\u0131n ayr\u0131lmas\u0131n\u0131 sa\u011flar.<\/li>\n<li>paris kanca, tel kanca, metal klips, plastik klips, D halka, telefon tutucu gibi \u00e7e\u015fitli ba\u011flant\u0131 aksesuarlar\u0131yla sonland\u0131r\u0131labilir.<\/li>\n<li>kart yoyosu kullan\u0131m\u0131 sayesinde kart\u0131 \u00e7\u0131karmak ya da, proximity kartlarda kart\u0131 okuyucuya uzatma problemini \u00e7\u00f6zer, kart \u00e7ekildi\u011finde ipi uzar, b\u0131rak\u0131ld\u0131\u011f\u0131nda yerine geri gelir.<\/li>\n<li>kart koruyucu ve kart kab\u0131; kart\u0131n delinip tak\u0131lmas\u0131 istenmeyen durumlarda kart\u0131n i\u00e7ine koyulmas\u0131 i\u00e7in \u00f6zel ekipmanlard\u0131r.<\/li>\n<\/ul>\n<p>Boyun ask\u0131 iplerinin tasar\u0131m\u0131nda firmam\u0131z \u00fcr\u00fcnleri i\u00e7in renk k\u0131s\u0131tlamas\u0131 yoktur. Tasar\u0131mlar\u0131n\u0131z s\u0131n\u0131rs\u0131z renk i\u00e7erebilir. Dokuma buyun ask\u0131 ipleri i\u00e7in se\u00e7ti\u011fimiz ip dokusu dokuma tekni\u011fi ve kalitesi 2004 y\u0131l\u0131ndan beri titizlikle \u00fczerinde durdu\u011fumuz ve zaman i\u00e7erisinde m\u00fckemelle\u015ftirdi\u011fimiz bir kuma\u015ft\u0131r. Teninizde rahats\u0131z edici bir his uyand\u0131rmaz. Y\u00fcksek bask\u0131 kalitesine yard\u0131mc\u0131 olur. G\u00f6rsel tasar\u0131m\u0131n\u0131z\u0131n m\u00fckemmel g\u00f6r\u00fclmesini sa\u011flar.<\/p>\n<p><strong>\u00dccretsiz profosyonel tasar\u0131m deste\u011fi ile m\u00fckemmel \u00fcr\u00fcne kavu\u015fun<\/strong><\/p>\n<div style=\"width: 1170px;\" class=\"wp-video\"><video class=\"wp-video-shortcode\" id=\"video-2026-1\" width=\"1170\" height=\"658\" preload=\"metadata\" controls=\"controls\"><source type=\"video\/mp4\" src=\"https:\/\/www.plasis.com.tr\/wp-content\/uploads\/2019\/08\/UcretsizTasarim-1.mp4?_=1\" \/><a href=\"https:\/\/www.plasis.com.tr\/wp-content\/uploads\/2019\/08\/UcretsizTasarim-1.mp4\">https:\/\/www.plasis.com.tr\/wp-content\/uploads\/2019\/08\/UcretsizTasarim-1.mp4<\/a><\/video><\/div>\n<p>&nbsp;<\/p>\n<p>\u00d6zel geli\u015ftirdi\u011fimiz g\u00f6r\u00fcnt\u00fc olu\u015fturma tekni\u011fi sayesinde bask\u0131 ipin \u00fczerinden kaz\u0131ma yolu ile dahi \u00e7\u0131kmaz. Bu hem boyun ask\u0131 ipinin uzun y\u0131llar solmadan m\u00fckemmel g\u00f6r\u00fcn\u00fc\u015f\u00fcn\u00fc korumas\u0131n\u0131 sa\u011flar, hem de boyalar\u0131n \u00e7\u0131karak giysilerinize ya da teninize zar vermesinin \u00f6n\u00fcne ge\u00e7er. Hatta testlerimiz; ter, alkol(parf\u00fcm), ya\u011f, \u00e7ama\u015f\u0131r suyu gibi g\u00fcnl\u00fck hayatta temas riskleri bulunan maddelere kar\u015f\u0131 yap\u0131lm\u0131\u015f olup \u00fcr\u00fcn\u00fcn bask\u0131s\u0131 konusunda y\u00fcksek performans sergilemi\u015ftir. Sizlere \u00fcr\u00fcn\u00fcm\u00fcz\u00fc di\u011fer \u00fcr\u00fcnlerden ay\u0131rt edebilmenizi sa\u011flamak i\u00e7in \u00fccretsiz numune hizmeti vermeye \u00e7al\u0131\u015f\u0131yoruz. Sizde \u00f6zel \u00fcretilen numunenizi al\u0131p diledi\u011finiz \u015fekilde test edebilirsiniz. Belkide bizim bile fark edemedi\u011fimiz \u00fcst\u00fcn \u00f6zelliklerimizi bizimle payla\u015f\u0131rs\u0131n\u0131z.<\/p>\n<div style=\"width: 1170px;\" class=\"wp-video\"><video class=\"wp-video-shortcode\" id=\"video-2026-2\" width=\"1170\" height=\"658\" preload=\"metadata\" controls=\"controls\"><source type=\"video\/mp4\" src=\"https:\/\/www.plasis.com.tr\/wp-content\/uploads\/2019\/09\/kart-ipi-tercih-2.mp4?_=2\" \/><a href=\"https:\/\/www.plasis.com.tr\/wp-content\/uploads\/2019\/09\/kart-ipi-tercih-2.mp4\">https:\/\/www.plasis.com.tr\/wp-content\/uploads\/2019\/09\/kart-ipi-tercih-2.mp4<\/a><\/video><\/div>\n<p>&nbsp;<\/p>\n<p><strong>Fiyat\u0131 verilmi\u015f \u00fcr\u00fcn beyaz zemine full renkli paris kancal\u0131 100 adet i\u00e7indir.<\/strong> Sipari\u015f miktar\u0131 artt\u0131k\u00e7a \u00fcr\u00fcn\u00fcn birim fiyat\u0131 h\u0131zla azal\u0131r. Ayr\u0131ca kurumunuzun \u00e7e\u015fit ihtiya\u00e7lar\u0131 size \u00f6zel olabilir. Avantajl\u0131 size \u00f6zel fiyatlardan yararlanmak, ideal \u00fcr\u00fcn\u00fc belirleyebilmek ve \u00fccretsiz numune hizmetimizden yararlanabilmek i\u00e7in bizi aray\u0131n 02123569673<\/p>\n","protected":false},"excerpt":{"rendered":"<p>Boyun ask\u0131 ipi (100 adet) kurumsal renkleriniz ile yap\u0131lm\u0131\u015f logolu bask\u0131l\u0131.<\/p>\n","protected":false},"featured_media":8817,"comment_status":"closed","ping_status":"closed","template":"","meta":[],"product_brand":[],"product_cat":[727],"product_tag":[590,586,742,587,591,588,589],"class_list":{"0":"post-2026","1":"product","2":"type-product","3":"status-publish","4":"has-post-thumbnail","6":"product_cat-yaka-karti-aksesuari-ipler-ve-yoyolar","7":"product_tag-aski-ipi","8":"product_tag-boyun-aski-ipi","9":"product_tag-dokuma-boyun-askisi","10":"product_tag-kart-aski-ipi","11":"product_tag-kart-ipi","12":"product_tag-kart-koruyucu","13":"product_tag-kart-yoyosu","15":"first","16":"instock","17":"featured","18":"taxable","19":"shipping-taxable","20":"purchasable","21":"product-type-simple","22":"prodpage-style2"},"yoast_head":"<!-- This site is optimized with the Yoast SEO plugin v27.5 - https:\/\/yoast.com\/product\/yoast-seo-wordpress\/ -->\n<title>Boyun Ask\u0131 \u0130pi | \u00d6zel F\u0130YATLAR | Modeller ve Kart Aksesuarlar\u0131<\/title>\n<meta name=\"description\" content=\"Boyun Ask\u0131 ipi, MODELLER ve \u00dcRET\u0130M. Bask\u0131l\u0131 ve logolu \u00fcr\u00fcnler. Size \u00f6zel \u00fccretsiz tasar\u0131m deste\u011fi. F\u0130YATLAR. Boyun ask\u0131 ipilerinde | DO\u011eRU ADRES |\" \/>\n<meta name=\"robots\" content=\"index, follow, max-snippet:-1, max-image-preview:large, max-video-preview:-1\" \/>\n<link rel=\"canonical\" href=\"https:\/\/www.plasis.com.tr\/urun\/boyun-aski-ipi\/\" \/>\n<script type=\"application\/ld+json\" class=\"yoast-schema-graph\">{\"@context\":\"https:\\\/\\\/schema.org\",\"@graph\":[{\"@type\":\"WebPage\",\"@id\":\"https:\\\/\\\/www.plasis.com.tr\\\/urun\\\/boyun-aski-ipi\\\/\",\"url\":\"https:\\\/\\\/www.plasis.com.tr\\\/urun\\\/boyun-aski-ipi\\\/\",\"name\":\"Boyun Ask\u0131 \u0130pi | \u00d6zel F\u0130YATLAR | Modeller ve Kart Aksesuarlar\u0131\",\"isPartOf\":{\"@id\":\"https:\\\/\\\/www.plasis.com.tr\\\/#website\"},\"primaryImageOfPage\":{\"@id\":\"https:\\\/\\\/www.plasis.com.tr\\\/urun\\\/boyun-aski-ipi\\\/#primaryimage\"},\"image\":{\"@id\":\"https:\\\/\\\/www.plasis.com.tr\\\/urun\\\/boyun-aski-ipi\\\/#primaryimage\"},\"thumbnailUrl\":\"https:\\\/\\\/www.plasis.com.tr\\\/wp-content\\\/uploads\\\/2018\\\/02\\\/boyun-aski-ipi.jpg\",\"datePublished\":\"2018-02-23T12:28:11+00:00\",\"dateModified\":\"2025-11-01T14:09:02+00:00\",\"description\":\"Boyun Ask\u0131 ipi, MODELLER ve \u00dcRET\u0130M. Bask\u0131l\u0131 ve logolu \u00fcr\u00fcnler. Size \u00f6zel \u00fccretsiz tasar\u0131m deste\u011fi. F\u0130YATLAR. Boyun ask\u0131 ipilerinde | DO\u011eRU ADRES |\",\"breadcrumb\":{\"@id\":\"https:\\\/\\\/www.plasis.com.tr\\\/urun\\\/boyun-aski-ipi\\\/#breadcrumb\"},\"inLanguage\":\"en-US\",\"potentialAction\":[{\"@type\":\"ReadAction\",\"target\":[\"https:\\\/\\\/www.plasis.com.tr\\\/urun\\\/boyun-aski-ipi\\\/\"]}]},{\"@type\":\"ImageObject\",\"inLanguage\":\"en-US\",\"@id\":\"https:\\\/\\\/www.plasis.com.tr\\\/urun\\\/boyun-aski-ipi\\\/#primaryimage\",\"url\":\"https:\\\/\\\/www.plasis.com.tr\\\/wp-content\\\/uploads\\\/2018\\\/02\\\/boyun-aski-ipi.jpg\",\"contentUrl\":\"https:\\\/\\\/www.plasis.com.tr\\\/wp-content\\\/uploads\\\/2018\\\/02\\\/boyun-aski-ipi.jpg\",\"width\":794,\"height\":560,\"caption\":\"boyun ask\u0131 ipi\"},{\"@type\":\"BreadcrumbList\",\"@id\":\"https:\\\/\\\/www.plasis.com.tr\\\/urun\\\/boyun-aski-ipi\\\/#breadcrumb\",\"itemListElement\":[{\"@type\":\"ListItem\",\"position\":1,\"name\":\"Ana sayfa\",\"item\":\"https:\\\/\\\/www.plasis.com.tr\\\/en\\\/\"},{\"@type\":\"ListItem\",\"position\":2,\"name\":\"\u00dcr\u00fcnlerimiz\",\"item\":\"https:\\\/\\\/www.plasis.com.tr\\\/urunlerimiz\\\/\"},{\"@type\":\"ListItem\",\"position\":3,\"name\":\"Boyun Ask\u0131 \u0130pi\"}]},{\"@type\":\"WebSite\",\"@id\":\"https:\\\/\\\/www.plasis.com.tr\\\/#website\",\"url\":\"https:\\\/\\\/www.plasis.com.tr\\\/\",\"name\":\"Plasis\",\"description\":\"We provide the industry's leading Card production, Printing and System support.\",\"potentialAction\":[{\"@type\":\"SearchAction\",\"target\":{\"@type\":\"EntryPoint\",\"urlTemplate\":\"https:\\\/\\\/www.plasis.com.tr\\\/?s={search_term_string}\"},\"query-input\":{\"@type\":\"PropertyValueSpecification\",\"valueRequired\":true,\"valueName\":\"search_term_string\"}}],\"inLanguage\":\"en-US\"}]}<\/script>\n<!-- \/ Yoast SEO plugin. -->","yoast_head_json":{"title":"Boyun Ask\u0131 \u0130pi | \u00d6zel F\u0130YATLAR | Modeller ve Kart Aksesuarlar\u0131","description":"Boyun Ask\u0131 ipi, MODELLER ve \u00dcRET\u0130M. Bask\u0131l\u0131 ve logolu \u00fcr\u00fcnler. Size \u00f6zel \u00fccretsiz tasar\u0131m deste\u011fi. F\u0130YATLAR. Boyun ask\u0131 ipilerinde | DO\u011eRU ADRES |","robots":{"index":"index","follow":"follow","max-snippet":"max-snippet:-1","max-image-preview":"max-image-preview:large","max-video-preview":"max-video-preview:-1"},"canonical":"https:\/\/www.plasis.com.tr\/urun\/boyun-aski-ipi\/","schema":{"@context":"https:\/\/schema.org","@graph":[{"@type":"WebPage","@id":"https:\/\/www.plasis.com.tr\/urun\/boyun-aski-ipi\/","url":"https:\/\/www.plasis.com.tr\/urun\/boyun-aski-ipi\/","name":"Boyun Ask\u0131 \u0130pi | \u00d6zel F\u0130YATLAR | Modeller ve Kart Aksesuarlar\u0131","isPartOf":{"@id":"https:\/\/www.plasis.com.tr\/#website"},"primaryImageOfPage":{"@id":"https:\/\/www.plasis.com.tr\/urun\/boyun-aski-ipi\/#primaryimage"},"image":{"@id":"https:\/\/www.plasis.com.tr\/urun\/boyun-aski-ipi\/#primaryimage"},"thumbnailUrl":"https:\/\/www.plasis.com.tr\/wp-content\/uploads\/2018\/02\/boyun-aski-ipi.jpg","datePublished":"2018-02-23T12:28:11+00:00","dateModified":"2025-11-01T14:09:02+00:00","description":"Boyun Ask\u0131 ipi, MODELLER ve \u00dcRET\u0130M. Bask\u0131l\u0131 ve logolu \u00fcr\u00fcnler. Size \u00f6zel \u00fccretsiz tasar\u0131m deste\u011fi. F\u0130YATLAR. Boyun ask\u0131 ipilerinde | DO\u011eRU ADRES |","breadcrumb":{"@id":"https:\/\/www.plasis.com.tr\/urun\/boyun-aski-ipi\/#breadcrumb"},"inLanguage":"en-US","potentialAction":[{"@type":"ReadAction","target":["https:\/\/www.plasis.com.tr\/urun\/boyun-aski-ipi\/"]}]},{"@type":"ImageObject","inLanguage":"en-US","@id":"https:\/\/www.plasis.com.tr\/urun\/boyun-aski-ipi\/#primaryimage","url":"https:\/\/www.plasis.com.tr\/wp-content\/uploads\/2018\/02\/boyun-aski-ipi.jpg","contentUrl":"https:\/\/www.plasis.com.tr\/wp-content\/uploads\/2018\/02\/boyun-aski-ipi.jpg","width":794,"height":560,"caption":"boyun ask\u0131 ipi"},{"@type":"BreadcrumbList","@id":"https:\/\/www.plasis.com.tr\/urun\/boyun-aski-ipi\/#breadcrumb","itemListElement":[{"@type":"ListItem","position":1,"name":"Ana sayfa","item":"https:\/\/www.plasis.com.tr\/en\/"},{"@type":"ListItem","position":2,"name":"\u00dcr\u00fcnlerimiz","item":"https:\/\/www.plasis.com.tr\/urunlerimiz\/"},{"@type":"ListItem","position":3,"name":"Boyun Ask\u0131 \u0130pi"}]},{"@type":"WebSite","@id":"https:\/\/www.plasis.com.tr\/#website","url":"https:\/\/www.plasis.com.tr\/","name":"Plasis","description":"We provide the industry's leading Card production, Printing and System support.","potentialAction":[{"@type":"SearchAction","target":{"@type":"EntryPoint","urlTemplate":"https:\/\/www.plasis.com.tr\/?s={search_term_string}"},"query-input":{"@type":"PropertyValueSpecification","valueRequired":true,"valueName":"search_term_string"}}],"inLanguage":"en-US"}]}},"_links":{"self":[{"href":"https:\/\/www.plasis.com.tr\/en\/wp-json\/wp\/v2\/product\/2026","targetHints":{"allow":["GET"]}}],"collection":[{"href":"https:\/\/www.plasis.com.tr\/en\/wp-json\/wp\/v2\/product"}],"about":[{"href":"https:\/\/www.plasis.com.tr\/en\/wp-json\/wp\/v2\/types\/product"}],"replies":[{"embeddable":true,"href":"https:\/\/www.plasis.com.tr\/en\/wp-json\/wp\/v2\/comments?post=2026"}],"wp:featuredmedia":[{"embeddable":true,"href":"https:\/\/www.plasis.com.tr\/en\/wp-json\/wp\/v2\/media\/8817"}],"wp:attachment":[{"href":"https:\/\/www.plasis.com.tr\/en\/wp-json\/wp\/v2\/media?parent=2026"}],"wp:term":[{"taxonomy":"product_brand","embeddable":true,"href":"https:\/\/www.plasis.com.tr\/en\/wp-json\/wp\/v2\/product_brand?post=2026"},{"taxonomy":"product_cat","embeddable":true,"href":"https:\/\/www.plasis.com.tr\/en\/wp-json\/wp\/v2\/product_cat?post=2026"},{"taxonomy":"product_tag","embeddable":true,"href":"https:\/\/www.plasis.com.tr\/en\/wp-json\/wp\/v2\/product_tag?post=2026"}],"curies":[{"name":"wp","href":"https:\/\/api.w.org\/{rel}","templated":true}]}}