{"id":1991,"date":"2018-02-18T20:34:05","date_gmt":"2018-02-18T17:34:05","guid":{"rendered":"https:\/\/www.plasis.com.tr\/?post_type=product&#038;p=1991"},"modified":"2026-02-06T16:01:03","modified_gmt":"2026-02-06T13:01:03","slug":"plastik-kart","status":"publish","type":"product","link":"https:\/\/www.plasis.com.tr\/en\/urun\/plastik-kart\/","title":{"rendered":"Plastik kart"},"content":{"rendered":"<h2><span style=\"font-size: 19px;\"><strong>Plastik Kart<\/strong><\/span><\/h2>\n<p>Plastik kart \u00fcretimi Firmam\u0131z\u0131n rakiplerinden ayr\u0131ld\u0131\u011f\u0131 \u00fcst\u00fcn bir uzmanl\u0131k dal\u0131d\u0131r. Ayr\u0131ca 2004 y\u0131l\u0131ndan bu yana \u00fclkemizde ve d\u00fcnyada geli\u015fen teknolojiye uyum sa\u011flayan y\u00fcksek kalitede geli\u015fmi\u015f \u00fcr\u00fcnlerle plastik kart \u00fcretimimizi s\u00fcrd\u00fcr\u00fcyoruz.<\/p>\n<p>Plastik kartlar \u00fcretim teknikleri ve i\u00e7erdikleri \u00f6zelliklere g\u00f6re s\u0131n\u0131fland\u0131r\u0131labilirler;<\/p>\n<p>Bask\u0131 tiplerine g\u00f6re ofset bask\u0131, dijital bask\u0131, termal bask\u0131 gibi yayg\u0131n bask\u0131 teknikleri kullan\u0131l\u0131r. Bu tekniklerde amaca maliyete ve baz\u0131 fiziksel kriterlere bak\u0131larak ihtiyac\u0131n\u0131za uygun olan y\u00f6ntem nedenleriyle birlikte sizlere tavsiye edilir.<\/p>\n<h2>Tasar\u0131m\u0131 burada yapmak istiyorum<\/h2>\n<p>Dilerseniz sitemizin tasar\u0131m ara\u00e7lar\u0131n\u0131 kullanarak kendi tasar\u0131m\u0131z\u0131 yapabilirsiniz. Kendi tasar\u0131m\u0131n \u201cKendi eserin\u201d\u00a0<a href=\"https:\/\/www.plasis.com.tr\/urun\/ozel-baskili-logolu-pvc-plastik-kart-kendi-kartini-tasarla\/\" target=\"_blank\" rel=\"noopener\">\u015eimdi Ba\u015fla, tasar\u0131m arac\u0131n\u0131 a\u00e7\u00a0<\/a><a href=\"https:\/\/www.plasis.com.tr\/urun\/ozel-baskili-logolu-proximity-kart-kendi-kartini-tasarla\/\" target=\"_blank\" rel=\"noopener\">\ud83c\udfa8<\/a><\/p>\n<h2><strong>Barkodlu plastik kartlar<\/strong>;<\/h2>\n<p><a href=\"https:\/\/www.plasis.com.tr\/urun\/barkodlu-plastik-kart\/\">barkodlu kartta<\/a> sisteminize uygun barkod tipi belirlenerek verece\u011finiz data ya da uygun algoritmalarla \u00fcretilmi\u015f barkodlar plasis in \u00f6zel y\u00f6ntemleriyle kartlara bas\u0131l\u0131r. bu y\u00f6ntemin en \u00f6nemli \u00f6zelli\u011fi hatas\u0131z data kontrol\u00fc i\u00e7ermesi ve bask\u0131n\u0131n \u00f6zel bir koruyucu katman alt\u0131na al\u0131nmas\u0131d\u0131r. bu sayede milyonlarca kart dahi bast\u0131rsan\u0131z ne bir eksik barkodunuz olur ne de tekrarlayan bir barkodunuz.<\/p>\n<p>Ayr\u0131ca t\u00fcm barkodlar\u0131n\u0131z\u0131n sisteminde hatas\u0131z okunaca\u011f\u0131 garanti alt\u0131ndad\u0131r. Ayr\u0131ca PLAS\u0130S taraf\u0131ndan kullan\u0131lan \u00f6zel koruyucu katman kart\u0131n uzun \u00f6m\u00fcrl\u00fc olmas\u0131na \u00e7ok b\u00fcy\u00fck katk\u0131 sa\u011flar. Barkod \u00fczerindeki numaran\u0131n takibi ile \u00e7al\u0131\u015fan projelerde kullan\u0131l\u0131r. \u00dcyelik takibi, m\u00fc\u015fteri takibi gibi projelerde uygundur. \u00d6rne\u011fim market kartlar\u0131, m\u00fc\u015fteri kartlar\u0131, \u00fcye kartlar\u0131, garanti sertifikalar\u0131 gibi uygulama alanlar\u0131nda s\u0131k\u00e7a t\u00fcketilir.<\/p>\n<p>G\u00fcn\u00fcmde mobil ak\u0131ll\u0131 cihazlar (cep telefonu gibi) geli\u015fmi\u015f kameralara sahip. Bu da kartlarda QR kod yani karekod uygulamas\u0131 da s\u0131k\u00e7a kar\u015f\u0131m\u0131za \u00e7\u0131kmakta. \u00dcretti\u011fimiz kartlar\u0131n i\u00e7erisinde QR karekodlu kartlar \u00f6nemli bir yer tutmaya ba\u015flamakta.<\/p>\n<h3>Standart Barkodlar<\/h3>\n<p>Standart barkodlarlar marketlerden ald\u0131\u011f\u0131m\u0131z \u00fcr\u00fcnlerdeki gibi \u00e7izgi barkodlard\u0131r. Barkod adlar\u0131 genellikle UPC, EAN, EAN-13, EAN-8, Code 39, Code 93, Code 128 dir. \u015feklinde olur.<\/p>\n<h3>QR Karekod barkodlar<\/h3>\n<p>Bu barkod tipi yeni yeni yay\u0131lmaya ba\u015flad\u0131 \u00fcr\u00fcn \u00f6rne\u011fi vermek gerekirse ila\u00e7 kutular\u0131nda g\u00f6rebilirsiniz. Bu kodlama tipi \u00e7ok fazla bilgi i\u00e7erebildi\u011finden yepyeni kullan\u0131m alanlar\u0131na olanak tan\u0131r plastik kartlar i\u00e7inde yepyeni alanlara imkan tan\u0131m\u0131\u015ft\u0131r bak\u0131n\u0131z: <a href=\"https:\/\/www.plasis.com.tr\/blog\/2019\/12\/11\/karekodlu-kart-qr-kart\/\">karekodlu kart<\/a><\/p>\n<h2><strong>Manyetik bantl\u0131 plastik kartlar<\/strong>;<\/h2>\n<p>\u00dcretti\u011fimiz manyetik kartlar uzun y\u0131llard\u0131r geli\u015ftirdi\u011fimiz y\u00f6ntemler sayesinde sizlere y\u00fcksek kalite olarak yans\u0131m\u0131\u015ft\u0131r. Bu durumda y\u00fcksek ve d\u00fc\u015f\u00fck yo\u011funluklu olarak iki tip band\u0131 desteklemekteyiz. \u00dcretilen manyetik bantl\u0131 plastik kartlar\u0131 dilerseniz kodlanmadan sisteminizde kodlamaya uygun dilerseniz sisteminizle uyumlu halde datalar\u0131n kodland\u0131\u011f\u0131 bi\u00e7imiyle sipari\u015f edebilirsiniz.<\/p>\n<h2><strong>Kontakl\u0131 temasl\u0131 \u00e7ipli plastik kart<\/strong>:<\/h2>\n<p>bir\u00e7ok sistemimizde yerine temass\u0131z proximity-RFID kartlar\u0131 ba\u015far\u0131yla kulland\u0131\u011f\u0131m\u0131zdan \u00fcretmiyoruz.<\/p>\n<h2><strong>Temass\u0131z ak\u0131ll\u0131 plastik kart<\/strong>:<\/h2>\n<p>Bu yap\u0131daki plastik kartlar bask\u0131l\u0131 iki tabakan\u0131n i\u00e7erisine yerle\u015ftirilmi\u015f bir anten ve \u00e7ip ile basit\u00e7e a\u00e7\u0131klanabilir. proximity kart ve <a href=\"https:\/\/www.plasis.com.tr\/urun\/rfid-kart\/\">RFID kart<\/a> gibi terimlerle s\u0131k\u00e7a kar\u015f\u0131m\u0131za \u00e7\u0131karlar. Tabiki de\u011fi\u015fik \u00e7ipler ve frekanslar ile \u00f6zellikler i\u00e7erirler. Bu alanda sipari\u015flerinizde mutlaka bizimle ileti\u015fime ge\u00e7in. B\u00f6ylece istemleriniz ile tam uyumlu yap\u0131y\u0131 belirlememiz gerekli bu hizmetleri \u00fccretsiz vermekteyiz. hatta \u00fccretsiz numune \u00fcretimi bile talep edebilirsiniz bizi aramaktan \u00e7ekinmeyin. 02123569673 \u00d6rne\u011fin &#8220;ge\u00e7i\u015f kontrol sistemim i\u00e7in hangi \u00e7ipi tercih edebilirim?<\/p>\n<p><strong>\u00dccretsiz Tasar\u0131m Deste\u011fi.<\/strong>\u00a0Kart\u0131n\u0131z\u0131n amac\u0131n\u0131za uygun sizi ve hedefinizi a\u00e7\u0131k\u00e7a g\u00f6steren \u015f\u0131k ve etkileyici bir tasar\u0131ma ihtiyac\u0131 vard\u0131r. Tasar\u0131ma ay\u0131racak zaman\u0131n\u0131z ya da kayna\u011f\u0131n\u0131z olmayabilir. Ancak size m\u00fckemmel \u00fcr\u00fcn\u00fc sunabilmemiz i\u00e7in m\u00fckemmel bir tasar\u0131m\u0131n da \u015fart oldu\u011funun fark\u0131nday\u0131z. Bu y\u00fczden size profesyonel tasar\u0131mc\u0131lar\u0131m\u0131zla destek vermeye haz\u0131r\u0131z. \u00dcstelik \u00fccretsiz.<\/p>\n<div style=\"width: 1170px;\" class=\"wp-video\"><video class=\"wp-video-shortcode\" id=\"video-1991-1\" width=\"1170\" height=\"658\" preload=\"metadata\" controls=\"controls\"><source type=\"video\/mp4\" src=\"https:\/\/www.plasis.com.tr\/wp-content\/uploads\/2019\/08\/UcretsizTasarim-1.mp4?_=1\" \/><a href=\"https:\/\/www.plasis.com.tr\/wp-content\/uploads\/2019\/08\/UcretsizTasarim-1.mp4\">https:\/\/www.plasis.com.tr\/wp-content\/uploads\/2019\/08\/UcretsizTasarim-1.mp4<\/a><\/video><\/div>\n<p><strong>Fiyat:<\/strong> \u00dcr\u00fcn i\u00e7in fiyat de\u011fi\u015fkendir. \u00d6zelliklerden ve miktardan etkilenmektedir. \u00d6rne\u011fin kartta \u00e7ip olmas\u0131, manyetik bant olmas\u0131 gibi. Fikir vermesi a\u00e7\u0131s\u0131ndan yukar\u0131daki \u00fcr\u00fcne ait fiyat 4,3\u20ba de\u011feri. 250 adet \u00e7ift y\u00fcz\u00fc bask\u0131l\u0131 plastik kart\u0131n birim fiyat\u0131 i\u00e7in ge\u00e7erlidir. Ayn\u0131 kartta <a href=\"https:\/\/www.plasis.com.tr\/urun\/proximity-kart\/\">125kHz proximity \u00e7ip<\/a> kullan\u0131lsa idi fiyat\u0131 6,7\u20ba ye \u00e7\u0131kacakt\u0131. Ya da miktar\u0131 250 adet yerine 100.000 adet olsayd\u0131 birim fiyat\u0131 4,3\u20ba den 2,2\u20ba ye d\u00fc\u015fecekti. Bu y\u00fczden ihtiyac\u0131n\u0131z belirterek size \u00f6zel fiyatlar\u0131m\u0131z i\u00e7in bize 02123569673 numaral\u0131 telefondan ula\u015fabilirsiniz. Yada bu sayfay\u0131 cep telefonunuzdan a\u00e7\u0131n\u0131z ise a\u015fa\u011f\u0131daki linke t\u0131klay\u0131n\u0131z.<\/p>\n<p>Bizi aramadan sipari\u015f vermeyiniz.!\u00a0 <a href=\"tel:02123569673\" data-rich-text-format-boundary=\"true\">\u015eimdi Ara (0212) 356 9673<\/a><\/p>\n<table style=\"height: 385px;\" width=\"635\">\n<tbody>\n<tr>\n<td width=\"70\">\n<div id=\"attachment_4025\" style=\"width: 642px\" class=\"wp-caption alignleft\"><a href=\"https:\/\/www.plasis.com.tr\/wp-content\/uploads\/2018\/02\/Plastik_kart_fiyat_tablosu.jpg\"><img loading=\"lazy\" decoding=\"async\" aria-describedby=\"caption-attachment-4025\" class=\"size-full wp-image-4025\" src=\"https:\/\/www.plasis.com.tr\/wp-content\/uploads\/2018\/02\/Plastik_kart_fiyat_tablosu.jpg\" alt=\"Plastik Kart fiyat tablosu\" width=\"632\" height=\"339\" srcset=\"https:\/\/www.plasis.com.tr\/wp-content\/uploads\/2018\/02\/Plastik_kart_fiyat_tablosu.jpg 632w, https:\/\/www.plasis.com.tr\/wp-content\/uploads\/2018\/02\/Plastik_kart_fiyat_tablosu-300x161.jpg 300w, https:\/\/www.plasis.com.tr\/wp-content\/uploads\/2018\/02\/Plastik_kart_fiyat_tablosu-280x150.jpg 280w, https:\/\/www.plasis.com.tr\/wp-content\/uploads\/2018\/02\/Plastik_kart_fiyat_tablosu-600x322.jpg 600w\" sizes=\"auto, (max-width: 632px) 100vw, 632px\" \/><\/a><p id=\"caption-attachment-4025\" class=\"wp-caption-text\">Plastik Kart fiyat tablosu<\/p><\/div><\/td>\n<\/tr>\n<\/tbody>\n<\/table>\n","protected":false},"excerpt":{"rendered":"<p>Plastik kart ve kart \u00e7e\u015fitleri \u00fcretimi<\/p>\n","protected":false},"featured_media":8815,"comment_status":"closed","ping_status":"closed","template":"","meta":[],"product_brand":[],"product_cat":[524],"product_tag":[569,983,768],"class_list":{"0":"post-1991","1":"product","2":"type-product","3":"status-publish","4":"has-post-thumbnail","6":"product_cat-akilli-kartlar-ve-aksesuarlari","7":"product_tag-plastik-kart","8":"product_tag-plastik-kartlar","9":"product_tag-pvc-kart","11":"first","12":"instock","13":"taxable","14":"shipping-taxable","15":"purchasable","16":"product-type-simple","17":"prodpage-style2"},"yoast_head":"<!-- This site is optimized with the Yoast SEO plugin v27.3 - https:\/\/yoast.com\/product\/yoast-seo-wordpress\/ -->\n<title>Plastik Kart Bask\u0131, \u00fcretim, tasar\u0131m. uygun fiyat PLAS\u0130S do\u011fru adres<\/title>\n<meta name=\"description\" content=\"Plastik kart \u00e7e\u015fitleri. Barkodlu, manyetik, ak\u0131ll\u0131 kartlartlar. \u0130ndirim kartlar\u0131, Kimlik kartlar\u0131, Yaka kartlar\u0131 ve bir\u00e7ok \u00e7e\u015fit Plastik Kart.\" \/>\n<meta name=\"robots\" content=\"index, follow, max-snippet:-1, max-image-preview:large, max-video-preview:-1\" \/>\n<link rel=\"canonical\" href=\"https:\/\/www.plasis.com.tr\/urun\/plastik-kart\/\" \/>\n<script type=\"application\/ld+json\" class=\"yoast-schema-graph\">{\"@context\":\"https:\\\/\\\/schema.org\",\"@graph\":[{\"@type\":\"WebPage\",\"@id\":\"https:\\\/\\\/www.plasis.com.tr\\\/urun\\\/plastik-kart\\\/\",\"url\":\"https:\\\/\\\/www.plasis.com.tr\\\/urun\\\/plastik-kart\\\/\",\"name\":\"Plastik Kart Bask\u0131, \u00fcretim, tasar\u0131m. uygun fiyat PLAS\u0130S do\u011fru adres\",\"isPartOf\":{\"@id\":\"https:\\\/\\\/www.plasis.com.tr\\\/#website\"},\"primaryImageOfPage\":{\"@id\":\"https:\\\/\\\/www.plasis.com.tr\\\/urun\\\/plastik-kart\\\/#primaryimage\"},\"image\":{\"@id\":\"https:\\\/\\\/www.plasis.com.tr\\\/urun\\\/plastik-kart\\\/#primaryimage\"},\"thumbnailUrl\":\"https:\\\/\\\/www.plasis.com.tr\\\/wp-content\\\/uploads\\\/2018\\\/02\\\/plastik_kart-1.jpg\",\"datePublished\":\"2018-02-18T17:34:05+00:00\",\"dateModified\":\"2026-02-06T13:01:03+00:00\",\"description\":\"Plastik kart \u00e7e\u015fitleri. Barkodlu, manyetik, ak\u0131ll\u0131 kartlartlar. \u0130ndirim kartlar\u0131, Kimlik kartlar\u0131, Yaka kartlar\u0131 ve bir\u00e7ok \u00e7e\u015fit Plastik Kart.\",\"breadcrumb\":{\"@id\":\"https:\\\/\\\/www.plasis.com.tr\\\/urun\\\/plastik-kart\\\/#breadcrumb\"},\"inLanguage\":\"en-US\",\"potentialAction\":[{\"@type\":\"ReadAction\",\"target\":[\"https:\\\/\\\/www.plasis.com.tr\\\/urun\\\/plastik-kart\\\/\"]}]},{\"@type\":\"ImageObject\",\"inLanguage\":\"en-US\",\"@id\":\"https:\\\/\\\/www.plasis.com.tr\\\/urun\\\/plastik-kart\\\/#primaryimage\",\"url\":\"https:\\\/\\\/www.plasis.com.tr\\\/wp-content\\\/uploads\\\/2018\\\/02\\\/plastik_kart-1.jpg\",\"contentUrl\":\"https:\\\/\\\/www.plasis.com.tr\\\/wp-content\\\/uploads\\\/2018\\\/02\\\/plastik_kart-1.jpg\",\"width\":794,\"height\":560,\"caption\":\"plastik kart\"},{\"@type\":\"BreadcrumbList\",\"@id\":\"https:\\\/\\\/www.plasis.com.tr\\\/urun\\\/plastik-kart\\\/#breadcrumb\",\"itemListElement\":[{\"@type\":\"ListItem\",\"position\":1,\"name\":\"Ana sayfa\",\"item\":\"https:\\\/\\\/www.plasis.com.tr\\\/en\\\/\"},{\"@type\":\"ListItem\",\"position\":2,\"name\":\"\u00dcr\u00fcnlerimiz\",\"item\":\"https:\\\/\\\/www.plasis.com.tr\\\/urunlerimiz\\\/\"},{\"@type\":\"ListItem\",\"position\":3,\"name\":\"Plastik kart\"}]},{\"@type\":\"WebSite\",\"@id\":\"https:\\\/\\\/www.plasis.com.tr\\\/#website\",\"url\":\"https:\\\/\\\/www.plasis.com.tr\\\/\",\"name\":\"Plasis\",\"description\":\"We provide the industry's leading Card production, Printing and System support.\",\"potentialAction\":[{\"@type\":\"SearchAction\",\"target\":{\"@type\":\"EntryPoint\",\"urlTemplate\":\"https:\\\/\\\/www.plasis.com.tr\\\/?s={search_term_string}\"},\"query-input\":{\"@type\":\"PropertyValueSpecification\",\"valueRequired\":true,\"valueName\":\"search_term_string\"}}],\"inLanguage\":\"en-US\"}]}<\/script>\n<!-- \/ Yoast SEO plugin. -->","yoast_head_json":{"title":"Plastik Kart Bask\u0131, \u00fcretim, tasar\u0131m. uygun fiyat PLAS\u0130S do\u011fru adres","description":"Plastik kart \u00e7e\u015fitleri. Barkodlu, manyetik, ak\u0131ll\u0131 kartlartlar. \u0130ndirim kartlar\u0131, Kimlik kartlar\u0131, Yaka kartlar\u0131 ve bir\u00e7ok \u00e7e\u015fit Plastik Kart.","robots":{"index":"index","follow":"follow","max-snippet":"max-snippet:-1","max-image-preview":"max-image-preview:large","max-video-preview":"max-video-preview:-1"},"canonical":"https:\/\/www.plasis.com.tr\/urun\/plastik-kart\/","schema":{"@context":"https:\/\/schema.org","@graph":[{"@type":"WebPage","@id":"https:\/\/www.plasis.com.tr\/urun\/plastik-kart\/","url":"https:\/\/www.plasis.com.tr\/urun\/plastik-kart\/","name":"Plastik Kart Bask\u0131, \u00fcretim, tasar\u0131m. uygun fiyat PLAS\u0130S do\u011fru adres","isPartOf":{"@id":"https:\/\/www.plasis.com.tr\/#website"},"primaryImageOfPage":{"@id":"https:\/\/www.plasis.com.tr\/urun\/plastik-kart\/#primaryimage"},"image":{"@id":"https:\/\/www.plasis.com.tr\/urun\/plastik-kart\/#primaryimage"},"thumbnailUrl":"https:\/\/www.plasis.com.tr\/wp-content\/uploads\/2018\/02\/plastik_kart-1.jpg","datePublished":"2018-02-18T17:34:05+00:00","dateModified":"2026-02-06T13:01:03+00:00","description":"Plastik kart \u00e7e\u015fitleri. Barkodlu, manyetik, ak\u0131ll\u0131 kartlartlar. \u0130ndirim kartlar\u0131, Kimlik kartlar\u0131, Yaka kartlar\u0131 ve bir\u00e7ok \u00e7e\u015fit Plastik Kart.","breadcrumb":{"@id":"https:\/\/www.plasis.com.tr\/urun\/plastik-kart\/#breadcrumb"},"inLanguage":"en-US","potentialAction":[{"@type":"ReadAction","target":["https:\/\/www.plasis.com.tr\/urun\/plastik-kart\/"]}]},{"@type":"ImageObject","inLanguage":"en-US","@id":"https:\/\/www.plasis.com.tr\/urun\/plastik-kart\/#primaryimage","url":"https:\/\/www.plasis.com.tr\/wp-content\/uploads\/2018\/02\/plastik_kart-1.jpg","contentUrl":"https:\/\/www.plasis.com.tr\/wp-content\/uploads\/2018\/02\/plastik_kart-1.jpg","width":794,"height":560,"caption":"plastik kart"},{"@type":"BreadcrumbList","@id":"https:\/\/www.plasis.com.tr\/urun\/plastik-kart\/#breadcrumb","itemListElement":[{"@type":"ListItem","position":1,"name":"Ana sayfa","item":"https:\/\/www.plasis.com.tr\/en\/"},{"@type":"ListItem","position":2,"name":"\u00dcr\u00fcnlerimiz","item":"https:\/\/www.plasis.com.tr\/urunlerimiz\/"},{"@type":"ListItem","position":3,"name":"Plastik kart"}]},{"@type":"WebSite","@id":"https:\/\/www.plasis.com.tr\/#website","url":"https:\/\/www.plasis.com.tr\/","name":"Plasis","description":"We provide the industry's leading Card production, Printing and System support.","potentialAction":[{"@type":"SearchAction","target":{"@type":"EntryPoint","urlTemplate":"https:\/\/www.plasis.com.tr\/?s={search_term_string}"},"query-input":{"@type":"PropertyValueSpecification","valueRequired":true,"valueName":"search_term_string"}}],"inLanguage":"en-US"}]}},"_links":{"self":[{"href":"https:\/\/www.plasis.com.tr\/en\/wp-json\/wp\/v2\/product\/1991","targetHints":{"allow":["GET"]}}],"collection":[{"href":"https:\/\/www.plasis.com.tr\/en\/wp-json\/wp\/v2\/product"}],"about":[{"href":"https:\/\/www.plasis.com.tr\/en\/wp-json\/wp\/v2\/types\/product"}],"replies":[{"embeddable":true,"href":"https:\/\/www.plasis.com.tr\/en\/wp-json\/wp\/v2\/comments?post=1991"}],"wp:featuredmedia":[{"embeddable":true,"href":"https:\/\/www.plasis.com.tr\/en\/wp-json\/wp\/v2\/media\/8815"}],"wp:attachment":[{"href":"https:\/\/www.plasis.com.tr\/en\/wp-json\/wp\/v2\/media?parent=1991"}],"wp:term":[{"taxonomy":"product_brand","embeddable":true,"href":"https:\/\/www.plasis.com.tr\/en\/wp-json\/wp\/v2\/product_brand?post=1991"},{"taxonomy":"product_cat","embeddable":true,"href":"https:\/\/www.plasis.com.tr\/en\/wp-json\/wp\/v2\/product_cat?post=1991"},{"taxonomy":"product_tag","embeddable":true,"href":"https:\/\/www.plasis.com.tr\/en\/wp-json\/wp\/v2\/product_tag?post=1991"}],"curies":[{"name":"wp","href":"https:\/\/api.w.org\/{rel}","templated":true}]}}