{"id":1866,"date":"2018-02-15T17:24:15","date_gmt":"2018-02-15T14:24:15","guid":{"rendered":"https:\/\/www.plasis.com.tr\/?post_type=product&#038;p=1866"},"modified":"2024-03-05T18:09:57","modified_gmt":"2024-03-05T15:09:57","slug":"barkodlu-plastik-kart","status":"publish","type":"product","link":"https:\/\/www.plasis.com.tr\/en\/urun\/barkodlu-plastik-kart\/","title":{"rendered":"Barkodlu Plastik Kart (100 Adet)"},"content":{"rendered":"<table border=\"0\" width=\"100%\" cellspacing=\"0\" cellpadding=\"0\" align=\"center\" bgcolor=\"#FFFFFF\">\n<tbody>\n<tr>\n<td class=\"h1\" valign=\"top\">Barkodlu Kart : (100 adet)<\/td>\n<\/tr>\n<tr>\n<td class=\"cel1\" valign=\"top\">Barkodlu kart,Kart\u0131n \u00fcretimi s\u0131ras\u0131nda amaca uygun barkod tipi belirlenerek dilerseniz sizlerin g\u00f6nderdi\u011fi listeler ile dilerseniz \u00f6zel algoritmalar\u0131m\u0131zla \u00fczerine barkod bas\u0131lan plastik kartlard\u0131r.<\/p>\n<p>Kartlara ayr\u0131ca grafik departman\u0131m\u0131z\u0131n size \u00f6zel deste\u011fi ile \u00f6zel tasar\u0131mlar yap\u0131l\u0131p karta \u00e7ift tarafl\u0131 renkli bask\u0131 uygulanabilir ayr\u0131nt\u0131l\u0131 bilgiyi 02123569673 numaral\u0131 telefonumuzdan bize ula\u015farak alabilirsiniz.<\/p>\n<div style=\"width: 1170px;\" class=\"wp-video\"><video class=\"wp-video-shortcode\" id=\"video-1866-1\" width=\"1170\" height=\"658\" preload=\"metadata\" controls=\"controls\"><source type=\"video\/mp4\" src=\"https:\/\/www.plasis.com.tr\/wp-content\/uploads\/2019\/08\/UcretsizTasarim-1.mp4?_=1\" \/><a href=\"https:\/\/www.plasis.com.tr\/wp-content\/uploads\/2019\/08\/UcretsizTasarim-1.mp4\">https:\/\/www.plasis.com.tr\/wp-content\/uploads\/2019\/08\/UcretsizTasarim-1.mp4<\/a><\/video><\/div>\n<p>Barkodlu kartlar basit bir el tarac\u0131s\u0131ndan \u00f6zel geli\u015ftirilmi\u015f sistemlere kadar t\u00fcm barkod ukuyucu sistemlere \u00f6zelle\u015ftirilebilir. Ba\u015fka bir deyi\u015fle i\u015fletmenizde bulunan ya da kurmay\u0131 d\u00fc\u015f\u00fcnd\u00fc\u011f\u00fcn\u00fcz t\u00fcm sistemlere uygun kart \u00fcretebiliriz. T\u00fcm barkod bask\u0131lar\u0131m\u0131z okuyucular taraf\u0131ndan %100 okuma garantisindedir. Ayr\u0131ca plasis taraf\u0131ndan geli\u015ftirdi\u011fimiz \u00f6zel bir koruma metodu sayesinde barkod bir\u00e7ok kimyasala ve solmaya kar\u015f\u0131 korunmu\u015ftur. kartlar\u0131n\u0131z uzun y\u0131llar boyu okuyucularda kusursuz hizmet vermesi b\u00f6ylece g\u00fcvence alt\u0131na al\u0131nm\u0131\u015f olur.<\/td>\n<\/tr>\n<tr>\n<td class=\"cel1\" valign=\"top\">\u00a0<strong>Fiyatland\u0131rma<\/strong> sipari\u015f miktar\u0131yla direkt ili\u015fkilidir. Sipari\u015f miktar\u0131n\u0131z artt\u0131k\u00e7a size \u00f6zel uygun bir maliyet \u00e7\u0131kartabilmekteyiz. \u0130htiyac\u0131n\u0131z olan miktar i\u00e7in \u00f6zel fiyat\u0131n\u0131z 02123569673 numaral\u0131 telefonumuzdan bize ula\u015farak \u00f6\u011frenebilirsiniz.<\/td>\n<\/tr>\n<tr>\n<td class=\"cel1\" valign=\"top\"><\/td>\n<\/tr>\n<\/tbody>\n<\/table>\n","protected":false},"excerpt":{"rendered":"<p>Bask\u0131l\u0131 barkodlu plastik kart (100 adet)<\/p>\n","protected":false},"featured_media":1914,"comment_status":"closed","ping_status":"closed","template":"","meta":[],"product_brand":[],"product_cat":[524],"product_tag":[525,526,527],"class_list":{"0":"post-1866","1":"product","2":"type-product","3":"status-publish","4":"has-post-thumbnail","6":"product_cat-akilli-kartlar-ve-aksesuarlari","7":"product_tag-barkodlu-kart","8":"product_tag-barkodlu-plastik-kart","9":"product_tag-barkodlu-pvc-kart","11":"first","12":"instock","13":"taxable","14":"shipping-taxable","15":"purchasable","16":"product-type-simple","17":"prodpage-style2"},"yoast_head":"<!-- This site is optimized with the Yoast SEO plugin v27.3 - https:\/\/yoast.com\/product\/yoast-seo-wordpress\/ -->\n<title>Barkodlu Plastik Kart (100 Adet) - Plasis<\/title>\n<meta name=\"robots\" content=\"index, follow, max-snippet:-1, max-image-preview:large, max-video-preview:-1\" \/>\n<link rel=\"canonical\" href=\"https:\/\/www.plasis.com.tr\/urun\/barkodlu-plastik-kart\/\" \/>\n<script type=\"application\/ld+json\" class=\"yoast-schema-graph\">{\"@context\":\"https:\\\/\\\/schema.org\",\"@graph\":[{\"@type\":\"WebPage\",\"@id\":\"https:\\\/\\\/www.plasis.com.tr\\\/urun\\\/barkodlu-plastik-kart\\\/\",\"url\":\"https:\\\/\\\/www.plasis.com.tr\\\/urun\\\/barkodlu-plastik-kart\\\/\",\"name\":\"Barkodlu Plastik Kart (100 Adet) - Plasis\",\"isPartOf\":{\"@id\":\"https:\\\/\\\/www.plasis.com.tr\\\/#website\"},\"primaryImageOfPage\":{\"@id\":\"https:\\\/\\\/www.plasis.com.tr\\\/urun\\\/barkodlu-plastik-kart\\\/#primaryimage\"},\"image\":{\"@id\":\"https:\\\/\\\/www.plasis.com.tr\\\/urun\\\/barkodlu-plastik-kart\\\/#primaryimage\"},\"thumbnailUrl\":\"https:\\\/\\\/www.plasis.com.tr\\\/wp-content\\\/uploads\\\/2018\\\/02\\\/barkodlu_kart.jpg\",\"datePublished\":\"2018-02-15T14:24:15+00:00\",\"dateModified\":\"2024-03-05T15:09:57+00:00\",\"breadcrumb\":{\"@id\":\"https:\\\/\\\/www.plasis.com.tr\\\/urun\\\/barkodlu-plastik-kart\\\/#breadcrumb\"},\"inLanguage\":\"en-US\",\"potentialAction\":[{\"@type\":\"ReadAction\",\"target\":[\"https:\\\/\\\/www.plasis.com.tr\\\/urun\\\/barkodlu-plastik-kart\\\/\"]}]},{\"@type\":\"ImageObject\",\"inLanguage\":\"en-US\",\"@id\":\"https:\\\/\\\/www.plasis.com.tr\\\/urun\\\/barkodlu-plastik-kart\\\/#primaryimage\",\"url\":\"https:\\\/\\\/www.plasis.com.tr\\\/wp-content\\\/uploads\\\/2018\\\/02\\\/barkodlu_kart.jpg\",\"contentUrl\":\"https:\\\/\\\/www.plasis.com.tr\\\/wp-content\\\/uploads\\\/2018\\\/02\\\/barkodlu_kart.jpg\",\"width\":794,\"height\":560,\"caption\":\"Barkodlu kart\"},{\"@type\":\"BreadcrumbList\",\"@id\":\"https:\\\/\\\/www.plasis.com.tr\\\/urun\\\/barkodlu-plastik-kart\\\/#breadcrumb\",\"itemListElement\":[{\"@type\":\"ListItem\",\"position\":1,\"name\":\"Ana sayfa\",\"item\":\"https:\\\/\\\/www.plasis.com.tr\\\/en\\\/\"},{\"@type\":\"ListItem\",\"position\":2,\"name\":\"\u00dcr\u00fcnlerimiz\",\"item\":\"https:\\\/\\\/www.plasis.com.tr\\\/urunlerimiz\\\/\"},{\"@type\":\"ListItem\",\"position\":3,\"name\":\"Barkodlu Plastik Kart (100 Adet)\"}]},{\"@type\":\"WebSite\",\"@id\":\"https:\\\/\\\/www.plasis.com.tr\\\/#website\",\"url\":\"https:\\\/\\\/www.plasis.com.tr\\\/\",\"name\":\"Plasis\",\"description\":\"We provide the industry's leading Card production, Printing and System support.\",\"potentialAction\":[{\"@type\":\"SearchAction\",\"target\":{\"@type\":\"EntryPoint\",\"urlTemplate\":\"https:\\\/\\\/www.plasis.com.tr\\\/?s={search_term_string}\"},\"query-input\":{\"@type\":\"PropertyValueSpecification\",\"valueRequired\":true,\"valueName\":\"search_term_string\"}}],\"inLanguage\":\"en-US\"}]}<\/script>\n<!-- \/ Yoast SEO plugin. -->","yoast_head_json":{"title":"Barkodlu Plastik Kart (100 Adet) - Plasis","robots":{"index":"index","follow":"follow","max-snippet":"max-snippet:-1","max-image-preview":"max-image-preview:large","max-video-preview":"max-video-preview:-1"},"canonical":"https:\/\/www.plasis.com.tr\/urun\/barkodlu-plastik-kart\/","schema":{"@context":"https:\/\/schema.org","@graph":[{"@type":"WebPage","@id":"https:\/\/www.plasis.com.tr\/urun\/barkodlu-plastik-kart\/","url":"https:\/\/www.plasis.com.tr\/urun\/barkodlu-plastik-kart\/","name":"Barkodlu Plastik Kart (100 Adet) - Plasis","isPartOf":{"@id":"https:\/\/www.plasis.com.tr\/#website"},"primaryImageOfPage":{"@id":"https:\/\/www.plasis.com.tr\/urun\/barkodlu-plastik-kart\/#primaryimage"},"image":{"@id":"https:\/\/www.plasis.com.tr\/urun\/barkodlu-plastik-kart\/#primaryimage"},"thumbnailUrl":"https:\/\/www.plasis.com.tr\/wp-content\/uploads\/2018\/02\/barkodlu_kart.jpg","datePublished":"2018-02-15T14:24:15+00:00","dateModified":"2024-03-05T15:09:57+00:00","breadcrumb":{"@id":"https:\/\/www.plasis.com.tr\/urun\/barkodlu-plastik-kart\/#breadcrumb"},"inLanguage":"en-US","potentialAction":[{"@type":"ReadAction","target":["https:\/\/www.plasis.com.tr\/urun\/barkodlu-plastik-kart\/"]}]},{"@type":"ImageObject","inLanguage":"en-US","@id":"https:\/\/www.plasis.com.tr\/urun\/barkodlu-plastik-kart\/#primaryimage","url":"https:\/\/www.plasis.com.tr\/wp-content\/uploads\/2018\/02\/barkodlu_kart.jpg","contentUrl":"https:\/\/www.plasis.com.tr\/wp-content\/uploads\/2018\/02\/barkodlu_kart.jpg","width":794,"height":560,"caption":"Barkodlu kart"},{"@type":"BreadcrumbList","@id":"https:\/\/www.plasis.com.tr\/urun\/barkodlu-plastik-kart\/#breadcrumb","itemListElement":[{"@type":"ListItem","position":1,"name":"Ana sayfa","item":"https:\/\/www.plasis.com.tr\/en\/"},{"@type":"ListItem","position":2,"name":"\u00dcr\u00fcnlerimiz","item":"https:\/\/www.plasis.com.tr\/urunlerimiz\/"},{"@type":"ListItem","position":3,"name":"Barkodlu Plastik Kart (100 Adet)"}]},{"@type":"WebSite","@id":"https:\/\/www.plasis.com.tr\/#website","url":"https:\/\/www.plasis.com.tr\/","name":"Plasis","description":"We provide the industry's leading Card production, Printing and System support.","potentialAction":[{"@type":"SearchAction","target":{"@type":"EntryPoint","urlTemplate":"https:\/\/www.plasis.com.tr\/?s={search_term_string}"},"query-input":{"@type":"PropertyValueSpecification","valueRequired":true,"valueName":"search_term_string"}}],"inLanguage":"en-US"}]}},"_links":{"self":[{"href":"https:\/\/www.plasis.com.tr\/en\/wp-json\/wp\/v2\/product\/1866","targetHints":{"allow":["GET"]}}],"collection":[{"href":"https:\/\/www.plasis.com.tr\/en\/wp-json\/wp\/v2\/product"}],"about":[{"href":"https:\/\/www.plasis.com.tr\/en\/wp-json\/wp\/v2\/types\/product"}],"replies":[{"embeddable":true,"href":"https:\/\/www.plasis.com.tr\/en\/wp-json\/wp\/v2\/comments?post=1866"}],"wp:featuredmedia":[{"embeddable":true,"href":"https:\/\/www.plasis.com.tr\/en\/wp-json\/wp\/v2\/media\/1914"}],"wp:attachment":[{"href":"https:\/\/www.plasis.com.tr\/en\/wp-json\/wp\/v2\/media?parent=1866"}],"wp:term":[{"taxonomy":"product_brand","embeddable":true,"href":"https:\/\/www.plasis.com.tr\/en\/wp-json\/wp\/v2\/product_brand?post=1866"},{"taxonomy":"product_cat","embeddable":true,"href":"https:\/\/www.plasis.com.tr\/en\/wp-json\/wp\/v2\/product_cat?post=1866"},{"taxonomy":"product_tag","embeddable":true,"href":"https:\/\/www.plasis.com.tr\/en\/wp-json\/wp\/v2\/product_tag?post=1866"}],"curies":[{"name":"wp","href":"https:\/\/api.w.org\/{rel}","templated":true}]}}