{"id":1862,"date":"2018-02-15T17:23:25","date_gmt":"2018-02-15T14:23:25","guid":{"rendered":"https:\/\/www.plasis.com.tr\/?post_type=product&#038;p=1862"},"modified":"2025-11-01T16:55:59","modified_gmt":"2025-11-01T13:55:59","slug":"rfid-kart","status":"publish","type":"product","link":"https:\/\/www.plasis.com.tr\/en\/urun\/rfid-kart\/","title":{"rendered":"RFID kart (100 adet-paket)"},"content":{"rendered":"<h1>RFID Kartlar ve Fiyat bilgileri<\/h1>\n<p>ba\u015fl\u0131ktaki yer alan fiyat RFID kart (100 adet-paket) 125kHz bask\u0131s\u0131z i\u00e7in verilmi\u015ftir. Di\u011fer fiyat se\u00e7eneklerini yaz\u0131m\u0131z\u0131n alt\u0131nda inceleyebilirsiniz.<\/p>\n<h2>Tasar\u0131m\u0131 burada yapmak istiyorum<\/h2>\n<p>Dilerseniz sitemizin tasar\u0131m ara\u00e7lar\u0131n\u0131 kullanarak kendi tasar\u0131m\u0131z\u0131 yapabilirsiniz. Kendi tasar\u0131m\u0131n \u201cKendi eserin\u201d\u00a0<a href=\"https:\/\/www.plasis.com.tr\/urun\/ozel-baskili-logolu-rfid-kart-kendi-kartini-tasarla\/\" target=\"_blank\" rel=\"noopener\">\u015eimdi Ba\u015fla, tasar\u0131m arac\u0131n\u0131 a\u00e7\u00a0<\/a><a href=\"https:\/\/www.plasis.com.tr\/urun\/ozel-baskili-logolu-proximity-kart-kendi-kartini-tasarla\/\" target=\"_blank\" rel=\"noopener\">\ud83c\udfa8<\/a><\/p>\n<h2>RFID kartlar\u0131n \u00fcretimi ve sistem \u00e7\u00f6z\u00fcmleri FREKANSLAR<\/h2>\n<p>RFID kartlar \u00e7e\u015fitli frekanslarda \u00e7al\u0131\u015fabilirler. Bunlar \u00fclkemizde yayg\u0131n olarak kar\u015f\u0131la\u015ft\u0131\u011f\u0131m\u0131z 125 kHz ve 13,56 mHz frekanslar\u0131d\u0131r. Ayn\u0131 zamanda bir frekans \u00fczerinde \u00e7ok say\u0131da \u00e7ip tipi de olabilir. Bir ba\u015fka deyi\u015fle 13,56 mHz de \u00e7al\u0131\u015fan onlarca \u00e7ip dolay\u0131s\u0131yla kart tipi s\u00f6z konusudur.<\/p>\n<p>Ayr\u0131ca frekanslar i\u00e7in \u015fu de\u011ferlendirmeyide dikkate alabilirsiniz.<\/p>\n<p>RFID, d\u00fc\u015f\u00fck frekans (LF) 125\u2013134 kHz,<\/p>\n<p>y\u00fcksek frekans (HF) 13.56 MHz,<\/p>\n<p>ultra y\u00fcksek frekans (UHF) 860\u2013960 MHz, 2.45 GHz<\/p>\n<p>ve s\u00fcper y\u00fcksek frekans (SHF) 5.8 GHz frekanslar\u0131nda kullan\u0131labilmektedir.<\/p>\n<h2>Benim kart\u0131m hangisi ? Fiyat\u0131 ne kadar ?<\/h2>\n<p>Sizin sisteminizde kulland\u0131\u011f\u0131n\u0131z ya da kullanaca\u011f\u0131n\u0131z RFID kart\u0131 do\u011fru belirlemeliyiz.\u00a0 Bu hem kusursuz \u00fcr\u00fcn hemde do\u011fru fiyatlama yapmam\u0131z\u0131 sa\u011flayacak.<\/p>\n<h4>Hangi frekans\u0131 kullan\u0131yorum?<\/h4>\n<p>Bu sorunun cevab\u0131n\u0131 belki biliyorsunuz. O zaman \u015fansl\u0131y\u0131z. Ancak bilmiyorsan\u0131z size baz\u0131 sorular sormam\u0131z gerekebilir. \u00d6rne\u011fin: Bize projenizden biraz bahsedin deriz. Personel ge\u00e7i\u015f kontrol sisteminiz i\u00e7in muhtemelen yak\u0131n temas gerektiren bir frekans kullan\u0131rken ara\u00e7lar\u0131n\u0131z\u0131n otoyol \u00fczerinde ge\u00e7i\u015flerinde \u00e7ok daha uzun mesafeden \u00e7al\u0131\u015fabilen bir frekans kullan\u0131yor olabilirsiniz.<\/p>\n<p>Varsa Kart okuyucunuzun markas\u0131n\u0131 sormakta \u00e7ok iyi sonu\u00e7lar olabilir. Pek \u00e7ok okuyucu \u00fcreticisi ile zaten kart tedariki konusunda \u00e7al\u0131\u015f\u0131yoruz. Hangi anten, frekans ve \u00e7ip kullanaca\u011f\u0131m\u0131z\u0131 nokta at\u0131\u015f\u0131 anlayabiliriz. Yada kolay bir yol daha biliyoruz. size olas\u0131 kart tiplerinden birer tane \u00fccretsiz numune g\u00f6ndererekte kolayca neye ihtiyac\u0131n\u0131z oldu\u011funu anlayabiliriz.<\/p>\n<h4>Bask\u0131 nas\u0131l yap\u0131lacak?<\/h4>\n<p>Bununla birlikte kart\u0131n bask\u0131l\u0131 olup olmamas\u0131 bask\u0131da \u00f6n-arka bask\u0131 yap\u0131lmas\u0131 ki\u015fiselle\u015ftirme olup olmamas\u0131 yine fiyatlar\u0131 ve \u00fcretim s\u00fcrecini etkileyecektir. Bask\u0131 konusunda size harika se\u00e7enekler sunmaya haz\u0131r\u0131z. Bask\u0131s\u0131z karta oranla maliyetini biraz artm\u0131\u015f olsa da sonu\u00e7tan memnun kalaca\u011f\u0131n\u0131za eminiz. Bask\u0131 i\u00e7in varsa haz\u0131r tasar\u0131m\u0131n\u0131z\u0131 rica edece\u011fiz. tasar\u0131m\u0131n\u0131z yoksa bize istedi\u011finiz kart foto\u011fraflar\u0131-logonuz-sloganlar ve benzeri bir\u00e7ok g\u00f6rseli payla\u015fabilirsiniz. grafik birimimiz RFID kart\u0131n\u0131za yap\u0131lacak bask\u0131n\u0131n g\u00f6rsel \u00e7al\u0131\u015fmas\u0131yla ilgili son derece detayl\u0131 ve \u00fccretsiz bir destek sunacakt\u0131r. 02123569673 numaral\u0131 telefonumuzdan bize ula\u015fabilirsiniz.<\/p>\n<h4>Miktar fiyat\u0131 nas\u0131l etkiler?<\/h4>\n<p>Kesinlikle \u00e7ok ciddi etkiler. \u00d6zellikle bask\u0131l\u0131 \u00fcr\u00fcnlerde i\u015flenen prosesler nedeniyle neredeyse ki\u015fiye \u00f6zel \u00fcretim yap\u0131lmaktad\u0131r. Yani bir ba\u015fka deyi\u015fle bizden alaca\u011f\u0131n\u0131z bask\u0131l\u0131 RFID kartlar tamamen size \u00f6zeldir. \u00dcretimimizde kart say\u0131s\u0131nda ba\u011f\u0131ms\u0131z olarak bask\u0131 \u00f6ncesi haz\u0131rl\u0131k s\u00fcre\u00e7leri de vard\u0131r. bu s\u00fcre\u00e7ler 10 kart i\u00e7inde 100.000 kart i\u00e7inde ayn\u0131 olabilir. Bir an i\u00e7in bu s\u00fcrenin her i\u015f ba\u015f\u0131na 2 saat oldu\u011funu d\u00fc\u015f\u00fcn\u00fcn, Bu prosesin maliyetini 10 kart alanda \u00f6der 100.000 kart alanda, yani 10 adet bask\u0131l\u0131 kart istedi\u011finizde birim fiyat 5$ iken 100.000 kart istedi\u011finizde 0,15$ fiyat al\u0131rsan\u0131z \u015fa\u015f\u0131rmay\u0131n. Tabi ki tek etken bu de\u011fil \u00f6deme ko\u015fullar\u0131 ve toplu sat\u0131\u015f yapman\u0131nda fyat\u0131 etkileyen bir\u00e7ok yan\u0131 olacakt\u0131r. Hedefimiz size en do\u011fru \u00fcr\u00fcn\u00fc, en iyi s\u00fcre\u00e7lerle, en uygun fiyata sunabilmek. Detaylar i\u00e7in bize 02123569673 numaral\u0131 telefonumuzdan ula\u015fabilirsiniz.<\/p>\n<h3>\u00dccretsiz numune istiyorum<\/h3>\n<p>Hem RFID kart\u0131n sisteminizle %100 uyumlu oldu\u011funu hem de g\u00f6rselinizin karta ba\u015far\u0131l\u0131 bir \u015fekilde bas\u0131ld\u0131\u011f\u0131n\u0131 anlamak ve her \u015feyin m\u00fckemmel y\u00fcr\u00fcd\u00fc\u011f\u00fcn\u00fc bilmek bizim i\u00e7in \u00f6nemli. Bu nedenle her sipari\u015f \u00f6ncesinde size vadetti\u011fimiz \u00fcr\u00fcn\u00fcn birebir \u00fcretimini yap\u0131p \u00fccretsiz numune olarak size sunmaya \u00e7al\u0131\u015f\u0131yoruz.<\/p>\n<div style=\"width: 1170px;\" class=\"wp-video\"><video class=\"wp-video-shortcode\" id=\"video-1862-1\" width=\"1170\" height=\"658\" preload=\"metadata\" controls=\"controls\"><source type=\"video\/mp4\" src=\"https:\/\/www.plasis.com.tr\/wp-content\/uploads\/2019\/08\/UcretsizTasarim-1.mp4?_=1\" \/><a href=\"https:\/\/www.plasis.com.tr\/wp-content\/uploads\/2019\/08\/UcretsizTasarim-1.mp4\">https:\/\/www.plasis.com.tr\/wp-content\/uploads\/2019\/08\/UcretsizTasarim-1.mp4<\/a><\/video><\/div>\n<h2>RFID kart bask\u0131 se\u00e7enekleri<\/h2>\n<h3>Bask\u0131s\u0131z plastik kartlar<\/h3>\n<p>Yukar\u0131da belirtilmi\u015f olan sisteminiz ile uyumlu RFID kart modelini \u00e7ip ve anten ba\u011flant\u0131yla standart bir plastik karta g\u00f6m\u00fcl\u00fc \u00fcretiyoruz. kart\u0131n her iki taraf\u0131da bo\u015f beyaz kal\u0131yor. Kart gerekirse sonradan kart yaz\u0131c\u0131lar ile bask\u0131 yapabilece\u011finiz \u00f6zel PVC i\u00e7erikli bir plastik kaplama i\u015flemine tabi tutuluyor. Bir\u00e7ok m\u00fc\u015fterimizin bu kartlar\u0131m\u0131za <a href=\"https:\/\/www.plasis.com.tr\/blog\/2021\/01\/18\/plastik-kart-yazici-secimi\/\">plastik kart yaz\u0131c\u0131<\/a> d\u0131\u015f\u0131nda UV bask\u0131 ya da serigrafi bask\u0131y\u0131da ba\u015far\u0131yla yapabildi\u011finiz biliyoruz.<\/p>\n<h3>Bask\u0131l\u0131 Plastik kartlar<\/h3>\n<p>T\u0131pk\u0131 bask\u0131s\u0131zlar gibi bir proses ile \u00fcretiriz. Aradaki fark son koruyucu laminasyon katman\u0131 uygulanmadan \u00f6nce karta bask\u0131 i\u015flemi yap\u0131lm\u0131\u015f olur. Bask\u0131y\u0131 laminasyondan \u00f6nce yapm\u0131\u015f olmam\u0131z bask\u0131n\u0131n dayan\u0131kl\u0131l\u0131\u011f\u0131 ve kalitesine \u00f6nemli oranda katk\u0131 sa\u011flar. Hatta firmam\u0131za \u00f6zel bir teknik ile kartlar\u0131n ki\u015fiselle\u015ftirme uygulamas\u0131n\u0131 da laminasyon \u00f6ncesine ald\u0131k. ID kartlar gibi ki\u015fiselle\u015ftirmenin \u00f6nemli oldu\u011fu durumlarda b\u00fcy\u00fck avantaj sa\u011flar.<\/p>\n<table style=\"height: 372px;\" width=\"511\">\n<tbody>\n<tr>\n<td width=\"218\"><\/td>\n<td width=\"64\"><strong>125KHz<\/strong><\/td>\n<td width=\"64\"><strong>13,56MHz<\/strong><\/td>\n<\/tr>\n<tr>\n<td>Tekil ID (UID) \u00e7ip i\u00e7erisinde numara<\/td>\n<td><span style=\"color: #00ff00;\">VAR<\/span><\/td>\n<td><span style=\"color: #00ff00;\">VAR<\/span><\/td>\n<\/tr>\n<tr>\n<td>Y\u00fcksek frekans<\/td>\n<td><span style=\"color: #ff0000;\">YOK<\/span><\/td>\n<td><span style=\"color: #00ff00;\">VAR<\/span><\/td>\n<\/tr>\n<tr>\n<td>5-10cm okuma mesafesi<\/td>\n<td><span style=\"color: #00ff00;\">VAR<\/span><\/td>\n<td><span style=\"color: #00ff00;\">VAR<\/span><\/td>\n<\/tr>\n<tr>\n<td>standart boyut 86x54mm<\/td>\n<td><span style=\"color: #00ff00;\">VAR<\/span><\/td>\n<td><span style=\"color: #00ff00;\">VAR<\/span><\/td>\n<\/tr>\n<tr>\n<td>kart yaz\u0131c\u0131lar ile uyumlu (bask\u0131)<\/td>\n<td><span style=\"color: #00ff00;\">VAR<\/span><\/td>\n<td><span style=\"color: #00ff00;\">VAR<\/span><\/td>\n<\/tr>\n<tr>\n<td>\u015eifreleme<\/td>\n<td><span style=\"color: #ff0000;\">YOK<\/span><\/td>\n<td><span style=\"color: #00ff00;\">VAR<\/span><\/td>\n<\/tr>\n<tr>\n<td>i\u00e7ine bilgi yaz\u0131labilme<\/td>\n<td><span style=\"color: #ff0000;\">YOK<\/span><\/td>\n<td><span style=\"color: #00ff00;\">VAR<\/span><\/td>\n<\/tr>\n<tr>\n<td>ID de\u011fi\u015ftirilebilme<\/td>\n<td><span style=\"color: #3366ff;\">OPS\u0130YON<\/span><\/td>\n<td><span style=\"color: #ff0000;\">YOK<\/span><\/td>\n<\/tr>\n<tr>\n<td>Bask\u0131l\u0131 olarak \u00fcretilebilme<\/td>\n<td><span style=\"color: #00ff00;\">VAR<\/span><\/td>\n<td><span style=\"color: #00ff00;\">VAR<\/span><\/td>\n<\/tr>\n<\/tbody>\n<\/table>\n<p>Not: bahsi ge\u00e7en \u00f6zellikler t\u00fcm \u00e7ip modellerini ve markalar\u0131 kapsamaz.\u00a0 Baz\u0131 \u00fcr\u00fcnlerde yukar\u0131daki \u00f6zellikler farkl\u0131l\u0131k g\u00f6sterebilir.<\/p>\n","protected":false},"excerpt":{"rendered":"<p>RFID kart (100 adet-paket)<\/p>\n","protected":false},"featured_media":8819,"comment_status":"closed","ping_status":"closed","template":"","meta":[],"product_brand":[],"product_cat":[524],"product_tag":[613,537],"class_list":{"0":"post-1862","1":"product","2":"type-product","3":"status-publish","4":"has-post-thumbnail","6":"product_cat-akilli-kartlar-ve-aksesuarlari","7":"product_tag-rfid","8":"product_tag-rfid-kart","10":"first","11":"instock","12":"featured","13":"taxable","14":"shipping-taxable","15":"purchasable","16":"product-type-simple","17":"prodpage-style2"},"yoast_head":"<!-- This site is optimized with the Yoast SEO plugin v27.5 - https:\/\/yoast.com\/product\/yoast-seo-wordpress\/ -->\n<title>RFID kart (100 adet-paket) - Plasis<\/title>\n<meta name=\"description\" content=\"RFID kart modelleri. Bask\u0131l\u0131 ve bask\u0131s\u0131z se\u00e7enekler. \u00dcreticiden \u00fccretsiz numune se\u00e7enekleri. H\u0131zl\u0131 destek, tam \u00e7\u00f6z\u00fcm RFID Kart\" \/>\n<meta name=\"robots\" content=\"index, follow, max-snippet:-1, max-image-preview:large, max-video-preview:-1\" \/>\n<link rel=\"canonical\" href=\"https:\/\/www.plasis.com.tr\/urun\/rfid-kart\/\" \/>\n<script type=\"application\/ld+json\" class=\"yoast-schema-graph\">{\"@context\":\"https:\\\/\\\/schema.org\",\"@graph\":[{\"@type\":\"WebPage\",\"@id\":\"https:\\\/\\\/www.plasis.com.tr\\\/urun\\\/rfid-kart\\\/\",\"url\":\"https:\\\/\\\/www.plasis.com.tr\\\/urun\\\/rfid-kart\\\/\",\"name\":\"RFID kart (100 adet-paket) - Plasis\",\"isPartOf\":{\"@id\":\"https:\\\/\\\/www.plasis.com.tr\\\/#website\"},\"primaryImageOfPage\":{\"@id\":\"https:\\\/\\\/www.plasis.com.tr\\\/urun\\\/rfid-kart\\\/#primaryimage\"},\"image\":{\"@id\":\"https:\\\/\\\/www.plasis.com.tr\\\/urun\\\/rfid-kart\\\/#primaryimage\"},\"thumbnailUrl\":\"https:\\\/\\\/www.plasis.com.tr\\\/wp-content\\\/uploads\\\/2018\\\/02\\\/rfid-kart-1.jpg\",\"datePublished\":\"2018-02-15T14:23:25+00:00\",\"dateModified\":\"2025-11-01T13:55:59+00:00\",\"description\":\"RFID kart modelleri. Bask\u0131l\u0131 ve bask\u0131s\u0131z se\u00e7enekler. \u00dcreticiden \u00fccretsiz numune se\u00e7enekleri. H\u0131zl\u0131 destek, tam \u00e7\u00f6z\u00fcm RFID Kart\",\"breadcrumb\":{\"@id\":\"https:\\\/\\\/www.plasis.com.tr\\\/urun\\\/rfid-kart\\\/#breadcrumb\"},\"inLanguage\":\"en-US\",\"potentialAction\":[{\"@type\":\"ReadAction\",\"target\":[\"https:\\\/\\\/www.plasis.com.tr\\\/urun\\\/rfid-kart\\\/\"]}]},{\"@type\":\"ImageObject\",\"inLanguage\":\"en-US\",\"@id\":\"https:\\\/\\\/www.plasis.com.tr\\\/urun\\\/rfid-kart\\\/#primaryimage\",\"url\":\"https:\\\/\\\/www.plasis.com.tr\\\/wp-content\\\/uploads\\\/2018\\\/02\\\/rfid-kart-1.jpg\",\"contentUrl\":\"https:\\\/\\\/www.plasis.com.tr\\\/wp-content\\\/uploads\\\/2018\\\/02\\\/rfid-kart-1.jpg\",\"width\":850,\"height\":567,\"caption\":\"RFID kart\"},{\"@type\":\"BreadcrumbList\",\"@id\":\"https:\\\/\\\/www.plasis.com.tr\\\/urun\\\/rfid-kart\\\/#breadcrumb\",\"itemListElement\":[{\"@type\":\"ListItem\",\"position\":1,\"name\":\"Ana sayfa\",\"item\":\"https:\\\/\\\/www.plasis.com.tr\\\/en\\\/\"},{\"@type\":\"ListItem\",\"position\":2,\"name\":\"\u00dcr\u00fcnlerimiz\",\"item\":\"https:\\\/\\\/www.plasis.com.tr\\\/urunlerimiz\\\/\"},{\"@type\":\"ListItem\",\"position\":3,\"name\":\"RFID kart (100 adet-paket)\"}]},{\"@type\":\"WebSite\",\"@id\":\"https:\\\/\\\/www.plasis.com.tr\\\/#website\",\"url\":\"https:\\\/\\\/www.plasis.com.tr\\\/\",\"name\":\"Plasis\",\"description\":\"We provide the industry's leading Card production, Printing and System support.\",\"potentialAction\":[{\"@type\":\"SearchAction\",\"target\":{\"@type\":\"EntryPoint\",\"urlTemplate\":\"https:\\\/\\\/www.plasis.com.tr\\\/?s={search_term_string}\"},\"query-input\":{\"@type\":\"PropertyValueSpecification\",\"valueRequired\":true,\"valueName\":\"search_term_string\"}}],\"inLanguage\":\"en-US\"}]}<\/script>\n<!-- \/ Yoast SEO plugin. -->","yoast_head_json":{"title":"RFID kart (100 adet-paket) - Plasis","description":"RFID kart modelleri. Bask\u0131l\u0131 ve bask\u0131s\u0131z se\u00e7enekler. \u00dcreticiden \u00fccretsiz numune se\u00e7enekleri. H\u0131zl\u0131 destek, tam \u00e7\u00f6z\u00fcm RFID Kart","robots":{"index":"index","follow":"follow","max-snippet":"max-snippet:-1","max-image-preview":"max-image-preview:large","max-video-preview":"max-video-preview:-1"},"canonical":"https:\/\/www.plasis.com.tr\/urun\/rfid-kart\/","schema":{"@context":"https:\/\/schema.org","@graph":[{"@type":"WebPage","@id":"https:\/\/www.plasis.com.tr\/urun\/rfid-kart\/","url":"https:\/\/www.plasis.com.tr\/urun\/rfid-kart\/","name":"RFID kart (100 adet-paket) - Plasis","isPartOf":{"@id":"https:\/\/www.plasis.com.tr\/#website"},"primaryImageOfPage":{"@id":"https:\/\/www.plasis.com.tr\/urun\/rfid-kart\/#primaryimage"},"image":{"@id":"https:\/\/www.plasis.com.tr\/urun\/rfid-kart\/#primaryimage"},"thumbnailUrl":"https:\/\/www.plasis.com.tr\/wp-content\/uploads\/2018\/02\/rfid-kart-1.jpg","datePublished":"2018-02-15T14:23:25+00:00","dateModified":"2025-11-01T13:55:59+00:00","description":"RFID kart modelleri. Bask\u0131l\u0131 ve bask\u0131s\u0131z se\u00e7enekler. \u00dcreticiden \u00fccretsiz numune se\u00e7enekleri. H\u0131zl\u0131 destek, tam \u00e7\u00f6z\u00fcm RFID Kart","breadcrumb":{"@id":"https:\/\/www.plasis.com.tr\/urun\/rfid-kart\/#breadcrumb"},"inLanguage":"en-US","potentialAction":[{"@type":"ReadAction","target":["https:\/\/www.plasis.com.tr\/urun\/rfid-kart\/"]}]},{"@type":"ImageObject","inLanguage":"en-US","@id":"https:\/\/www.plasis.com.tr\/urun\/rfid-kart\/#primaryimage","url":"https:\/\/www.plasis.com.tr\/wp-content\/uploads\/2018\/02\/rfid-kart-1.jpg","contentUrl":"https:\/\/www.plasis.com.tr\/wp-content\/uploads\/2018\/02\/rfid-kart-1.jpg","width":850,"height":567,"caption":"RFID kart"},{"@type":"BreadcrumbList","@id":"https:\/\/www.plasis.com.tr\/urun\/rfid-kart\/#breadcrumb","itemListElement":[{"@type":"ListItem","position":1,"name":"Ana sayfa","item":"https:\/\/www.plasis.com.tr\/en\/"},{"@type":"ListItem","position":2,"name":"\u00dcr\u00fcnlerimiz","item":"https:\/\/www.plasis.com.tr\/urunlerimiz\/"},{"@type":"ListItem","position":3,"name":"RFID kart (100 adet-paket)"}]},{"@type":"WebSite","@id":"https:\/\/www.plasis.com.tr\/#website","url":"https:\/\/www.plasis.com.tr\/","name":"Plasis","description":"We provide the industry's leading Card production, Printing and System support.","potentialAction":[{"@type":"SearchAction","target":{"@type":"EntryPoint","urlTemplate":"https:\/\/www.plasis.com.tr\/?s={search_term_string}"},"query-input":{"@type":"PropertyValueSpecification","valueRequired":true,"valueName":"search_term_string"}}],"inLanguage":"en-US"}]}},"_links":{"self":[{"href":"https:\/\/www.plasis.com.tr\/en\/wp-json\/wp\/v2\/product\/1862","targetHints":{"allow":["GET"]}}],"collection":[{"href":"https:\/\/www.plasis.com.tr\/en\/wp-json\/wp\/v2\/product"}],"about":[{"href":"https:\/\/www.plasis.com.tr\/en\/wp-json\/wp\/v2\/types\/product"}],"replies":[{"embeddable":true,"href":"https:\/\/www.plasis.com.tr\/en\/wp-json\/wp\/v2\/comments?post=1862"}],"wp:featuredmedia":[{"embeddable":true,"href":"https:\/\/www.plasis.com.tr\/en\/wp-json\/wp\/v2\/media\/8819"}],"wp:attachment":[{"href":"https:\/\/www.plasis.com.tr\/en\/wp-json\/wp\/v2\/media?parent=1862"}],"wp:term":[{"taxonomy":"product_brand","embeddable":true,"href":"https:\/\/www.plasis.com.tr\/en\/wp-json\/wp\/v2\/product_brand?post=1862"},{"taxonomy":"product_cat","embeddable":true,"href":"https:\/\/www.plasis.com.tr\/en\/wp-json\/wp\/v2\/product_cat?post=1862"},{"taxonomy":"product_tag","embeddable":true,"href":"https:\/\/www.plasis.com.tr\/en\/wp-json\/wp\/v2\/product_tag?post=1862"}],"curies":[{"name":"wp","href":"https:\/\/api.w.org\/{rel}","templated":true}]}}